{"id":3530,"date":"2022-07-18T13:48:02","date_gmt":"2022-07-18T18:48:02","guid":{"rendered":"https:\/\/www.bioblend.com\/?page_id=3530"},"modified":"2024-11-21T07:12:35","modified_gmt":"2024-11-21T13:12:35","slug":"how-to-get-hydraulic-fluid-out-of-clothes","status":"publish","type":"page","link":"http:\/\/www.bioblend.com\/fr\/how-to-get-hydraulic-fluid-out-of-clothes\/","title":{"rendered":"Comment enlever le liquide hydraulique des v\u00eatements"},"content":{"rendered":"<p><span style=\"font-weight: 400;\">If you own a car with a hydraulic system, you will need to remove <a href=\"https:\/\/www.bioblend.com\/fr\/produit\/bioflo-synthetic-aw\/\">fluide hydraulique<\/a> from your clothing at some point!\u00a0<\/span><\/p>\n<p><img loading=\"lazy\" decoding=\"async\" class=\"alignnone size-full wp-image-3537\" src=\"https:\/\/www.bioblend.com\/wp-content\/uploads\/How-to-Get-Hydraulic-Fluid-Out-of-Clothes.jpg\" alt=\"removal of hydraulic fluid on clothes\" width=\"1920\" height=\"1282\" srcset=\"https:\/\/www.bioblend.com\/wp-content\/uploads\/How-to-Get-Hydraulic-Fluid-Out-of-Clothes.jpg 1920w, https:\/\/www.bioblend.com\/wp-content\/uploads\/How-to-Get-Hydraulic-Fluid-Out-of-Clothes-1280x855.jpg 1280w, https:\/\/www.bioblend.com\/wp-content\/uploads\/How-to-Get-Hydraulic-Fluid-Out-of-Clothes-980x654.jpg 980w, https:\/\/www.bioblend.com\/wp-content\/uploads\/How-to-Get-Hydraulic-Fluid-Out-of-Clothes-480x321.jpg 480w\" sizes=\"(min-width: 0px) and (max-width: 480px) 480px, (min-width: 481px) and (max-width: 980px) 980px, (min-width: 981px) and (max-width: 1280px) 1280px, (min-width: 1281px) 1920px, 100vw\" \/><\/p>\n<p><span style=\"font-weight: 400;\">C&#039;est d&#039;autant plus vrai lorsqu&#039;on travaille dans une ferme ou dans un m\u00e9tier li\u00e9 \u00e0 l&#039;agriculture ! <a href=\"https:\/\/www.bioblend.com\/fr\/categorie-produit\/hydraulic-circulating-oil\/\">Fluides hydrauliques<\/a> et le g\u00e2chis gluant qu&#039;ils peuvent faire sont tr\u00e8s probables dans cette situation.\u00a0<\/span><\/p>\n<p><span style=\"font-weight: 400;\">Le vinaigre blanc est une solution simple \u00e0 ce probl\u00e8me. C&#039;est aussi simple que de mettre quelques cuill\u00e8res \u00e0 soupe de la substance dans un petit sac en plastique avec une tasse d&#039;eau et de faire tremper votre v\u00eatement souill\u00e9 pendant quelques minutes dans la solution.<\/span><\/p>\n<p>&nbsp;<\/p>\n<h2><b>L&#039;huile hydraulique peut \u00eatre retir\u00e9e des v\u00eatements par quels moyens\u00a0?<\/b><\/h2>\n<h3><b>1. Utilisez un fer plat<\/b><\/h3>\n<p><span style=\"font-weight: 400;\">With an iron, you can remove most of the <a href=\"https:\/\/www.bioblend.com\/fr\/produit\/bioflo-sb-aw\/\">huile hydraulique<\/a> from a piece of clothing, but not completely. To avoid damaging the oil, make sure your iron is set to &#8220;dry&#8221; and use the lowest heat setting possible \u2013 Using a moist cloth, wipe the afflicted area with baking soda until the oil is gone \u2013 To get rid of the oil, use laundry detergent, which contains enzymes. Use a hot dryer at the laundromat.\u00a0<\/span><\/p>\n<h3><b>2. Traitez d&#039;abord la tache<\/b><\/h3>\n<p><span style=\"font-weight: 400;\">Because most <a href=\"https:\/\/www.bioblend.com\/fr\/produit\/bioflo-aw\/\">hydraulic oils<\/a> contain mineral oil, you should deal with greasy stains as soon as feasible. Apply a commercial pretreatment chemical or spray based on the label&#8217;s instructions to get the best results. Make use of the most effective and powerful liquid detergent if a spray is unavailable. Powder detergent mixed with water can be used to make a paste if neither product is available.<\/span><\/p>\n<h3><b>3. Nettoyez vos v\u00eatements<\/b><\/h3>\n<p><span style=\"font-weight: 400;\">V\u00e9rifiez l&#039;\u00e9tiquette d&#039;entretien du tissu pour conna\u00eetre le r\u00e9glage de temp\u00e9rature le plus s\u00fbr. Laver \u00e0 la temp\u00e9rature d\u00e9sign\u00e9e en utilisant le d\u00e9tergent \u00e0 lessive sugg\u00e9r\u00e9 pour une charge compl\u00e8te. Lorsque vous retirez les v\u00eatements ou tout tissu de la machine \u00e0 laver, inspectez l&#039;article pour d\u00e9terminer si les taches ont \u00e9t\u00e9 enlev\u00e9es. Tant que vous n&#039;\u00eates pas s\u00fbr que toutes les taches ont \u00e9t\u00e9 \u00e9limin\u00e9es, \u00e9vitez de le laver \u00e0 sec.<\/span><\/p>\n<h3><b>4. R\u00e9p\u00e9tez l&#039;\u00e9tape 3 autant de fois que n\u00e9cessaire<\/b><\/h3>\n<p><span style=\"font-weight: 400;\">R\u00e9p\u00e9tez le cycle de pr\u00e9traitement et de lavage si vous pouvez toujours trouver des taches de liquide. R\u00e9p\u00e9tez ces processus au besoin pour \u00e9liminer les taches visibles. Les techniques de s\u00e9chage traditionnelles doivent \u00eatre suivies.<\/span><\/p>\n<p>&nbsp;<\/p>\n<h2><b>La meilleure fa\u00e7on d&#039;\u00e9liminer l&#039;odeur de liquide hydraulique des v\u00eatements<\/b><\/h2>\n<ul>\n<li style=\"font-weight: 400;\" aria-level=\"1\"><span style=\"font-weight: 400;\">Pendant environ 30 minutes, plongez-les dans une solution de 1 volume d&#039;eau de Javel pour 9 volumes d&#039;eau. Un d\u00e9odorant et une longue douche chaude suivent. Au fur et \u00e0 mesure que le d\u00e9odorant est rinc\u00e9, l&#039;eau chaude de la douche \u00e9limine les germes responsables des odeurs et les tue.<\/span><\/li>\n<li style=\"font-weight: 400;\" aria-level=\"1\"><span style=\"font-weight: 400;\">Les citrons peuvent \u00eatre conserv\u00e9s en les pla\u00e7ant dans un sac en plastique et en les laissant au soleil pendant une semaine. Il peut \u00e9liminer l&#039;odeur de presque n&#039;importe quelle substance.<\/span><\/li>\n<\/ul>\n<p>&nbsp;<\/p>\n<h2><b>Avant d&#039;enlever les taches de liquide hydraulique, quelles consid\u00e9rations faut-il prendre\u00a0?<\/b><\/h2>\n<ul>\n<li style=\"font-weight: 400;\" aria-level=\"1\"><span style=\"font-weight: 400;\">Des fournitures telles qu&#039;une vadrouille et un d\u00e9tergent puissant nettoient l&#039;incident en toute s\u00e9curit\u00e9.<\/span><\/li>\n<li style=\"font-weight: 400;\" aria-level=\"1\"><span style=\"font-weight: 400;\">Autant de contenants herm\u00e9tiques qu&#039;il y a de fuites pour contenir le liquide.<\/span><\/li>\n<li style=\"font-weight: 400;\" aria-level=\"1\"><span style=\"font-weight: 400;\">Les mat\u00e9riaux absorbants comme les serviettes en papier ou autres chiffons sont essentiels pour essuyer tout d\u00e9versement.<\/span><\/li>\n<li style=\"font-weight: 400;\" aria-level=\"1\"><span style=\"font-weight: 400;\">Des lunettes pour prot\u00e9ger vos yeux de toute bu\u00e9e qui pourrait \u00eatre pr\u00e9sente.<\/span><\/li>\n<\/ul>\n<p>&nbsp;<\/p>\n<p>Dealing with hydraulic fluid stains can be frustrating, but with the right techniques, you can keep your clothing clean and stain-free. At <strong>BioBlend<\/strong>, we not only provide high-performance, <a href=\"https:\/\/www.bioblend.com\/fr\/\" target=\"_new\" rel=\"noopener\">fluides hydrauliques biod\u00e9gradables<\/a> that are <a href=\"https:\/\/www.bioblend.com\/fr\/environmental-friendly-lubricants\/\">better for the environment,<\/a> but we also offer expert guidance on maintaining your equipment and handling common challenges. Visit our <a href=\"https:\/\/www.bioblend.com\/fr\/\" target=\"_new\" rel=\"noopener\">homepage<\/a> to learn more about <a href=\"https:\/\/www.bioblend.com\/fr\/environmental-friendly-lubricants\/\">our commitment to sustainable solutions<\/a>, explore <a href=\"https:\/\/www.bioblend.com\/fr\/products\/\">our full product lineup<\/a> to find the right fluid for your needs, or <a href=\"https:\/\/www.bioblend.com\/fr\/contact-us\/\" target=\"_new\" rel=\"noopener\">Nous contacter<\/a> for personalized advice.<\/p>","protected":false},"excerpt":{"rendered":"<p>If you own a car with a hydraulic system, you will need to remove hydraulic fluid from your clothing at some point!\u00a0 It is especially true when working on a farm or in an agricultural-related profession! Hydraulic fluids and the gooey mess they can make are highly likely in this situation.\u00a0 White vinegar is a [&hellip;]<\/p>\n","protected":false},"author":1,"featured_media":0,"parent":0,"menu_order":0,"comment_status":"closed","ping_status":"closed","template":"","meta":{"_et_pb_use_builder":"","_et_pb_old_content":"","_et_gb_content_width":"","inline_featured_image":false,"footnotes":""},"class_list":["post-3530","page","type-page","status-publish","hentry"],"yoast_head":"<!-- This site is optimized with the Yoast SEO plugin v27.5 - https:\/\/yoast.com\/product\/yoast-seo-wordpress\/ -->\n<title>How to Get Hydraulic Fluid Out of Clothes - BioBlend Lubricants &amp; Industrial Products<\/title>\n<meta name=\"robots\" content=\"index, follow, max-snippet:-1, max-image-preview:large, max-video-preview:-1\" \/>\n<link rel=\"canonical\" href=\"https:\/\/www.bioblend.com\/fr\/how-to-get-hydraulic-fluid-out-of-clothes\/\" \/>\n<meta property=\"og:locale\" content=\"fr_CA\" \/>\n<meta property=\"og:type\" content=\"article\" \/>\n<meta property=\"og:title\" content=\"How to Get Hydraulic Fluid Out of Clothes - BioBlend Lubricants &amp; Industrial Products\" \/>\n<meta property=\"og:description\" content=\"If you own a car with a hydraulic system, you will need to remove hydraulic fluid from your clothing at some point!\u00a0 It is especially true when working on a farm or in an agricultural-related profession! Hydraulic fluids and the gooey mess they can make are highly likely in this situation.\u00a0 White vinegar is a [&hellip;]\" \/>\n<meta property=\"og:url\" content=\"https:\/\/www.bioblend.com\/fr\/how-to-get-hydraulic-fluid-out-of-clothes\/\" \/>\n<meta property=\"og:site_name\" content=\"BioBlend Lubricants &amp; Industrial Products\" \/>\n<meta property=\"article:modified_time\" content=\"2024-11-21T13:12:35+00:00\" \/>\n<meta property=\"og:image\" content=\"http:\/\/www.bioblend.com\/wp-content\/uploads\/How-to-Get-Hydraulic-Fluid-Out-of-Clothes.jpg\" \/>\n<meta name=\"twitter:card\" content=\"summary_large_image\" \/>\n<meta name=\"twitter:label1\" content=\"Estimation du temps de lecture\" \/>\n\t<meta name=\"twitter:data1\" content=\"3 minutes\" \/>\n<script type=\"application\/ld+json\" class=\"yoast-schema-graph\">{\"@context\":\"https:\\\/\\\/schema.org\",\"@graph\":[{\"@type\":\"WebPage\",\"@id\":\"https:\\\/\\\/www.bioblend.com\\\/fr\\\/how-to-get-hydraulic-fluid-out-of-clothes\\\/\",\"url\":\"https:\\\/\\\/www.bioblend.com\\\/fr\\\/how-to-get-hydraulic-fluid-out-of-clothes\\\/\",\"name\":\"How to Get Hydraulic Fluid Out of Clothes - BioBlend Lubricants &amp; Industrial Products\",\"isPartOf\":{\"@id\":\"https:\\\/\\\/www.bioblend.com\\\/#website\"},\"primaryImageOfPage\":{\"@id\":\"https:\\\/\\\/www.bioblend.com\\\/fr\\\/how-to-get-hydraulic-fluid-out-of-clothes\\\/#primaryimage\"},\"image\":{\"@id\":\"https:\\\/\\\/www.bioblend.com\\\/fr\\\/how-to-get-hydraulic-fluid-out-of-clothes\\\/#primaryimage\"},\"thumbnailUrl\":\"https:\\\/\\\/www.bioblend.com\\\/wp-content\\\/uploads\\\/How-to-Get-Hydraulic-Fluid-Out-of-Clothes.jpg\",\"datePublished\":\"2022-07-18T18:48:02+00:00\",\"dateModified\":\"2024-11-21T13:12:35+00:00\",\"breadcrumb\":{\"@id\":\"https:\\\/\\\/www.bioblend.com\\\/fr\\\/how-to-get-hydraulic-fluid-out-of-clothes\\\/#breadcrumb\"},\"inLanguage\":\"fr-CA\",\"potentialAction\":[{\"@type\":\"ReadAction\",\"target\":[\"https:\\\/\\\/www.bioblend.com\\\/fr\\\/how-to-get-hydraulic-fluid-out-of-clothes\\\/\"]}]},{\"@type\":\"ImageObject\",\"inLanguage\":\"fr-CA\",\"@id\":\"https:\\\/\\\/www.bioblend.com\\\/fr\\\/how-to-get-hydraulic-fluid-out-of-clothes\\\/#primaryimage\",\"url\":\"https:\\\/\\\/www.bioblend.com\\\/wp-content\\\/uploads\\\/How-to-Get-Hydraulic-Fluid-Out-of-Clothes.jpg\",\"contentUrl\":\"https:\\\/\\\/www.bioblend.com\\\/wp-content\\\/uploads\\\/How-to-Get-Hydraulic-Fluid-Out-of-Clothes.jpg\"},{\"@type\":\"BreadcrumbList\",\"@id\":\"https:\\\/\\\/www.bioblend.com\\\/fr\\\/how-to-get-hydraulic-fluid-out-of-clothes\\\/#breadcrumb\",\"itemListElement\":[{\"@type\":\"ListItem\",\"position\":1,\"name\":\"Home\",\"item\":\"https:\\\/\\\/www.bioblend.com\\\/\"},{\"@type\":\"ListItem\",\"position\":2,\"name\":\"How to Get Hydraulic Fluid Out of Clothes\"}]},{\"@type\":\"WebSite\",\"@id\":\"https:\\\/\\\/www.bioblend.com\\\/#website\",\"url\":\"https:\\\/\\\/www.bioblend.com\\\/\",\"name\":\"BioBlend Lubricants &amp; Industrial Products\",\"description\":\"Biodegradable Lubricants and Industrial Products for Environmental Synergy\",\"potentialAction\":[{\"@type\":\"SearchAction\",\"target\":{\"@type\":\"EntryPoint\",\"urlTemplate\":\"https:\\\/\\\/www.bioblend.com\\\/?s={search_term_string}\"},\"query-input\":{\"@type\":\"PropertyValueSpecification\",\"valueRequired\":true,\"valueName\":\"search_term_string\"}}],\"inLanguage\":\"fr-CA\"}]}<\/script>\n<!-- \/ Yoast SEO plugin. -->","yoast_head_json":{"title":"How to Get Hydraulic Fluid Out of Clothes - BioBlend Lubricants &amp; Industrial Products","robots":{"index":"index","follow":"follow","max-snippet":"max-snippet:-1","max-image-preview":"max-image-preview:large","max-video-preview":"max-video-preview:-1"},"canonical":"https:\/\/www.bioblend.com\/fr\/how-to-get-hydraulic-fluid-out-of-clothes\/","og_locale":"fr_CA","og_type":"article","og_title":"How to Get Hydraulic Fluid Out of Clothes - BioBlend Lubricants &amp; Industrial Products","og_description":"If you own a car with a hydraulic system, you will need to remove hydraulic fluid from your clothing at some point!\u00a0 It is especially true when working on a farm or in an agricultural-related profession! Hydraulic fluids and the gooey mess they can make are highly likely in this situation.\u00a0 White vinegar is a [&hellip;]","og_url":"https:\/\/www.bioblend.com\/fr\/how-to-get-hydraulic-fluid-out-of-clothes\/","og_site_name":"BioBlend Lubricants &amp; Industrial Products","article_modified_time":"2024-11-21T13:12:35+00:00","og_image":[{"url":"http:\/\/www.bioblend.com\/wp-content\/uploads\/How-to-Get-Hydraulic-Fluid-Out-of-Clothes.jpg","type":"","width":"","height":""}],"twitter_card":"summary_large_image","twitter_misc":{"Estimation du temps de lecture":"3 minutes"},"schema":{"@context":"https:\/\/schema.org","@graph":[{"@type":"WebPage","@id":"https:\/\/www.bioblend.com\/fr\/how-to-get-hydraulic-fluid-out-of-clothes\/","url":"https:\/\/www.bioblend.com\/fr\/how-to-get-hydraulic-fluid-out-of-clothes\/","name":"How to Get Hydraulic Fluid Out of Clothes - BioBlend Lubricants &amp; Industrial Products","isPartOf":{"@id":"https:\/\/www.bioblend.com\/#website"},"primaryImageOfPage":{"@id":"https:\/\/www.bioblend.com\/fr\/how-to-get-hydraulic-fluid-out-of-clothes\/#primaryimage"},"image":{"@id":"https:\/\/www.bioblend.com\/fr\/how-to-get-hydraulic-fluid-out-of-clothes\/#primaryimage"},"thumbnailUrl":"https:\/\/www.bioblend.com\/wp-content\/uploads\/How-to-Get-Hydraulic-Fluid-Out-of-Clothes.jpg","datePublished":"2022-07-18T18:48:02+00:00","dateModified":"2024-11-21T13:12:35+00:00","breadcrumb":{"@id":"https:\/\/www.bioblend.com\/fr\/how-to-get-hydraulic-fluid-out-of-clothes\/#breadcrumb"},"inLanguage":"fr-CA","potentialAction":[{"@type":"ReadAction","target":["https:\/\/www.bioblend.com\/fr\/how-to-get-hydraulic-fluid-out-of-clothes\/"]}]},{"@type":"ImageObject","inLanguage":"fr-CA","@id":"https:\/\/www.bioblend.com\/fr\/how-to-get-hydraulic-fluid-out-of-clothes\/#primaryimage","url":"https:\/\/www.bioblend.com\/wp-content\/uploads\/How-to-Get-Hydraulic-Fluid-Out-of-Clothes.jpg","contentUrl":"https:\/\/www.bioblend.com\/wp-content\/uploads\/How-to-Get-Hydraulic-Fluid-Out-of-Clothes.jpg"},{"@type":"BreadcrumbList","@id":"https:\/\/www.bioblend.com\/fr\/how-to-get-hydraulic-fluid-out-of-clothes\/#breadcrumb","itemListElement":[{"@type":"ListItem","position":1,"name":"Home","item":"https:\/\/www.bioblend.com\/"},{"@type":"ListItem","position":2,"name":"How to Get Hydraulic Fluid Out of Clothes"}]},{"@type":"WebSite","@id":"https:\/\/www.bioblend.com\/#website","url":"https:\/\/www.bioblend.com\/","name":"Lubrifiants et produits industriels BioBlend","description":"Lubrifiants biod\u00e9gradables et produits industriels pour une synergie environnementale","potentialAction":[{"@type":"SearchAction","target":{"@type":"EntryPoint","urlTemplate":"https:\/\/www.bioblend.com\/?s={search_term_string}"},"query-input":{"@type":"PropertyValueSpecification","valueRequired":true,"valueName":"search_term_string"}}],"inLanguage":"fr-CA"}]}},"_links":{"self":[{"href":"http:\/\/www.bioblend.com\/fr\/wp-json\/wp\/v2\/pages\/3530","targetHints":{"allow":["GET"]}}],"collection":[{"href":"http:\/\/www.bioblend.com\/fr\/wp-json\/wp\/v2\/pages"}],"about":[{"href":"http:\/\/www.bioblend.com\/fr\/wp-json\/wp\/v2\/types\/page"}],"author":[{"embeddable":true,"href":"http:\/\/www.bioblend.com\/fr\/wp-json\/wp\/v2\/users\/1"}],"replies":[{"embeddable":true,"href":"http:\/\/www.bioblend.com\/fr\/wp-json\/wp\/v2\/comments?post=3530"}],"version-history":[{"count":0,"href":"http:\/\/www.bioblend.com\/fr\/wp-json\/wp\/v2\/pages\/3530\/revisions"}],"wp:attachment":[{"href":"http:\/\/www.bioblend.com\/fr\/wp-json\/wp\/v2\/media?parent=3530"}],"curies":[{"name":"wp","href":"https:\/\/api.w.org\/{rel}","templated":true}]}}