{"id":2556,"date":"2021-06-01T18:15:48","date_gmt":"2021-06-01T23:15:48","guid":{"rendered":"https:\/\/www.bioblend.com\/product\/bioblend-mpo\/"},"modified":"2025-12-22T13:46:23","modified_gmt":"2025-12-22T19:46:23","slug":"bioblend-mpo","status":"publish","type":"product","link":"http:\/\/www.bioblend.com\/fr\/produit\/bioblend-mpo\/","title":{"rendered":"BioBlend MPO"},"content":{"rendered":"<p>[et_pb_section fb_built=&#8221;1&#8243; _builder_version=&#8221;4.16&#8243; custom_padding=&#8221;0px||||false|false&#8221; global_colors_info=&#8221;{}&#8221;][et_pb_row _builder_version=&#8221;4.16&#8243; background_size=&#8221;initial&#8221; background_position=&#8221;top_left&#8221; background_repeat=&#8221;repeat&#8221; width=&#8221;100%&#8221; custom_padding=&#8221;0px||0px||false|false&#8221; global_colors_info=&#8221;{}&#8221;][et_pb_column type=&#8221;4_4&#8243; _builder_version=&#8221;4.16&#8243; custom_padding=&#8221;|||&#8221; global_colors_info=&#8221;{}&#8221; custom_padding__hover=&#8221;|||&#8221;][et_pb_wc_breadcrumb _builder_version=&#8221;4.16&#8243; global_colors_info=&#8221;{}&#8221;][\/et_pb_wc_breadcrumb][et_pb_wc_cart_notice _builder_version=&#8221;4.16&#8243; global_colors_info=&#8221;{}&#8221;][\/et_pb_wc_cart_notice][\/et_pb_column][\/et_pb_row][et_pb_row column_structure=&#8221;1_2,1_2&#8243; _builder_version=&#8221;4.16&#8243; background_size=&#8221;initial&#8221; background_position=&#8221;top_left&#8221; background_repeat=&#8221;repeat&#8221; width=&#8221;100%&#8221; custom_padding=&#8221;0px||||false|false&#8221; global_colors_info=&#8221;{}&#8221;][et_pb_column type=&#8221;1_2&#8243; _builder_version=&#8221;4.16&#8243; custom_padding=&#8221;|||&#8221; global_colors_info=&#8221;{}&#8221; custom_padding__hover=&#8221;|||&#8221;][et_pb_wc_images _builder_version=&#8221;4.16&#8243; global_colors_info=&#8221;{}&#8221;][\/et_pb_wc_images][\/et_pb_column][et_pb_column type=&#8221;1_2&#8243; _builder_version=&#8221;4.16&#8243; custom_padding=&#8221;|||&#8221; global_colors_info=&#8221;{}&#8221; custom_padding__hover=&#8221;|||&#8221;][et_pb_wc_title _builder_version=&#8221;4.16&#8243; global_colors_info=&#8221;{}&#8221;][\/et_pb_wc_title][et_pb_wc_rating _builder_version=&#8221;4.16&#8243; global_colors_info=&#8221;{}&#8221;][\/et_pb_wc_rating][et_pb_wc_price _builder_version=&#8221;4.16&#8243; global_colors_info=&#8221;{}&#8221;][\/et_pb_wc_price][et_pb_wc_description _builder_version=&#8221;4.16&#8243; global_colors_info=&#8221;{}&#8221;][\/et_pb_wc_description][et_pb_wc_add_to_cart _builder_version=&#8221;4.16&#8243; global_colors_info=&#8221;{}&#8221;][\/et_pb_wc_add_to_cart][et_pb_wc_meta _builder_version=&#8221;4.16&#8243; global_colors_info=&#8221;{}&#8221;][\/et_pb_wc_meta][\/et_pb_column][\/et_pb_row][et_pb_row _builder_version=&#8221;4.16&#8243; background_size=&#8221;initial&#8221; background_position=&#8221;top_left&#8221; background_repeat=&#8221;repeat&#8221; width=&#8221;100%&#8221; global_colors_info=&#8221;{}&#8221;][et_pb_column type=&#8221;4_4&#8243; _builder_version=&#8221;4.16&#8243; custom_padding=&#8221;|||&#8221; global_colors_info=&#8221;{}&#8221; custom_padding__hover=&#8221;|||&#8221;][et_pb_wc_tabs _builder_version=&#8221;4.16&#8243; global_colors_info=&#8221;{}&#8221;]\t\t\t\t\t[\/et_pb_wc_tabs][et_pb_wc_upsells _builder_version=&#8221;4.16&#8243; global_colors_info=&#8221;{}&#8221;][\/et_pb_wc_upsells][et_pb_wc_related_products _builder_version=&#8221;4.16&#8243; global_colors_info=&#8221;{}&#8221;][\/et_pb_wc_related_products][\/et_pb_column][\/et_pb_row][et_pb_row _builder_version=&#8221;4.27.4&#8243; _module_preset=&#8221;default&#8221; locked=&#8221;off&#8221;][et_pb_column _builder_version=&#8221;4.27.4&#8243; _module_preset=&#8221;default&#8221; type=&#8221;4_4&#8243;][et_pb_heading title=&#8221;Frequently Asked Questions&#8221; _builder_version=&#8221;4.27.4&#8243; _module_preset=&#8221;default&#8221; title_text_align=&#8221;center&#8221; hover_enabled=&#8221;0&#8243; sticky_enabled=&#8221;0&#8243;][\/et_pb_heading][et_pb_accordion _builder_version=&#8221;4.27.4&#8243; _module_preset=&#8221;default&#8221; hover_enabled=&#8221;0&#8243; sticky_enabled=&#8221;0&#8243;][et_pb_accordion_item title=&#8221;What Is Multi-Purpose Lubricant Used for?&#8221; _builder_version=&#8221;4.27.4&#8243; _module_preset=&#8221;default&#8221; open=&#8221;on&#8221; hover_enabled=&#8221;0&#8243; sticky_enabled=&#8221;0&#8243;]<\/p>\n<p><span style=\"font-weight: 400;\">Multi-purpose lubricant is used to reduce friction, protect against rust and corrosion, and keep moving parts operating smoothly across a wide range of applications. It can be applied to prevent wear, eliminate squeaks, and extend equipment life. Because it\u2019s formulated for versatility, a multi-purpose lubricant is a go-to solution for maintenance, repair, and protection in automotive, industrial, marine, and household environments.<\/span><\/p>\n<p>[\/et_pb_accordion_item][et_pb_accordion_item title=&#8221;When to Use Lubricant Spray vs Liquid?&#8221; _builder_version=&#8221;4.27.4&#8243; _module_preset=&#8221;default&#8221; open=&#8221;off&#8221; hover_enabled=&#8221;0&#8243; sticky_enabled=&#8221;0&#8243;]<\/p>\n<p><span style=\"font-weight: 400;\">Lubricant spray is ideal for reaching tight, hard-to-access areas or applying a controlled, even coat on small or intricate parts. It\u2019s convenient for quick touch-ups, light lubrication, and preventive maintenance.\u00a0<\/span><\/p>\n<p><span style=\"font-weight: 400;\">Liquid lubricant is better suited for larger applications, soaking components, or refilling reservoirs where deeper penetration or higher volume coverage is needed. The choice depends on the job. Use spray for precision and ease, and liquid for more intensive or large-scale lubrication needs.<\/span><\/p>\n<p>[\/et_pb_accordion_item][et_pb_accordion_item title=&#8221;How Do You Use Multi-Purpose Oil?&#8221; _builder_version=&#8221;4.27.4&#8243; _module_preset=&#8221;default&#8221; hover_enabled=&#8221;0&#8243; sticky_enabled=&#8221;0&#8243; open=&#8221;off&#8221;]<\/p>\n<p><b>For aerosol products:<\/b><span style=\"font-weight: 400;\"> Shake can well before using. Apply a light coat on parts that need lubrication. Allow the product to \u201csoak in,\u201d and repeat if necessary.<\/span><\/p>\n<p><b>For Liquid products:<\/b><span style=\"font-weight: 400;\"> Apply a light coat on parts that need lubrication. Allow the product to \u201csoak in,\u201d and repeat if necessary. If older than 18 months, some agitation of the product may be necessary to maintain optimal effectiveness.<\/span><\/p>\n<p><span style=\"font-weight: 400;\">If you have further questions, please fill out the <\/span><a href=\"https:\/\/www.bioblend.com\/contact-us\/\"><span style=\"font-weight: 400;\">contact form<\/span><\/a><span style=\"font-weight: 400;\">, and one of our team members will be in touch.<\/span><\/p>\n<p>[\/et_pb_accordion_item][\/et_pb_accordion][\/et_pb_column][\/et_pb_row][\/et_pb_section]<\/p>\n","protected":false},"excerpt":{"rendered":"<p>BioBlend MPO est un lubrifiant polyvalent facilement biod\u00e9gradable, biosourc\u00e9, hautes performances con\u00e7u pour les applications de lubrification commerciales, domestiques et g\u00e9n\u00e9rales.<\/p>\n<p><a id=\"MPO\" class=\"orange_button\" href=\"https:\/\/www.amazon.com\/BioBlend-Multi-Purpose-Oil-12-Pack-Aerosol\/dp\/B09QW8VPH6\/ref=sr_1_3?dib=eyJ2IjoiMSJ9.4e1ysIm4tEUnYnQhlCJk6G53xPSLw2achqh8a7HShApsKkB6LPGcLMba6LdHykScUnXmAodvGCAwbTMSAaHbcJsgBIpgy4zciRvedRCXCNFiUSvWeXL5V7VBHFikUGwmKNVTk_-BtDIj58eFBPcguGLdAiMRU43qzoycQowuv9Z0f0kcQ7qhxkgnDs1-yDqaLRC_U5OypOT-3REfzLRg-QciublmikvERw0kv3VbviU.Z3t-IyPDyt-x9TBPkmmrnAD-y8_bwx_4fRmzw2qt5x0&amp;dib_tag=se&amp;m=A3O1ZQI0PNCY4L&amp;qid=1729257977&amp;s=merchant-items&amp;sr=1-3\" target=\"_blank\" rel=\"noopener\">Buy BioBlend MPO on Amazon<\/a><br \/>\n<a id=\"S_HFDU_ISO46\" class=\"orange_button\" href=\"https:\/\/www.bioblend.com\/fr\/contact-us\/\" target=\"_blank\" rel=\"noopener\">Request a Commercial Quote<\/a><\/p>","protected":false},"featured_media":1948,"comment_status":"closed","ping_status":"closed","template":"","meta":{"_et_pb_use_builder":"on","_et_pb_old_content":"<h3>Multi-Purpose Oil<\/h3>\r\nBioBlend MPO is a readily <a href=\"https:\/\/www.bioblend.com\/just-what-is-a-biodegradable-lubricant\/\">biodegradable<\/a>, <a href=\"https:\/\/www.bioblend.com\/biodegradable-lubricants-vs-bio-based\/\">biobased<\/a>, high-performance, multipurpose lubricant designed for commercial, household, and general lubrication applications. It is ideal for use on oven and conveyor chains, wire ropes, cables, slides, open mechanisms, and light-duty metal cutting and tapping applications. Its <a href=\"https:\/\/www.bioblend.com\/bioblend-lubricants-off-the-charts-lubricity\/\">excellent lubricity<\/a> and temperature stability provide smooth mechanical performance and superior anti-wear protection. BioBlend MPO is NSF registered as meeting the guidelines of an H1 product for incidental food contact.\r\n\r\nBioBlend MPO is available in liquid or aerosol.\r\n<ul>\r\n \t<li>NSF H1 Food Grade<\/li>\r\n \t<li>USDA BioPreferred Program<\/li>\r\n \t<li>Classified as Environmentally Acceptable Lubricants (EAL) as per the EPA's 2013 U.S. Vessel General Permit (VGP)<\/li>\r\n<\/ul>\r\nAny industry (<a href=\"https:\/\/www.bioblend.com\/industries\/construction-equipment\/\">construction<\/a>, refuse, <a href=\"https:\/\/www.bioblend.com\/industries\/mining\/\">mining<\/a>, dredging, <a href=\"https:\/\/www.bioblend.com\/industries\/marine\/\">marine<\/a>, <a href=\"https:\/\/www.bioblend.com\/industries\/agriculture\/\">agriculture<\/a>, <a href=\"https:\/\/www.bioblend.com\/industries\/oil-and-gas\/\">oil &amp; gas<\/a>, <a href=\"https:\/\/www.bioblend.com\/industries\/food-handling-and-manufacturing\/\">food processing<\/a>, plant operations, etc.) utilizing conveyors, chains, cables, winches, or mobile or stationary equipment, especially systems where a release into the environment is possible or where a leak or spill could reach a waste stream. Use BioBlend MPO in place of WD-40<b>\u2122\ufe0f<\/b> for an environmentally acceptable lubricant.\r\n\r\nSee the product Safety Data Sheet (SDS) for emergency, proper handling, and disposal information.","_et_gb_content_width":"","inline_featured_image":false},"product_brand":[],"product_cat":[119,28],"product_tag":[226],"class_list":{"0":"post-2556","1":"product","2":"type-product","3":"status-publish","4":"has-post-thumbnail","6":"product_cat-food-grade-lubricants-2","7":"product_cat-specialty-products","8":"product_tag-multi-purpose-oil","9":"pa_packaging-aerosol-can-11-oz","10":"pa_packaging-aerosol-can-11-oz-12-pack","11":"pa_packaging-drum-55-gal","12":"pa_packaging-pail-5-gal","13":"pa_packaging-tote-275-gal","14":"pa_packaging-tote-330-gal","16":"first","17":"instock","18":"shipping-taxable","19":"product-type-simple"},"yoast_head":"<!-- This site is optimized with the Yoast SEO plugin v27.4 - https:\/\/yoast.com\/product\/yoast-seo-wordpress\/ -->\n<title>Biodegradable Multi-Purpose Oil | Multi-Purpose Oil | MPO OiI<\/title>\n<meta name=\"description\" content=\"Biodegradable multi-purpose oil lubricates commercial, household, and general-purpose equipment. Choose between liquid and aerosol MPO oil.\" \/>\n<meta name=\"robots\" content=\"index, follow, max-snippet:-1, max-image-preview:large, max-video-preview:-1\" \/>\n<link rel=\"canonical\" href=\"https:\/\/www.bioblend.com\/fr\/produit\/bioblend-mpo\/\" \/>\n<meta property=\"og:locale\" content=\"fr_CA\" \/>\n<meta property=\"og:type\" content=\"article\" \/>\n<meta property=\"og:title\" content=\"Biodegradable Multi-Purpose Oil | Multi-Purpose Oil | MPO OiI\" \/>\n<meta property=\"og:description\" content=\"Biodegradable multi-purpose oil lubricates commercial, household, and general-purpose equipment. Choose between liquid and aerosol MPO oil.\" \/>\n<meta property=\"og:url\" content=\"https:\/\/www.bioblend.com\/fr\/produit\/bioblend-mpo\/\" \/>\n<meta property=\"og:site_name\" content=\"BioBlend Lubricants &amp; Industrial Products\" \/>\n<meta property=\"article:modified_time\" content=\"2025-12-22T19:46:23+00:00\" \/>\n<meta property=\"og:image\" content=\"https:\/\/www.bioblend.com\/wp-content\/uploads\/BioBlend-MPO-product.jpg\" \/>\n\t<meta property=\"og:image:width\" content=\"800\" \/>\n\t<meta property=\"og:image:height\" content=\"800\" \/>\n\t<meta property=\"og:image:type\" content=\"image\/jpeg\" \/>\n<meta name=\"twitter:card\" content=\"summary_large_image\" \/>\n<meta name=\"twitter:label1\" content=\"Estimation du temps de lecture\" \/>\n\t<meta name=\"twitter:data1\" content=\"4 minutes\" \/>\n<script type=\"application\/ld+json\" class=\"yoast-schema-graph\">{\"@context\":\"https:\\\/\\\/schema.org\",\"@graph\":[{\"@type\":\"WebPage\",\"@id\":\"https:\\\/\\\/www.bioblend.com\\\/product\\\/bioblend-mpo\\\/\",\"url\":\"https:\\\/\\\/www.bioblend.com\\\/product\\\/bioblend-mpo\\\/\",\"name\":\"Biodegradable Multi-Purpose Oil | Multi-Purpose Oil | MPO OiI\",\"isPartOf\":{\"@id\":\"https:\\\/\\\/www.bioblend.com\\\/#website\"},\"primaryImageOfPage\":{\"@id\":\"https:\\\/\\\/www.bioblend.com\\\/product\\\/bioblend-mpo\\\/#primaryimage\"},\"image\":{\"@id\":\"https:\\\/\\\/www.bioblend.com\\\/product\\\/bioblend-mpo\\\/#primaryimage\"},\"thumbnailUrl\":\"https:\\\/\\\/www.bioblend.com\\\/wp-content\\\/uploads\\\/BioBlend-MPO-product.jpg\",\"datePublished\":\"2021-06-01T23:15:48+00:00\",\"dateModified\":\"2025-12-22T19:46:23+00:00\",\"description\":\"Biodegradable multi-purpose oil lubricates commercial, household, and general-purpose equipment. Choose between liquid and aerosol MPO oil.\",\"breadcrumb\":{\"@id\":\"https:\\\/\\\/www.bioblend.com\\\/product\\\/bioblend-mpo\\\/#breadcrumb\"},\"inLanguage\":\"fr-CA\",\"potentialAction\":[{\"@type\":\"ReadAction\",\"target\":[\"https:\\\/\\\/www.bioblend.com\\\/product\\\/bioblend-mpo\\\/\"]}]},{\"@type\":\"ImageObject\",\"inLanguage\":\"fr-CA\",\"@id\":\"https:\\\/\\\/www.bioblend.com\\\/product\\\/bioblend-mpo\\\/#primaryimage\",\"url\":\"https:\\\/\\\/www.bioblend.com\\\/wp-content\\\/uploads\\\/BioBlend-MPO-product.jpg\",\"contentUrl\":\"https:\\\/\\\/www.bioblend.com\\\/wp-content\\\/uploads\\\/BioBlend-MPO-product.jpg\",\"width\":800,\"height\":800,\"caption\":\"BioBlend MPO\"},{\"@type\":\"BreadcrumbList\",\"@id\":\"https:\\\/\\\/www.bioblend.com\\\/product\\\/bioblend-mpo\\\/#breadcrumb\",\"itemListElement\":[{\"@type\":\"ListItem\",\"position\":1,\"name\":\"Home\",\"item\":\"https:\\\/\\\/www.bioblend.com\\\/\"},{\"@type\":\"ListItem\",\"position\":2,\"name\":\"Shop\",\"item\":\"https:\\\/\\\/www.bioblend.com\\\/?page_id=8\"},{\"@type\":\"ListItem\",\"position\":3,\"name\":\"BioBlend MPO\"}]},{\"@type\":\"WebSite\",\"@id\":\"https:\\\/\\\/www.bioblend.com\\\/#website\",\"url\":\"https:\\\/\\\/www.bioblend.com\\\/\",\"name\":\"BioBlend Lubricants &amp; Industrial Products\",\"description\":\"Biodegradable Lubricants and Industrial Products for Environmental Synergy\",\"potentialAction\":[{\"@type\":\"SearchAction\",\"target\":{\"@type\":\"EntryPoint\",\"urlTemplate\":\"https:\\\/\\\/www.bioblend.com\\\/?s={search_term_string}\"},\"query-input\":{\"@type\":\"PropertyValueSpecification\",\"valueRequired\":true,\"valueName\":\"search_term_string\"}}],\"inLanguage\":\"fr-CA\"}]}<\/script>\n<!-- \/ Yoast SEO plugin. -->","yoast_head_json":{"title":"Biodegradable Multi-Purpose Oil | Multi-Purpose Oil | MPO OiI","description":"Biodegradable multi-purpose oil lubricates commercial, household, and general-purpose equipment. Choose between liquid and aerosol MPO oil.","robots":{"index":"index","follow":"follow","max-snippet":"max-snippet:-1","max-image-preview":"max-image-preview:large","max-video-preview":"max-video-preview:-1"},"canonical":"https:\/\/www.bioblend.com\/fr\/produit\/bioblend-mpo\/","og_locale":"fr_CA","og_type":"article","og_title":"Biodegradable Multi-Purpose Oil | Multi-Purpose Oil | MPO OiI","og_description":"Biodegradable multi-purpose oil lubricates commercial, household, and general-purpose equipment. Choose between liquid and aerosol MPO oil.","og_url":"https:\/\/www.bioblend.com\/fr\/produit\/bioblend-mpo\/","og_site_name":"BioBlend Lubricants &amp; Industrial Products","article_modified_time":"2025-12-22T19:46:23+00:00","og_image":[{"width":800,"height":800,"url":"https:\/\/www.bioblend.com\/wp-content\/uploads\/BioBlend-MPO-product.jpg","type":"image\/jpeg"}],"twitter_card":"summary_large_image","twitter_misc":{"Estimation du temps de lecture":"4 minutes"},"schema":{"@context":"https:\/\/schema.org","@graph":[{"@type":"WebPage","@id":"https:\/\/www.bioblend.com\/product\/bioblend-mpo\/","url":"https:\/\/www.bioblend.com\/product\/bioblend-mpo\/","name":"Biodegradable Multi-Purpose Oil | Multi-Purpose Oil | MPO OiI","isPartOf":{"@id":"https:\/\/www.bioblend.com\/#website"},"primaryImageOfPage":{"@id":"https:\/\/www.bioblend.com\/product\/bioblend-mpo\/#primaryimage"},"image":{"@id":"https:\/\/www.bioblend.com\/product\/bioblend-mpo\/#primaryimage"},"thumbnailUrl":"https:\/\/www.bioblend.com\/wp-content\/uploads\/BioBlend-MPO-product.jpg","datePublished":"2021-06-01T23:15:48+00:00","dateModified":"2025-12-22T19:46:23+00:00","description":"Biodegradable multi-purpose oil lubricates commercial, household, and general-purpose equipment. Choose between liquid and aerosol MPO oil.","breadcrumb":{"@id":"https:\/\/www.bioblend.com\/product\/bioblend-mpo\/#breadcrumb"},"inLanguage":"fr-CA","potentialAction":[{"@type":"ReadAction","target":["https:\/\/www.bioblend.com\/product\/bioblend-mpo\/"]}]},{"@type":"ImageObject","inLanguage":"fr-CA","@id":"https:\/\/www.bioblend.com\/product\/bioblend-mpo\/#primaryimage","url":"https:\/\/www.bioblend.com\/wp-content\/uploads\/BioBlend-MPO-product.jpg","contentUrl":"https:\/\/www.bioblend.com\/wp-content\/uploads\/BioBlend-MPO-product.jpg","width":800,"height":800,"caption":"BioBlend MPO"},{"@type":"BreadcrumbList","@id":"https:\/\/www.bioblend.com\/product\/bioblend-mpo\/#breadcrumb","itemListElement":[{"@type":"ListItem","position":1,"name":"Home","item":"https:\/\/www.bioblend.com\/"},{"@type":"ListItem","position":2,"name":"Shop","item":"https:\/\/www.bioblend.com\/?page_id=8"},{"@type":"ListItem","position":3,"name":"BioBlend MPO"}]},{"@type":"WebSite","@id":"https:\/\/www.bioblend.com\/#website","url":"https:\/\/www.bioblend.com\/","name":"Lubrifiants et produits industriels BioBlend","description":"Lubrifiants biod\u00e9gradables et produits industriels pour une synergie environnementale","potentialAction":[{"@type":"SearchAction","target":{"@type":"EntryPoint","urlTemplate":"https:\/\/www.bioblend.com\/?s={search_term_string}"},"query-input":{"@type":"PropertyValueSpecification","valueRequired":true,"valueName":"search_term_string"}}],"inLanguage":"fr-CA"}]}},"_links":{"self":[{"href":"http:\/\/www.bioblend.com\/fr\/wp-json\/wp\/v2\/product\/2556","targetHints":{"allow":["GET"]}}],"collection":[{"href":"http:\/\/www.bioblend.com\/fr\/wp-json\/wp\/v2\/product"}],"about":[{"href":"http:\/\/www.bioblend.com\/fr\/wp-json\/wp\/v2\/types\/product"}],"replies":[{"embeddable":true,"href":"http:\/\/www.bioblend.com\/fr\/wp-json\/wp\/v2\/comments?post=2556"}],"wp:featuredmedia":[{"embeddable":true,"href":"http:\/\/www.bioblend.com\/fr\/wp-json\/wp\/v2\/media\/1948"}],"wp:attachment":[{"href":"http:\/\/www.bioblend.com\/fr\/wp-json\/wp\/v2\/media?parent=2556"}],"wp:term":[{"taxonomy":"product_brand","embeddable":true,"href":"http:\/\/www.bioblend.com\/fr\/wp-json\/wp\/v2\/product_brand?post=2556"},{"taxonomy":"product_cat","embeddable":true,"href":"http:\/\/www.bioblend.com\/fr\/wp-json\/wp\/v2\/product_cat?post=2556"},{"taxonomy":"product_tag","embeddable":true,"href":"http:\/\/www.bioblend.com\/fr\/wp-json\/wp\/v2\/product_tag?post=2556"}],"curies":[{"name":"wp","href":"https:\/\/api.w.org\/{rel}","templated":true}]}}