{"id":2564,"date":"2021-06-01T18:15:51","date_gmt":"2021-06-01T23:15:51","guid":{"rendered":"https:\/\/www.bioblend.com\/product\/biogrease-gp\/"},"modified":"2026-04-13T12:40:33","modified_gmt":"2026-04-13T17:40:33","slug":"biogrease-gp","status":"publish","type":"product","link":"http:\/\/www.bioblend.com\/fr\/produit\/biogrease-gp\/","title":{"rendered":"BioGrease GP"},"content":{"rendered":"<h3>Graisse biod\u00e9gradable \u00e0 usage g\u00e9n\u00e9ral<\/h3>\n<p>BioGrease GP is a readily <a href=\"https:\/\/www.bioblend.com\/fr\/just-what-is-a-biodegradable-lubricant\/\">biodegradable<\/a>, general-purpose grease for a variety of applications. This <a href=\"https:\/\/www.bioblend.com\/fr\/beyond-environmentally-friendly-lubricants\/\">environmentally acceptable grease<\/a> is formulated from high purity natural ester base oils and thickened with shear stable lithium soap. The additive package contains the latest in ashless, rust and anti-wear technology in an ultra-low toxicity product. BioGrease GP utilizes an optimized blend of polymers which enable the product to <a href=\"https:\/\/www.bioblend.com\/fr\/how-to-select-the-best-high-temp-grease\/\">function at temperatures well beyond the limits of other similar products<\/a>.<\/p>\n<p>Les graisses BioGrease GP sont disponibles dans les grades NLGI 1, 0 et 00. Les certifications, classifications et utilisations appropri\u00e9es suppl\u00e9mentaires incluent :<\/p>\n<ul>\n<li>Programme USDA BioPreferred<\/li>\n<li>Class\u00e9 comme lubrifiants \u00e9cologiquement acceptables (EAL) conform\u00e9ment au permis g\u00e9n\u00e9ral de navire am\u00e9ricain (VGP) 2013 de l&#039;EPA<\/li>\n<li>Use in any industry (hydroelectric powered dams, <a href=\"https:\/\/www.bioblend.com\/fr\/industries\/construction-equipment\/\">construction<\/a>, <a href=\"https:\/\/www.bioblend.com\/fr\/industries\/government\/\">refuse<\/a>, <a href=\"https:\/\/www.bioblend.com\/fr\/industries\/mining\/\">mining<\/a>, dredging, <a href=\"https:\/\/www.bioblend.com\/fr\/marine-lubrication\/\">Marin<\/a>, <a href=\"https:\/\/www.bioblend.com\/fr\/industries\/agriculture\/\">agriculture<\/a>, plant operations, etc.) utilizing equipment with a need for a general purpose grease, especially systems where a release into the environment is possible or where a leak or spill could reach a waste stream.<\/li>\n<li>Convient pour une utilisation dans des syst\u00e8mes de lubrification automatique ou par application manuelle.<\/li>\n<\/ul>","protected":false},"excerpt":{"rendered":"<p>BioGrease GP is a biodegradable general-purpose grease for a variety of applications. This environmentally acceptable grease is formulated from high purity natural ester base oils and thickened with shear-stable lithium soap. BioGrease GP is a special order product.<\/p>\n<p><a id=\"S_HFDU_ISO46\" class=\"orange_button\" href=\"https:\/\/www.bioblend.com\/fr\/contact-us\/\" target=\"_blank\" rel=\"noopener\">Contact Us For Availability<\/a><\/p>","protected":false},"featured_media":1954,"comment_status":"closed","ping_status":"closed","template":"","meta":{"_et_pb_use_builder":"","_et_pb_old_content":"","_et_gb_content_width":"","inline_featured_image":false},"product_brand":[],"product_cat":[25],"product_tag":[222],"class_list":{"0":"post-2564","1":"product","2":"type-product","3":"status-publish","4":"has-post-thumbnail","6":"product_cat-grease","7":"product_tag-general-purpose-grease","8":"pa_packaging-bin-1873-lb","9":"pa_packaging-400-lb-drum","10":"pa_packaging-120-lb-keg","11":"pa_packaging-35-lb-pail","13":"first","14":"instock","15":"shipping-taxable","16":"product-type-simple"},"yoast_head":"<!-- This site is optimized with the Yoast SEO plugin v27.4 - https:\/\/yoast.com\/product\/yoast-seo-wordpress\/ -->\n<title>General Purpose Grease | Readily Biodegradable Grease<\/title>\n<meta name=\"description\" content=\"Readily biodegradable general purpose grease that functions in high temps. Formulated from high purity natural ester base oils for a ultra-low toxicity product.\" \/>\n<meta name=\"robots\" content=\"index, follow, max-snippet:-1, max-image-preview:large, max-video-preview:-1\" \/>\n<link rel=\"canonical\" href=\"https:\/\/www.bioblend.com\/fr\/produit\/biogrease-gp\/\" \/>\n<meta property=\"og:locale\" content=\"fr_CA\" \/>\n<meta property=\"og:type\" content=\"article\" \/>\n<meta property=\"og:title\" content=\"General Purpose Grease | Readily Biodegradable Grease\" \/>\n<meta property=\"og:description\" content=\"Readily biodegradable general purpose grease that functions in high temps. Formulated from high purity natural ester base oils for a ultra-low toxicity product.\" \/>\n<meta property=\"og:url\" content=\"https:\/\/www.bioblend.com\/fr\/produit\/biogrease-gp\/\" \/>\n<meta property=\"og:site_name\" content=\"BioBlend Lubricants &amp; Industrial Products\" \/>\n<meta property=\"article:modified_time\" content=\"2026-04-13T17:40:33+00:00\" \/>\n<meta property=\"og:image\" content=\"https:\/\/www.bioblend.com\/wp-content\/uploads\/BioGrease-GP-product.jpg\" \/>\n\t<meta property=\"og:image:width\" content=\"800\" \/>\n\t<meta property=\"og:image:height\" content=\"800\" \/>\n\t<meta property=\"og:image:type\" content=\"image\/jpeg\" \/>\n<meta name=\"twitter:card\" content=\"summary_large_image\" \/>\n<meta name=\"twitter:label1\" content=\"Estimation du temps de lecture\" \/>\n\t<meta name=\"twitter:data1\" content=\"1 minute\" \/>\n<script type=\"application\/ld+json\" class=\"yoast-schema-graph\">{\"@context\":\"https:\\\/\\\/schema.org\",\"@graph\":[{\"@type\":\"WebPage\",\"@id\":\"https:\\\/\\\/www.bioblend.com\\\/product\\\/biogrease-gp\\\/\",\"url\":\"https:\\\/\\\/www.bioblend.com\\\/product\\\/biogrease-gp\\\/\",\"name\":\"General Purpose Grease | Readily Biodegradable Grease\",\"isPartOf\":{\"@id\":\"https:\\\/\\\/www.bioblend.com\\\/#website\"},\"primaryImageOfPage\":{\"@id\":\"https:\\\/\\\/www.bioblend.com\\\/product\\\/biogrease-gp\\\/#primaryimage\"},\"image\":{\"@id\":\"https:\\\/\\\/www.bioblend.com\\\/product\\\/biogrease-gp\\\/#primaryimage\"},\"thumbnailUrl\":\"https:\\\/\\\/www.bioblend.com\\\/wp-content\\\/uploads\\\/BioGrease-GP-product.jpg\",\"datePublished\":\"2021-06-01T23:15:51+00:00\",\"dateModified\":\"2026-04-13T17:40:33+00:00\",\"description\":\"Readily biodegradable general purpose grease that functions in high temps. Formulated from high purity natural ester base oils for a ultra-low toxicity product.\",\"breadcrumb\":{\"@id\":\"https:\\\/\\\/www.bioblend.com\\\/product\\\/biogrease-gp\\\/#breadcrumb\"},\"inLanguage\":\"fr-CA\",\"potentialAction\":[{\"@type\":\"ReadAction\",\"target\":[\"https:\\\/\\\/www.bioblend.com\\\/product\\\/biogrease-gp\\\/\"]}]},{\"@type\":\"ImageObject\",\"inLanguage\":\"fr-CA\",\"@id\":\"https:\\\/\\\/www.bioblend.com\\\/product\\\/biogrease-gp\\\/#primaryimage\",\"url\":\"https:\\\/\\\/www.bioblend.com\\\/wp-content\\\/uploads\\\/BioGrease-GP-product.jpg\",\"contentUrl\":\"https:\\\/\\\/www.bioblend.com\\\/wp-content\\\/uploads\\\/BioGrease-GP-product.jpg\",\"width\":800,\"height\":800,\"caption\":\"BioGrease GP\"},{\"@type\":\"BreadcrumbList\",\"@id\":\"https:\\\/\\\/www.bioblend.com\\\/product\\\/biogrease-gp\\\/#breadcrumb\",\"itemListElement\":[{\"@type\":\"ListItem\",\"position\":1,\"name\":\"Home\",\"item\":\"https:\\\/\\\/www.bioblend.com\\\/\"},{\"@type\":\"ListItem\",\"position\":2,\"name\":\"Shop\",\"item\":\"https:\\\/\\\/www.bioblend.com\\\/?page_id=8\"},{\"@type\":\"ListItem\",\"position\":3,\"name\":\"BioGrease GP\"}]},{\"@type\":\"WebSite\",\"@id\":\"https:\\\/\\\/www.bioblend.com\\\/#website\",\"url\":\"https:\\\/\\\/www.bioblend.com\\\/\",\"name\":\"BioBlend Lubricants &amp; Industrial Products\",\"description\":\"Biodegradable Lubricants and Industrial Products for Environmental Synergy\",\"potentialAction\":[{\"@type\":\"SearchAction\",\"target\":{\"@type\":\"EntryPoint\",\"urlTemplate\":\"https:\\\/\\\/www.bioblend.com\\\/?s={search_term_string}\"},\"query-input\":{\"@type\":\"PropertyValueSpecification\",\"valueRequired\":true,\"valueName\":\"search_term_string\"}}],\"inLanguage\":\"fr-CA\"}]}<\/script>\n<!-- \/ Yoast SEO plugin. -->","yoast_head_json":{"title":"General Purpose Grease | Readily Biodegradable Grease","description":"Readily biodegradable general purpose grease that functions in high temps. Formulated from high purity natural ester base oils for a ultra-low toxicity product.","robots":{"index":"index","follow":"follow","max-snippet":"max-snippet:-1","max-image-preview":"max-image-preview:large","max-video-preview":"max-video-preview:-1"},"canonical":"https:\/\/www.bioblend.com\/fr\/produit\/biogrease-gp\/","og_locale":"fr_CA","og_type":"article","og_title":"General Purpose Grease | Readily Biodegradable Grease","og_description":"Readily biodegradable general purpose grease that functions in high temps. Formulated from high purity natural ester base oils for a ultra-low toxicity product.","og_url":"https:\/\/www.bioblend.com\/fr\/produit\/biogrease-gp\/","og_site_name":"BioBlend Lubricants &amp; Industrial Products","article_modified_time":"2026-04-13T17:40:33+00:00","og_image":[{"width":800,"height":800,"url":"https:\/\/www.bioblend.com\/wp-content\/uploads\/BioGrease-GP-product.jpg","type":"image\/jpeg"}],"twitter_card":"summary_large_image","twitter_misc":{"Estimation du temps de lecture":"1 minute"},"schema":{"@context":"https:\/\/schema.org","@graph":[{"@type":"WebPage","@id":"https:\/\/www.bioblend.com\/product\/biogrease-gp\/","url":"https:\/\/www.bioblend.com\/product\/biogrease-gp\/","name":"General Purpose Grease | Readily Biodegradable Grease","isPartOf":{"@id":"https:\/\/www.bioblend.com\/#website"},"primaryImageOfPage":{"@id":"https:\/\/www.bioblend.com\/product\/biogrease-gp\/#primaryimage"},"image":{"@id":"https:\/\/www.bioblend.com\/product\/biogrease-gp\/#primaryimage"},"thumbnailUrl":"https:\/\/www.bioblend.com\/wp-content\/uploads\/BioGrease-GP-product.jpg","datePublished":"2021-06-01T23:15:51+00:00","dateModified":"2026-04-13T17:40:33+00:00","description":"Readily biodegradable general purpose grease that functions in high temps. Formulated from high purity natural ester base oils for a ultra-low toxicity product.","breadcrumb":{"@id":"https:\/\/www.bioblend.com\/product\/biogrease-gp\/#breadcrumb"},"inLanguage":"fr-CA","potentialAction":[{"@type":"ReadAction","target":["https:\/\/www.bioblend.com\/product\/biogrease-gp\/"]}]},{"@type":"ImageObject","inLanguage":"fr-CA","@id":"https:\/\/www.bioblend.com\/product\/biogrease-gp\/#primaryimage","url":"https:\/\/www.bioblend.com\/wp-content\/uploads\/BioGrease-GP-product.jpg","contentUrl":"https:\/\/www.bioblend.com\/wp-content\/uploads\/BioGrease-GP-product.jpg","width":800,"height":800,"caption":"BioGrease GP"},{"@type":"BreadcrumbList","@id":"https:\/\/www.bioblend.com\/product\/biogrease-gp\/#breadcrumb","itemListElement":[{"@type":"ListItem","position":1,"name":"Home","item":"https:\/\/www.bioblend.com\/"},{"@type":"ListItem","position":2,"name":"Shop","item":"https:\/\/www.bioblend.com\/?page_id=8"},{"@type":"ListItem","position":3,"name":"BioGrease GP"}]},{"@type":"WebSite","@id":"https:\/\/www.bioblend.com\/#website","url":"https:\/\/www.bioblend.com\/","name":"Lubrifiants et produits industriels BioBlend","description":"Lubrifiants biod\u00e9gradables et produits industriels pour une synergie environnementale","potentialAction":[{"@type":"SearchAction","target":{"@type":"EntryPoint","urlTemplate":"https:\/\/www.bioblend.com\/?s={search_term_string}"},"query-input":{"@type":"PropertyValueSpecification","valueRequired":true,"valueName":"search_term_string"}}],"inLanguage":"fr-CA"}]}},"_links":{"self":[{"href":"http:\/\/www.bioblend.com\/fr\/wp-json\/wp\/v2\/product\/2564","targetHints":{"allow":["GET"]}}],"collection":[{"href":"http:\/\/www.bioblend.com\/fr\/wp-json\/wp\/v2\/product"}],"about":[{"href":"http:\/\/www.bioblend.com\/fr\/wp-json\/wp\/v2\/types\/product"}],"replies":[{"embeddable":true,"href":"http:\/\/www.bioblend.com\/fr\/wp-json\/wp\/v2\/comments?post=2564"}],"wp:featuredmedia":[{"embeddable":true,"href":"http:\/\/www.bioblend.com\/fr\/wp-json\/wp\/v2\/media\/1954"}],"wp:attachment":[{"href":"http:\/\/www.bioblend.com\/fr\/wp-json\/wp\/v2\/media?parent=2564"}],"wp:term":[{"taxonomy":"product_brand","embeddable":true,"href":"http:\/\/www.bioblend.com\/fr\/wp-json\/wp\/v2\/product_brand?post=2564"},{"taxonomy":"product_cat","embeddable":true,"href":"http:\/\/www.bioblend.com\/fr\/wp-json\/wp\/v2\/product_cat?post=2564"},{"taxonomy":"product_tag","embeddable":true,"href":"http:\/\/www.bioblend.com\/fr\/wp-json\/wp\/v2\/product_tag?post=2564"}],"curies":[{"name":"wp","href":"https:\/\/api.w.org\/{rel}","templated":true}]}}