{"id":2584,"date":"2021-06-01T18:16:00","date_gmt":"2021-06-01T23:16:00","guid":{"rendered":"https:\/\/www.bioblend.com\/product\/bioblend-po\/"},"modified":"2025-12-22T13:41:22","modified_gmt":"2025-12-22T19:41:22","slug":"bioblend-po","status":"publish","type":"product","link":"http:\/\/www.bioblend.com\/fr\/produit\/bioblend-po\/","title":{"rendered":"Bon de commande BioBlend"},"content":{"rendered":"<p>[et_pb_section fb_built=&#8221;1&#8243; _builder_version=&#8221;4.16&#8243; custom_padding=&#8221;0px||||false|false&#8221; global_colors_info=&#8221;{}&#8221;][et_pb_row _builder_version=&#8221;4.16&#8243; background_size=&#8221;initial&#8221; background_position=&#8221;top_left&#8221; background_repeat=&#8221;repeat&#8221; width=&#8221;100%&#8221; custom_padding=&#8221;0px||0px||false|false&#8221; global_colors_info=&#8221;{}&#8221;][et_pb_column type=&#8221;4_4&#8243; _builder_version=&#8221;4.16&#8243; custom_padding=&#8221;|||&#8221; global_colors_info=&#8221;{}&#8221; custom_padding__hover=&#8221;|||&#8221;][et_pb_wc_breadcrumb _builder_version=&#8221;4.16&#8243; global_colors_info=&#8221;{}&#8221;][\/et_pb_wc_breadcrumb][et_pb_wc_cart_notice _builder_version=&#8221;4.16&#8243; global_colors_info=&#8221;{}&#8221;][\/et_pb_wc_cart_notice][\/et_pb_column][\/et_pb_row][et_pb_row column_structure=&#8221;1_2,1_2&#8243; _builder_version=&#8221;4.16&#8243; background_size=&#8221;initial&#8221; background_position=&#8221;top_left&#8221; background_repeat=&#8221;repeat&#8221; width=&#8221;100%&#8221; custom_padding=&#8221;0px||||false|false&#8221; global_colors_info=&#8221;{}&#8221;][et_pb_column type=&#8221;1_2&#8243; _builder_version=&#8221;4.16&#8243; custom_padding=&#8221;|||&#8221; global_colors_info=&#8221;{}&#8221; custom_padding__hover=&#8221;|||&#8221;][et_pb_wc_images _builder_version=&#8221;4.16&#8243; global_colors_info=&#8221;{}&#8221;][\/et_pb_wc_images][\/et_pb_column][et_pb_column type=&#8221;1_2&#8243; _builder_version=&#8221;4.16&#8243; custom_padding=&#8221;|||&#8221; global_colors_info=&#8221;{}&#8221; custom_padding__hover=&#8221;|||&#8221;][et_pb_wc_title _builder_version=&#8221;4.16&#8243; global_colors_info=&#8221;{}&#8221;][\/et_pb_wc_title][et_pb_wc_rating _builder_version=&#8221;4.16&#8243; global_colors_info=&#8221;{}&#8221;][\/et_pb_wc_rating][et_pb_wc_price _builder_version=&#8221;4.16&#8243; global_colors_info=&#8221;{}&#8221;][\/et_pb_wc_price][et_pb_wc_description _builder_version=&#8221;4.16&#8243; global_colors_info=&#8221;{}&#8221;][\/et_pb_wc_description][et_pb_wc_add_to_cart _builder_version=&#8221;4.16&#8243; global_colors_info=&#8221;{}&#8221;][\/et_pb_wc_add_to_cart][et_pb_wc_meta _builder_version=&#8221;4.16&#8243; global_colors_info=&#8221;{}&#8221;][\/et_pb_wc_meta][\/et_pb_column][\/et_pb_row][et_pb_row _builder_version=&#8221;4.16&#8243; background_size=&#8221;initial&#8221; background_position=&#8221;top_left&#8221; background_repeat=&#8221;repeat&#8221; width=&#8221;100%&#8221; global_colors_info=&#8221;{}&#8221;][et_pb_column type=&#8221;4_4&#8243; _builder_version=&#8221;4.16&#8243; custom_padding=&#8221;|||&#8221; global_colors_info=&#8221;{}&#8221; custom_padding__hover=&#8221;|||&#8221;][et_pb_wc_tabs _builder_version=&#8221;4.16&#8243; global_colors_info=&#8221;{}&#8221;]\t\t\t\t\t[\/et_pb_wc_tabs][et_pb_wc_upsells _builder_version=&#8221;4.16&#8243; global_colors_info=&#8221;{}&#8221;][\/et_pb_wc_upsells][et_pb_wc_related_products _builder_version=&#8221;4.16&#8243; global_colors_info=&#8221;{}&#8221;][\/et_pb_wc_related_products][\/et_pb_column][\/et_pb_row][et_pb_row _builder_version=&#8221;4.27.4&#8243; _module_preset=&#8221;default&#8221; locked=&#8221;off&#8221;][et_pb_column _builder_version=&#8221;4.27.4&#8243; _module_preset=&#8221;default&#8221; type=&#8221;4_4&#8243;][et_pb_heading title=&#8221;Frequently Asked Questions&#8221; _builder_version=&#8221;4.27.4&#8243; _module_preset=&#8221;default&#8221; title_text_align=&#8221;center&#8221; hover_enabled=&#8221;0&#8243; sticky_enabled=&#8221;0&#8243;][\/et_pb_heading][et_pb_accordion _builder_version=&#8221;4.27.4&#8243; _module_preset=&#8221;default&#8221; hover_enabled=&#8221;0&#8243; sticky_enabled=&#8221;0&#8243;][et_pb_accordion_item title=&#8221;What Is a Penetrating Oil?&#8221; _builder_version=&#8221;4.27.4&#8243; _module_preset=&#8221;default&#8221; open=&#8221;on&#8221; hover_enabled=&#8221;0&#8243; sticky_enabled=&#8221;0&#8243;]<\/p>\n<p><span style=\"font-weight: 400;\">Penetrating oil is a low-viscosity lubricant designed to seep into tight spaces, threads, and rusted or corroded metal joints. It works by breaking down rust and oxidation while providing lubrication that helps loosen stuck or seized parts. Commonly used in automotive, industrial, and maintenance applications, penetrating oil restores mobility to bolts, nuts, and fittings without the need for excessive force or heat.<\/span><\/p>\n<p>[\/et_pb_accordion_item][et_pb_accordion_item title=&#8221;How Long Should You Let Penetrating Oil Sit?&#8221; _builder_version=&#8221;4.27.4&#8243; _module_preset=&#8221;default&#8221; open=&#8221;off&#8221; hover_enabled=&#8221;0&#8243; sticky_enabled=&#8221;0&#8243;]<\/p>\n<p><span style=\"font-weight: 400;\">In most cases, you should let penetrating oil sit for about 15 to 30 minutes to allow it to penetrate threads and break down rust effectively. However, for heavily corroded or seized parts, a longer soaking period\u2014several hours or even overnight\u2014may be necessary. Applying multiple light coats and gently tapping the fastener can also help the oil work deeper and improve results.<\/span><\/p>\n<p>[\/et_pb_accordion_item][et_pb_accordion_item title=&#8221;What Is the Difference Between Penetrating Oil and Multi-Purpose Oil?&#8221; _builder_version=&#8221;4.27.4&#8243; _module_preset=&#8221;default&#8221; hover_enabled=&#8221;0&#8243; sticky_enabled=&#8221;0&#8243;]<\/p>\n<p><span style=\"font-weight: 400;\">Penetrating oil and multi-purpose oil serve different functions, even though both provide lubrication. Penetrating oil is a thin, fast-acting lubricant specifically formulated to break through rust, corrosion, and seized metal parts.\u00a0<\/span><\/p>\n<p><span style=\"font-weight: 400;\">Multi-purpose oil, like <\/span><a href=\"https:\/\/www.bioblend.com\/product\/bioblend-mpo\/\"><span style=\"font-weight: 400;\">BioBlend MPO<\/span><\/a><span style=\"font-weight: 400;\">, is designed for general lubrication and protection\u2014it reduces friction, prevents rust, and keeps moving parts operating smoothly over time. While penetrating oil is best for loosening and freeing components, multi-purpose oil is ideal for ongoing maintenance and lubrication once parts are moving freely.<\/span><\/p>\n<p>[\/et_pb_accordion_item][\/et_pb_accordion][\/et_pb_column][\/et_pb_row][\/et_pb_section]<\/p>\n","protected":false},"excerpt":{"rendered":"<p>BioBlend PO est une excellente huile p\u00e9n\u00e9trante et lubrifiant \u00e0 usage g\u00e9n\u00e9ral formul\u00e9 \u00e0 partir d&#039;huiles de base facilement biod\u00e9gradables et d&#039;additifs exclusifs pour des performances optimales.<\/p>\n<p><a id=\"S_HFDU_ISO46\" class=\"orange_button\" href=\"https:\/\/www.bioblend.com\/fr\/contact-us\/\" target=\"_blank\" rel=\"noopener\">Request a Commercial Quote<\/a><\/p>","protected":false},"featured_media":1972,"comment_status":"closed","ping_status":"closed","template":"","meta":{"_et_pb_use_builder":"on","_et_pb_old_content":"<h3>Penetrating Oil<\/h3>\r\nBioBlend PO is an excellent penetrating oil and general purpose lubricant that is formulated from readily <a href=\"https:\/\/www.bioblend.com\/just-what-is-a-biodegradable-lubricant\/\">biodegradable<\/a> base stocks and proprietary additives. BioBlend PO has superior wetting ability and a high affinity for metal surfaces. These properties offer superior penetration to enable the loosening of frozen, rusted or stuck components. The <a href=\"https:\/\/www.bioblend.com\/environmental-friendly-lubricants\/\">environmentally friendly solvents<\/a> used are excellent for dissolving dirt, grease and removing debris, while leaving a light lubricating film which helps control corrosion. As with any solvent-type product, care should be taken when using around certain plastics, foam rubbers, urethanes, and painted surfaces as they can be incompatible.\r\n\r\nBioBlend PO is available in liquid or aerosol.\r\n<ul>\r\n \t<li>USDA BioPreferred Program<\/li>\r\n \t<li>Helps protect metal surfaces from corrosion<\/li>\r\n \t<li>Excellent water displacement properties<\/li>\r\n \t<li>Cuts through dirt, grease and grime<\/li>\r\n \t<li>Good lubricating properties<\/li>\r\n \t<li>Affinity for metal promotes fast penetrating action<\/li>\r\n \t<li>Use BioBlend PO in place of Liquid Wrench<b>\u2122\ufe0f<\/b>, PB Blaster<b>\u2122\ufe0f<\/b> or similar products for an environmentally acceptable lubricant<\/li>\r\n<\/ul>","_et_gb_content_width":"","inline_featured_image":false},"product_brand":[],"product_cat":[28],"product_tag":[207],"class_list":{"0":"post-2584","1":"product","2":"type-product","3":"status-publish","4":"has-post-thumbnail","6":"product_cat-specialty-products","7":"product_tag-penetrating-oil","8":"pa_packaging-aerosol-can-12-oz-12-pack","9":"pa_packaging-drum-55-gal","10":"pa_packaging-pail-5-gal","11":"pa_packaging-tote-275-gal","13":"first","14":"instock","15":"featured","16":"shipping-taxable","17":"product-type-simple"},"yoast_head":"<!-- This site is optimized with the Yoast SEO plugin v27.4 - https:\/\/yoast.com\/product\/yoast-seo-wordpress\/ -->\n<title>Penetrating Oil Spray | Penetrating Lubricant | Penetration Oil<\/title>\n<meta name=\"description\" content=\"Penetrating oil spray loosens stuck, rusted, or frozen components. Penetration oil is formulated from biodegradable base stocks and proprietary additives.\" \/>\n<meta name=\"robots\" content=\"index, follow, max-snippet:-1, max-image-preview:large, max-video-preview:-1\" \/>\n<link rel=\"canonical\" href=\"https:\/\/www.bioblend.com\/fr\/produit\/bioblend-po\/\" \/>\n<meta property=\"og:locale\" content=\"fr_CA\" \/>\n<meta property=\"og:type\" content=\"article\" \/>\n<meta property=\"og:title\" content=\"Penetrating Oil Spray | Penetrating Lubricant | Penetration Oil\" \/>\n<meta property=\"og:description\" content=\"Penetrating oil spray loosens stuck, rusted, or frozen components. Penetration oil is formulated from biodegradable base stocks and proprietary additives.\" \/>\n<meta property=\"og:url\" content=\"https:\/\/www.bioblend.com\/fr\/produit\/bioblend-po\/\" \/>\n<meta property=\"og:site_name\" content=\"BioBlend Lubricants &amp; Industrial Products\" \/>\n<meta property=\"article:modified_time\" content=\"2025-12-22T19:41:22+00:00\" \/>\n<meta property=\"og:image\" content=\"https:\/\/www.bioblend.com\/wp-content\/uploads\/BioBlend-PO-product.jpg\" \/>\n\t<meta property=\"og:image:width\" content=\"800\" \/>\n\t<meta property=\"og:image:height\" content=\"800\" \/>\n\t<meta property=\"og:image:type\" content=\"image\/jpeg\" \/>\n<meta name=\"twitter:card\" content=\"summary_large_image\" \/>\n<meta name=\"twitter:label1\" content=\"Estimation du temps de lecture\" \/>\n\t<meta name=\"twitter:data1\" content=\"4 minutes\" \/>\n<script type=\"application\/ld+json\" class=\"yoast-schema-graph\">{\"@context\":\"https:\\\/\\\/schema.org\",\"@graph\":[{\"@type\":\"WebPage\",\"@id\":\"https:\\\/\\\/www.bioblend.com\\\/product\\\/bioblend-po\\\/\",\"url\":\"https:\\\/\\\/www.bioblend.com\\\/product\\\/bioblend-po\\\/\",\"name\":\"Penetrating Oil Spray | Penetrating Lubricant | Penetration Oil\",\"isPartOf\":{\"@id\":\"https:\\\/\\\/www.bioblend.com\\\/#website\"},\"primaryImageOfPage\":{\"@id\":\"https:\\\/\\\/www.bioblend.com\\\/product\\\/bioblend-po\\\/#primaryimage\"},\"image\":{\"@id\":\"https:\\\/\\\/www.bioblend.com\\\/product\\\/bioblend-po\\\/#primaryimage\"},\"thumbnailUrl\":\"https:\\\/\\\/www.bioblend.com\\\/wp-content\\\/uploads\\\/BioBlend-PO-product.jpg\",\"datePublished\":\"2021-06-01T23:16:00+00:00\",\"dateModified\":\"2025-12-22T19:41:22+00:00\",\"description\":\"Penetrating oil spray loosens stuck, rusted, or frozen components. Penetration oil is formulated from biodegradable base stocks and proprietary additives.\",\"breadcrumb\":{\"@id\":\"https:\\\/\\\/www.bioblend.com\\\/product\\\/bioblend-po\\\/#breadcrumb\"},\"inLanguage\":\"fr-CA\",\"potentialAction\":[{\"@type\":\"ReadAction\",\"target\":[\"https:\\\/\\\/www.bioblend.com\\\/product\\\/bioblend-po\\\/\"]}]},{\"@type\":\"ImageObject\",\"inLanguage\":\"fr-CA\",\"@id\":\"https:\\\/\\\/www.bioblend.com\\\/product\\\/bioblend-po\\\/#primaryimage\",\"url\":\"https:\\\/\\\/www.bioblend.com\\\/wp-content\\\/uploads\\\/BioBlend-PO-product.jpg\",\"contentUrl\":\"https:\\\/\\\/www.bioblend.com\\\/wp-content\\\/uploads\\\/BioBlend-PO-product.jpg\",\"width\":800,\"height\":800,\"caption\":\"BioBlend PO\"},{\"@type\":\"BreadcrumbList\",\"@id\":\"https:\\\/\\\/www.bioblend.com\\\/product\\\/bioblend-po\\\/#breadcrumb\",\"itemListElement\":[{\"@type\":\"ListItem\",\"position\":1,\"name\":\"Home\",\"item\":\"https:\\\/\\\/www.bioblend.com\\\/\"},{\"@type\":\"ListItem\",\"position\":2,\"name\":\"Shop\",\"item\":\"https:\\\/\\\/www.bioblend.com\\\/?page_id=8\"},{\"@type\":\"ListItem\",\"position\":3,\"name\":\"BioBlend PO\"}]},{\"@type\":\"WebSite\",\"@id\":\"https:\\\/\\\/www.bioblend.com\\\/#website\",\"url\":\"https:\\\/\\\/www.bioblend.com\\\/\",\"name\":\"BioBlend Lubricants &amp; Industrial Products\",\"description\":\"Biodegradable Lubricants and Industrial Products for Environmental Synergy\",\"potentialAction\":[{\"@type\":\"SearchAction\",\"target\":{\"@type\":\"EntryPoint\",\"urlTemplate\":\"https:\\\/\\\/www.bioblend.com\\\/?s={search_term_string}\"},\"query-input\":{\"@type\":\"PropertyValueSpecification\",\"valueRequired\":true,\"valueName\":\"search_term_string\"}}],\"inLanguage\":\"fr-CA\"}]}<\/script>\n<!-- \/ Yoast SEO plugin. -->","yoast_head_json":{"title":"Penetrating Oil Spray | Penetrating Lubricant | Penetration Oil","description":"Penetrating oil spray loosens stuck, rusted, or frozen components. Penetration oil is formulated from biodegradable base stocks and proprietary additives.","robots":{"index":"index","follow":"follow","max-snippet":"max-snippet:-1","max-image-preview":"max-image-preview:large","max-video-preview":"max-video-preview:-1"},"canonical":"https:\/\/www.bioblend.com\/fr\/produit\/bioblend-po\/","og_locale":"fr_CA","og_type":"article","og_title":"Penetrating Oil Spray | Penetrating Lubricant | Penetration Oil","og_description":"Penetrating oil spray loosens stuck, rusted, or frozen components. Penetration oil is formulated from biodegradable base stocks and proprietary additives.","og_url":"https:\/\/www.bioblend.com\/fr\/produit\/bioblend-po\/","og_site_name":"BioBlend Lubricants &amp; Industrial Products","article_modified_time":"2025-12-22T19:41:22+00:00","og_image":[{"width":800,"height":800,"url":"https:\/\/www.bioblend.com\/wp-content\/uploads\/BioBlend-PO-product.jpg","type":"image\/jpeg"}],"twitter_card":"summary_large_image","twitter_misc":{"Estimation du temps de lecture":"4 minutes"},"schema":{"@context":"https:\/\/schema.org","@graph":[{"@type":"WebPage","@id":"https:\/\/www.bioblend.com\/product\/bioblend-po\/","url":"https:\/\/www.bioblend.com\/product\/bioblend-po\/","name":"Penetrating Oil Spray | Penetrating Lubricant | Penetration Oil","isPartOf":{"@id":"https:\/\/www.bioblend.com\/#website"},"primaryImageOfPage":{"@id":"https:\/\/www.bioblend.com\/product\/bioblend-po\/#primaryimage"},"image":{"@id":"https:\/\/www.bioblend.com\/product\/bioblend-po\/#primaryimage"},"thumbnailUrl":"https:\/\/www.bioblend.com\/wp-content\/uploads\/BioBlend-PO-product.jpg","datePublished":"2021-06-01T23:16:00+00:00","dateModified":"2025-12-22T19:41:22+00:00","description":"Penetrating oil spray loosens stuck, rusted, or frozen components. Penetration oil is formulated from biodegradable base stocks and proprietary additives.","breadcrumb":{"@id":"https:\/\/www.bioblend.com\/product\/bioblend-po\/#breadcrumb"},"inLanguage":"fr-CA","potentialAction":[{"@type":"ReadAction","target":["https:\/\/www.bioblend.com\/product\/bioblend-po\/"]}]},{"@type":"ImageObject","inLanguage":"fr-CA","@id":"https:\/\/www.bioblend.com\/product\/bioblend-po\/#primaryimage","url":"https:\/\/www.bioblend.com\/wp-content\/uploads\/BioBlend-PO-product.jpg","contentUrl":"https:\/\/www.bioblend.com\/wp-content\/uploads\/BioBlend-PO-product.jpg","width":800,"height":800,"caption":"BioBlend PO"},{"@type":"BreadcrumbList","@id":"https:\/\/www.bioblend.com\/product\/bioblend-po\/#breadcrumb","itemListElement":[{"@type":"ListItem","position":1,"name":"Home","item":"https:\/\/www.bioblend.com\/"},{"@type":"ListItem","position":2,"name":"Shop","item":"https:\/\/www.bioblend.com\/?page_id=8"},{"@type":"ListItem","position":3,"name":"BioBlend PO"}]},{"@type":"WebSite","@id":"https:\/\/www.bioblend.com\/#website","url":"https:\/\/www.bioblend.com\/","name":"Lubrifiants et produits industriels BioBlend","description":"Lubrifiants biod\u00e9gradables et produits industriels pour une synergie environnementale","potentialAction":[{"@type":"SearchAction","target":{"@type":"EntryPoint","urlTemplate":"https:\/\/www.bioblend.com\/?s={search_term_string}"},"query-input":{"@type":"PropertyValueSpecification","valueRequired":true,"valueName":"search_term_string"}}],"inLanguage":"fr-CA"}]}},"_links":{"self":[{"href":"http:\/\/www.bioblend.com\/fr\/wp-json\/wp\/v2\/product\/2584","targetHints":{"allow":["GET"]}}],"collection":[{"href":"http:\/\/www.bioblend.com\/fr\/wp-json\/wp\/v2\/product"}],"about":[{"href":"http:\/\/www.bioblend.com\/fr\/wp-json\/wp\/v2\/types\/product"}],"replies":[{"embeddable":true,"href":"http:\/\/www.bioblend.com\/fr\/wp-json\/wp\/v2\/comments?post=2584"}],"wp:featuredmedia":[{"embeddable":true,"href":"http:\/\/www.bioblend.com\/fr\/wp-json\/wp\/v2\/media\/1972"}],"wp:attachment":[{"href":"http:\/\/www.bioblend.com\/fr\/wp-json\/wp\/v2\/media?parent=2584"}],"wp:term":[{"taxonomy":"product_brand","embeddable":true,"href":"http:\/\/www.bioblend.com\/fr\/wp-json\/wp\/v2\/product_brand?post=2584"},{"taxonomy":"product_cat","embeddable":true,"href":"http:\/\/www.bioblend.com\/fr\/wp-json\/wp\/v2\/product_cat?post=2584"},{"taxonomy":"product_tag","embeddable":true,"href":"http:\/\/www.bioblend.com\/fr\/wp-json\/wp\/v2\/product_tag?post=2584"}],"curies":[{"name":"wp","href":"https:\/\/api.w.org\/{rel}","templated":true}]}}