{"id":2594,"date":"2021-06-01T18:16:04","date_gmt":"2021-06-01T23:16:04","guid":{"rendered":"https:\/\/www.bioblend.com\/product\/biolube-wrl-xt\/"},"modified":"2026-03-18T14:00:08","modified_gmt":"2026-03-18T19:00:08","slug":"biolube-wrl-xt","status":"publish","type":"product","link":"http:\/\/www.bioblend.com\/fr\/produit\/biolube-wrl-xt\/","title":{"rendered":"BioLube WRL XT 46"},"content":{"rendered":"<h2>Lubrifiant pour c\u00e2ble m\u00e9tallique extra collant<\/h2>\n<p>BioLube WRL XT 46 is a readily <a href=\"https:\/\/www.bioblend.com\/fr\/just-what-is-a-biodegradable-lubricant\/\">biodegradable<\/a>, zinc-free wire rope lube formulated from renewable basestocks. The <a href=\"https:\/\/www.bioblend.com\/fr\/bioblend-lubricants-off-the-charts-lubricity\/\">high lubricity<\/a> base oil of BioLube WRLXT 46 is paired with <a href=\"https:\/\/www.bioblend.com\/fr\/environmental-friendly-lubricants\/\">environmentally acceptable<\/a> additive technologies and tackifier to adhesion.<\/p>\n<p>Wear Protection: Abrasive wear occurs inside and outside of wire ropes. Individual strands inside the rope move and rub against one another during normal loading creating internal 2-body abrasive wear. External rope surfaces accumulate dirt and contaminants from sheaves and drums during the spooling process causing 3-body abrasive wear eroding outer wires and strands, reducing rope diameter and resulting in core failure and internal wire breakage. BioLube WRL XT 46 penetrates into wire ropes providing optimal metal wetting and friction reduction, while the superior solvency of the natural ester base oils cleans external surfaces to remove contaminants and dirt.<\/p>\n<p>Corrosion &amp; Environmental Protection: Rope corrosion and oxidation is caused by humidity, fumes, salt air or brines, acids, sulfur and gases which shorten rope life due to metal loss and pitting. BioLube WRL XT 46 provides superior corrosion management, reducing the accelerated corrosion tied to elevated operating temperatures, delivering an optimal balance between base oil and additive system performance to minimize environmental impact.<\/p>\n<p>BioLube WRL XT 46 is formulated featuring <a href=\"https:\/\/www.bioblend.com\/fr\/increased-viscosity-index-with-bioblends-esyn-lubricants\/\">our proprietary eSyn<b>\u2122\ufe0f<\/b> technology<\/a>.<\/p>\n<ul>\n<li>Programme USDA BioPreferred<\/li>\n<li>Class\u00e9 comme lubrifiants \u00e9cologiquement acceptables (EAL) conform\u00e9ment au permis g\u00e9n\u00e9ral de navire am\u00e9ricain (VGP) 2013 de l&#039;EPA<\/li>\n<\/ul>","protected":false},"excerpt":{"rendered":"<p>BioLube WRL est un lubrifiant pour c\u00e2ble m\u00e9tallique biod\u00e9gradable et sans zinc, formul\u00e9 \u00e0 partir de mati\u00e8res premi\u00e8res renouvelables.<\/p>","protected":false},"featured_media":1982,"comment_status":"closed","ping_status":"closed","template":"","meta":{"_et_pb_use_builder":"","_et_pb_old_content":"","_et_gb_content_width":"","inline_featured_image":false},"product_brand":[],"product_cat":[28],"product_tag":[198],"class_list":{"0":"post-2594","1":"product","2":"type-product","3":"status-publish","4":"has-post-thumbnail","6":"product_cat-specialty-products","7":"product_tag-wire-rope-lubrication","8":"pa_packaging-drum-55-gal","9":"pa_packaging-pail-5-gal","10":"pa_packaging-tote-275-gal","12":"first","13":"instock","14":"shipping-taxable","15":"product-type-simple"},"yoast_head":"<!-- This site is optimized with the Yoast SEO plugin v27.4 - https:\/\/yoast.com\/product\/yoast-seo-wordpress\/ -->\n<title>Wire Rope Lubricant | Wire Rope Lube | Wire Rope Oil | WRL XT<\/title>\n<meta name=\"description\" content=\"Extra tacky wire rope lubricant protects rope, chains, and cables from corrosion and abrasive wear. The eco-friendly formula is zinc-free with high lubricity.\" \/>\n<meta name=\"robots\" content=\"index, follow, max-snippet:-1, max-image-preview:large, max-video-preview:-1\" \/>\n<link rel=\"canonical\" href=\"https:\/\/www.bioblend.com\/fr\/produit\/biolube-wrl-xt\/\" \/>\n<meta property=\"og:locale\" content=\"fr_CA\" \/>\n<meta property=\"og:type\" content=\"article\" \/>\n<meta property=\"og:title\" content=\"Wire Rope Lubricant | Wire Rope Lube | Wire Rope Oil | WRL XT\" \/>\n<meta property=\"og:description\" content=\"Extra tacky wire rope lubricant protects rope, chains, and cables from corrosion and abrasive wear. The eco-friendly formula is zinc-free with high lubricity.\" \/>\n<meta property=\"og:url\" content=\"https:\/\/www.bioblend.com\/fr\/produit\/biolube-wrl-xt\/\" \/>\n<meta property=\"og:site_name\" content=\"BioBlend Lubricants &amp; Industrial Products\" \/>\n<meta property=\"article:modified_time\" content=\"2026-03-18T19:00:08+00:00\" \/>\n<meta property=\"og:image\" content=\"https:\/\/www.bioblend.com\/wp-content\/uploads\/BioLube-WRL-XT.jpg\" \/>\n\t<meta property=\"og:image:width\" content=\"800\" \/>\n\t<meta property=\"og:image:height\" content=\"800\" \/>\n\t<meta property=\"og:image:type\" content=\"image\/jpeg\" \/>\n<meta name=\"twitter:card\" content=\"summary_large_image\" \/>\n<meta name=\"twitter:label1\" content=\"Estimation du temps de lecture\" \/>\n\t<meta name=\"twitter:data1\" content=\"2 minutes\" \/>\n<script type=\"application\/ld+json\" class=\"yoast-schema-graph\">{\"@context\":\"https:\\\/\\\/schema.org\",\"@graph\":[{\"@type\":\"WebPage\",\"@id\":\"https:\\\/\\\/www.bioblend.com\\\/product\\\/biolube-wrl-xt\\\/\",\"url\":\"https:\\\/\\\/www.bioblend.com\\\/product\\\/biolube-wrl-xt\\\/\",\"name\":\"Wire Rope Lubricant | Wire Rope Lube | Wire Rope Oil | WRL XT\",\"isPartOf\":{\"@id\":\"https:\\\/\\\/www.bioblend.com\\\/#website\"},\"primaryImageOfPage\":{\"@id\":\"https:\\\/\\\/www.bioblend.com\\\/product\\\/biolube-wrl-xt\\\/#primaryimage\"},\"image\":{\"@id\":\"https:\\\/\\\/www.bioblend.com\\\/product\\\/biolube-wrl-xt\\\/#primaryimage\"},\"thumbnailUrl\":\"https:\\\/\\\/www.bioblend.com\\\/wp-content\\\/uploads\\\/BioLube-WRL-XT.jpg\",\"datePublished\":\"2021-06-01T23:16:04+00:00\",\"dateModified\":\"2026-03-18T19:00:08+00:00\",\"description\":\"Extra tacky wire rope lubricant protects rope, chains, and cables from corrosion and abrasive wear. The eco-friendly formula is zinc-free with high lubricity.\",\"breadcrumb\":{\"@id\":\"https:\\\/\\\/www.bioblend.com\\\/product\\\/biolube-wrl-xt\\\/#breadcrumb\"},\"inLanguage\":\"fr-CA\",\"potentialAction\":[{\"@type\":\"ReadAction\",\"target\":[\"https:\\\/\\\/www.bioblend.com\\\/product\\\/biolube-wrl-xt\\\/\"]}]},{\"@type\":\"ImageObject\",\"inLanguage\":\"fr-CA\",\"@id\":\"https:\\\/\\\/www.bioblend.com\\\/product\\\/biolube-wrl-xt\\\/#primaryimage\",\"url\":\"https:\\\/\\\/www.bioblend.com\\\/wp-content\\\/uploads\\\/BioLube-WRL-XT.jpg\",\"contentUrl\":\"https:\\\/\\\/www.bioblend.com\\\/wp-content\\\/uploads\\\/BioLube-WRL-XT.jpg\",\"width\":800,\"height\":800,\"caption\":\"BioLube WRL XT\"},{\"@type\":\"BreadcrumbList\",\"@id\":\"https:\\\/\\\/www.bioblend.com\\\/product\\\/biolube-wrl-xt\\\/#breadcrumb\",\"itemListElement\":[{\"@type\":\"ListItem\",\"position\":1,\"name\":\"Home\",\"item\":\"https:\\\/\\\/www.bioblend.com\\\/\"},{\"@type\":\"ListItem\",\"position\":2,\"name\":\"Shop\",\"item\":\"https:\\\/\\\/www.bioblend.com\\\/?page_id=8\"},{\"@type\":\"ListItem\",\"position\":3,\"name\":\"BioLube WRL XT 46\"}]},{\"@type\":\"WebSite\",\"@id\":\"https:\\\/\\\/www.bioblend.com\\\/#website\",\"url\":\"https:\\\/\\\/www.bioblend.com\\\/\",\"name\":\"BioBlend Lubricants &amp; Industrial Products\",\"description\":\"Biodegradable Lubricants and Industrial Products for Environmental Synergy\",\"potentialAction\":[{\"@type\":\"SearchAction\",\"target\":{\"@type\":\"EntryPoint\",\"urlTemplate\":\"https:\\\/\\\/www.bioblend.com\\\/?s={search_term_string}\"},\"query-input\":{\"@type\":\"PropertyValueSpecification\",\"valueRequired\":true,\"valueName\":\"search_term_string\"}}],\"inLanguage\":\"fr-CA\"}]}<\/script>\n<!-- \/ Yoast SEO plugin. -->","yoast_head_json":{"title":"Wire Rope Lubricant | Wire Rope Lube | Wire Rope Oil | WRL XT","description":"Extra tacky wire rope lubricant protects rope, chains, and cables from corrosion and abrasive wear. The eco-friendly formula is zinc-free with high lubricity.","robots":{"index":"index","follow":"follow","max-snippet":"max-snippet:-1","max-image-preview":"max-image-preview:large","max-video-preview":"max-video-preview:-1"},"canonical":"https:\/\/www.bioblend.com\/fr\/produit\/biolube-wrl-xt\/","og_locale":"fr_CA","og_type":"article","og_title":"Wire Rope Lubricant | Wire Rope Lube | Wire Rope Oil | WRL XT","og_description":"Extra tacky wire rope lubricant protects rope, chains, and cables from corrosion and abrasive wear. The eco-friendly formula is zinc-free with high lubricity.","og_url":"https:\/\/www.bioblend.com\/fr\/produit\/biolube-wrl-xt\/","og_site_name":"BioBlend Lubricants &amp; Industrial Products","article_modified_time":"2026-03-18T19:00:08+00:00","og_image":[{"width":800,"height":800,"url":"https:\/\/www.bioblend.com\/wp-content\/uploads\/BioLube-WRL-XT.jpg","type":"image\/jpeg"}],"twitter_card":"summary_large_image","twitter_misc":{"Estimation du temps de lecture":"2 minutes"},"schema":{"@context":"https:\/\/schema.org","@graph":[{"@type":"WebPage","@id":"https:\/\/www.bioblend.com\/product\/biolube-wrl-xt\/","url":"https:\/\/www.bioblend.com\/product\/biolube-wrl-xt\/","name":"Wire Rope Lubricant | Wire Rope Lube | Wire Rope Oil | WRL XT","isPartOf":{"@id":"https:\/\/www.bioblend.com\/#website"},"primaryImageOfPage":{"@id":"https:\/\/www.bioblend.com\/product\/biolube-wrl-xt\/#primaryimage"},"image":{"@id":"https:\/\/www.bioblend.com\/product\/biolube-wrl-xt\/#primaryimage"},"thumbnailUrl":"https:\/\/www.bioblend.com\/wp-content\/uploads\/BioLube-WRL-XT.jpg","datePublished":"2021-06-01T23:16:04+00:00","dateModified":"2026-03-18T19:00:08+00:00","description":"Extra tacky wire rope lubricant protects rope, chains, and cables from corrosion and abrasive wear. The eco-friendly formula is zinc-free with high lubricity.","breadcrumb":{"@id":"https:\/\/www.bioblend.com\/product\/biolube-wrl-xt\/#breadcrumb"},"inLanguage":"fr-CA","potentialAction":[{"@type":"ReadAction","target":["https:\/\/www.bioblend.com\/product\/biolube-wrl-xt\/"]}]},{"@type":"ImageObject","inLanguage":"fr-CA","@id":"https:\/\/www.bioblend.com\/product\/biolube-wrl-xt\/#primaryimage","url":"https:\/\/www.bioblend.com\/wp-content\/uploads\/BioLube-WRL-XT.jpg","contentUrl":"https:\/\/www.bioblend.com\/wp-content\/uploads\/BioLube-WRL-XT.jpg","width":800,"height":800,"caption":"BioLube WRL XT"},{"@type":"BreadcrumbList","@id":"https:\/\/www.bioblend.com\/product\/biolube-wrl-xt\/#breadcrumb","itemListElement":[{"@type":"ListItem","position":1,"name":"Home","item":"https:\/\/www.bioblend.com\/"},{"@type":"ListItem","position":2,"name":"Shop","item":"https:\/\/www.bioblend.com\/?page_id=8"},{"@type":"ListItem","position":3,"name":"BioLube WRL XT 46"}]},{"@type":"WebSite","@id":"https:\/\/www.bioblend.com\/#website","url":"https:\/\/www.bioblend.com\/","name":"Lubrifiants et produits industriels BioBlend","description":"Lubrifiants biod\u00e9gradables et produits industriels pour une synergie environnementale","potentialAction":[{"@type":"SearchAction","target":{"@type":"EntryPoint","urlTemplate":"https:\/\/www.bioblend.com\/?s={search_term_string}"},"query-input":{"@type":"PropertyValueSpecification","valueRequired":true,"valueName":"search_term_string"}}],"inLanguage":"fr-CA"}]}},"_links":{"self":[{"href":"http:\/\/www.bioblend.com\/fr\/wp-json\/wp\/v2\/product\/2594","targetHints":{"allow":["GET"]}}],"collection":[{"href":"http:\/\/www.bioblend.com\/fr\/wp-json\/wp\/v2\/product"}],"about":[{"href":"http:\/\/www.bioblend.com\/fr\/wp-json\/wp\/v2\/types\/product"}],"replies":[{"embeddable":true,"href":"http:\/\/www.bioblend.com\/fr\/wp-json\/wp\/v2\/comments?post=2594"}],"wp:featuredmedia":[{"embeddable":true,"href":"http:\/\/www.bioblend.com\/fr\/wp-json\/wp\/v2\/media\/1982"}],"wp:attachment":[{"href":"http:\/\/www.bioblend.com\/fr\/wp-json\/wp\/v2\/media?parent=2594"}],"wp:term":[{"taxonomy":"product_brand","embeddable":true,"href":"http:\/\/www.bioblend.com\/fr\/wp-json\/wp\/v2\/product_brand?post=2594"},{"taxonomy":"product_cat","embeddable":true,"href":"http:\/\/www.bioblend.com\/fr\/wp-json\/wp\/v2\/product_cat?post=2594"},{"taxonomy":"product_tag","embeddable":true,"href":"http:\/\/www.bioblend.com\/fr\/wp-json\/wp\/v2\/product_tag?post=2594"}],"curies":[{"name":"wp","href":"https:\/\/api.w.org\/{rel}","templated":true}]}}