{"id":2896,"date":"2021-08-05T15:24:29","date_gmt":"2021-08-05T20:24:29","guid":{"rendered":"http:\/\/www.bioblend.com\/?post_type=product&#038;p=2896"},"modified":"2026-04-13T12:43:54","modified_gmt":"2026-04-13T17:43:54","slug":"trugrease-fg-aps-400","status":"publish","type":"product","link":"http:\/\/www.bioblend.com\/fr\/produit\/trugrease-fg-aps-400\/","title":{"rendered":"TruGrease FG APS 400"},"content":{"rendered":"<h3>Graisse synth\u00e9tique de qualit\u00e9 alimentaire pour chaleur extr\u00eame<\/h3>\n<p>TruGrease FG APS 400 is an NSF H1 registered for incidental food contact grease made with pure <a href=\"https:\/\/www.bioblend.com\/fr\/increased-viscosity-index-with-bioblends-esyn-lubricants\/\">high viscosity<\/a> PAO synthetic base oil. Combining this oil with a next generation calcium sulfonate thickener provides maximum protection to operational conditions in excess of 400\u2109. And thanks to a minimal additive profile, it is registered NSF H1, making it perfect for food processing applications such as ovens, dryers, and equipment utilizing high pressure steam. TruGrease FG APS 400 is also an excellent choice for paper mills which endure similar operational conditions, and produce food-contacting paper.<\/p>\n<p>Applications typiques:<\/p>\n<ul>\n<li>Quelconque <a href=\"https:\/\/www.bioblend.com\/fr\/how-to-select-the-best-high-temp-grease\/\">high temp<\/a>, food processing application<\/li>\n<li>Lignes d&#039;embouteillage<\/li>\n<li>Papeteries<\/li>\n<li>Moulins \u00e0 granul\u00e9s \u2013 granul\u00e9s d&#039;aliments pour b\u00e9tail<\/li>\n<li>Convoyeurs de four<\/li>\n<\/ul>\n<p>TruGrease APS 400 FG est disponible en NLGI 2.<\/p>\n<p>Attributs cl\u00e9s \/ approbations\u00a0:<\/p>\n<ul>\n<li>Formule d&#039;huile de base PAO de qualit\u00e9 2, 400 cSt.<\/li>\n<li>Protection inh\u00e9rente contre la rouille et la corrosion.<\/li>\n<li>00% Huile de base PAO\u2026 sans composant d&#039;huile min\u00e9rale.<\/li>\n<li>Large plage de temp\u00e9rature de fonctionnement et tr\u00e8s efficace dans<\/li>\n<li>temp\u00e9ratures extr\u00eamement \u00e9lev\u00e9es (200-400\u2109).<\/li>\n<li>M\u00e9caniquement stable\u2026 pratiquement aucun changement de consistance pendant\/apr\u00e8s utilisation.<\/li>\n<li>La formulation respectueuse de l&#039;environnement ne contient pas d&#039;antimoine, de baryum, de chlore, de phosphore, de zinc ou de soufre libre.<\/li>\n<li>Num\u00e9ro d&#039;enregistrement NSF H1\u00a0:\u00a0164623<\/li>\n<\/ul>","protected":false},"excerpt":{"rendered":"<p>TruGrease FG APS 400 is an incidental food contact grease registered NSF H1, made with pure high viscosity PAO synthetic base oil. It&#8217;s NSF registered as meeting the guidelines of an H1 product for incidental food contact, for use throughout the plant.<\/p>","protected":false},"featured_media":2899,"comment_status":"closed","ping_status":"closed","template":"","meta":{"_et_pb_use_builder":"","_et_pb_old_content":"","_et_gb_content_width":"","inline_featured_image":false},"product_brand":[],"product_cat":[119,25],"product_tag":[195],"class_list":{"0":"post-2896","1":"product","2":"type-product","3":"status-publish","4":"has-post-thumbnail","6":"product_cat-food-grade-lubricants-2","7":"product_cat-grease","8":"product_tag-food-grade-grease","9":"pa_packaging-400-lb-drum","11":"first","12":"instock","13":"shipping-taxable","14":"product-type-simple"},"yoast_head":"<!-- This site is optimized with the Yoast SEO plugin v27.4 - https:\/\/yoast.com\/product\/yoast-seo-wordpress\/ -->\n<title>Paper Mill Grease | High Temp Food Grade Grease<\/title>\n<meta name=\"description\" content=\"For incidental food contact, high temp grease is excellent for paper mills, bottling plants, and conveyors. Protects from rust and corrosion in extreme heat.\" \/>\n<meta name=\"robots\" content=\"index, follow, max-snippet:-1, max-image-preview:large, max-video-preview:-1\" \/>\n<link rel=\"canonical\" href=\"https:\/\/www.bioblend.com\/fr\/produit\/trugrease-fg-aps-400\/\" \/>\n<meta property=\"og:locale\" content=\"fr_CA\" \/>\n<meta property=\"og:type\" content=\"article\" \/>\n<meta property=\"og:title\" content=\"Paper Mill Grease | High Temp Food Grade Grease\" \/>\n<meta property=\"og:description\" content=\"For incidental food contact, high temp grease is excellent for paper mills, bottling plants, and conveyors. Protects from rust and corrosion in extreme heat.\" \/>\n<meta property=\"og:url\" content=\"https:\/\/www.bioblend.com\/fr\/produit\/trugrease-fg-aps-400\/\" \/>\n<meta property=\"og:site_name\" content=\"BioBlend Lubricants &amp; Industrial Products\" \/>\n<meta property=\"article:modified_time\" content=\"2026-04-13T17:43:54+00:00\" \/>\n<meta property=\"og:image\" content=\"https:\/\/www.bioblend.com\/wp-content\/uploads\/Food-Manufacturing-Grease-1.jpg\" \/>\n\t<meta property=\"og:image:width\" content=\"800\" \/>\n\t<meta property=\"og:image:height\" content=\"800\" \/>\n\t<meta property=\"og:image:type\" content=\"image\/jpeg\" \/>\n<meta name=\"twitter:card\" content=\"summary_large_image\" \/>\n<meta name=\"twitter:label1\" content=\"Estimation du temps de lecture\" \/>\n\t<meta name=\"twitter:data1\" content=\"2 minutes\" \/>\n<script type=\"application\/ld+json\" class=\"yoast-schema-graph\">{\"@context\":\"https:\\\/\\\/schema.org\",\"@graph\":[{\"@type\":\"WebPage\",\"@id\":\"https:\\\/\\\/www.bioblend.com\\\/product\\\/trugrease-fg-aps-400\\\/\",\"url\":\"https:\\\/\\\/www.bioblend.com\\\/product\\\/trugrease-fg-aps-400\\\/\",\"name\":\"Paper Mill Grease | High Temp Food Grade Grease\",\"isPartOf\":{\"@id\":\"https:\\\/\\\/www.bioblend.com\\\/#website\"},\"primaryImageOfPage\":{\"@id\":\"https:\\\/\\\/www.bioblend.com\\\/product\\\/trugrease-fg-aps-400\\\/#primaryimage\"},\"image\":{\"@id\":\"https:\\\/\\\/www.bioblend.com\\\/product\\\/trugrease-fg-aps-400\\\/#primaryimage\"},\"thumbnailUrl\":\"https:\\\/\\\/www.bioblend.com\\\/wp-content\\\/uploads\\\/Food-Manufacturing-Grease-1.jpg\",\"datePublished\":\"2021-08-05T20:24:29+00:00\",\"dateModified\":\"2026-04-13T17:43:54+00:00\",\"description\":\"For incidental food contact, high temp grease is excellent for paper mills, bottling plants, and conveyors. Protects from rust and corrosion in extreme heat.\",\"breadcrumb\":{\"@id\":\"https:\\\/\\\/www.bioblend.com\\\/product\\\/trugrease-fg-aps-400\\\/#breadcrumb\"},\"inLanguage\":\"fr-CA\",\"potentialAction\":[{\"@type\":\"ReadAction\",\"target\":[\"https:\\\/\\\/www.bioblend.com\\\/product\\\/trugrease-fg-aps-400\\\/\"]}]},{\"@type\":\"ImageObject\",\"inLanguage\":\"fr-CA\",\"@id\":\"https:\\\/\\\/www.bioblend.com\\\/product\\\/trugrease-fg-aps-400\\\/#primaryimage\",\"url\":\"https:\\\/\\\/www.bioblend.com\\\/wp-content\\\/uploads\\\/Food-Manufacturing-Grease-1.jpg\",\"contentUrl\":\"https:\\\/\\\/www.bioblend.com\\\/wp-content\\\/uploads\\\/Food-Manufacturing-Grease-1.jpg\",\"width\":800,\"height\":800,\"caption\":\"Food Manufacturing Grease (1)\"},{\"@type\":\"BreadcrumbList\",\"@id\":\"https:\\\/\\\/www.bioblend.com\\\/product\\\/trugrease-fg-aps-400\\\/#breadcrumb\",\"itemListElement\":[{\"@type\":\"ListItem\",\"position\":1,\"name\":\"Home\",\"item\":\"https:\\\/\\\/www.bioblend.com\\\/\"},{\"@type\":\"ListItem\",\"position\":2,\"name\":\"Shop\",\"item\":\"https:\\\/\\\/www.bioblend.com\\\/?page_id=8\"},{\"@type\":\"ListItem\",\"position\":3,\"name\":\"TruGrease FG APS 400\"}]},{\"@type\":\"WebSite\",\"@id\":\"https:\\\/\\\/www.bioblend.com\\\/#website\",\"url\":\"https:\\\/\\\/www.bioblend.com\\\/\",\"name\":\"BioBlend Lubricants &amp; Industrial Products\",\"description\":\"Biodegradable Lubricants and Industrial Products for Environmental Synergy\",\"potentialAction\":[{\"@type\":\"SearchAction\",\"target\":{\"@type\":\"EntryPoint\",\"urlTemplate\":\"https:\\\/\\\/www.bioblend.com\\\/?s={search_term_string}\"},\"query-input\":{\"@type\":\"PropertyValueSpecification\",\"valueRequired\":true,\"valueName\":\"search_term_string\"}}],\"inLanguage\":\"fr-CA\"}]}<\/script>\n<!-- \/ Yoast SEO plugin. -->","yoast_head_json":{"title":"Paper Mill Grease | High Temp Food Grade Grease","description":"For incidental food contact, high temp grease is excellent for paper mills, bottling plants, and conveyors. Protects from rust and corrosion in extreme heat.","robots":{"index":"index","follow":"follow","max-snippet":"max-snippet:-1","max-image-preview":"max-image-preview:large","max-video-preview":"max-video-preview:-1"},"canonical":"https:\/\/www.bioblend.com\/fr\/produit\/trugrease-fg-aps-400\/","og_locale":"fr_CA","og_type":"article","og_title":"Paper Mill Grease | High Temp Food Grade Grease","og_description":"For incidental food contact, high temp grease is excellent for paper mills, bottling plants, and conveyors. Protects from rust and corrosion in extreme heat.","og_url":"https:\/\/www.bioblend.com\/fr\/produit\/trugrease-fg-aps-400\/","og_site_name":"BioBlend Lubricants &amp; Industrial Products","article_modified_time":"2026-04-13T17:43:54+00:00","og_image":[{"width":800,"height":800,"url":"https:\/\/www.bioblend.com\/wp-content\/uploads\/Food-Manufacturing-Grease-1.jpg","type":"image\/jpeg"}],"twitter_card":"summary_large_image","twitter_misc":{"Estimation du temps de lecture":"2 minutes"},"schema":{"@context":"https:\/\/schema.org","@graph":[{"@type":"WebPage","@id":"https:\/\/www.bioblend.com\/product\/trugrease-fg-aps-400\/","url":"https:\/\/www.bioblend.com\/product\/trugrease-fg-aps-400\/","name":"Paper Mill Grease | High Temp Food Grade Grease","isPartOf":{"@id":"https:\/\/www.bioblend.com\/#website"},"primaryImageOfPage":{"@id":"https:\/\/www.bioblend.com\/product\/trugrease-fg-aps-400\/#primaryimage"},"image":{"@id":"https:\/\/www.bioblend.com\/product\/trugrease-fg-aps-400\/#primaryimage"},"thumbnailUrl":"https:\/\/www.bioblend.com\/wp-content\/uploads\/Food-Manufacturing-Grease-1.jpg","datePublished":"2021-08-05T20:24:29+00:00","dateModified":"2026-04-13T17:43:54+00:00","description":"For incidental food contact, high temp grease is excellent for paper mills, bottling plants, and conveyors. Protects from rust and corrosion in extreme heat.","breadcrumb":{"@id":"https:\/\/www.bioblend.com\/product\/trugrease-fg-aps-400\/#breadcrumb"},"inLanguage":"fr-CA","potentialAction":[{"@type":"ReadAction","target":["https:\/\/www.bioblend.com\/product\/trugrease-fg-aps-400\/"]}]},{"@type":"ImageObject","inLanguage":"fr-CA","@id":"https:\/\/www.bioblend.com\/product\/trugrease-fg-aps-400\/#primaryimage","url":"https:\/\/www.bioblend.com\/wp-content\/uploads\/Food-Manufacturing-Grease-1.jpg","contentUrl":"https:\/\/www.bioblend.com\/wp-content\/uploads\/Food-Manufacturing-Grease-1.jpg","width":800,"height":800,"caption":"Food Manufacturing Grease (1)"},{"@type":"BreadcrumbList","@id":"https:\/\/www.bioblend.com\/product\/trugrease-fg-aps-400\/#breadcrumb","itemListElement":[{"@type":"ListItem","position":1,"name":"Home","item":"https:\/\/www.bioblend.com\/"},{"@type":"ListItem","position":2,"name":"Shop","item":"https:\/\/www.bioblend.com\/?page_id=8"},{"@type":"ListItem","position":3,"name":"TruGrease FG APS 400"}]},{"@type":"WebSite","@id":"https:\/\/www.bioblend.com\/#website","url":"https:\/\/www.bioblend.com\/","name":"Lubrifiants et produits industriels BioBlend","description":"Lubrifiants biod\u00e9gradables et produits industriels pour une synergie environnementale","potentialAction":[{"@type":"SearchAction","target":{"@type":"EntryPoint","urlTemplate":"https:\/\/www.bioblend.com\/?s={search_term_string}"},"query-input":{"@type":"PropertyValueSpecification","valueRequired":true,"valueName":"search_term_string"}}],"inLanguage":"fr-CA"}]}},"_links":{"self":[{"href":"http:\/\/www.bioblend.com\/fr\/wp-json\/wp\/v2\/product\/2896","targetHints":{"allow":["GET"]}}],"collection":[{"href":"http:\/\/www.bioblend.com\/fr\/wp-json\/wp\/v2\/product"}],"about":[{"href":"http:\/\/www.bioblend.com\/fr\/wp-json\/wp\/v2\/types\/product"}],"replies":[{"embeddable":true,"href":"http:\/\/www.bioblend.com\/fr\/wp-json\/wp\/v2\/comments?post=2896"}],"wp:featuredmedia":[{"embeddable":true,"href":"http:\/\/www.bioblend.com\/fr\/wp-json\/wp\/v2\/media\/2899"}],"wp:attachment":[{"href":"http:\/\/www.bioblend.com\/fr\/wp-json\/wp\/v2\/media?parent=2896"}],"wp:term":[{"taxonomy":"product_brand","embeddable":true,"href":"http:\/\/www.bioblend.com\/fr\/wp-json\/wp\/v2\/product_brand?post=2896"},{"taxonomy":"product_cat","embeddable":true,"href":"http:\/\/www.bioblend.com\/fr\/wp-json\/wp\/v2\/product_cat?post=2896"},{"taxonomy":"product_tag","embeddable":true,"href":"http:\/\/www.bioblend.com\/fr\/wp-json\/wp\/v2\/product_tag?post=2896"}],"curies":[{"name":"wp","href":"https:\/\/api.w.org\/{rel}","templated":true}]}}