{"id":2904,"date":"2021-08-05T15:40:26","date_gmt":"2021-08-05T20:40:26","guid":{"rendered":"http:\/\/www.bioblend.com\/?post_type=product&#038;p=2904"},"modified":"2026-03-18T13:58:46","modified_gmt":"2026-03-18T18:58:46","slug":"trugrease-fg-aps-200","status":"publish","type":"product","link":"http:\/\/www.bioblend.com\/fr\/produit\/trugrease-fg-aps-200\/","title":{"rendered":"TruGrease FG APS 200"},"content":{"rendered":"<h3>Graisse synth\u00e9tique de qualit\u00e9 alimentaire<\/h3>\n<p>TruGrease FG APS 200 is an incidental food contact grease made with 100% PAO synthetic base oil and components. Using BioBlend\u2019s next generation calcium sulfonate thickener, this<a href=\"https:\/\/www.bioblend.com\/fr\/industries\/food-handling-and-manufacturing\/\"> food grade grease<\/a> provides exceptional properties with only a minimal additive package, allowing the grease to have NSF H1, registration. TruGrease FG APS 200 provides excellent lubrication for a variety of medium-to-heavy duty uses, and is appropriate for most industrial applications. It also provides protection from corrosion while equipment is idle or in storage.<\/p>\n<p>Applications typiques:<\/p>\n<ul>\n<li>Lubrification g\u00e9n\u00e9rale du ch\u00e2ssis, pour les \u00e9quipements o\u00f9 un contact alimentaire accidentel ou un contact humain est attendu.<\/li>\n<li>Roulements de convoyeurs et engrenages ferm\u00e9s dans des environnements de transformation des aliments \u00e0 forte humidit\u00e9.<\/li>\n<li>\u00c9quipement d&#039;emballage dans les installations de transformation des boissons telles que les laiteries, les brasseries et les usines d&#039;embouteillage.<\/li>\n<li><a href=\"https:\/\/www.bioblend.com\/fr\/industries\/agriculture\/\">Farm equipment used in the maintaining and harvesting of crops<\/a>. For customers with strict supplier quality guidelines.<\/li>\n<\/ul>\n<p>TruGrease APS 200 FG est disponible en NLGI 2.<\/p>\n<p>Attributs cl\u00e9s \/ approbations\u00a0:<\/p>\n<ul>\n<li>Formulation d&#039;huile de base ISO 220 PAO de grade 1,<\/li>\n<li>Protection inh\u00e9rente contre la rouille et la corrosion<\/li>\n<li>100% PAO Base Oil\u2026 no mineral oil component<\/li>\n<li>Large plage de temp\u00e9ratures de fonctionnement et tr\u00e8s efficace \u00e0 des temp\u00e9ratures extr\u00eamement basses (-40\u00a0C et moins)<\/li>\n<li>M\u00e9caniquement stable. Pratiquement aucun changement de coh\u00e9rence pendant\/apr\u00e8s l&#039;utilisation<\/li>\n<li>La formulation respectueuse de l&#039;environnement ne contient pas d&#039;antimoine, de baryum, de chlore, de phosphore, de zinc ou de soufre libre<\/li>\n<li>Num\u00e9ro d&#039;enregistrement NSF H1\u00a0:\u00a0164624<\/li>\n<\/ul>","protected":false},"excerpt":{"rendered":"<p>TruGrease FG APS 200 is an NSF H1 registered for incidental food contact grease made with 100% PAO synthetic base oil and components. It&#8217;s NSF registered as meeting the guidelines of an H1 product for incidental food contact, for use throughout the plant.<\/p>","protected":false},"featured_media":2897,"comment_status":"closed","ping_status":"closed","template":"","meta":{"_et_pb_use_builder":"","_et_pb_old_content":"","_et_gb_content_width":"","inline_featured_image":false},"product_brand":[],"product_cat":[119,25],"product_tag":[195],"class_list":{"0":"post-2904","1":"product","2":"type-product","3":"status-publish","4":"has-post-thumbnail","6":"product_cat-food-grade-lubricants-2","7":"product_cat-grease","8":"product_tag-food-grade-grease","9":"pa_packaging-400-lb-drum","11":"first","12":"instock","13":"shipping-taxable","14":"product-type-simple"},"yoast_head":"<!-- This site is optimized with the Yoast SEO plugin v27.4 - https:\/\/yoast.com\/product\/yoast-seo-wordpress\/ -->\n<title>Food Grade Grease | Calcium Sulfonate Grease | FG APS 200<\/title>\n<meta name=\"description\" content=\"TruGrease FG APS 200 is a synthetic food grade grease for food processing processing equipment. Made with 100% PAO synthetic oil for incidental food contact.\" \/>\n<meta name=\"robots\" content=\"index, follow, max-snippet:-1, max-image-preview:large, max-video-preview:-1\" \/>\n<link rel=\"canonical\" href=\"https:\/\/www.bioblend.com\/fr\/produit\/trugrease-fg-aps-200\/\" \/>\n<meta property=\"og:locale\" content=\"fr_CA\" \/>\n<meta property=\"og:type\" content=\"article\" \/>\n<meta property=\"og:title\" content=\"Food Grade Grease | Calcium Sulfonate Grease | FG APS 200\" \/>\n<meta property=\"og:description\" content=\"TruGrease FG APS 200 is a synthetic food grade grease for food processing processing equipment. Made with 100% PAO synthetic oil for incidental food contact.\" \/>\n<meta property=\"og:url\" content=\"https:\/\/www.bioblend.com\/fr\/produit\/trugrease-fg-aps-200\/\" \/>\n<meta property=\"og:site_name\" content=\"BioBlend Lubricants &amp; Industrial Products\" \/>\n<meta property=\"article:modified_time\" content=\"2026-03-18T18:58:46+00:00\" \/>\n<meta property=\"og:image\" content=\"https:\/\/www.bioblend.com\/wp-content\/uploads\/Food-Production-Grease.jpg\" \/>\n\t<meta property=\"og:image:width\" content=\"800\" \/>\n\t<meta property=\"og:image:height\" content=\"800\" \/>\n\t<meta property=\"og:image:type\" content=\"image\/jpeg\" \/>\n<meta name=\"twitter:card\" content=\"summary_large_image\" \/>\n<meta name=\"twitter:label1\" content=\"Estimation du temps de lecture\" \/>\n\t<meta name=\"twitter:data1\" content=\"2 minutes\" \/>\n<script type=\"application\/ld+json\" class=\"yoast-schema-graph\">{\"@context\":\"https:\\\/\\\/schema.org\",\"@graph\":[{\"@type\":\"WebPage\",\"@id\":\"https:\\\/\\\/www.bioblend.com\\\/product\\\/trugrease-fg-aps-200\\\/\",\"url\":\"https:\\\/\\\/www.bioblend.com\\\/product\\\/trugrease-fg-aps-200\\\/\",\"name\":\"Food Grade Grease | Calcium Sulfonate Grease | FG APS 200\",\"isPartOf\":{\"@id\":\"https:\\\/\\\/www.bioblend.com\\\/#website\"},\"primaryImageOfPage\":{\"@id\":\"https:\\\/\\\/www.bioblend.com\\\/product\\\/trugrease-fg-aps-200\\\/#primaryimage\"},\"image\":{\"@id\":\"https:\\\/\\\/www.bioblend.com\\\/product\\\/trugrease-fg-aps-200\\\/#primaryimage\"},\"thumbnailUrl\":\"https:\\\/\\\/www.bioblend.com\\\/wp-content\\\/uploads\\\/Food-Production-Grease.jpg\",\"datePublished\":\"2021-08-05T20:40:26+00:00\",\"dateModified\":\"2026-03-18T18:58:46+00:00\",\"description\":\"TruGrease FG APS 200 is a synthetic food grade grease for food processing processing equipment. Made with 100% PAO synthetic oil for incidental food contact.\",\"breadcrumb\":{\"@id\":\"https:\\\/\\\/www.bioblend.com\\\/product\\\/trugrease-fg-aps-200\\\/#breadcrumb\"},\"inLanguage\":\"fr-CA\",\"potentialAction\":[{\"@type\":\"ReadAction\",\"target\":[\"https:\\\/\\\/www.bioblend.com\\\/product\\\/trugrease-fg-aps-200\\\/\"]}]},{\"@type\":\"ImageObject\",\"inLanguage\":\"fr-CA\",\"@id\":\"https:\\\/\\\/www.bioblend.com\\\/product\\\/trugrease-fg-aps-200\\\/#primaryimage\",\"url\":\"https:\\\/\\\/www.bioblend.com\\\/wp-content\\\/uploads\\\/Food-Production-Grease.jpg\",\"contentUrl\":\"https:\\\/\\\/www.bioblend.com\\\/wp-content\\\/uploads\\\/Food-Production-Grease.jpg\",\"width\":800,\"height\":800,\"caption\":\"Food Production Grease\"},{\"@type\":\"BreadcrumbList\",\"@id\":\"https:\\\/\\\/www.bioblend.com\\\/product\\\/trugrease-fg-aps-200\\\/#breadcrumb\",\"itemListElement\":[{\"@type\":\"ListItem\",\"position\":1,\"name\":\"Home\",\"item\":\"https:\\\/\\\/www.bioblend.com\\\/\"},{\"@type\":\"ListItem\",\"position\":2,\"name\":\"Shop\",\"item\":\"https:\\\/\\\/www.bioblend.com\\\/?page_id=8\"},{\"@type\":\"ListItem\",\"position\":3,\"name\":\"TruGrease FG APS 200\"}]},{\"@type\":\"WebSite\",\"@id\":\"https:\\\/\\\/www.bioblend.com\\\/#website\",\"url\":\"https:\\\/\\\/www.bioblend.com\\\/\",\"name\":\"BioBlend Lubricants &amp; Industrial Products\",\"description\":\"Biodegradable Lubricants and Industrial Products for Environmental Synergy\",\"potentialAction\":[{\"@type\":\"SearchAction\",\"target\":{\"@type\":\"EntryPoint\",\"urlTemplate\":\"https:\\\/\\\/www.bioblend.com\\\/?s={search_term_string}\"},\"query-input\":{\"@type\":\"PropertyValueSpecification\",\"valueRequired\":true,\"valueName\":\"search_term_string\"}}],\"inLanguage\":\"fr-CA\"}]}<\/script>\n<!-- \/ Yoast SEO plugin. -->","yoast_head_json":{"title":"Food Grade Grease | Calcium Sulfonate Grease | FG APS 200","description":"TruGrease FG APS 200 is a synthetic food grade grease for food processing processing equipment. Made with 100% PAO synthetic oil for incidental food contact.","robots":{"index":"index","follow":"follow","max-snippet":"max-snippet:-1","max-image-preview":"max-image-preview:large","max-video-preview":"max-video-preview:-1"},"canonical":"https:\/\/www.bioblend.com\/fr\/produit\/trugrease-fg-aps-200\/","og_locale":"fr_CA","og_type":"article","og_title":"Food Grade Grease | Calcium Sulfonate Grease | FG APS 200","og_description":"TruGrease FG APS 200 is a synthetic food grade grease for food processing processing equipment. Made with 100% PAO synthetic oil for incidental food contact.","og_url":"https:\/\/www.bioblend.com\/fr\/produit\/trugrease-fg-aps-200\/","og_site_name":"BioBlend Lubricants &amp; Industrial Products","article_modified_time":"2026-03-18T18:58:46+00:00","og_image":[{"width":800,"height":800,"url":"https:\/\/www.bioblend.com\/wp-content\/uploads\/Food-Production-Grease.jpg","type":"image\/jpeg"}],"twitter_card":"summary_large_image","twitter_misc":{"Estimation du temps de lecture":"2 minutes"},"schema":{"@context":"https:\/\/schema.org","@graph":[{"@type":"WebPage","@id":"https:\/\/www.bioblend.com\/product\/trugrease-fg-aps-200\/","url":"https:\/\/www.bioblend.com\/product\/trugrease-fg-aps-200\/","name":"Food Grade Grease | Calcium Sulfonate Grease | FG APS 200","isPartOf":{"@id":"https:\/\/www.bioblend.com\/#website"},"primaryImageOfPage":{"@id":"https:\/\/www.bioblend.com\/product\/trugrease-fg-aps-200\/#primaryimage"},"image":{"@id":"https:\/\/www.bioblend.com\/product\/trugrease-fg-aps-200\/#primaryimage"},"thumbnailUrl":"https:\/\/www.bioblend.com\/wp-content\/uploads\/Food-Production-Grease.jpg","datePublished":"2021-08-05T20:40:26+00:00","dateModified":"2026-03-18T18:58:46+00:00","description":"TruGrease FG APS 200 is a synthetic food grade grease for food processing processing equipment. Made with 100% PAO synthetic oil for incidental food contact.","breadcrumb":{"@id":"https:\/\/www.bioblend.com\/product\/trugrease-fg-aps-200\/#breadcrumb"},"inLanguage":"fr-CA","potentialAction":[{"@type":"ReadAction","target":["https:\/\/www.bioblend.com\/product\/trugrease-fg-aps-200\/"]}]},{"@type":"ImageObject","inLanguage":"fr-CA","@id":"https:\/\/www.bioblend.com\/product\/trugrease-fg-aps-200\/#primaryimage","url":"https:\/\/www.bioblend.com\/wp-content\/uploads\/Food-Production-Grease.jpg","contentUrl":"https:\/\/www.bioblend.com\/wp-content\/uploads\/Food-Production-Grease.jpg","width":800,"height":800,"caption":"Food Production Grease"},{"@type":"BreadcrumbList","@id":"https:\/\/www.bioblend.com\/product\/trugrease-fg-aps-200\/#breadcrumb","itemListElement":[{"@type":"ListItem","position":1,"name":"Home","item":"https:\/\/www.bioblend.com\/"},{"@type":"ListItem","position":2,"name":"Shop","item":"https:\/\/www.bioblend.com\/?page_id=8"},{"@type":"ListItem","position":3,"name":"TruGrease FG APS 200"}]},{"@type":"WebSite","@id":"https:\/\/www.bioblend.com\/#website","url":"https:\/\/www.bioblend.com\/","name":"Lubrifiants et produits industriels BioBlend","description":"Lubrifiants biod\u00e9gradables et produits industriels pour une synergie environnementale","potentialAction":[{"@type":"SearchAction","target":{"@type":"EntryPoint","urlTemplate":"https:\/\/www.bioblend.com\/?s={search_term_string}"},"query-input":{"@type":"PropertyValueSpecification","valueRequired":true,"valueName":"search_term_string"}}],"inLanguage":"fr-CA"}]}},"_links":{"self":[{"href":"http:\/\/www.bioblend.com\/fr\/wp-json\/wp\/v2\/product\/2904","targetHints":{"allow":["GET"]}}],"collection":[{"href":"http:\/\/www.bioblend.com\/fr\/wp-json\/wp\/v2\/product"}],"about":[{"href":"http:\/\/www.bioblend.com\/fr\/wp-json\/wp\/v2\/types\/product"}],"replies":[{"embeddable":true,"href":"http:\/\/www.bioblend.com\/fr\/wp-json\/wp\/v2\/comments?post=2904"}],"wp:featuredmedia":[{"embeddable":true,"href":"http:\/\/www.bioblend.com\/fr\/wp-json\/wp\/v2\/media\/2897"}],"wp:attachment":[{"href":"http:\/\/www.bioblend.com\/fr\/wp-json\/wp\/v2\/media?parent=2904"}],"wp:term":[{"taxonomy":"product_brand","embeddable":true,"href":"http:\/\/www.bioblend.com\/fr\/wp-json\/wp\/v2\/product_brand?post=2904"},{"taxonomy":"product_cat","embeddable":true,"href":"http:\/\/www.bioblend.com\/fr\/wp-json\/wp\/v2\/product_cat?post=2904"},{"taxonomy":"product_tag","embeddable":true,"href":"http:\/\/www.bioblend.com\/fr\/wp-json\/wp\/v2\/product_tag?post=2904"}],"curies":[{"name":"wp","href":"https:\/\/api.w.org\/{rel}","templated":true}]}}