{"id":3752,"date":"2022-10-18T22:09:31","date_gmt":"2022-10-19T03:09:31","guid":{"rendered":"https:\/\/www.bioblend.com\/?post_type=product&#038;p=3752"},"modified":"2025-05-30T09:14:00","modified_gmt":"2025-05-30T14:14:00","slug":"biogrease-hd-5m-2","status":"publish","type":"product","link":"http:\/\/www.bioblend.com\/fr\/produit\/biogrease-hd-5m-2\/","title":{"rendered":"BioGrease HD 5M 2"},"content":{"rendered":"<h3>Graisse NLGI 2 biod\u00e9gradable \u00e0 usage intensif avec 5% Moly<\/h3>\n<p><strong>BioGrease HD 5M 2<\/strong> is a heavy-duty lithium based <a href=\"https:\/\/www.bioblend.com\/fr\/just-what-is-a-biodegradable-lubricant\/\">biodegradable grease<\/a> with 5% Moly designed for use in construction, mining, farm and plant applications. BioGrease HD 5M 2 is ideal for heavy load and\/or extreme pressure work environments common in mining and construction. The additional of Moly to our HD 2 product really makes this grease a standout for your heavy equipment and the natural ester base oil is perfect for your sustainability goals.<\/p>\n<p><strong>CARACT\u00c9RISTIQUES ET AVANTAGES<\/strong><\/p>\n<ul>\n<li>Fortifi\u00e9 avec du bisulfure de molybd\u00e8ne pour plus de lubrification et de protection<\/li>\n<li>Contient des additifs extr\u00eame pression minimisant la friction et l&#039;usure<\/li>\n<li><a href=\"https:\/\/www.bioblend.com\/fr\/bioblend-lubricants-off-the-charts-lubricity\/\">Superior lubricity<\/a> reduces heat and lessens energy consumption<\/li>\n<li><a href=\"https:\/\/www.bioblend.com\/fr\/the-importance-of-high-flash-point-in-lubricants\/\">Point \u00e9clair plus \u00e9lev\u00e9<\/a> than petroleum greases for increased safety<\/li>\n<li>La formule biod\u00e9gradable r\u00e9duit les dommages \u00e0 l&#039;environnement<\/li>\n<li>Meets <a href=\"https:\/\/www.epa.gov\/greenerproducts\/about-environmentally-preferable-purchasing-program\">EPA\u2019s Environmental Preferable Purchasing<\/a> (EPP) criteria<\/li>\n<li>Fabriqu\u00e9 \u00e0 partir d&#039;esters naturels renouvelables cultiv\u00e9s aux \u00c9tats-Unis<\/li>\n<li>Conforme \u00e0 la classification NLGI LB pour le lubrifiant de ch\u00e2ssis<\/li>\n<\/ul>","protected":false},"excerpt":{"rendered":"<p><strong>BioGrease HD 5M 2<\/strong> est une graisse biosourc\u00e9e de qualit\u00e9 sup\u00e9rieure formul\u00e9e \u00e0 partir d&#039;esters naturels cultiv\u00e9s aux \u00c9tats-Unis, d&#039;un \u00e9paississant \u00e0 base de lithium et d&#039;additifs extr\u00eame pression, y compris 5% Moly pour des performances maximales.<\/p>","protected":false},"featured_media":3757,"comment_status":"closed","ping_status":"closed","template":"","meta":{"_et_pb_use_builder":"","_et_pb_old_content":"","_et_gb_content_width":"","inline_featured_image":false},"product_brand":[],"product_cat":[25],"product_tag":[244],"class_list":{"0":"post-3752","1":"product","2":"type-product","3":"status-publish","4":"has-post-thumbnail","6":"product_cat-grease","7":"product_tag-heavy-duty-grease-with-moly","8":"pa_packaging-bin-1873-lb","9":"pa_packaging-400-lb-drum","10":"pa_packaging-120-lb-keg","11":"pa_packaging-35-lb-pail","12":"pa_packaging-tube-14-oz-30-pack","14":"first","15":"instock","16":"shipping-taxable","17":"product-type-simple"},"yoast_head":"<!-- This site is optimized with the Yoast SEO plugin v27.4 - https:\/\/yoast.com\/product\/yoast-seo-wordpress\/ -->\n<title>5 Moly Grease | Heavy-Duty Lithium Grease | BioBlend HD 5M<\/title>\n<meta name=\"description\" content=\"BioGrease HD5M 2 is a biodegradable heavy-duty NLGI 2 grease with 5% Moly for added lubricity and protection of construction and mining equipment.\" \/>\n<meta name=\"robots\" content=\"index, follow, max-snippet:-1, max-image-preview:large, max-video-preview:-1\" \/>\n<link rel=\"canonical\" href=\"https:\/\/www.bioblend.com\/fr\/produit\/biogrease-hd-5m-2\/\" \/>\n<meta property=\"og:locale\" content=\"fr_CA\" \/>\n<meta property=\"og:type\" content=\"article\" \/>\n<meta property=\"og:title\" content=\"5 Moly Grease | Heavy-Duty Lithium Grease | BioBlend HD 5M\" \/>\n<meta property=\"og:description\" content=\"BioGrease HD5M 2 is a biodegradable heavy-duty NLGI 2 grease with 5% Moly for added lubricity and protection of construction and mining equipment.\" \/>\n<meta property=\"og:url\" content=\"https:\/\/www.bioblend.com\/fr\/produit\/biogrease-hd-5m-2\/\" \/>\n<meta property=\"og:site_name\" content=\"BioBlend Lubricants &amp; Industrial Products\" \/>\n<meta property=\"article:modified_time\" content=\"2025-05-30T14:14:00+00:00\" \/>\n<meta property=\"og:image\" content=\"https:\/\/www.bioblend.com\/wp-content\/uploads\/Earth-Mover.png\" \/>\n\t<meta property=\"og:image:width\" content=\"800\" \/>\n\t<meta property=\"og:image:height\" content=\"800\" \/>\n\t<meta property=\"og:image:type\" content=\"image\/png\" \/>\n<meta name=\"twitter:card\" content=\"summary_large_image\" \/>\n<meta name=\"twitter:label1\" content=\"Estimation du temps de lecture\" \/>\n\t<meta name=\"twitter:data1\" content=\"1 minute\" \/>\n<script type=\"application\/ld+json\" class=\"yoast-schema-graph\">{\"@context\":\"https:\\\/\\\/schema.org\",\"@graph\":[{\"@type\":\"WebPage\",\"@id\":\"https:\\\/\\\/www.bioblend.com\\\/product\\\/biogrease-hd-5m-2\\\/\",\"url\":\"https:\\\/\\\/www.bioblend.com\\\/product\\\/biogrease-hd-5m-2\\\/\",\"name\":\"5 Moly Grease | Heavy-Duty Lithium Grease | BioBlend HD 5M\",\"isPartOf\":{\"@id\":\"https:\\\/\\\/www.bioblend.com\\\/#website\"},\"primaryImageOfPage\":{\"@id\":\"https:\\\/\\\/www.bioblend.com\\\/product\\\/biogrease-hd-5m-2\\\/#primaryimage\"},\"image\":{\"@id\":\"https:\\\/\\\/www.bioblend.com\\\/product\\\/biogrease-hd-5m-2\\\/#primaryimage\"},\"thumbnailUrl\":\"https:\\\/\\\/www.bioblend.com\\\/wp-content\\\/uploads\\\/Earth-Mover.png\",\"datePublished\":\"2022-10-19T03:09:31+00:00\",\"dateModified\":\"2025-05-30T14:14:00+00:00\",\"description\":\"BioGrease HD5M 2 is a biodegradable heavy-duty NLGI 2 grease with 5% Moly for added lubricity and protection of construction and mining equipment.\",\"breadcrumb\":{\"@id\":\"https:\\\/\\\/www.bioblend.com\\\/product\\\/biogrease-hd-5m-2\\\/#breadcrumb\"},\"inLanguage\":\"fr-CA\",\"potentialAction\":[{\"@type\":\"ReadAction\",\"target\":[\"https:\\\/\\\/www.bioblend.com\\\/product\\\/biogrease-hd-5m-2\\\/\"]}]},{\"@type\":\"ImageObject\",\"inLanguage\":\"fr-CA\",\"@id\":\"https:\\\/\\\/www.bioblend.com\\\/product\\\/biogrease-hd-5m-2\\\/#primaryimage\",\"url\":\"https:\\\/\\\/www.bioblend.com\\\/wp-content\\\/uploads\\\/Earth-Mover.png\",\"contentUrl\":\"https:\\\/\\\/www.bioblend.com\\\/wp-content\\\/uploads\\\/Earth-Mover.png\",\"width\":800,\"height\":800,\"caption\":\"Earth Mover\"},{\"@type\":\"BreadcrumbList\",\"@id\":\"https:\\\/\\\/www.bioblend.com\\\/product\\\/biogrease-hd-5m-2\\\/#breadcrumb\",\"itemListElement\":[{\"@type\":\"ListItem\",\"position\":1,\"name\":\"Home\",\"item\":\"https:\\\/\\\/www.bioblend.com\\\/\"},{\"@type\":\"ListItem\",\"position\":2,\"name\":\"Shop\",\"item\":\"https:\\\/\\\/www.bioblend.com\\\/?page_id=8\"},{\"@type\":\"ListItem\",\"position\":3,\"name\":\"BioGrease HD 5M 2\"}]},{\"@type\":\"WebSite\",\"@id\":\"https:\\\/\\\/www.bioblend.com\\\/#website\",\"url\":\"https:\\\/\\\/www.bioblend.com\\\/\",\"name\":\"BioBlend Lubricants &amp; Industrial Products\",\"description\":\"Biodegradable Lubricants and Industrial Products for Environmental Synergy\",\"potentialAction\":[{\"@type\":\"SearchAction\",\"target\":{\"@type\":\"EntryPoint\",\"urlTemplate\":\"https:\\\/\\\/www.bioblend.com\\\/?s={search_term_string}\"},\"query-input\":{\"@type\":\"PropertyValueSpecification\",\"valueRequired\":true,\"valueName\":\"search_term_string\"}}],\"inLanguage\":\"fr-CA\"}]}<\/script>\n<!-- \/ Yoast SEO plugin. -->","yoast_head_json":{"title":"5 Moly Grease | Heavy-Duty Lithium Grease | BioBlend HD 5M","description":"BioGrease HD5M 2 is a biodegradable heavy-duty NLGI 2 grease with 5% Moly for added lubricity and protection of construction and mining equipment.","robots":{"index":"index","follow":"follow","max-snippet":"max-snippet:-1","max-image-preview":"max-image-preview:large","max-video-preview":"max-video-preview:-1"},"canonical":"https:\/\/www.bioblend.com\/fr\/produit\/biogrease-hd-5m-2\/","og_locale":"fr_CA","og_type":"article","og_title":"5 Moly Grease | Heavy-Duty Lithium Grease | BioBlend HD 5M","og_description":"BioGrease HD5M 2 is a biodegradable heavy-duty NLGI 2 grease with 5% Moly for added lubricity and protection of construction and mining equipment.","og_url":"https:\/\/www.bioblend.com\/fr\/produit\/biogrease-hd-5m-2\/","og_site_name":"BioBlend Lubricants &amp; Industrial Products","article_modified_time":"2025-05-30T14:14:00+00:00","og_image":[{"width":800,"height":800,"url":"https:\/\/www.bioblend.com\/wp-content\/uploads\/Earth-Mover.png","type":"image\/png"}],"twitter_card":"summary_large_image","twitter_misc":{"Estimation du temps de lecture":"1 minute"},"schema":{"@context":"https:\/\/schema.org","@graph":[{"@type":"WebPage","@id":"https:\/\/www.bioblend.com\/product\/biogrease-hd-5m-2\/","url":"https:\/\/www.bioblend.com\/product\/biogrease-hd-5m-2\/","name":"5 Moly Grease | Heavy-Duty Lithium Grease | BioBlend HD 5M","isPartOf":{"@id":"https:\/\/www.bioblend.com\/#website"},"primaryImageOfPage":{"@id":"https:\/\/www.bioblend.com\/product\/biogrease-hd-5m-2\/#primaryimage"},"image":{"@id":"https:\/\/www.bioblend.com\/product\/biogrease-hd-5m-2\/#primaryimage"},"thumbnailUrl":"https:\/\/www.bioblend.com\/wp-content\/uploads\/Earth-Mover.png","datePublished":"2022-10-19T03:09:31+00:00","dateModified":"2025-05-30T14:14:00+00:00","description":"BioGrease HD5M 2 is a biodegradable heavy-duty NLGI 2 grease with 5% Moly for added lubricity and protection of construction and mining equipment.","breadcrumb":{"@id":"https:\/\/www.bioblend.com\/product\/biogrease-hd-5m-2\/#breadcrumb"},"inLanguage":"fr-CA","potentialAction":[{"@type":"ReadAction","target":["https:\/\/www.bioblend.com\/product\/biogrease-hd-5m-2\/"]}]},{"@type":"ImageObject","inLanguage":"fr-CA","@id":"https:\/\/www.bioblend.com\/product\/biogrease-hd-5m-2\/#primaryimage","url":"https:\/\/www.bioblend.com\/wp-content\/uploads\/Earth-Mover.png","contentUrl":"https:\/\/www.bioblend.com\/wp-content\/uploads\/Earth-Mover.png","width":800,"height":800,"caption":"Earth Mover"},{"@type":"BreadcrumbList","@id":"https:\/\/www.bioblend.com\/product\/biogrease-hd-5m-2\/#breadcrumb","itemListElement":[{"@type":"ListItem","position":1,"name":"Home","item":"https:\/\/www.bioblend.com\/"},{"@type":"ListItem","position":2,"name":"Shop","item":"https:\/\/www.bioblend.com\/?page_id=8"},{"@type":"ListItem","position":3,"name":"BioGrease HD 5M 2"}]},{"@type":"WebSite","@id":"https:\/\/www.bioblend.com\/#website","url":"https:\/\/www.bioblend.com\/","name":"Lubrifiants et produits industriels BioBlend","description":"Lubrifiants biod\u00e9gradables et produits industriels pour une synergie environnementale","potentialAction":[{"@type":"SearchAction","target":{"@type":"EntryPoint","urlTemplate":"https:\/\/www.bioblend.com\/?s={search_term_string}"},"query-input":{"@type":"PropertyValueSpecification","valueRequired":true,"valueName":"search_term_string"}}],"inLanguage":"fr-CA"}]}},"_links":{"self":[{"href":"http:\/\/www.bioblend.com\/fr\/wp-json\/wp\/v2\/product\/3752","targetHints":{"allow":["GET"]}}],"collection":[{"href":"http:\/\/www.bioblend.com\/fr\/wp-json\/wp\/v2\/product"}],"about":[{"href":"http:\/\/www.bioblend.com\/fr\/wp-json\/wp\/v2\/types\/product"}],"replies":[{"embeddable":true,"href":"http:\/\/www.bioblend.com\/fr\/wp-json\/wp\/v2\/comments?post=3752"}],"wp:featuredmedia":[{"embeddable":true,"href":"http:\/\/www.bioblend.com\/fr\/wp-json\/wp\/v2\/media\/3757"}],"wp:attachment":[{"href":"http:\/\/www.bioblend.com\/fr\/wp-json\/wp\/v2\/media?parent=3752"}],"wp:term":[{"taxonomy":"product_brand","embeddable":true,"href":"http:\/\/www.bioblend.com\/fr\/wp-json\/wp\/v2\/product_brand?post=3752"},{"taxonomy":"product_cat","embeddable":true,"href":"http:\/\/www.bioblend.com\/fr\/wp-json\/wp\/v2\/product_cat?post=3752"},{"taxonomy":"product_tag","embeddable":true,"href":"http:\/\/www.bioblend.com\/fr\/wp-json\/wp\/v2\/product_tag?post=3752"}],"curies":[{"name":"wp","href":"https:\/\/api.w.org\/{rel}","templated":true}]}}