{"id":3954,"date":"2024-03-12T08:10:10","date_gmt":"2024-03-12T13:10:10","guid":{"rendered":"https:\/\/www.bioblend.com\/?post_type=product&#038;p=3954"},"modified":"2026-04-13T12:45:05","modified_gmt":"2026-04-13T17:45:05","slug":"trugrease-fg-ap-2","status":"publish","type":"product","link":"http:\/\/www.bioblend.com\/fr\/produit\/trugrease-fg-ap-2\/","title":{"rendered":"TruGrease FG AP 2"},"content":{"rendered":"<h3>Graisse tout usage de qualit\u00e9 alimentaire<\/h3>\n<p>TruGrease FG AP 2 is a superior performing, heavy-duty food grade grease. This great grease is NSF registered as meeting the guidelines of an H1 lubricating grease for incidental food contact, throughout the plant. TruGrease FG AP 2 is a technologically advanced product that has been developed by complexing modified overbased calcium sulfonates. This technology is characterized by exceptional mechanical stability, high dropping point, high load carrying performance, reduced wear, and excellent resistance to water and corrosion. This technology equals, and in many ways, outperforms other premium, <a href=\"https:\/\/www.bioblend.com\/fr\/how-to-select-the-best-high-temp-grease\/\">high temperature greases<\/a> such as Lithium Complex, Aluminum Complex and Polyurea.<\/p>\n<ul>\n<li>Point de goutte \u00e9lev\u00e9 de 572 \u00b0F (300 \u00b0C), permet une grande vari\u00e9t\u00e9 d&#039;applications dans une usine de transformation des aliments<\/li>\n<li>Life performance typically 2-3x over conventional mineral oil based greases allows for reduced down time<\/li>\n<li>Excellente r\u00e9sistance \u00e0 l&#039;eau et \u00e0 la corrosion<\/li>\n<li>Stabilit\u00e9 m\u00e9canique sup\u00e9rieure par rapport aux autres types d&#039;\u00e9paississants en pr\u00e9sence de chaleur et d&#039;eau<\/li>\n<li>Convient pour une utilisation dans les syst\u00e8mes de lubrification automatique ou via une application manuelle<\/li>\n<li>Performances robustes<\/li>\n<\/ul>\n<p>&nbsp;<\/p>","protected":false},"excerpt":{"rendered":"<p>TruGrease AP 2 est une graisse lubrifiante r\u00e9volutionnaire \u00e0 usage intensif. Il est enregistr\u00e9 NSF comme r\u00e9pondant aux directives d&#039;un produit H1 pour le contact alimentaire accidentel, pour une utilisation dans toute l&#039;usine.<\/p>\n<p><a id=\"S_HFDU_ISO46\" class=\"orange_button\" href=\"https:\/\/www.amazon.com\/BioBlend-TruGrease-Grade-All-Purpose-Grease\/dp\/B09S12KVDP\/ref=sr_1_4?dib=eyJ2IjoiMSJ9.4e1ysIm4tEUnYnQhlCJk6G53xPSLw2achqh8a7HShApsKkB6LPGcLMba6LdHykScUnXmAodvGCAwbTMSAaHbcJsgBIpgy4zciRvedRCXCNFiUSvWeXL5V7VBHFikUGwmKNVTk_-BtDIj58eFBPcguGLdAiMRU43qzoycQowuv9Z0f0kcQ7qhxkgnDs1-yDqaLRC_U5OypOT-3REfzLRg-QciublmikvERw0kv3VbviU.Z3t-IyPDyt-x9TBPkmmrnAD-y8_bwx_4fRmzw2qt5x0&amp;dib_tag=se&amp;m=A3O1ZQI0PNCY4L&amp;qid=1729257977&amp;s=merchant-items&amp;sr=1-4&amp;th=1\" target=\"_blank\" rel=\"noopener\">BUY TruGrease FG AP 2<\/a><br \/>\n<a id=\"S_HFDU_ISO46\" class=\"orange_button\" href=\"https:\/\/www.amazon.com\/BioBlend-TruGrease-Grade-All-Purpose-Grease\/dp\/B09S12KVDP\/ref=sr_1_4?dib=eyJ2IjoiMSJ9.4e1ysIm4tEUnYnQhlCJk6G53xPSLw2achqh8a7HShApsKkB6LPGcLMbhttps%3A%2F%2Fwww.amazon.com%2FTruGrease-FG-AP-2-4-Pack%2Fdp%2FB0D9R7Q7SK%2Fref&amp;th=1\" target=\"_blank\" rel=\"noopener\">BUY TruGrease FG AP 2 (4-Pack)<\/a><br \/>\n<a id=\"S_HFDU_ISO46\" class=\"orange_button\" href=\"https:\/\/www.amazon.com\/BioBlend-TruGrease-AP-Grease-Cartridge\/dp\/B0BJ2W6DBJ\/ref=sr_1_8?dib=eyJ2IjoiMSJ9.4e1ysIm4tEUnYnQhlCJk6G53xPSLw2achqh8a7HShApsKkB6LPGcLMba6LdHykScUnXmAodvGCAwbTMSAaHbcJsgBIpgy4zciRvedRCXCNFiUSvWeXL5V7VBHFikUGwmKNVTk_-BtDIj58eFBPcguGLdAiMRU43qzoycQowuv9Z0f0kcQ7qhxkgnDs1-yDqaLRC_U5OypOT-3REfzLRg-QciublmikvERw0kv3VbviU.Z3t-IyPDyt-x9TBPkmmrnAD-y8_bwx_4fRmzw2qt5x0&amp;dib_tag=se&amp;m=A3O1ZQI0PNCY4L&amp;qid=1729257977&amp;s=merchant-items&amp;sr=1-8\" target=\"_blank\" rel=\"noopener\">BUY TruGrease FG AP 2 (10-Pack)<\/a><br \/>\n<a id=\"S_HFDU_ISO46\" class=\"orange_button\" href=\"https:\/\/www.bioblend.com\/fr\/contact-us\/\" target=\"_blank\" rel=\"noopener\">Request a Commercial Quote<\/a><\/p>","protected":false},"featured_media":1965,"comment_status":"closed","ping_status":"closed","template":"","meta":{"_et_pb_use_builder":"","_et_pb_old_content":"","_et_gb_content_width":"","inline_featured_image":false},"product_brand":[],"product_cat":[119,25],"product_tag":[195],"class_list":{"0":"post-3954","1":"product","2":"type-product","3":"status-publish","4":"has-post-thumbnail","6":"product_cat-food-grade-lubricants-2","7":"product_cat-grease","8":"product_tag-food-grade-grease","9":"pa_packaging-400-lb-drum","10":"pa_packaging-120-lb-keg","11":"pa_packaging-35-lb-pail","12":"pa_packaging-tube-14-oz-30-pack","14":"first","15":"instock","16":"shipping-taxable","17":"product-type-simple"},"yoast_head":"<!-- This site is optimized with the Yoast SEO plugin v27.4 - https:\/\/yoast.com\/product\/yoast-seo-wordpress\/ -->\n<title>Food Grade Grease | NSF H1 Grease | All Purpose Grease<\/title>\n<meta name=\"description\" content=\"Premium heavy duty all purpose grease developed for incidental food contact throughout plants. Outperforms most other types of grease in high temps.\" \/>\n<meta name=\"robots\" content=\"index, follow, max-snippet:-1, max-image-preview:large, max-video-preview:-1\" \/>\n<link rel=\"canonical\" href=\"https:\/\/www.bioblend.com\/fr\/produit\/trugrease-fg-ap-2\/\" \/>\n<meta property=\"og:locale\" content=\"fr_CA\" \/>\n<meta property=\"og:type\" content=\"article\" \/>\n<meta property=\"og:title\" content=\"Food Grade Grease | NSF H1 Grease | All Purpose Grease\" \/>\n<meta property=\"og:description\" content=\"Premium heavy duty all purpose grease developed for incidental food contact throughout plants. Outperforms most other types of grease in high temps.\" \/>\n<meta property=\"og:url\" content=\"https:\/\/www.bioblend.com\/fr\/produit\/trugrease-fg-ap-2\/\" \/>\n<meta property=\"og:site_name\" content=\"BioBlend Lubricants &amp; Industrial Products\" \/>\n<meta property=\"article:modified_time\" content=\"2026-04-13T17:45:05+00:00\" \/>\n<meta property=\"og:image\" content=\"https:\/\/www.bioblend.com\/wp-content\/uploads\/TruGrease-AP-2-FG-product.jpg\" \/>\n\t<meta property=\"og:image:width\" content=\"800\" \/>\n\t<meta property=\"og:image:height\" content=\"800\" \/>\n\t<meta property=\"og:image:type\" content=\"image\/jpeg\" \/>\n<meta name=\"twitter:card\" content=\"summary_large_image\" \/>\n<meta name=\"twitter:label1\" content=\"Estimation du temps de lecture\" \/>\n\t<meta name=\"twitter:data1\" content=\"1 minute\" \/>\n<script type=\"application\/ld+json\" class=\"yoast-schema-graph\">{\"@context\":\"https:\\\/\\\/schema.org\",\"@graph\":[{\"@type\":\"WebPage\",\"@id\":\"https:\\\/\\\/www.bioblend.com\\\/product\\\/trugrease-fg-ap-2\\\/\",\"url\":\"https:\\\/\\\/www.bioblend.com\\\/product\\\/trugrease-fg-ap-2\\\/\",\"name\":\"Food Grade Grease | NSF H1 Grease | All Purpose Grease\",\"isPartOf\":{\"@id\":\"https:\\\/\\\/www.bioblend.com\\\/#website\"},\"primaryImageOfPage\":{\"@id\":\"https:\\\/\\\/www.bioblend.com\\\/product\\\/trugrease-fg-ap-2\\\/#primaryimage\"},\"image\":{\"@id\":\"https:\\\/\\\/www.bioblend.com\\\/product\\\/trugrease-fg-ap-2\\\/#primaryimage\"},\"thumbnailUrl\":\"https:\\\/\\\/www.bioblend.com\\\/wp-content\\\/uploads\\\/TruGrease-AP-2-FG-product.jpg\",\"datePublished\":\"2024-03-12T13:10:10+00:00\",\"dateModified\":\"2026-04-13T17:45:05+00:00\",\"description\":\"Premium heavy duty all purpose grease developed for incidental food contact throughout plants. Outperforms most other types of grease in high temps.\",\"breadcrumb\":{\"@id\":\"https:\\\/\\\/www.bioblend.com\\\/product\\\/trugrease-fg-ap-2\\\/#breadcrumb\"},\"inLanguage\":\"fr-CA\",\"potentialAction\":[{\"@type\":\"ReadAction\",\"target\":[\"https:\\\/\\\/www.bioblend.com\\\/product\\\/trugrease-fg-ap-2\\\/\"]}]},{\"@type\":\"ImageObject\",\"inLanguage\":\"fr-CA\",\"@id\":\"https:\\\/\\\/www.bioblend.com\\\/product\\\/trugrease-fg-ap-2\\\/#primaryimage\",\"url\":\"https:\\\/\\\/www.bioblend.com\\\/wp-content\\\/uploads\\\/TruGrease-AP-2-FG-product.jpg\",\"contentUrl\":\"https:\\\/\\\/www.bioblend.com\\\/wp-content\\\/uploads\\\/TruGrease-AP-2-FG-product.jpg\",\"width\":800,\"height\":800,\"caption\":\"TruGrease AP 2 FG\"},{\"@type\":\"BreadcrumbList\",\"@id\":\"https:\\\/\\\/www.bioblend.com\\\/product\\\/trugrease-fg-ap-2\\\/#breadcrumb\",\"itemListElement\":[{\"@type\":\"ListItem\",\"position\":1,\"name\":\"Home\",\"item\":\"https:\\\/\\\/www.bioblend.com\\\/\"},{\"@type\":\"ListItem\",\"position\":2,\"name\":\"Shop\",\"item\":\"https:\\\/\\\/www.bioblend.com\\\/?page_id=8\"},{\"@type\":\"ListItem\",\"position\":3,\"name\":\"TruGrease FG AP 2\"}]},{\"@type\":\"WebSite\",\"@id\":\"https:\\\/\\\/www.bioblend.com\\\/#website\",\"url\":\"https:\\\/\\\/www.bioblend.com\\\/\",\"name\":\"BioBlend Lubricants &amp; Industrial Products\",\"description\":\"Biodegradable Lubricants and Industrial Products for Environmental Synergy\",\"potentialAction\":[{\"@type\":\"SearchAction\",\"target\":{\"@type\":\"EntryPoint\",\"urlTemplate\":\"https:\\\/\\\/www.bioblend.com\\\/?s={search_term_string}\"},\"query-input\":{\"@type\":\"PropertyValueSpecification\",\"valueRequired\":true,\"valueName\":\"search_term_string\"}}],\"inLanguage\":\"fr-CA\"}]}<\/script>\n<!-- \/ Yoast SEO plugin. -->","yoast_head_json":{"title":"Food Grade Grease | NSF H1 Grease | All Purpose Grease","description":"Premium heavy duty all purpose grease developed for incidental food contact throughout plants. Outperforms most other types of grease in high temps.","robots":{"index":"index","follow":"follow","max-snippet":"max-snippet:-1","max-image-preview":"max-image-preview:large","max-video-preview":"max-video-preview:-1"},"canonical":"https:\/\/www.bioblend.com\/fr\/produit\/trugrease-fg-ap-2\/","og_locale":"fr_CA","og_type":"article","og_title":"Food Grade Grease | NSF H1 Grease | All Purpose Grease","og_description":"Premium heavy duty all purpose grease developed for incidental food contact throughout plants. Outperforms most other types of grease in high temps.","og_url":"https:\/\/www.bioblend.com\/fr\/produit\/trugrease-fg-ap-2\/","og_site_name":"BioBlend Lubricants &amp; Industrial Products","article_modified_time":"2026-04-13T17:45:05+00:00","og_image":[{"width":800,"height":800,"url":"https:\/\/www.bioblend.com\/wp-content\/uploads\/TruGrease-AP-2-FG-product.jpg","type":"image\/jpeg"}],"twitter_card":"summary_large_image","twitter_misc":{"Estimation du temps de lecture":"1 minute"},"schema":{"@context":"https:\/\/schema.org","@graph":[{"@type":"WebPage","@id":"https:\/\/www.bioblend.com\/product\/trugrease-fg-ap-2\/","url":"https:\/\/www.bioblend.com\/product\/trugrease-fg-ap-2\/","name":"Food Grade Grease | NSF H1 Grease | All Purpose Grease","isPartOf":{"@id":"https:\/\/www.bioblend.com\/#website"},"primaryImageOfPage":{"@id":"https:\/\/www.bioblend.com\/product\/trugrease-fg-ap-2\/#primaryimage"},"image":{"@id":"https:\/\/www.bioblend.com\/product\/trugrease-fg-ap-2\/#primaryimage"},"thumbnailUrl":"https:\/\/www.bioblend.com\/wp-content\/uploads\/TruGrease-AP-2-FG-product.jpg","datePublished":"2024-03-12T13:10:10+00:00","dateModified":"2026-04-13T17:45:05+00:00","description":"Premium heavy duty all purpose grease developed for incidental food contact throughout plants. Outperforms most other types of grease in high temps.","breadcrumb":{"@id":"https:\/\/www.bioblend.com\/product\/trugrease-fg-ap-2\/#breadcrumb"},"inLanguage":"fr-CA","potentialAction":[{"@type":"ReadAction","target":["https:\/\/www.bioblend.com\/product\/trugrease-fg-ap-2\/"]}]},{"@type":"ImageObject","inLanguage":"fr-CA","@id":"https:\/\/www.bioblend.com\/product\/trugrease-fg-ap-2\/#primaryimage","url":"https:\/\/www.bioblend.com\/wp-content\/uploads\/TruGrease-AP-2-FG-product.jpg","contentUrl":"https:\/\/www.bioblend.com\/wp-content\/uploads\/TruGrease-AP-2-FG-product.jpg","width":800,"height":800,"caption":"TruGrease AP 2 FG"},{"@type":"BreadcrumbList","@id":"https:\/\/www.bioblend.com\/product\/trugrease-fg-ap-2\/#breadcrumb","itemListElement":[{"@type":"ListItem","position":1,"name":"Home","item":"https:\/\/www.bioblend.com\/"},{"@type":"ListItem","position":2,"name":"Shop","item":"https:\/\/www.bioblend.com\/?page_id=8"},{"@type":"ListItem","position":3,"name":"TruGrease FG AP 2"}]},{"@type":"WebSite","@id":"https:\/\/www.bioblend.com\/#website","url":"https:\/\/www.bioblend.com\/","name":"Lubrifiants et produits industriels BioBlend","description":"Lubrifiants biod\u00e9gradables et produits industriels pour une synergie environnementale","potentialAction":[{"@type":"SearchAction","target":{"@type":"EntryPoint","urlTemplate":"https:\/\/www.bioblend.com\/?s={search_term_string}"},"query-input":{"@type":"PropertyValueSpecification","valueRequired":true,"valueName":"search_term_string"}}],"inLanguage":"fr-CA"}]}},"_links":{"self":[{"href":"http:\/\/www.bioblend.com\/fr\/wp-json\/wp\/v2\/product\/3954","targetHints":{"allow":["GET"]}}],"collection":[{"href":"http:\/\/www.bioblend.com\/fr\/wp-json\/wp\/v2\/product"}],"about":[{"href":"http:\/\/www.bioblend.com\/fr\/wp-json\/wp\/v2\/types\/product"}],"replies":[{"embeddable":true,"href":"http:\/\/www.bioblend.com\/fr\/wp-json\/wp\/v2\/comments?post=3954"}],"wp:featuredmedia":[{"embeddable":true,"href":"http:\/\/www.bioblend.com\/fr\/wp-json\/wp\/v2\/media\/1965"}],"wp:attachment":[{"href":"http:\/\/www.bioblend.com\/fr\/wp-json\/wp\/v2\/media?parent=3954"}],"wp:term":[{"taxonomy":"product_brand","embeddable":true,"href":"http:\/\/www.bioblend.com\/fr\/wp-json\/wp\/v2\/product_brand?post=3954"},{"taxonomy":"product_cat","embeddable":true,"href":"http:\/\/www.bioblend.com\/fr\/wp-json\/wp\/v2\/product_cat?post=3954"},{"taxonomy":"product_tag","embeddable":true,"href":"http:\/\/www.bioblend.com\/fr\/wp-json\/wp\/v2\/product_tag?post=3954"}],"curies":[{"name":"wp","href":"https:\/\/api.w.org\/{rel}","templated":true}]}}