{"id":1826,"date":"2021-03-30T08:01:39","date_gmt":"2021-03-30T13:01:39","guid":{"rendered":"https:\/\/www.bioblend.com\/?page_id=1826"},"modified":"2021-09-29T14:49:10","modified_gmt":"2021-09-29T19:49:10","slug":"thank-you","status":"publish","type":"page","link":"https:\/\/www.bioblend.com\/fr\/resources\/product-data-sheets\/thank-you\/","title":{"rendered":"Merci"},"content":{"rendered":"<p>[et_pb_section fb_built=&#8221;1&#8243; fullwidth=&#8221;on&#8221; _builder_version=&#8221;4.9.4&#8243; _module_preset=&#8221;default&#8221; global_colors_info=&#8221;{}&#8221;][et_pb_fullwidth_header title=&#8221;Thanks for Reaching Out&#8221; text_orientation=&#8221;center&#8221; background_overlay_color=&#8221;rgba(0,0,0,0.56)&#8221; _builder_version=&#8221;4.9.4&#8243; _module_preset=&#8221;default&#8221; title_text_align=&#8221;center&#8221; title_text_color=&#8221;#FFD63B&#8221; background_color=&#8221;#098543&#8243; background_image=&#8221;https:\/\/www.bioblend.com\/wp-content\/uploads\/Thank-you-background-1.jpg&#8221; custom_padding=&#8221;100px||100px||false|false&#8221; global_colors_info=&#8221;{}&#8221;]<\/p>\n<p>We are here to meet your industry needs. Our team of experts is available to help you find the Product and Safety Data Sheets you&#8217;re looking for.<\/p>\n<p>[\/et_pb_fullwidth_header][\/et_pb_section][et_pb_section fb_built=&#8221;1&#8243; admin_label=&#8221;section&#8221; _builder_version=&#8221;3.22&#8243; global_colors_info=&#8221;{}&#8221;][et_pb_row admin_label=&#8221;row&#8221; _builder_version=&#8221;3.25&#8243; background_size=&#8221;initial&#8221; background_position=&#8221;top_left&#8221; background_repeat=&#8221;repeat&#8221; global_colors_info=&#8221;{}&#8221;][et_pb_column type=&#8221;4_4&#8243; _builder_version=&#8221;3.25&#8243; custom_padding=&#8221;|||&#8221; global_colors_info=&#8221;{}&#8221; custom_padding__hover=&#8221;|||&#8221;][et_pb_text admin_label=&#8221;Text&#8221; _builder_version=&#8221;3.27.4&#8243; background_size=&#8221;initial&#8221; background_position=&#8221;top_left&#8221; background_repeat=&#8221;repeat&#8221; global_colors_info=&#8221;{}&#8221;]<\/p>\n<h2 style=\"text-align: center;\">Someone from our team of experts will be in touch soon.<\/h2>\n<p>[\/et_pb_text][\/et_pb_column][\/et_pb_row][\/et_pb_section]<\/p>\n","protected":false},"excerpt":{"rendered":"<p>Nous sommes l\u00e0 pour r\u00e9pondre aux besoins de votre industrie. Notre \u00e9quipe d&#039;experts est disponible pour vous aider \u00e0 trouver le produit et les fiches de donn\u00e9es de s\u00e9curit\u00e9 que vous recherchez. Un membre de notre \u00e9quipe d&#039;experts vous contactera bient\u00f4t.<\/p>","protected":false},"author":1,"featured_media":0,"parent":1506,"menu_order":-100,"comment_status":"closed","ping_status":"closed","template":"","meta":{"_et_pb_use_builder":"on","_et_pb_old_content":"<h2 style=\"text-align: center;\">Someone from our team of experts will be in touch soon.<\/h2>","_et_gb_content_width":"","inline_featured_image":false,"footnotes":""},"class_list":["post-1826","page","type-page","status-publish","hentry"],"yoast_head":"<!-- This site is optimized with the Yoast SEO plugin v27.5 - https:\/\/yoast.com\/product\/yoast-seo-wordpress\/ -->\n<title>Thank You - BioBlend Lubricants &amp; Industrial Products<\/title>\n<meta name=\"robots\" content=\"index, follow, max-snippet:-1, max-image-preview:large, max-video-preview:-1\" \/>\n<link rel=\"canonical\" href=\"https:\/\/www.bioblend.com\/fr\/resources\/product-data-sheets\/thank-you\/\" \/>\n<meta property=\"og:locale\" content=\"fr_CA\" \/>\n<meta property=\"og:type\" content=\"article\" \/>\n<meta property=\"og:title\" content=\"Thank You - BioBlend Lubricants &amp; Industrial Products\" \/>\n<meta property=\"og:description\" content=\"We are here to meet your industry needs. Our team of experts is available to help you find the Product and Safety Data Sheets you&#039;re looking for.Someone from our team of experts will be in touch soon.\" \/>\n<meta property=\"og:url\" content=\"https:\/\/www.bioblend.com\/fr\/resources\/product-data-sheets\/thank-you\/\" \/>\n<meta property=\"og:site_name\" content=\"BioBlend Lubricants &amp; Industrial Products\" \/>\n<meta property=\"article:modified_time\" content=\"2021-09-29T19:49:10+00:00\" \/>\n<meta name=\"twitter:card\" content=\"summary_large_image\" \/>\n<meta name=\"twitter:label1\" content=\"Estimation du temps de lecture\" \/>\n\t<meta name=\"twitter:data1\" content=\"1 minute\" \/>\n<script type=\"application\/ld+json\" class=\"yoast-schema-graph\">{\"@context\":\"https:\\\/\\\/schema.org\",\"@graph\":[{\"@type\":\"WebPage\",\"@id\":\"https:\\\/\\\/www.bioblend.com\\\/resources\\\/product-data-sheets\\\/thank-you\\\/\",\"url\":\"https:\\\/\\\/www.bioblend.com\\\/resources\\\/product-data-sheets\\\/thank-you\\\/\",\"name\":\"Thank You - BioBlend Lubricants &amp; Industrial Products\",\"isPartOf\":{\"@id\":\"https:\\\/\\\/www.bioblend.com\\\/#website\"},\"datePublished\":\"2021-03-30T13:01:39+00:00\",\"dateModified\":\"2021-09-29T19:49:10+00:00\",\"breadcrumb\":{\"@id\":\"https:\\\/\\\/www.bioblend.com\\\/resources\\\/product-data-sheets\\\/thank-you\\\/#breadcrumb\"},\"inLanguage\":\"fr-CA\",\"potentialAction\":[{\"@type\":\"ReadAction\",\"target\":[\"https:\\\/\\\/www.bioblend.com\\\/resources\\\/product-data-sheets\\\/thank-you\\\/\"]}]},{\"@type\":\"BreadcrumbList\",\"@id\":\"https:\\\/\\\/www.bioblend.com\\\/resources\\\/product-data-sheets\\\/thank-you\\\/#breadcrumb\",\"itemListElement\":[{\"@type\":\"ListItem\",\"position\":1,\"name\":\"Home\",\"item\":\"https:\\\/\\\/www.bioblend.com\\\/\"},{\"@type\":\"ListItem\",\"position\":2,\"name\":\"Resources\",\"item\":\"https:\\\/\\\/www.bioblend.com\\\/resources\\\/\"},{\"@type\":\"ListItem\",\"position\":3,\"name\":\"Product Data Sheets\",\"item\":\"https:\\\/\\\/www.bioblend.com\\\/resources\\\/product-data-sheets\\\/\"},{\"@type\":\"ListItem\",\"position\":4,\"name\":\"Thank You\"}]},{\"@type\":\"WebSite\",\"@id\":\"https:\\\/\\\/www.bioblend.com\\\/#website\",\"url\":\"https:\\\/\\\/www.bioblend.com\\\/\",\"name\":\"BioBlend Lubricants &amp; Industrial Products\",\"description\":\"Biodegradable Lubricants and Industrial Products for Environmental Synergy\",\"potentialAction\":[{\"@type\":\"SearchAction\",\"target\":{\"@type\":\"EntryPoint\",\"urlTemplate\":\"https:\\\/\\\/www.bioblend.com\\\/?s={search_term_string}\"},\"query-input\":{\"@type\":\"PropertyValueSpecification\",\"valueRequired\":true,\"valueName\":\"search_term_string\"}}],\"inLanguage\":\"fr-CA\"}]}<\/script>\n<!-- \/ Yoast SEO plugin. -->","yoast_head_json":{"title":"Thank You - BioBlend Lubricants &amp; Industrial Products","robots":{"index":"index","follow":"follow","max-snippet":"max-snippet:-1","max-image-preview":"max-image-preview:large","max-video-preview":"max-video-preview:-1"},"canonical":"https:\/\/www.bioblend.com\/fr\/resources\/product-data-sheets\/thank-you\/","og_locale":"fr_CA","og_type":"article","og_title":"Thank You - BioBlend Lubricants &amp; Industrial Products","og_description":"We are here to meet your industry needs. Our team of experts is available to help you find the Product and Safety Data Sheets you're looking for.Someone from our team of experts will be in touch soon.","og_url":"https:\/\/www.bioblend.com\/fr\/resources\/product-data-sheets\/thank-you\/","og_site_name":"BioBlend Lubricants &amp; Industrial Products","article_modified_time":"2021-09-29T19:49:10+00:00","twitter_card":"summary_large_image","twitter_misc":{"Estimation du temps de lecture":"1 minute"},"schema":{"@context":"https:\/\/schema.org","@graph":[{"@type":"WebPage","@id":"https:\/\/www.bioblend.com\/resources\/product-data-sheets\/thank-you\/","url":"https:\/\/www.bioblend.com\/resources\/product-data-sheets\/thank-you\/","name":"Thank You - BioBlend Lubricants &amp; Industrial Products","isPartOf":{"@id":"https:\/\/www.bioblend.com\/#website"},"datePublished":"2021-03-30T13:01:39+00:00","dateModified":"2021-09-29T19:49:10+00:00","breadcrumb":{"@id":"https:\/\/www.bioblend.com\/resources\/product-data-sheets\/thank-you\/#breadcrumb"},"inLanguage":"fr-CA","potentialAction":[{"@type":"ReadAction","target":["https:\/\/www.bioblend.com\/resources\/product-data-sheets\/thank-you\/"]}]},{"@type":"BreadcrumbList","@id":"https:\/\/www.bioblend.com\/resources\/product-data-sheets\/thank-you\/#breadcrumb","itemListElement":[{"@type":"ListItem","position":1,"name":"Home","item":"https:\/\/www.bioblend.com\/"},{"@type":"ListItem","position":2,"name":"Resources","item":"https:\/\/www.bioblend.com\/resources\/"},{"@type":"ListItem","position":3,"name":"Product Data Sheets","item":"https:\/\/www.bioblend.com\/resources\/product-data-sheets\/"},{"@type":"ListItem","position":4,"name":"Thank You"}]},{"@type":"WebSite","@id":"https:\/\/www.bioblend.com\/#website","url":"https:\/\/www.bioblend.com\/","name":"Lubrifiants et produits industriels BioBlend","description":"Lubrifiants biod\u00e9gradables et produits industriels pour une synergie environnementale","potentialAction":[{"@type":"SearchAction","target":{"@type":"EntryPoint","urlTemplate":"https:\/\/www.bioblend.com\/?s={search_term_string}"},"query-input":{"@type":"PropertyValueSpecification","valueRequired":true,"valueName":"search_term_string"}}],"inLanguage":"fr-CA"}]}},"_links":{"self":[{"href":"https:\/\/www.bioblend.com\/fr\/wp-json\/wp\/v2\/pages\/1826","targetHints":{"allow":["GET"]}}],"collection":[{"href":"https:\/\/www.bioblend.com\/fr\/wp-json\/wp\/v2\/pages"}],"about":[{"href":"https:\/\/www.bioblend.com\/fr\/wp-json\/wp\/v2\/types\/page"}],"author":[{"embeddable":true,"href":"https:\/\/www.bioblend.com\/fr\/wp-json\/wp\/v2\/users\/1"}],"replies":[{"embeddable":true,"href":"https:\/\/www.bioblend.com\/fr\/wp-json\/wp\/v2\/comments?post=1826"}],"version-history":[{"count":0,"href":"https:\/\/www.bioblend.com\/fr\/wp-json\/wp\/v2\/pages\/1826\/revisions"}],"up":[{"embeddable":true,"href":"https:\/\/www.bioblend.com\/fr\/wp-json\/wp\/v2\/pages\/1506"}],"wp:attachment":[{"href":"https:\/\/www.bioblend.com\/fr\/wp-json\/wp\/v2\/media?parent=1826"}],"curies":[{"name":"wp","href":"https:\/\/api.w.org\/{rel}","templated":true}]}}