{"id":3512,"date":"2022-07-18T12:57:49","date_gmt":"2022-07-18T17:57:49","guid":{"rendered":"https:\/\/www.bioblend.com\/?page_id=3512"},"modified":"2025-11-17T15:27:12","modified_gmt":"2025-11-17T21:27:12","slug":"what-is-hydraulic-fluid-for","status":"publish","type":"page","link":"https:\/\/www.bioblend.com\/fr\/what-is-hydraulic-fluid-for\/","title":{"rendered":"\u00c0 quoi sert le fluide hydraulique et pourquoi est-ce important"},"content":{"rendered":"<p><span style=\"font-weight: 400;\">Pour tout syst\u00e8me hydraulique, les fluides sont le composant le plus critique\u00a0!\u00a0<\/span><\/p>\n<p><img loading=\"lazy\" decoding=\"async\" class=\"alignnone size-full wp-image-3513\" src=\"https:\/\/www.bioblend.com\/wp-content\/uploads\/What-Is-Hydraulic-Fluid-for-and-Why-Is-It-Important.jpg\" alt=\"hydraulic fluid running in a hydraulic machine\" width=\"1920\" height=\"1282\" srcset=\"https:\/\/www.bioblend.com\/wp-content\/uploads\/What-Is-Hydraulic-Fluid-for-and-Why-Is-It-Important.jpg 1920w, https:\/\/www.bioblend.com\/wp-content\/uploads\/What-Is-Hydraulic-Fluid-for-and-Why-Is-It-Important-1280x855.jpg 1280w, https:\/\/www.bioblend.com\/wp-content\/uploads\/What-Is-Hydraulic-Fluid-for-and-Why-Is-It-Important-980x654.jpg 980w, https:\/\/www.bioblend.com\/wp-content\/uploads\/What-Is-Hydraulic-Fluid-for-and-Why-Is-It-Important-480x321.jpg 480w\" sizes=\"(min-width: 0px) and (max-width: 480px) 480px, (min-width: 481px) and (max-width: 980px) 980px, (min-width: 981px) and (max-width: 1280px) 1280px, (min-width: 1281px) 1920px, 100vw\" \/><\/p>\n<p><span style=\"font-weight: 400;\">Pour les applications hydrauliques, le principal \u00e9l\u00e9ment distinctif est la pr\u00e9sence de fluides, ce qui est le cas de l&#039;hydraulique et de la pneumatique. Le fluide hydraulique est \u00e9galement n\u00e9cessaire pour chaque op\u00e9ration dans un syst\u00e8me hydraulique.<\/span><\/p>\n<p><span style=\"font-weight: 400;\">To move energy from one area of the system to another, hydraulic systems require incompressible hydraulic fluids, often known as <a href=\"https:\/\/www.bioblend.com\/fr\/categorie-produit\/hydraulic-circulating-oil\/\">hydraulic oils<\/a> or liquids. Fluids are kept in a reservoir and are sucked up by a pump that moves them through the pipes to other components during hydraulic system operation.<\/span><\/p>\n<p data-start=\"207\" data-end=\"624\">In addition to choosing the right type of hydraulic fluid, keeping the fluid level within the recommended range is essential for performance and safety. Issues caused by <a href=\"https:\/\/www.bioblend.com\/fr\/low-hydraulic-fluid-symptoms-what-you-need-to-know\/\"><strong data-start=\"377\" data-end=\"409\">low hydraulic fluid symptoms<\/strong><\/a>\u2014such as overheating, sluggish operation, pump damage, or full system failure\u2014can quickly escalate if not addressed. Operators should regularly check fluid levels and fix any leaks before they become costly repairs.<\/p>\n<p>Continue reading this article to know what hydraulic fluid is for.<\/p>\n<h2><strong>Caract\u00e9ristiques d&#039;un grand fluide hydraulique<\/strong><\/h2>\n<h3><b>1. Viscosit\u00e9<\/b><\/h3>\n<p><span style=\"font-weight: 400;\">The <a href=\"https:\/\/www.bioblend.com\/fr\/hydraulic-fluid-viscosity\/\">viscosity of hydraulic fluid<\/a> measures flows resistance. It is the essential property of hydraulic fluid and substantially impacts the system&#8217;s performance.<\/span><\/p>\n<p><span style=\"font-weight: 400;\">L&#039;\u00e9tanch\u00e9it\u00e9 est compromise lorsque l&#039;huile hydraulique est trop fluide ou visqueuse. En cons\u00e9quence, il existe un risque de fuites et d&#039;usure des pi\u00e8ces. La viscosit\u00e9 de l&#039;huile hydraulique fait r\u00e9f\u00e9rence \u00e0 la difficult\u00e9 de pomper \u00e0 travers le syst\u00e8me, ce qui peut nuire aux performances.<\/span><\/p>\n<h3><b>2. Compressibilit\u00e9<\/b><\/h3>\n<p><span style=\"font-weight: 400;\">La compressibilit\u00e9 indique combien de volume est r\u00e9duit lorsqu&#039;il est soumis \u00e0 une contrainte. Une l\u00e9g\u00e8re perte de volume peut se produire m\u00eame si les huiles hydrauliques sont essentiellement incompressibles.<\/span><\/p>\n<h3><b>3. R\u00e9sistance \u00e0 la d\u00e9t\u00e9rioration<\/b><\/h3>\n<p><span style=\"font-weight: 400;\">Hydraulic fluid can minimize the rate at which it wears out in frictional boundary contact. Metal surfaces can be shielded against abrasion, scuffing, and contact fatigue with the antiwear components found in <a href=\"https:\/\/www.bioblend.com\/fr\/produit\/bioflo-synthetic-aw\/\">antiwear hydraulic fluids<\/a>. Improved lubricant performance and longer equipment life can be achieved by using antiwear additives.<\/span><\/p>\n<h3><b>4. Stabilit\u00e9 de l&#039;oxydation<\/b><\/h3>\n<p><span style=\"font-weight: 400;\">Heat-induced deterioration is caused by chemical reactions between oxygen and hydraulic oil. <a href=\"https:\/\/www.bioblend.com\/fr\/when-to-use-hydraulic-fluid-additives\/\">Additives that prevent oxidation<\/a>, increase the fluid&#8217;s stability, and extend its life are required in hydraulic oils. You should expect the hydraulic oil to lose its quality rapidly if you don&#8217;t use these additions.<\/span><\/p>\n<h3><b>5. Stabilit\u00e9 \u00e0 la chaleur<\/b><\/h3>\n<p><span style=\"font-weight: 400;\">La stabilit\u00e9 thermique fait r\u00e9f\u00e9rence \u00e0 la capacit\u00e9 d&#039;un mat\u00e9riau \u00e0 r\u00e9sister \u00e0 des temp\u00e9ratures \u00e9lev\u00e9es sans se d\u00e9grader. A des temp\u00e9ratures croissantes, la d\u00e9gradation des additifs anti-usure est acc\u00e9l\u00e9r\u00e9e. La boue et le vernis peuvent obstruer les filtres, r\u00e9duire le d\u00e9bit et allonger les temps d&#039;arr\u00eat en raison de la stabilit\u00e9 \u00e0 basse temp\u00e9rature.<\/span><\/p>\n<h3><b>6. Filtrabilit\u00e9<\/b><\/h3>\n<p><span style=\"font-weight: 400;\">Les additifs de fluide hydraulique peuvent r\u00e9agir avec l&#039;eau pour produire une substance insoluble dans l&#039;huile. Ces impuret\u00e9s peuvent pr\u00e9cipiter du lubrifiant et obstruer le flux d&#039;huile ou provoquer le contournement du syst\u00e8me. Un temps d&#039;arr\u00eat impr\u00e9vu est une possibilit\u00e9 si un blocage persiste. La filtration des fluides hydrauliques dans les syst\u00e8mes modernes ne pr\u00e9sente aucune menace pour l&#039;additif en raison de la conception des fluides.<\/span><\/p>\n<h3><b>7. Anti-corrosion et pr\u00e9vention de la rouille<\/b><\/h3>\n<p><span style=\"font-weight: 400;\">L&#039;eau peut interagir avec l&#039;huile hydraulique dans de nombreux syst\u00e8mes par condensation ou contamination. Les composants hydrauliques peuvent se corroder s&#039;ils entrent en contact avec de l&#039;eau. En prime, certains additifs peuvent r\u00e9agir avec l&#039;eau pour g\u00e9n\u00e9rer des esp\u00e8ces chimiques qui peuvent endommager les m\u00e9taux jaunes lorsqu&#039;ils sont combin\u00e9s. Dans les compositions d&#039;huile hydraulique, les inhibiteurs de corrosion et de rouille emp\u00eachent l&#039;eau et d&#039;autres esp\u00e8ces chimiques d&#039;interagir avec les surfaces m\u00e9talliques.<\/span><\/p>\n<h3><b>8. La r\u00e9silience de la mousse<\/b><\/h3>\n<p><span style=\"font-weight: 400;\">Lorsque de l&#039;air ou d&#039;autres gaz sont entra\u00een\u00e9s dans le fluide hydraulique, il mousse. Le r\u00e9servoir ou les fuites d&#039;air \u00e0 l&#039;int\u00e9rieur du syst\u00e8me hydraulique sont les deux principaux points d&#039;entr\u00e9e de l&#039;air dans le syst\u00e8me.<\/span><\/p>\n<p><span style=\"font-weight: 400;\">Large amounts of dissolved or distributed air bubbles can be found in hydraulic fluids under high pressure. Depressurization causes bubbles to expand and create Foam. Foam can significantly impact machinery performance and lubrication due to its compressibility and poor lubricating characteristics. Because they reduce air bubble surface tension, <a href=\"https:\/\/www.bioblend.com\/fr\/what-causes-hydraulic-fluid-to-foam\/\">suitable foam inhibitors<\/a> help break up Foam faster.<\/span><\/p>\n<h3><b>9. D\u00e9s\u00e9mulsibilit\u00e9<\/b><\/h3>\n<p><span style=\"font-weight: 400;\">L&#039;huile hydraulique peut \u00e9mulsifier ou se combiner avec l&#039;eau qui p\u00e9n\u00e8tre dans le syst\u00e8me. L&#039;utilisation de ce fluide \u00ab humide \u00bb peut entra\u00eener de la corrosion et de la rouille s&#039;il circule dans le syst\u00e8me. Les huiles min\u00e9rales qui ont \u00e9t\u00e9 consid\u00e9rablement raffin\u00e9es permettent \u00e0 l&#039;eau de se s\u00e9parer ou de se d\u00e9s\u00e9mulsionner plus facilement. Les huiles hydrauliques, d&#039;autre part, contiennent souvent des additifs qui provoquent la formation d&#039;une \u00e9mulsion, emp\u00eachant l&#039;eau de se dissoudre et de se d\u00e9poser dans le fluide.<\/span><\/p>\n<p>&nbsp;<\/p>\n<h2><b>Top 5 de l&#039;importance du fluide hydraulique<\/b><\/h2>\n<p><span style=\"font-weight: 400;\">Les huiles hydrauliques ont un impact significatif sur la productivit\u00e9 du syst\u00e8me. Les syst\u00e8mes hydrauliques sont souvent con\u00e7us pour des applications \u00e0 grande vitesse, haute pression et haute temp\u00e9rature. Une d\u00e9faillance pr\u00e9matur\u00e9e du syst\u00e8me peut \u00eatre \u00e9vit\u00e9e en analysant et en entretenant ad\u00e9quatement l&#039;huile.<\/span><\/p>\n<p><span style=\"font-weight: 400;\">La t\u00e2che \u00e0 accomplir d\u00e9termine le type de fluide hydraulique utilis\u00e9. Le fluide hydraulique parfait a quelques caract\u00e9ristiques. Par exemple, la lubrification et la d\u00e9ductibilit\u00e9 (la capacit\u00e9 de lib\u00e9rer de l&#039;eau), la stabilit\u00e9 chimique et environnementale\u00a0; r\u00e9sistance au feu; faible inflammabilit\u00e9; r\u00e9sistance \u00e0 la mousse\u00a0; faible volatilit\u00e9, etc., sont tous inclus.\u00a0<\/span><\/p>\n<h3><b>1. Production d&#039;\u00e9nergie<\/b><\/h3>\n<p><span style=\"font-weight: 400;\">Le principe du triangle de Pascal sous-tend le fonctionnement de tout syst\u00e8me hydraulique. Pour qu&#039;un processus soit termin\u00e9, un fluide incompressible doit \u00eatre pr\u00e9sent dans le syst\u00e8me qui peut transmettre de l&#039;\u00e9nergie d&#039;un endroit \u00e0 un autre. Au point de limitation, la pression s&#039;accumule en raison du d\u00e9bit initi\u00e9 par la pompe. La multiplication de la force et le contr\u00f4le dans n&#039;importe quelle direction sont \u00e9galement des options.<\/span><\/p>\n<h3><b>2. \u00c9liminer les contaminants<\/b><\/h3>\n<p><span style=\"font-weight: 400;\">Pour \u00e9viter d&#039;endommager le syst\u00e8me ou de r\u00e9duire la productivit\u00e9, \u00e9liminez tous les polluants \u00e9ventuellement pr\u00e9sents. Les particules solides ou l&#039;eau peuvent \u00eatre utilis\u00e9es comme polluants. Les fluides hydrauliques jouent un r\u00f4le essentiel dans l&#039;\u00e9limination de ces polluants du syst\u00e8me. Tous les corps \u00e9trangers sont transport\u00e9s par le fluide vers le filtre.<\/span><\/p>\n<h3><b>3. Lubrification et protection<\/b><\/h3>\n<p><span style=\"font-weight: 400;\">Pour \u00e9viter les pannes et l&#039;usure pr\u00e9matur\u00e9es, une lubrification appropri\u00e9e doit \u00eatre appliqu\u00e9e. Il y a beaucoup de frottement si les pi\u00e8ces des composants hydrauliques (pompes, moteurs, vannes, etc.) sont constamment en mouvement. En formant un rev\u00eatement lubrifiant entre les pi\u00e8ces mobiles, les fluides hydrauliques peuvent minimiser la friction.<\/span><\/p>\n<h3><b>4. \u00c9tanch\u00e9it\u00e9<\/b><\/h3>\n<p><span style=\"font-weight: 400;\">La plupart des syst\u00e8mes hydrauliques comprennent des joints pour emp\u00eacher les fuites et les particules \u00e9trang\u00e8res de p\u00e9n\u00e9trer dans le syst\u00e8me. N\u00e9anmoins, les composants hydrauliques, tels que les vannes de r\u00e9gulation, fonctionneront dans des espaces tr\u00e8s compacts. Les fluides hydrauliques entre les pi\u00e8ces m\u00e9caniques serviront \u00e9galement de produits d&#039;\u00e9tanch\u00e9it\u00e9.<\/span><\/p>\n<h3><b>5. Transfert de chaleur<\/b><\/h3>\n<p><span style=\"font-weight: 400;\">La surchauffe est caus\u00e9e par le frottement entre les pi\u00e8ces mobiles et la surface m\u00e9tallique. Le refroidissement par rayonnement est assur\u00e9 par un fluide en circulation.<\/span><\/p>\n<p>&nbsp;<\/p>\n<h2><b>Conclusion<\/b><\/h2>\n<p><span style=\"font-weight: 400;\">Many mobile and stationary machinery run on hydraulic fluid. It&#8217;s impossible to overstate the importance of protecting this valuable medium. While <a href=\"https:\/\/www.bioblend.com\/fr\/produit\/bioflo-aw\/\">a quality fluid has been built and designed to execute complex duties<\/a>, it cannot make up for a system with a small reservoir or a motor with a high shaft load, which must also be considered. In a well-designed hydraulic system, the <a href=\"https:\/\/www.bioblend.com\/fr\/produit\/bioflo-sb-aw\/\">good quality hydraulic fluid<\/a> serves the vital function of connecting the pump and actuator and any components in between.<\/span><\/p>\n<p>At <strong>BioBlend<\/strong>, we specialize in delivering high-quality, <a href=\"https:\/\/www.bioblend.com\/fr\/\" target=\"_new\" rel=\"noopener\">fluides hydrauliques biod\u00e9gradables<\/a> designed to<a href=\"https:\/\/www.bioblend.com\/fr\/environmental-friendly-lubricants\/\"> optimize performance while being environmentally responsible<\/a>. Whether you need solutions for industrial machinery or <a href=\"https:\/\/www.bioblend.com\/fr\/industries\/construction-equipment\/\">heavy equipment<\/a>, our products are built to meet your needs. Visit our <a href=\"https:\/\/www.bioblend.com\/fr\/\" target=\"_new\" rel=\"noopener\">homepage<\/a> to learn more about our innovative solutions, explore our <a href=\"https:\/\/www.bioblend.com\/fr\/products\/\" target=\"_new\" rel=\"noopener\">product lineup<\/a> to find the right hydraulic fluid for your application, or <a href=\"https:\/\/www.bioblend.com\/fr\/contact-us\/\">contact us for expert support and guidance<\/a>.<\/p>","protected":false},"excerpt":{"rendered":"<p>For any hydraulic system, fluids are the most critical component!\u00a0 For fluid power applications, the primary distinguishing element is that fluids are present, which is the case with hydraulics and pneumatics. Hydraulic fluid is also required for each operation in a hydraulic system. To move energy from one area of the system to another, hydraulic [&hellip;]<\/p>\n","protected":false},"author":1,"featured_media":0,"parent":0,"menu_order":0,"comment_status":"closed","ping_status":"closed","template":"","meta":{"_et_pb_use_builder":"","_et_pb_old_content":"","_et_gb_content_width":"","inline_featured_image":false,"footnotes":""},"class_list":["post-3512","page","type-page","status-publish","hentry"],"yoast_head":"<!-- This site is optimized with the Yoast SEO plugin v27.5 - https:\/\/yoast.com\/product\/yoast-seo-wordpress\/ -->\n<title>What Is Hydraulic Fluid for and Why Is It Important?<\/title>\n<meta name=\"description\" content=\"Hydraulic fluid is an essential component in powering machinery. Learn about its unique characteristics and the critical functions it performs.\" \/>\n<meta name=\"robots\" content=\"index, follow, max-snippet:-1, max-image-preview:large, max-video-preview:-1\" \/>\n<link rel=\"canonical\" href=\"https:\/\/www.bioblend.com\/fr\/what-is-hydraulic-fluid-for\/\" \/>\n<meta property=\"og:locale\" content=\"fr_CA\" \/>\n<meta property=\"og:type\" content=\"article\" \/>\n<meta property=\"og:title\" content=\"What Is Hydraulic Fluid for and Why Is It Important?\" \/>\n<meta property=\"og:description\" content=\"Hydraulic fluid is an essential component in powering machinery. Learn about its unique characteristics and the critical functions it performs.\" \/>\n<meta property=\"og:url\" content=\"https:\/\/www.bioblend.com\/fr\/what-is-hydraulic-fluid-for\/\" \/>\n<meta property=\"og:site_name\" content=\"BioBlend Lubricants &amp; Industrial Products\" \/>\n<meta property=\"article:modified_time\" content=\"2025-11-17T21:27:12+00:00\" \/>\n<meta property=\"og:image\" content=\"https:\/\/www.bioblend.com\/wp-content\/uploads\/What-Is-Hydraulic-Fluid-for-and-Why-Is-It-Important.jpg\" \/>\n\t<meta property=\"og:image:width\" content=\"1920\" \/>\n\t<meta property=\"og:image:height\" content=\"1282\" \/>\n\t<meta property=\"og:image:type\" content=\"image\/jpeg\" \/>\n<meta name=\"twitter:card\" content=\"summary_large_image\" \/>\n<meta name=\"twitter:label1\" content=\"Estimation du temps de lecture\" \/>\n\t<meta name=\"twitter:data1\" content=\"6 minutes\" \/>\n<script type=\"application\/ld+json\" class=\"yoast-schema-graph\">{\"@context\":\"https:\\\/\\\/schema.org\",\"@graph\":[{\"@type\":\"WebPage\",\"@id\":\"https:\\\/\\\/www.bioblend.com\\\/what-is-hydraulic-fluid-for\\\/\",\"url\":\"https:\\\/\\\/www.bioblend.com\\\/what-is-hydraulic-fluid-for\\\/\",\"name\":\"What Is Hydraulic Fluid for and Why Is It Important?\",\"isPartOf\":{\"@id\":\"https:\\\/\\\/www.bioblend.com\\\/#website\"},\"primaryImageOfPage\":{\"@id\":\"https:\\\/\\\/www.bioblend.com\\\/what-is-hydraulic-fluid-for\\\/#primaryimage\"},\"image\":{\"@id\":\"https:\\\/\\\/www.bioblend.com\\\/what-is-hydraulic-fluid-for\\\/#primaryimage\"},\"thumbnailUrl\":\"https:\\\/\\\/www.bioblend.com\\\/wp-content\\\/uploads\\\/What-Is-Hydraulic-Fluid-for-and-Why-Is-It-Important.jpg\",\"datePublished\":\"2022-07-18T17:57:49+00:00\",\"dateModified\":\"2025-11-17T21:27:12+00:00\",\"description\":\"Hydraulic fluid is an essential component in powering machinery. Learn about its unique characteristics and the critical functions it performs.\",\"breadcrumb\":{\"@id\":\"https:\\\/\\\/www.bioblend.com\\\/what-is-hydraulic-fluid-for\\\/#breadcrumb\"},\"inLanguage\":\"fr-CA\",\"potentialAction\":[{\"@type\":\"ReadAction\",\"target\":[\"https:\\\/\\\/www.bioblend.com\\\/what-is-hydraulic-fluid-for\\\/\"]}]},{\"@type\":\"ImageObject\",\"inLanguage\":\"fr-CA\",\"@id\":\"https:\\\/\\\/www.bioblend.com\\\/what-is-hydraulic-fluid-for\\\/#primaryimage\",\"url\":\"https:\\\/\\\/www.bioblend.com\\\/wp-content\\\/uploads\\\/What-Is-Hydraulic-Fluid-for-and-Why-Is-It-Important.jpg\",\"contentUrl\":\"https:\\\/\\\/www.bioblend.com\\\/wp-content\\\/uploads\\\/What-Is-Hydraulic-Fluid-for-and-Why-Is-It-Important.jpg\"},{\"@type\":\"BreadcrumbList\",\"@id\":\"https:\\\/\\\/www.bioblend.com\\\/what-is-hydraulic-fluid-for\\\/#breadcrumb\",\"itemListElement\":[{\"@type\":\"ListItem\",\"position\":1,\"name\":\"Home\",\"item\":\"https:\\\/\\\/www.bioblend.com\\\/\"},{\"@type\":\"ListItem\",\"position\":2,\"name\":\"What Is Hydraulic Fluid for and Why Is It Important\"}]},{\"@type\":\"WebSite\",\"@id\":\"https:\\\/\\\/www.bioblend.com\\\/#website\",\"url\":\"https:\\\/\\\/www.bioblend.com\\\/\",\"name\":\"BioBlend Lubricants &amp; Industrial Products\",\"description\":\"Biodegradable Lubricants and Industrial Products for Environmental Synergy\",\"potentialAction\":[{\"@type\":\"SearchAction\",\"target\":{\"@type\":\"EntryPoint\",\"urlTemplate\":\"https:\\\/\\\/www.bioblend.com\\\/?s={search_term_string}\"},\"query-input\":{\"@type\":\"PropertyValueSpecification\",\"valueRequired\":true,\"valueName\":\"search_term_string\"}}],\"inLanguage\":\"fr-CA\"}]}<\/script>\n<!-- \/ Yoast SEO plugin. -->","yoast_head_json":{"title":"What Is Hydraulic Fluid for and Why Is It Important?","description":"Hydraulic fluid is an essential component in powering machinery. Learn about its unique characteristics and the critical functions it performs.","robots":{"index":"index","follow":"follow","max-snippet":"max-snippet:-1","max-image-preview":"max-image-preview:large","max-video-preview":"max-video-preview:-1"},"canonical":"https:\/\/www.bioblend.com\/fr\/what-is-hydraulic-fluid-for\/","og_locale":"fr_CA","og_type":"article","og_title":"What Is Hydraulic Fluid for and Why Is It Important?","og_description":"Hydraulic fluid is an essential component in powering machinery. Learn about its unique characteristics and the critical functions it performs.","og_url":"https:\/\/www.bioblend.com\/fr\/what-is-hydraulic-fluid-for\/","og_site_name":"BioBlend Lubricants &amp; Industrial Products","article_modified_time":"2025-11-17T21:27:12+00:00","og_image":[{"width":1920,"height":1282,"url":"https:\/\/www.bioblend.com\/wp-content\/uploads\/What-Is-Hydraulic-Fluid-for-and-Why-Is-It-Important.jpg","type":"image\/jpeg"}],"twitter_card":"summary_large_image","twitter_misc":{"Estimation du temps de lecture":"6 minutes"},"schema":{"@context":"https:\/\/schema.org","@graph":[{"@type":"WebPage","@id":"https:\/\/www.bioblend.com\/what-is-hydraulic-fluid-for\/","url":"https:\/\/www.bioblend.com\/what-is-hydraulic-fluid-for\/","name":"What Is Hydraulic Fluid for and Why Is It Important?","isPartOf":{"@id":"https:\/\/www.bioblend.com\/#website"},"primaryImageOfPage":{"@id":"https:\/\/www.bioblend.com\/what-is-hydraulic-fluid-for\/#primaryimage"},"image":{"@id":"https:\/\/www.bioblend.com\/what-is-hydraulic-fluid-for\/#primaryimage"},"thumbnailUrl":"https:\/\/www.bioblend.com\/wp-content\/uploads\/What-Is-Hydraulic-Fluid-for-and-Why-Is-It-Important.jpg","datePublished":"2022-07-18T17:57:49+00:00","dateModified":"2025-11-17T21:27:12+00:00","description":"Hydraulic fluid is an essential component in powering machinery. Learn about its unique characteristics and the critical functions it performs.","breadcrumb":{"@id":"https:\/\/www.bioblend.com\/what-is-hydraulic-fluid-for\/#breadcrumb"},"inLanguage":"fr-CA","potentialAction":[{"@type":"ReadAction","target":["https:\/\/www.bioblend.com\/what-is-hydraulic-fluid-for\/"]}]},{"@type":"ImageObject","inLanguage":"fr-CA","@id":"https:\/\/www.bioblend.com\/what-is-hydraulic-fluid-for\/#primaryimage","url":"https:\/\/www.bioblend.com\/wp-content\/uploads\/What-Is-Hydraulic-Fluid-for-and-Why-Is-It-Important.jpg","contentUrl":"https:\/\/www.bioblend.com\/wp-content\/uploads\/What-Is-Hydraulic-Fluid-for-and-Why-Is-It-Important.jpg"},{"@type":"BreadcrumbList","@id":"https:\/\/www.bioblend.com\/what-is-hydraulic-fluid-for\/#breadcrumb","itemListElement":[{"@type":"ListItem","position":1,"name":"Home","item":"https:\/\/www.bioblend.com\/"},{"@type":"ListItem","position":2,"name":"What Is Hydraulic Fluid for and Why Is It Important"}]},{"@type":"WebSite","@id":"https:\/\/www.bioblend.com\/#website","url":"https:\/\/www.bioblend.com\/","name":"Lubrifiants et produits industriels BioBlend","description":"Lubrifiants biod\u00e9gradables et produits industriels pour une synergie environnementale","potentialAction":[{"@type":"SearchAction","target":{"@type":"EntryPoint","urlTemplate":"https:\/\/www.bioblend.com\/?s={search_term_string}"},"query-input":{"@type":"PropertyValueSpecification","valueRequired":true,"valueName":"search_term_string"}}],"inLanguage":"fr-CA"}]}},"_links":{"self":[{"href":"https:\/\/www.bioblend.com\/fr\/wp-json\/wp\/v2\/pages\/3512","targetHints":{"allow":["GET"]}}],"collection":[{"href":"https:\/\/www.bioblend.com\/fr\/wp-json\/wp\/v2\/pages"}],"about":[{"href":"https:\/\/www.bioblend.com\/fr\/wp-json\/wp\/v2\/types\/page"}],"author":[{"embeddable":true,"href":"https:\/\/www.bioblend.com\/fr\/wp-json\/wp\/v2\/users\/1"}],"replies":[{"embeddable":true,"href":"https:\/\/www.bioblend.com\/fr\/wp-json\/wp\/v2\/comments?post=3512"}],"version-history":[{"count":0,"href":"https:\/\/www.bioblend.com\/fr\/wp-json\/wp\/v2\/pages\/3512\/revisions"}],"wp:attachment":[{"href":"https:\/\/www.bioblend.com\/fr\/wp-json\/wp\/v2\/media?parent=3512"}],"curies":[{"name":"wp","href":"https:\/\/api.w.org\/{rel}","templated":true}]}}