{"id":3515,"date":"2022-07-18T13:06:09","date_gmt":"2022-07-18T18:06:09","guid":{"rendered":"https:\/\/www.bioblend.com\/?page_id=3515"},"modified":"2025-12-17T14:41:55","modified_gmt":"2025-12-17T20:41:55","slug":"how-to-change-hydraulic-fluid-on-zero-turn-mower","status":"publish","type":"page","link":"https:\/\/www.bioblend.com\/fr\/how-to-change-hydraulic-fluid-on-zero-turn-mower\/","title":{"rendered":"Comment changer le liquide hydraulique sur une tondeuse \u00e0 rayon de braquage z\u00e9ro"},"content":{"rendered":"<p><span style=\"font-weight: 400;\">Is your lawn large enough to necessitate a zero-turn mower? It is possible to mow these lawns almost effortlessly with a zero-turn mower, but do you know how to change the <a href=\"https:\/\/www.bioblend.com\/fr\/categorie-produit\/hydraulic-oil\/\">fluide hydraulique<\/a> in a zero-turn mower for residential or commercial use?<\/span><\/p>\n<p><img loading=\"lazy\" decoding=\"async\" class=\"alignnone size-full wp-image-3517\" src=\"https:\/\/www.bioblend.com\/wp-content\/uploads\/How-To-Change-Hydraulic-Fluid-on-Zero-Turn-Mower.jpg\" alt=\"changing hydraulic fluid in a zero turn mower\" width=\"1920\" height=\"1282\" srcset=\"https:\/\/www.bioblend.com\/wp-content\/uploads\/How-To-Change-Hydraulic-Fluid-on-Zero-Turn-Mower.jpg 1920w, https:\/\/www.bioblend.com\/wp-content\/uploads\/How-To-Change-Hydraulic-Fluid-on-Zero-Turn-Mower-1280x855.jpg 1280w, https:\/\/www.bioblend.com\/wp-content\/uploads\/How-To-Change-Hydraulic-Fluid-on-Zero-Turn-Mower-980x654.jpg 980w, https:\/\/www.bioblend.com\/wp-content\/uploads\/How-To-Change-Hydraulic-Fluid-on-Zero-Turn-Mower-480x321.jpg 480w\" sizes=\"(min-width: 0px) and (max-width: 480px) 480px, (min-width: 481px) and (max-width: 980px) 980px, (min-width: 981px) and (max-width: 1280px) 1280px, (min-width: 1281px) 1920px, 100vw\" \/><\/p>\n<p><span style=\"font-weight: 400;\">Pour tirer le meilleur parti de votre tondeuse \u00e0 rayon de braquage z\u00e9ro, assurez-vous qu&#039;elle est bien entretenue. Pour ce faire, tous ses composants doivent \u00eatre en parfait fonctionnement.<\/span><\/p>\n<p><span style=\"font-weight: 400;\">Le liquide hydraulique est l&#039;un des composants les plus critiques \u00e0 v\u00e9rifier !<\/span><\/p>\n<h2><b>Ce qui est requis<\/b><\/h2>\n<ol>\n<li style=\"font-weight: 400;\" aria-level=\"1\"><span style=\"font-weight: 400;\">Acqu\u00e9rir une connaissance approfondie du fonctionnement des syst\u00e8mes hydrauliques. Tenter de changer l&#039;huile si vous avez peu ou pas d&#039;exp\u00e9rience pourrait endommager la machine.<\/span><\/li>\n<li style=\"font-weight: 400;\" aria-level=\"1\"><span style=\"font-weight: 400;\">Le manuel d&#039;utilisation doit avoir \u00e9t\u00e9 lu. Les fabricants donnent fr\u00e9quemment des instructions sur la fa\u00e7on d&#039;effectuer une vidange d&#039;huile. Vous devez vous familiariser avec l&#039;appareil avant de l&#039;utiliser.<\/span><\/li>\n<li style=\"font-weight: 400;\" aria-level=\"1\"><span style=\"font-weight: 400;\">Prot\u00e9gez-vous des effets nocifs en portant des gants et des lunettes de s\u00e9curit\u00e9.<\/span><\/li>\n<li style=\"font-weight: 400;\" aria-level=\"1\"><span style=\"font-weight: 400;\">Maintenant que vous \u00eates pr\u00eat, suivez les proc\u00e9dures suivantes.<\/span><\/li>\n<\/ol>\n<h2><b>\u00c9tapes de base<\/b><\/h2>\n<p><span style=\"font-weight: 400;\">Trente minutes, c&#039;est le temps n\u00e9cessaire.<\/span><\/p>\n<h3><b>1. Pr\u00e9parez votre tondeuse.<\/b><\/h3>\n<p><span style=\"font-weight: 400;\">Lorsque vous \u00eates pr\u00eat \u00e0 retirer la tondeuse, \u00e9teignez-la, mettez-la de niveau et soulevez-la avec un cric. Avant de d\u00e9marrer la tondeuse, vous devez \u00e9teindre le moteur.<\/span><\/p>\n<h3><b>2. Sous le bouchon de vidange, placez un seau<\/b><\/h3>\n<p><span style=\"font-weight: 400;\">Placez un r\u00e9cipient sous le bouchon de vidange apr\u00e8s avoir soulev\u00e9 la tondeuse du sol. C&#039;est l\u00e0 qu&#039;un seau ou un bassin est utile. Le bouchon de vidange du r\u00e9servoir de liquide hydraulique se trouve ici.<\/span><\/p>\n<h3><b>3. Le p\u00e9trole coule maintenant.<\/b><\/h3>\n<p><span style=\"font-weight: 400;\">Retirez le couvercle du r\u00e9servoir pour permettre \u00e0 l&#039;huile de s&#039;\u00e9couler librement dans le r\u00e9cipient puisque le vide \u00e0 l&#039;int\u00e9rieur du r\u00e9servoir laisse s&#039;\u00e9chapper l&#039;air emprisonn\u00e9 \u00e0 l&#039;int\u00e9rieur. L&#039;huile s&#039;\u00e9coulera plus rapidement si le bouchon est retir\u00e9. Avant de commencer ce processus, vous devriez avoir nettoy\u00e9 la zone autour du bouchon de vidange. En cons\u00e9quence, il n&#039;y aura pas de contamination crois\u00e9e.<\/span><\/p>\n<h3><b>\u00a04. Assurez-vous que toute l&#039;huile s&#039;est compl\u00e8tement \u00e9vapor\u00e9e.<\/b><\/h3>\n<p><span style=\"font-weight: 400;\">Une cl\u00e9 ou une douille profonde est n\u00e9cessaire pour cette \u00e9tape. Utilisez les outils pour retirer le bouchon de vidange. Une douille profonde peut \u00eatre utile si le bouchon est trop serr\u00e9 ou difficile \u00e0 retirer. Apr\u00e8s avoir retir\u00e9 le bouchon, utilisez de l&#039;eau propre et une serviette propre pour enlever tout r\u00e9sidu d&#039;huile. Le filtre hydraulique peut maintenant \u00eatre retir\u00e9.<\/span><\/p>\n<h3><b>5. R\u00e9installation du filtre.<\/b><\/h3>\n<p><span style=\"font-weight: 400;\">Lorsque l&#039;huile a \u00e9t\u00e9 vidang\u00e9e, il est temps de r\u00e9installer le bouchon de vidange. Vous r\u00e9installez ensuite le filtre \u00e0 l&#039;aide d&#039;une cl\u00e9 \u00e0 molette. Appliquez de l&#039;huile sur le joint avant d&#039;installer le filtre pour assurer une bonne \u00e9tanch\u00e9it\u00e9.<\/span><\/p>\n<h3><b>6. Remplacez l&#039;huile dans le r\u00e9servoir.<\/b><\/h3>\n<p><span style=\"font-weight: 400;\">Remplir le r\u00e9servoir d&#039;huile fra\u00eeche. Vous devez utiliser un entonnoir pour remplir le tube du r\u00e9servoir, qui a un trou. La zone autour du r\u00e9servoir doit \u00e9galement \u00eatre nettoy\u00e9e apr\u00e8s l&#039;ajout d&#039;une nouvelle alimentation en huile.<\/span><\/p>\n<h3><b>\u00a07. Le compte \u00e0 rebours final<\/b><\/h3>\n<p><span style=\"font-weight: 400;\">Allumez le moteur et retirez le haut du r\u00e9servoir pour \u00e9vacuer l&#039;air emprisonn\u00e9 dans les conduites ou le filtre \u00e0 huile. V\u00e9rifiez le niveau d&#039;huile. Vous pouvez ajouter plus d&#039;huile si le niveau est trop bas.<\/span><\/p>\n<p data-start=\"506\" data-end=\"899\"><em>Keeping an eye on your hydraulic fluid level is just as important as changing it. If the system runs low, the mower may start showing <a href=\"https:\/\/www.bioblend.com\/fr\/low-hydraulic-fluid-symptoms-what-you-need-to-know\/\"><strong data-start=\"640\" data-end=\"672\">low hydraulic fluid symptoms<\/strong><\/a> such as weak drive power, slower response, unusual noises, or overheating. Catching these signs early can prevent costly damage to the pump and drive system, so always double-check your fluid level after completing the change.<\/em><\/p>\n<h2><b>Changer le liquide hydraulique dans une tondeuse \u00e0 rayon de braquage z\u00e9ro est n\u00e9cessaire<\/b><\/h2>\n<p><span style=\"font-weight: 400;\">Le bon fonctionnement d&#039;une tondeuse \u00e0 rayon de braquage z\u00e9ro est principalement d\u00fb \u00e0 l&#039;utilisation de fluide hydraulique. En tant que lubrifiant, il aide \u00e0 maintenir le bon fonctionnement du syst\u00e8me hydraulique de la tondeuse.<\/span><\/p>\n<p><span style=\"font-weight: 400;\">L&#039;huile hydraulique est essentielle au fonctionnement de l&#039;ensemble du syst\u00e8me. Il doit donc \u00eatre en bon \u00e9tat de fonctionnement. Les performances de la tondeuse peuvent \u00eatre affect\u00e9es si l&#039;huile hydraulique n&#039;est pas chang\u00e9e apr\u00e8s un certain temps d&#039;utilisation intensive.<\/span><\/p>\n<p><span style=\"font-weight: 400;\">Cela d\u00e9pend de la fr\u00e9quence \u00e0 laquelle vous utilisez votre tondeuse \u00e0 rayon de braquage z\u00e9ro.<\/span><\/p>\n<p><span style=\"font-weight: 400;\">Comme vous l&#039;avez d\u00e9j\u00e0 \u00e9tabli, l&#039;huile hydraulique est essentielle au syst\u00e8me hydraulique de la tondeuse. En ce qui concerne les v\u00e9hicules \u00e0 virage z\u00e9ro, la question la plus courante sera la fr\u00e9quence de vidange de l&#039;huile.<\/span><\/p>\n<h2><b>La fr\u00e9quence de changement de fluide hydraulique<\/b><\/h2>\n<p><span style=\"font-weight: 400;\">La fr\u00e9quence \u00e0 laquelle vous tondez sera en grande partie d\u00e9termin\u00e9e par la fr\u00e9quence \u00e0 laquelle vous utilisez votre tondeuse. La qualit\u00e9 de l&#039;huile moteur et les conditions de fonctionnement joueront \u00e9galement un r\u00f4le \u00e0 cet \u00e9gard.<\/span><\/p>\n<p><span style=\"font-weight: 400;\">Apr\u00e8s 100 heures de fonctionnement, il est recommand\u00e9 de v\u00e9rifier le liquide hydraulique d&#039;une tondeuse moyenne. Si l&#039;huile de la tondeuse est toujours en bon \u00e9tat, vous pouvez la changer apr\u00e8s 1000 heures de fonctionnement.<\/span><\/p>\n<p><span style=\"font-weight: 400;\">La dur\u00e9e de vie de 1000 heures d&#039;une tondeuse \u00e0 gazon prend environ six mois. Si vous n&#039;utilisez pas trop la tondeuse \u00e0 rayon de braquage z\u00e9ro, les six mois devraient suffire. Une p\u00e9riode plus courte devrait suffire si vous l&#039;utilisez plus fr\u00e9quemment.<\/span><\/p>\n<p><span style=\"font-weight: 400;\">Dans la plupart des cas, le fabricant vous indiquera la fr\u00e9quence \u00e0 laquelle vous devriez faire changer votre huile. Le guide de l&#039;utilisateur contient ces instructions.<\/span><\/p>\n<h2><b>Inquiries that Have Been Asked Frequently (FAQs)<\/b><\/h2>\n<h3><strong>Will hydraulic oil kill grass?<\/strong><\/h3>\n<p><strong>Hot hydraulic fluid, regardless of type, can kill grass due to temperature shock.<\/strong> However, once cooled, the long-term impact comes down to what the oil is made from.<\/p>\n<p>Traditional <strong>petroleum-based hydraulic oils<\/strong> can suffocate grass and soil, often leaving behind stubborn brown or dead spots where leaks or spills occur. These oils don\u2019t break down easily and can linger in the turf long after exposure.<\/p>\n<p>However, <strong>biodegradable hydraulic fluids, like BioFlo SB AW,<\/strong> are formulated to break down naturally and are significantly less harmful to grass and soil once cooled. While no hydraulic fluid spill is ideal, biobased options greatly reduce the risk of lasting lawn damage, making them the smarter choice for zero-turn mowers and equipment that operate directly on turf.<!-- notionvc: 25b3a9e8-6958-4bbe-afca-b9cbce6a355a --><\/p>\n<h3><b>Le fluide hydraulique est-il utilis\u00e9 dans les tondeuses \u00e0 rayon de braquage z\u00e9ro\u00a0?<\/b><\/h3>\n<p><span style=\"font-weight: 400;\">L&#039;huile de transmission est requise pour les tondeuses \u00e0 rayon de braquage z\u00e9ro avec bo\u00eetes de vitesses hydrauliques Hydro-Gear. Si vous allez utiliser de l&#039;huile moteur synth\u00e9tique, vos options sont 15W-50 ou 20W-50.<\/span><\/p>\n<h3><b>Le liquide hydraulique d&#039;une tondeuse \u00e0 rayon de braquage z\u00e9ro doit \u00eatre chang\u00e9 r\u00e9guli\u00e8rement ?<\/b><\/h3>\n<p><span style=\"font-weight: 400;\">Vous devez remplacer le liquide hydraulique de votre tondeuse \u00e0 rayon de braquage z\u00e9ro apr\u00e8s 1 200 heures d&#039;utilisation.<\/span><\/p>\n<h3><b>Diff\u00e9rence entre fluide hydraulique et huile hydrostatique ?<\/b><\/h3>\n<p><span style=\"font-weight: 400;\">Ce ne sont pas du tout les m\u00eames, non. Une huile inhibant la rouille et l&#039;oxydation, le fluide hydraulique fonctionne bien dans les environnements industriels et d&#039;\u00e9quipement. En revanche, l&#039;huile hydrostatique est mieux adapt\u00e9e aux environnements difficiles, tels que l&#039;ext\u00e9rieur en hiver.<\/span><\/p>\n<h3><b>La transmission hydrostatique est-elle possible avec du fluide hydraulique ?<\/b><\/h3>\n<p><span style=\"font-weight: 400;\">Le fluide hydraulique est utilis\u00e9 dans la transmission hydrostatique.<\/span><\/p>\n<h3><b>Le liquide hydraulique est cher, alors que pouvez-vous utiliser \u00e0 sa place ?<\/b><\/h3>\n<p><span style=\"font-weight: 400;\">Hydraulic fluid can be replaced with any 10-20W motor or machine oil. Some vegetable seed oils and automatic transmission fluid can also serve as excellent substitutes.<\/span><\/p>\n<h3><b>Est-il possible de remplacer l&#039;huile moteur par du liquide hydraulique ?<\/b><\/h3>\n<p><span style=\"font-weight: 400;\">Vous pouvez, mais vous ne devriez pas en raison des additifs utilis\u00e9s dans l&#039;huile moteur pour augmenter l&#039;indice de viscosit\u00e9 du produit.<\/span><\/p>\n<h2><strong>Extend Your Mower&#8217;s Operating Life With BioBlend\u00a0<\/strong><\/h2>\n<p>Maintaining your zero-turn mower&#8217;s hydraulic system is essential for achieving optimal performance and longevity. From proper oil changes to selecting the right hydraulic fluid, keeping your mower in top condition has never been easier with the right support. At <strong>BioBlend<\/strong>, we offer a range of biodegradable hydraulic fluids, like <a href=\"https:\/\/www.bioblend.com\/fr\/produit\/bioflo-sb-aw\/\">BioFlo SB AW<\/a>, designed for <a href=\"https:\/\/www.bioblend.com\/fr\/environmental-friendly-lubricants\/\">efficient and eco-friendly operation<\/a>. <a href=\"https:\/\/www.bioblend.com\/fr\/products\/\">Explore our full product lineup<\/a> to find the perfect solution for your equipment, visit our <a href=\"https:\/\/www.bioblend.com\/fr\/\" target=\"_new\" rel=\"noopener\">homepage<\/a> to learn more about our commitment to sustainable lubrication, or <a href=\"https:\/\/www.bioblend.com\/fr\/contact-us\/\" target=\"_new\" rel=\"noopener\">Nous contacter<\/a> for expert advice tailored to your needs.<\/p>","protected":false},"excerpt":{"rendered":"<p>Is your lawn large enough to necessitate a zero-turn mower? It is possible to mow these lawns almost effortlessly with a zero-turn mower, but do you know how to change the hydraulic fluid in a zero-turn mower for residential or commercial use? To get the most out of your zero-turn mower, ensure it&#8217;s well-maintained. To [&hellip;]<\/p>\n","protected":false},"author":1,"featured_media":0,"parent":0,"menu_order":0,"comment_status":"closed","ping_status":"closed","template":"","meta":{"_et_pb_use_builder":"","_et_pb_old_content":"","_et_gb_content_width":"","inline_featured_image":false,"footnotes":""},"class_list":["post-3515","page","type-page","status-publish","hentry"],"yoast_head":"<!-- This site is optimized with the Yoast SEO plugin v27.4 - https:\/\/yoast.com\/product\/yoast-seo-wordpress\/ -->\n<title>How To Change Hydraulic Fluid on Zero Turn Mower - BioBlend Lubricants &amp; Industrial Products<\/title>\n<meta name=\"robots\" content=\"index, follow, max-snippet:-1, max-image-preview:large, max-video-preview:-1\" \/>\n<link rel=\"canonical\" href=\"https:\/\/www.bioblend.com\/fr\/how-to-change-hydraulic-fluid-on-zero-turn-mower\/\" \/>\n<meta property=\"og:locale\" content=\"fr_CA\" \/>\n<meta property=\"og:type\" content=\"article\" \/>\n<meta property=\"og:title\" content=\"How To Change Hydraulic Fluid on Zero Turn Mower - BioBlend Lubricants &amp; Industrial Products\" \/>\n<meta property=\"og:description\" content=\"Is your lawn large enough to necessitate a zero-turn mower? It is possible to mow these lawns almost effortlessly with a zero-turn mower, but do you know how to change the hydraulic fluid in a zero-turn mower for residential or commercial use? To get the most out of your zero-turn mower, ensure it&#8217;s well-maintained. To [&hellip;]\" \/>\n<meta property=\"og:url\" content=\"https:\/\/www.bioblend.com\/fr\/how-to-change-hydraulic-fluid-on-zero-turn-mower\/\" \/>\n<meta property=\"og:site_name\" content=\"BioBlend Lubricants &amp; Industrial Products\" \/>\n<meta property=\"article:modified_time\" content=\"2025-12-17T20:41:55+00:00\" \/>\n<meta property=\"og:image\" content=\"https:\/\/www.bioblend.com\/wp-content\/uploads\/How-To-Change-Hydraulic-Fluid-on-Zero-Turn-Mower.jpg\" \/>\n\t<meta property=\"og:image:width\" content=\"1920\" \/>\n\t<meta property=\"og:image:height\" content=\"1282\" \/>\n\t<meta property=\"og:image:type\" content=\"image\/jpeg\" \/>\n<meta name=\"twitter:card\" content=\"summary_large_image\" \/>\n<meta name=\"twitter:label1\" content=\"Estimation du temps de lecture\" \/>\n\t<meta name=\"twitter:data1\" content=\"6 minutes\" \/>\n<script type=\"application\/ld+json\" class=\"yoast-schema-graph\">{\"@context\":\"https:\\\/\\\/schema.org\",\"@graph\":[{\"@type\":\"WebPage\",\"@id\":\"https:\\\/\\\/www.bioblend.com\\\/how-to-change-hydraulic-fluid-on-zero-turn-mower\\\/\",\"url\":\"https:\\\/\\\/www.bioblend.com\\\/how-to-change-hydraulic-fluid-on-zero-turn-mower\\\/\",\"name\":\"How To Change Hydraulic Fluid on Zero Turn Mower - BioBlend Lubricants &amp; Industrial Products\",\"isPartOf\":{\"@id\":\"https:\\\/\\\/www.bioblend.com\\\/#website\"},\"primaryImageOfPage\":{\"@id\":\"https:\\\/\\\/www.bioblend.com\\\/how-to-change-hydraulic-fluid-on-zero-turn-mower\\\/#primaryimage\"},\"image\":{\"@id\":\"https:\\\/\\\/www.bioblend.com\\\/how-to-change-hydraulic-fluid-on-zero-turn-mower\\\/#primaryimage\"},\"thumbnailUrl\":\"https:\\\/\\\/www.bioblend.com\\\/wp-content\\\/uploads\\\/How-To-Change-Hydraulic-Fluid-on-Zero-Turn-Mower.jpg\",\"datePublished\":\"2022-07-18T18:06:09+00:00\",\"dateModified\":\"2025-12-17T20:41:55+00:00\",\"breadcrumb\":{\"@id\":\"https:\\\/\\\/www.bioblend.com\\\/how-to-change-hydraulic-fluid-on-zero-turn-mower\\\/#breadcrumb\"},\"inLanguage\":\"fr-CA\",\"potentialAction\":[{\"@type\":\"ReadAction\",\"target\":[\"https:\\\/\\\/www.bioblend.com\\\/how-to-change-hydraulic-fluid-on-zero-turn-mower\\\/\"]}]},{\"@type\":\"ImageObject\",\"inLanguage\":\"fr-CA\",\"@id\":\"https:\\\/\\\/www.bioblend.com\\\/how-to-change-hydraulic-fluid-on-zero-turn-mower\\\/#primaryimage\",\"url\":\"https:\\\/\\\/www.bioblend.com\\\/wp-content\\\/uploads\\\/How-To-Change-Hydraulic-Fluid-on-Zero-Turn-Mower.jpg\",\"contentUrl\":\"https:\\\/\\\/www.bioblend.com\\\/wp-content\\\/uploads\\\/How-To-Change-Hydraulic-Fluid-on-Zero-Turn-Mower.jpg\"},{\"@type\":\"BreadcrumbList\",\"@id\":\"https:\\\/\\\/www.bioblend.com\\\/how-to-change-hydraulic-fluid-on-zero-turn-mower\\\/#breadcrumb\",\"itemListElement\":[{\"@type\":\"ListItem\",\"position\":1,\"name\":\"Home\",\"item\":\"https:\\\/\\\/www.bioblend.com\\\/\"},{\"@type\":\"ListItem\",\"position\":2,\"name\":\"How To Change Hydraulic Fluid on Zero Turn Mower\"}]},{\"@type\":\"WebSite\",\"@id\":\"https:\\\/\\\/www.bioblend.com\\\/#website\",\"url\":\"https:\\\/\\\/www.bioblend.com\\\/\",\"name\":\"BioBlend Lubricants &amp; Industrial Products\",\"description\":\"Biodegradable Lubricants and Industrial Products for Environmental Synergy\",\"potentialAction\":[{\"@type\":\"SearchAction\",\"target\":{\"@type\":\"EntryPoint\",\"urlTemplate\":\"https:\\\/\\\/www.bioblend.com\\\/?s={search_term_string}\"},\"query-input\":{\"@type\":\"PropertyValueSpecification\",\"valueRequired\":true,\"valueName\":\"search_term_string\"}}],\"inLanguage\":\"fr-CA\"}]}<\/script>\n<!-- \/ Yoast SEO plugin. -->","yoast_head_json":{"title":"How To Change Hydraulic Fluid on Zero Turn Mower - BioBlend Lubricants &amp; Industrial Products","robots":{"index":"index","follow":"follow","max-snippet":"max-snippet:-1","max-image-preview":"max-image-preview:large","max-video-preview":"max-video-preview:-1"},"canonical":"https:\/\/www.bioblend.com\/fr\/how-to-change-hydraulic-fluid-on-zero-turn-mower\/","og_locale":"fr_CA","og_type":"article","og_title":"How To Change Hydraulic Fluid on Zero Turn Mower - BioBlend Lubricants &amp; Industrial Products","og_description":"Is your lawn large enough to necessitate a zero-turn mower? It is possible to mow these lawns almost effortlessly with a zero-turn mower, but do you know how to change the hydraulic fluid in a zero-turn mower for residential or commercial use? To get the most out of your zero-turn mower, ensure it&#8217;s well-maintained. To [&hellip;]","og_url":"https:\/\/www.bioblend.com\/fr\/how-to-change-hydraulic-fluid-on-zero-turn-mower\/","og_site_name":"BioBlend Lubricants &amp; Industrial Products","article_modified_time":"2025-12-17T20:41:55+00:00","og_image":[{"width":1920,"height":1282,"url":"https:\/\/www.bioblend.com\/wp-content\/uploads\/How-To-Change-Hydraulic-Fluid-on-Zero-Turn-Mower.jpg","type":"image\/jpeg"}],"twitter_card":"summary_large_image","twitter_misc":{"Estimation du temps de lecture":"6 minutes"},"schema":{"@context":"https:\/\/schema.org","@graph":[{"@type":"WebPage","@id":"https:\/\/www.bioblend.com\/how-to-change-hydraulic-fluid-on-zero-turn-mower\/","url":"https:\/\/www.bioblend.com\/how-to-change-hydraulic-fluid-on-zero-turn-mower\/","name":"How To Change Hydraulic Fluid on Zero Turn Mower - BioBlend Lubricants &amp; Industrial Products","isPartOf":{"@id":"https:\/\/www.bioblend.com\/#website"},"primaryImageOfPage":{"@id":"https:\/\/www.bioblend.com\/how-to-change-hydraulic-fluid-on-zero-turn-mower\/#primaryimage"},"image":{"@id":"https:\/\/www.bioblend.com\/how-to-change-hydraulic-fluid-on-zero-turn-mower\/#primaryimage"},"thumbnailUrl":"https:\/\/www.bioblend.com\/wp-content\/uploads\/How-To-Change-Hydraulic-Fluid-on-Zero-Turn-Mower.jpg","datePublished":"2022-07-18T18:06:09+00:00","dateModified":"2025-12-17T20:41:55+00:00","breadcrumb":{"@id":"https:\/\/www.bioblend.com\/how-to-change-hydraulic-fluid-on-zero-turn-mower\/#breadcrumb"},"inLanguage":"fr-CA","potentialAction":[{"@type":"ReadAction","target":["https:\/\/www.bioblend.com\/how-to-change-hydraulic-fluid-on-zero-turn-mower\/"]}]},{"@type":"ImageObject","inLanguage":"fr-CA","@id":"https:\/\/www.bioblend.com\/how-to-change-hydraulic-fluid-on-zero-turn-mower\/#primaryimage","url":"https:\/\/www.bioblend.com\/wp-content\/uploads\/How-To-Change-Hydraulic-Fluid-on-Zero-Turn-Mower.jpg","contentUrl":"https:\/\/www.bioblend.com\/wp-content\/uploads\/How-To-Change-Hydraulic-Fluid-on-Zero-Turn-Mower.jpg"},{"@type":"BreadcrumbList","@id":"https:\/\/www.bioblend.com\/how-to-change-hydraulic-fluid-on-zero-turn-mower\/#breadcrumb","itemListElement":[{"@type":"ListItem","position":1,"name":"Home","item":"https:\/\/www.bioblend.com\/"},{"@type":"ListItem","position":2,"name":"How To Change Hydraulic Fluid on Zero Turn Mower"}]},{"@type":"WebSite","@id":"https:\/\/www.bioblend.com\/#website","url":"https:\/\/www.bioblend.com\/","name":"Lubrifiants et produits industriels BioBlend","description":"Lubrifiants biod\u00e9gradables et produits industriels pour une synergie environnementale","potentialAction":[{"@type":"SearchAction","target":{"@type":"EntryPoint","urlTemplate":"https:\/\/www.bioblend.com\/?s={search_term_string}"},"query-input":{"@type":"PropertyValueSpecification","valueRequired":true,"valueName":"search_term_string"}}],"inLanguage":"fr-CA"}]}},"_links":{"self":[{"href":"https:\/\/www.bioblend.com\/fr\/wp-json\/wp\/v2\/pages\/3515","targetHints":{"allow":["GET"]}}],"collection":[{"href":"https:\/\/www.bioblend.com\/fr\/wp-json\/wp\/v2\/pages"}],"about":[{"href":"https:\/\/www.bioblend.com\/fr\/wp-json\/wp\/v2\/types\/page"}],"author":[{"embeddable":true,"href":"https:\/\/www.bioblend.com\/fr\/wp-json\/wp\/v2\/users\/1"}],"replies":[{"embeddable":true,"href":"https:\/\/www.bioblend.com\/fr\/wp-json\/wp\/v2\/comments?post=3515"}],"version-history":[{"count":0,"href":"https:\/\/www.bioblend.com\/fr\/wp-json\/wp\/v2\/pages\/3515\/revisions"}],"wp:attachment":[{"href":"https:\/\/www.bioblend.com\/fr\/wp-json\/wp\/v2\/media?parent=3515"}],"curies":[{"name":"wp","href":"https:\/\/api.w.org\/{rel}","templated":true}]}}