{"id":3594,"date":"2022-08-16T12:32:30","date_gmt":"2022-08-16T17:32:30","guid":{"rendered":"https:\/\/www.bioblend.com\/?page_id=3594"},"modified":"2024-11-21T07:46:46","modified_gmt":"2024-11-21T13:46:46","slug":"what-hydraulic-fluid-to-use","status":"publish","type":"page","link":"https:\/\/www.bioblend.com\/fr\/what-hydraulic-fluid-to-use\/","title":{"rendered":"Quel fluide hydraulique utiliser"},"content":{"rendered":"<p><span style=\"font-weight: 400;\">Il existe de nombreux domaines dans lesquels les syst\u00e8mes hydrauliques assurent des fonctions essentielles !\u00a0<\/span><\/p>\n<p><img loading=\"lazy\" decoding=\"async\" class=\"wp-image-3595 size-full aligncenter\" src=\"https:\/\/www.bioblend.com\/wp-content\/uploads\/What-Hydraulic-Fluid-to-Use.jpg\" alt=\"What Hydraulic Fluid to Use\" width=\"1024\" height=\"684\" srcset=\"https:\/\/www.bioblend.com\/wp-content\/uploads\/What-Hydraulic-Fluid-to-Use.jpg 1024w, https:\/\/www.bioblend.com\/wp-content\/uploads\/What-Hydraulic-Fluid-to-Use-980x655.jpg 980w, https:\/\/www.bioblend.com\/wp-content\/uploads\/What-Hydraulic-Fluid-to-Use-480x321.jpg 480w\" sizes=\"(min-width: 0px) and (max-width: 480px) 480px, (min-width: 481px) and (max-width: 980px) 980px, (min-width: 981px) 1024px, 100vw\" \/><\/p>\n<p><span style=\"font-weight: 400;\">Les ateliers de m\u00e9canique comptent sur eux pour alimenter les ponts \u00e9l\u00e9vateurs. Ils peuvent \u00eatre situ\u00e9s dans les fl\u00e8ches de divers engins de construction.\u00a0<\/span><\/p>\n<p><span style=\"font-weight: 400;\">Les syst\u00e8mes hydrauliques sont \u00e9tonnamment courants et n\u00e9cessitent des <a href=\"https:\/\/www.bioblend.com\/fr\/categorie-produit\/hydraulic-circulating-oil\/\">fluide hydraulique<\/a>. Mais comment savez-vous <\/span><span style=\"font-weight: 400;\">quel fluide hydraulique utiliser<\/span><span style=\"font-weight: 400;\">?<\/span><\/p>\n<p>&nbsp;<\/p>\n<h2><b>Types de fluide hydraulique<\/b><\/h2>\n<h3><b>1. Fluides hydrauliques \u00e0 base d&#039;esters synth\u00e9tiques<\/b><\/h3>\n<p><span style=\"font-weight: 400;\">En utilisant de l&#039;alcool et des acides gras, on peut cr\u00e9er un ester synth\u00e9tique. L&#039;utilisation d&#039;alcools et d&#039;acides gras diff\u00e9rents entra\u00eene des qualit\u00e9s environnementales tr\u00e8s diff\u00e9rentes.\u00a0<\/span><\/p>\n<p><span style=\"font-weight: 400;\">En plus de r\u00e9duire la consommation d&#039;\u00e9nergie et les \u00e9missions de dioxyde de carbone, les fluides hydrauliques modernes biod\u00e9gradables et class\u00e9s \u00e9cologiques ont souvent des propri\u00e9t\u00e9s techniques sup\u00e9rieures aux huiles min\u00e9rales conventionnelles. Pour cette raison, de nombreux syst\u00e8mes hydrauliques les utilisent.<\/span><\/p>\n<h3><b>2. Fluides hydrauliques \u00e0 base d&#039;huile min\u00e9rale<\/b><\/h3>\n<p><span style=\"font-weight: 400;\"><a href=\"https:\/\/www.bioblend.com\/fr\/produit\/bioflo-aw\/\">Mineral oil<\/a>, the most common base oil, is typically categorized into three subsets: I, II, and III.\u00a0<\/span><\/p>\n<p><span style=\"font-weight: 400;\">Les huiles min\u00e9rales traditionnellement trait\u00e9es \u00e0 l&#039;aide d&#039;un solvant sont class\u00e9es dans le groupe I. Les huiles min\u00e9rales hydrocraqu\u00e9es des groupes II et III sont plus raffin\u00e9es que les huiles du groupe I en ce qui concerne les impuret\u00e9s soufr\u00e9es et ont une consistance plus \u00e9paisse. Le nombre de raffineries produisant des huiles du groupe I diminuera ou passera \u00e0 la fabrication d&#039;huiles du groupe II, acc\u00e9l\u00e9rant le passage du groupe I au groupe II au cours des prochaines ann\u00e9es.<\/span><\/p>\n<h3><b>3. Fluides hydrauliques v\u00e9g\u00e9taliens<\/b><\/h3>\n<p><span style=\"font-weight: 400;\">L&#039;huile extraite des plantes est la base de l&#039;huile hydraulique v\u00e9g\u00e9tale. Ces huiles sont g\u00e9n\u00e9ralement naturelles et pr\u00e9sentent d&#039;excellentes caract\u00e9ristiques environnementales, et leurs propri\u00e9t\u00e9s techniques restreintes font qu&#039;elles sont aujourd&#039;hui peu utilis\u00e9es.<\/span><\/p>\n<p>&nbsp;<\/p>\n<h2><b>Besoins sp\u00e9ciaux en liquide hydraulique<\/b><\/h2>\n<p><span style=\"font-weight: 400;\">In addition, there is a specialized variety of hydraulic fluids for use in high-stress applications. In the food business, for instance, fluids must be highly pure (certified for accidental contact with food), safe, and technically effective for obvious reasons. Other industries that place stringent requirements on fire safety and <a href=\"https:\/\/www.bioblend.com\/fr\/produit\/bioflo-hfdu\/\">fire resistant hydraulic fluid<\/a> include mining, steel, and aviation.<\/span><\/p>\n<p>&nbsp;<\/p>\n<h2><b>L&#039;environnement et les fluides hydrauliques<\/b><\/h2>\n<p><span style=\"font-weight: 400;\">Les id\u00e9es fausses sur les huiles environnementales \u00e0 base de colza, la premi\u00e8re g\u00e9n\u00e9ration du genre, persistent encore aujourd&#039;hui. Laissez-les dans le pass\u00e9 ! Ces jours ne sont pas les m\u00eames. Les huiles hydrauliques biod\u00e9gradables et class\u00e9es environnementales, souvent \u00e0 base d&#039;esters synth\u00e9tiques, sont actuellement l&#039;option la plus efficace pour la plupart des syst\u00e8mes hydrauliques en raison de leurs performances techniques sup\u00e9rieures par rapport aux huiles min\u00e9rales conventionnelles (qui ne sont pas class\u00e9es environnementales).<\/span><\/p>\n<p>&nbsp;<\/p>\n<h2><b>Facteurs de choix du bon fluide hydraulique<\/b><\/h2>\n<p><span style=\"font-weight: 400;\">La fonction principale du fluide hydraulique est de pr\u00e9venir la corrosion, l&#039;usure et l&#039;oxydation dans les syst\u00e8mes hydrauliques. Les caract\u00e9ristiques des fluides varient largement d&#039;un type \u00e0 l&#039;autre. En raison de ces distinctions, chaque type d&#039;huile hydraulique remplit une fonction unique.<\/span><\/p>\n<p><span style=\"font-weight: 400;\">Les performances du fluide hydraulique sont d\u00e9termin\u00e9es par la r\u00e9sistance \u00e0 l&#039;eau, la viscosit\u00e9 et la dissipation thermique. \u00c0 cette fin, vous devez s\u00e9lectionner un fluide pour fournir les r\u00e9sultats souhait\u00e9s pour l&#039;utilisation pr\u00e9vue. Lors du choix, il est \u00e9galement essentiel de tenir compte des conditions de fonctionnement.<\/span><\/p>\n<p><span style=\"font-weight: 400;\">Mais quelles sont les consid\u00e9rations les plus importantes pour la s\u00e9lection du fluide hydraulique ?<\/span><\/p>\n<h3><b>1. Conception d&#039;une pompe hydraulique<\/b><\/h3>\n<p><span style=\"font-weight: 400;\">Le choix du fluide hydraulique correct peut affecter l&#039;architecture du syst\u00e8me hydraulique. Les conceptions de pompes hydrauliques standard incluent\u00a0:<\/span><\/p>\n<ul>\n<li aria-level=\"1\"><b>Injecteurs \u00e0 palette.<\/b><\/li>\n<\/ul>\n<p><span style=\"font-weight: 400;\">Le d\u00e9bit de fluide est maintenu \u00e0 un d\u00e9bit constant par ces pompes \u00e0 l&#039;aide d&#039;un mouvement de rotation, qui n&#039;est pas affect\u00e9 par les changements de pression. De plus, ils sont capables de fonctionner avec un minimum de bruit.<\/span><\/p>\n<ul>\n<li aria-level=\"1\"><b>Une pompe \u00e0 engrenages.<\/b><\/li>\n<\/ul>\n<p><span style=\"font-weight: 400;\">Pour pomper le fluide hydraulique, ils utilisent un r\u00e9seau d&#039;engrenages. Pour les applications \u00e0 haute pression, les pompes \u00e0 engrenages excellent.<\/span><\/p>\n<ul>\n<li aria-level=\"1\"><b>Pompes \u00e0 pistons<\/b><\/li>\n<\/ul>\n<p><span style=\"font-weight: 400;\">Ils g\u00e9n\u00e8rent une pression importante dans le fluide hydraulique via une distribution m\u00e9canique avec peu d&#039;effort. Lorsque l&#039;efficacit\u00e9 volum\u00e9trique est critique, les pompes \u00e0 piston excellent.<\/span><\/p>\n<h3><b>2. Classification de la demande<\/b><\/h3>\n<p><span style=\"font-weight: 400;\">Vous devez tenir compte de la fonction du syst\u00e8me lors de la s\u00e9lection d&#039;un fluide hydraulique. L&#039;utilisation du liquide appropri\u00e9 dans votre syst\u00e8me am\u00e9liore les performances et aide vos machines \u00e0 durer plus longtemps.<\/span><\/p>\n<p><span style=\"font-weight: 400;\">Avant de choisir un type de fluide, il peut \u00eatre utile de d\u00e9terminer ce qui rend une application donn\u00e9e unique. Un camion \u00e0 ordures, par exemple, passe beaucoup de temps \u00e0 l&#039;air libre. La fiabilit\u00e9 du fluide hydraulique diminuera probablement s&#039;il est mouill\u00e9 ou recouvert de d\u00e9bris ou d&#039;autres polluants. De plus, le syst\u00e8me hydraulique du camion a un historique de fuites potentielles.<\/span><\/p>\n<h3><b>3. Suggestions OEM<\/b><\/h3>\n<p><span style=\"font-weight: 400;\">Le FEO de votre \u00e9quipement hydraulique peut recommander un type particulier de fluide hydraulique pour son fonctionnement. Le liquide sugg\u00e9r\u00e9 est souvent l&#039;option \u00e9prouv\u00e9e qui s&#039;est av\u00e9r\u00e9e fournir des r\u00e9sultats optimaux.<\/span><\/p>\n<p><span style=\"font-weight: 400;\">Le liquide recommand\u00e9 par le fabricant d&#039;\u00e9quipement d&#039;origine peut \u00eatre le seul couvert par la garantie. Dans ce cas, suivre les directives aidera \u00e0 pr\u00e9venir les pertes \u00e0 l&#039;avenir.<\/span><\/p>\n<h2><strong>Conclusion<\/strong><\/h2>\n<p>Choosing <a href=\"https:\/\/www.bioblend.com\/fr\/categorie-produit\/hydraulic-circulating-oil\/\">the right hydraulic fluid<\/a> is essential for ensuring the optimal performance, safety, and longevity of your equipment. At <strong>BioBlend<\/strong>, we specialize in providing high-quality, <a href=\"https:\/\/www.bioblend.com\/fr\/environmental-friendly-lubricants\/\" target=\"_new\" rel=\"noopener\">lubrifiants respectueux de l&#039;environnement<\/a> that deliver exceptional results while reducing environmental impact. From agriculture to construction, our solutions are designed to meet the demands of various industries. Explore our full <a href=\"https:\/\/www.bioblend.com\/fr\/products\/\" target=\"_new\" rel=\"noopener\">product lineup<\/a>, learn more about our expertise on the <a href=\"https:\/\/www.bioblend.com\/fr\/industries\/\" target=\"_new\" rel=\"noopener\">industries page<\/a>, or visit our <a href=\"https:\/\/www.bioblend.com\/fr\/\" target=\"_new\" rel=\"noopener\">homepage<\/a> for more information. Need guidance on selecting the perfect fluid for your application? <a href=\"https:\/\/www.bioblend.com\/fr\/contact-us\/\" target=\"_new\" rel=\"noopener\">Contact us<\/a> today for expert support.<\/p>","protected":false},"excerpt":{"rendered":"<p>There are many different fields in which hydraulic systems provide essential functions!\u00a0 Mechanic shops rely on them to power car lifts. They can be located in the booms of various construction machinery.\u00a0 Hydraulic systems are surprisingly common and necessitate specific hydraulic fluid. But how do you know what hydraulic fluid to use? &nbsp; Types of [&hellip;]<\/p>\n","protected":false},"author":1,"featured_media":0,"parent":0,"menu_order":0,"comment_status":"closed","ping_status":"closed","template":"","meta":{"_et_pb_use_builder":"","_et_pb_old_content":"","_et_gb_content_width":"","inline_featured_image":false,"footnotes":""},"class_list":["post-3594","page","type-page","status-publish","hentry"],"yoast_head":"<!-- This site is optimized with the Yoast SEO plugin v27.4 - https:\/\/yoast.com\/product\/yoast-seo-wordpress\/ -->\n<title>What Hydraulic Fluid to Use - BioBlend Lubricants &amp; Industrial Products<\/title>\n<meta name=\"robots\" content=\"index, follow, max-snippet:-1, max-image-preview:large, max-video-preview:-1\" \/>\n<link rel=\"canonical\" href=\"https:\/\/www.bioblend.com\/fr\/what-hydraulic-fluid-to-use\/\" \/>\n<meta property=\"og:locale\" content=\"fr_CA\" \/>\n<meta property=\"og:type\" content=\"article\" \/>\n<meta property=\"og:title\" content=\"What Hydraulic Fluid to Use - BioBlend Lubricants &amp; Industrial Products\" \/>\n<meta property=\"og:description\" content=\"There are many different fields in which hydraulic systems provide essential functions!\u00a0 Mechanic shops rely on them to power car lifts. They can be located in the booms of various construction machinery.\u00a0 Hydraulic systems are surprisingly common and necessitate specific hydraulic fluid. But how do you know what hydraulic fluid to use? &nbsp; Types of [&hellip;]\" \/>\n<meta property=\"og:url\" content=\"https:\/\/www.bioblend.com\/fr\/what-hydraulic-fluid-to-use\/\" \/>\n<meta property=\"og:site_name\" content=\"BioBlend Lubricants &amp; Industrial Products\" \/>\n<meta property=\"article:modified_time\" content=\"2024-11-21T13:46:46+00:00\" \/>\n<meta property=\"og:image\" content=\"http:\/\/www.bioblend.com\/wp-content\/uploads\/What-Hydraulic-Fluid-to-Use.jpg\" \/>\n<meta name=\"twitter:card\" content=\"summary_large_image\" \/>\n<meta name=\"twitter:label1\" content=\"Estimation du temps de lecture\" \/>\n\t<meta name=\"twitter:data1\" content=\"4 minutes\" \/>\n<script type=\"application\/ld+json\" class=\"yoast-schema-graph\">{\"@context\":\"https:\\\/\\\/schema.org\",\"@graph\":[{\"@type\":\"WebPage\",\"@id\":\"https:\\\/\\\/www.bioblend.com\\\/what-hydraulic-fluid-to-use\\\/\",\"url\":\"https:\\\/\\\/www.bioblend.com\\\/what-hydraulic-fluid-to-use\\\/\",\"name\":\"What Hydraulic Fluid to Use - BioBlend Lubricants &amp; Industrial Products\",\"isPartOf\":{\"@id\":\"https:\\\/\\\/www.bioblend.com\\\/#website\"},\"primaryImageOfPage\":{\"@id\":\"https:\\\/\\\/www.bioblend.com\\\/what-hydraulic-fluid-to-use\\\/#primaryimage\"},\"image\":{\"@id\":\"https:\\\/\\\/www.bioblend.com\\\/what-hydraulic-fluid-to-use\\\/#primaryimage\"},\"thumbnailUrl\":\"https:\\\/\\\/www.bioblend.com\\\/wp-content\\\/uploads\\\/What-Hydraulic-Fluid-to-Use.jpg\",\"datePublished\":\"2022-08-16T17:32:30+00:00\",\"dateModified\":\"2024-11-21T13:46:46+00:00\",\"breadcrumb\":{\"@id\":\"https:\\\/\\\/www.bioblend.com\\\/what-hydraulic-fluid-to-use\\\/#breadcrumb\"},\"inLanguage\":\"fr-CA\",\"potentialAction\":[{\"@type\":\"ReadAction\",\"target\":[\"https:\\\/\\\/www.bioblend.com\\\/what-hydraulic-fluid-to-use\\\/\"]}]},{\"@type\":\"ImageObject\",\"inLanguage\":\"fr-CA\",\"@id\":\"https:\\\/\\\/www.bioblend.com\\\/what-hydraulic-fluid-to-use\\\/#primaryimage\",\"url\":\"https:\\\/\\\/www.bioblend.com\\\/wp-content\\\/uploads\\\/What-Hydraulic-Fluid-to-Use.jpg\",\"contentUrl\":\"https:\\\/\\\/www.bioblend.com\\\/wp-content\\\/uploads\\\/What-Hydraulic-Fluid-to-Use.jpg\"},{\"@type\":\"BreadcrumbList\",\"@id\":\"https:\\\/\\\/www.bioblend.com\\\/what-hydraulic-fluid-to-use\\\/#breadcrumb\",\"itemListElement\":[{\"@type\":\"ListItem\",\"position\":1,\"name\":\"Home\",\"item\":\"https:\\\/\\\/www.bioblend.com\\\/\"},{\"@type\":\"ListItem\",\"position\":2,\"name\":\"What Hydraulic Fluid to Use\"}]},{\"@type\":\"WebSite\",\"@id\":\"https:\\\/\\\/www.bioblend.com\\\/#website\",\"url\":\"https:\\\/\\\/www.bioblend.com\\\/\",\"name\":\"BioBlend Lubricants &amp; Industrial Products\",\"description\":\"Biodegradable Lubricants and Industrial Products for Environmental Synergy\",\"potentialAction\":[{\"@type\":\"SearchAction\",\"target\":{\"@type\":\"EntryPoint\",\"urlTemplate\":\"https:\\\/\\\/www.bioblend.com\\\/?s={search_term_string}\"},\"query-input\":{\"@type\":\"PropertyValueSpecification\",\"valueRequired\":true,\"valueName\":\"search_term_string\"}}],\"inLanguage\":\"fr-CA\"}]}<\/script>\n<!-- \/ Yoast SEO plugin. -->","yoast_head_json":{"title":"What Hydraulic Fluid to Use - BioBlend Lubricants &amp; Industrial Products","robots":{"index":"index","follow":"follow","max-snippet":"max-snippet:-1","max-image-preview":"max-image-preview:large","max-video-preview":"max-video-preview:-1"},"canonical":"https:\/\/www.bioblend.com\/fr\/what-hydraulic-fluid-to-use\/","og_locale":"fr_CA","og_type":"article","og_title":"What Hydraulic Fluid to Use - BioBlend Lubricants &amp; Industrial Products","og_description":"There are many different fields in which hydraulic systems provide essential functions!\u00a0 Mechanic shops rely on them to power car lifts. They can be located in the booms of various construction machinery.\u00a0 Hydraulic systems are surprisingly common and necessitate specific hydraulic fluid. But how do you know what hydraulic fluid to use? &nbsp; Types of [&hellip;]","og_url":"https:\/\/www.bioblend.com\/fr\/what-hydraulic-fluid-to-use\/","og_site_name":"BioBlend Lubricants &amp; Industrial Products","article_modified_time":"2024-11-21T13:46:46+00:00","og_image":[{"url":"http:\/\/www.bioblend.com\/wp-content\/uploads\/What-Hydraulic-Fluid-to-Use.jpg","type":"","width":"","height":""}],"twitter_card":"summary_large_image","twitter_misc":{"Estimation du temps de lecture":"4 minutes"},"schema":{"@context":"https:\/\/schema.org","@graph":[{"@type":"WebPage","@id":"https:\/\/www.bioblend.com\/what-hydraulic-fluid-to-use\/","url":"https:\/\/www.bioblend.com\/what-hydraulic-fluid-to-use\/","name":"What Hydraulic Fluid to Use - BioBlend Lubricants &amp; Industrial Products","isPartOf":{"@id":"https:\/\/www.bioblend.com\/#website"},"primaryImageOfPage":{"@id":"https:\/\/www.bioblend.com\/what-hydraulic-fluid-to-use\/#primaryimage"},"image":{"@id":"https:\/\/www.bioblend.com\/what-hydraulic-fluid-to-use\/#primaryimage"},"thumbnailUrl":"https:\/\/www.bioblend.com\/wp-content\/uploads\/What-Hydraulic-Fluid-to-Use.jpg","datePublished":"2022-08-16T17:32:30+00:00","dateModified":"2024-11-21T13:46:46+00:00","breadcrumb":{"@id":"https:\/\/www.bioblend.com\/what-hydraulic-fluid-to-use\/#breadcrumb"},"inLanguage":"fr-CA","potentialAction":[{"@type":"ReadAction","target":["https:\/\/www.bioblend.com\/what-hydraulic-fluid-to-use\/"]}]},{"@type":"ImageObject","inLanguage":"fr-CA","@id":"https:\/\/www.bioblend.com\/what-hydraulic-fluid-to-use\/#primaryimage","url":"https:\/\/www.bioblend.com\/wp-content\/uploads\/What-Hydraulic-Fluid-to-Use.jpg","contentUrl":"https:\/\/www.bioblend.com\/wp-content\/uploads\/What-Hydraulic-Fluid-to-Use.jpg"},{"@type":"BreadcrumbList","@id":"https:\/\/www.bioblend.com\/what-hydraulic-fluid-to-use\/#breadcrumb","itemListElement":[{"@type":"ListItem","position":1,"name":"Home","item":"https:\/\/www.bioblend.com\/"},{"@type":"ListItem","position":2,"name":"What Hydraulic Fluid to Use"}]},{"@type":"WebSite","@id":"https:\/\/www.bioblend.com\/#website","url":"https:\/\/www.bioblend.com\/","name":"Lubrifiants et produits industriels BioBlend","description":"Lubrifiants biod\u00e9gradables et produits industriels pour une synergie environnementale","potentialAction":[{"@type":"SearchAction","target":{"@type":"EntryPoint","urlTemplate":"https:\/\/www.bioblend.com\/?s={search_term_string}"},"query-input":{"@type":"PropertyValueSpecification","valueRequired":true,"valueName":"search_term_string"}}],"inLanguage":"fr-CA"}]}},"_links":{"self":[{"href":"https:\/\/www.bioblend.com\/fr\/wp-json\/wp\/v2\/pages\/3594","targetHints":{"allow":["GET"]}}],"collection":[{"href":"https:\/\/www.bioblend.com\/fr\/wp-json\/wp\/v2\/pages"}],"about":[{"href":"https:\/\/www.bioblend.com\/fr\/wp-json\/wp\/v2\/types\/page"}],"author":[{"embeddable":true,"href":"https:\/\/www.bioblend.com\/fr\/wp-json\/wp\/v2\/users\/1"}],"replies":[{"embeddable":true,"href":"https:\/\/www.bioblend.com\/fr\/wp-json\/wp\/v2\/comments?post=3594"}],"version-history":[{"count":0,"href":"https:\/\/www.bioblend.com\/fr\/wp-json\/wp\/v2\/pages\/3594\/revisions"}],"wp:attachment":[{"href":"https:\/\/www.bioblend.com\/fr\/wp-json\/wp\/v2\/media?parent=3594"}],"curies":[{"name":"wp","href":"https:\/\/api.w.org\/{rel}","templated":true}]}}