{"id":3597,"date":"2022-08-16T12:37:29","date_gmt":"2022-08-16T17:37:29","guid":{"rendered":"https:\/\/www.bioblend.com\/?page_id=3597"},"modified":"2022-08-16T12:37:29","modified_gmt":"2022-08-16T17:37:29","slug":"hydraulic-fluid-leaks","status":"publish","type":"page","link":"https:\/\/www.bioblend.com\/fr\/hydraulic-fluid-leaks\/","title":{"rendered":"Que faire en cas de fuite de liquide hydraulique"},"content":{"rendered":"<p><span style=\"font-weight: 400;\">L&#039;hydraulique peut \u00eatre trouv\u00e9e au travail comme un moyen efficace de g\u00e9n\u00e9rer de l&#039;\u00e9nergie m\u00e9canique. L&#039;action hydraulique, dans sa forme la plus simple, est l&#039;utilisation d&#039;un fluide comprim\u00e9 pour effectuer un mouvement.<\/span><\/p>\n<p><img loading=\"lazy\" decoding=\"async\" class=\"aligncenter wp-image-3598 size-full\" src=\"https:\/\/www.bioblend.com\/wp-content\/uploads\/What-to-Do-With-Hydraulic-Fluid-Leaks.jpg\" alt=\"What to Do With Hydraulic Fluid Leaks\" width=\"1024\" height=\"684\" srcset=\"https:\/\/www.bioblend.com\/wp-content\/uploads\/What-to-Do-With-Hydraulic-Fluid-Leaks.jpg 1024w, https:\/\/www.bioblend.com\/wp-content\/uploads\/What-to-Do-With-Hydraulic-Fluid-Leaks-980x655.jpg 980w, https:\/\/www.bioblend.com\/wp-content\/uploads\/What-to-Do-With-Hydraulic-Fluid-Leaks-480x321.jpg 480w\" sizes=\"(min-width: 0px) and (max-width: 480px) 480px, (min-width: 481px) and (max-width: 980px) 980px, (min-width: 981px) 1024px, 100vw\" \/><\/p>\n<p><span style=\"font-weight: 400;\">Les ascenseurs, les machines de construction, les amortisseurs, les freins, la direction assist\u00e9e et m\u00eame les syst\u00e8mes de direction des engins spatiaux utilisent tous l&#039;hydraulique. Du fait de la lev\u00e9e importante de ce syst\u00e8me, tout <\/span><a href=\"https:\/\/www.bioblend.com\/fr\/categorie-produit\/hydraulic-circulating-oil\/\" target=\"_blank\" rel=\"noopener\">fluide hydraulique<\/a> fuites<span style=\"font-weight: 400;\"> doit \u00eatre corrig\u00e9 au plus vite !<\/span><\/p>\n<p>&nbsp;<\/p>\n<h2><b>Conseils utiles pour r\u00e9parer les fuites de fluide hydraulique<\/b><\/h2>\n<p><span style=\"font-weight: 400;\">L&#039;emplacement d&#039;une fuite doit alors \u00eatre d\u00e9termin\u00e9. Pour cela, retirez la pression du syst\u00e8me et examinez les joints, les connecteurs et les joints \u00e0 l&#039;aide de gants de protection.\u00a0<\/span><\/p>\n<p><span style=\"font-weight: 400;\">Les raccords et raccords qui fuient peuvent souvent \u00eatre r\u00e9par\u00e9s en les serrant simplement. Il peut \u00eatre n\u00e9cessaire de remplacer les joints et les flexibles us\u00e9s.<\/span><\/p>\n<h3><b>Astuce 1 : Si vous trouvez une fuite, r\u00e9parez-la le plus rapidement possible.<\/b><\/h3>\n<p><span style=\"font-weight: 400;\">Une fuite ext\u00e9rieure est \u00e9vidente \u00e0 l&#039;\u0153il nu. Ne le mettez plus. Une fuite dans votre syst\u00e8me hydraulique peut laisser pr\u00e9sager un probl\u00e8me plus important affectant les performances et l&#039;efficacit\u00e9. Trouvez une solution rapide au probl\u00e8me.<\/span><\/p>\n<h3><b>Astuce 2 : Utilisez toujours des gants de protection lorsque vous manipulez du fluide hydraulique.<\/b><\/h3>\n<p><span style=\"font-weight: 400;\">\u00c9vitez d&#039;utiliser votre main nue pour trouver des fuites. Des br\u00fblures caus\u00e9es par un fluide hydraulique \u00e0 300\u00a0\u00b0F ou plus peuvent survenir en quelques minutes. Les fuites de liquides \u00e0 grande vitesse peuvent \u00eatre d\u00e9vastatrices si elles touchent votre main. Cette blessure n\u00e9cessite un traitement m\u00e9dical imm\u00e9diat, peut entra\u00eener une amputation et enfreint les r\u00e8gles de s\u00e9curit\u00e9. Il faut se m\u00e9fier.<\/span><\/p>\n<h3><b>Astuce 3 : S&#039;il y a une fuite, aucune flamme ne doit l&#039;entourer.<\/b><\/h3>\n<p><span style=\"font-weight: 400;\">Assurez-vous toujours de garder tout type de flamme au moins \u00e0 une distance de s\u00e9curit\u00e9 de tout type de point de fuite. Malheureusement, des nuages de vapeur combustible peuvent \u00eatre produits m\u00eame par les fuites les plus mineures, qui sont souvent n\u00e9glig\u00e9es.\u00a0<\/span><\/p>\n<h3><b>Astuce 4 : Baissez la pression dans le syst\u00e8me.<\/b><\/h3>\n<p><span style=\"font-weight: 400;\">La pression doit \u00eatre supprim\u00e9e avant de v\u00e9rifier un syst\u00e8me hydraulique. Il retient m\u00eame si les liquides s&#039;\u00e9coulent lentement. La d\u00e9pressurisation du syst\u00e8me r\u00e9duit le risque d&#039;\u00e9clatement du fluide hydraulique pendant l&#039;examen. Apr\u00e8s l&#039;arr\u00eat, du liquide emprisonn\u00e9 et une contre-pression peuvent subsister. M\u00eame lorsque le syst\u00e8me est \u00e9teint, soyez prudent.<\/span><\/p>\n<h3><b>Astuce 5 : Assurez-vous toujours que votre lubrification est \u00e0 la hauteur.<\/b><\/h3>\n<p><span style=\"font-weight: 400;\">Les lubrifiants contamin\u00e9s causent 80% de pannes de machines et d&#039;\u00e9quipements. La surchauffe provoque une oxydation, et la salet\u00e9, l&#039;eau et les m\u00e9taux us\u00e9s provoquent une contamination et des fuites. Un raccord tomb\u00e9 avant le remontage pourrait polluer le syst\u00e8me hydraulique.\u00a0<\/span><\/p>\n<h3><b>Astuce 6 : Vous devez nettoyer vos prises et connecteurs<\/b><\/h3>\n<p><span style=\"font-weight: 400;\">Avant de remplacer un raccord, nettoyez les extr\u00e9mit\u00e9s. Il maintient le syst\u00e8me hydraulique propre. Une rondelle conique peut emp\u00eacher les joints \u00e9vas\u00e9s de fuir. L&#039;utilisation de raccords filet\u00e9s avec un joint en \u00e9lastom\u00e8re assurera l&#039;\u00e9tanch\u00e9it\u00e9 \u00e0 l&#039;eau.<\/span><\/p>\n<h3><b>Astuce 7 : Changez les joints toriques et autres raccords si n\u00e9cessaire.<\/b><\/h3>\n<p><span style=\"font-weight: 400;\">M\u00eame si vous remontez un raccord r\u00e9utilisable, vous devez toujours remplacer les joints toriques. Un joint torique endommag\u00e9 ne fournira plus une \u00e9tanch\u00e9it\u00e9 fiable apr\u00e8s avoir \u00e9t\u00e9 remont\u00e9. Le remplacement d&#039;un raccord est toujours plus rentable que l&#039;achat d&#039;une machine neuve.<\/span><\/p>\n<h3><b>Astuce 8 : Utilisez toujours le bon couple de serrage lors du serrage.<\/b><\/h3>\n<p><span style=\"font-weight: 400;\">Si le couple appliqu\u00e9 \u00e0 un joint \u00e9vas\u00e9 est trop faible, le si\u00e8ge n&#039;entrera pas en contact avec le tube, et s&#039;il est trop \u00e9lev\u00e9, le connecteur et le tube pourraient \u00eatre endommag\u00e9s. Un serrage excessif ou insuffisant d&#039;un joint de compression peut provoquer un \u00ab \u00e9crasement \u00bb trop ou trop faible de la virole. De temps en temps, une fuite de liquide peut \u00eatre attribu\u00e9e \u00e0 une cause simple : un \u00e9crou qui s&#039;est desserr\u00e9. Pour r\u00e9soudre ce probl\u00e8me, serrez simplement l&#039;\u00e9crou.\u00a0<\/span><\/p>\n<h3><b>Astuce 9 : \u00c9tablissez une routine d&#039;entretien.<\/b><\/h3>\n<p><span style=\"font-weight: 400;\">Il existe une corr\u00e9lation entre les inspections des flexibles et des raccords et la fr\u00e9quence des probl\u00e8mes inattendus. Assurez-vous qu&#039;il n&#039;y a pas de fuites, de fissures ou de cloques. Changez les filtres et essuyez r\u00e9guli\u00e8rement les machines. Gardez un \u0153il sur les gouttes hydrauliques\u00a0; si vous le voyez, recherchez la source de la fuite avant qu&#039;elle ne cause des dommages ou des d\u00e9penses graves.<\/span><\/p>\n<p>&nbsp;<\/p>\n<h2><b>Tra\u00e7age efficace des fuites de fluide hydraulique<\/b><\/h2>\n<ul>\n<li aria-level=\"1\"><b>Inspections fr\u00e9quentes<\/b><\/li>\n<\/ul>\n<p><span style=\"font-weight: 400;\">Chaque machine doit faire v\u00e9rifier ses fuites dans le cadre de son entretien r\u00e9gulier. Un contr\u00f4le visuel fera tr\u00e8s bien l&#039;affaire. Allumez la machine, mettez-la \u00e0 la pression de fonctionnement, puis v\u00e9rifiez s&#039;il y a des fuites ou des gouttes de liquide en inspectant visuellement tous les tuyaux et les points de connexion. Recherchez \u00e9galement des flaques d&#039;eau ou d&#039;autres endroits humides inhabituels sur le sol autour de la machine, car ils pourraient \u00eatre des signes d&#039;une fuite ext\u00e9rieure.<\/span><\/p>\n<ul>\n<li aria-level=\"1\"><b>Surveillance des niveaux de liquide<\/b><\/li>\n<\/ul>\n<p><span style=\"font-weight: 400;\">Les fuites externes entra\u00eeneront une baisse des niveaux de liquide du syst\u00e8me\u00a0; ainsi, la surveillance de ces niveaux est une m\u00e9thode pr\u00e9cieuse pour rester inform\u00e9 de tout changement. Avoir des dossiers organis\u00e9s sera utile. La compr\u00e9hension de la quantit\u00e9 de liquide perdue du syst\u00e8me pendant le fonctionnement normal peut \u00eatre d\u00e9termin\u00e9e en notant quand et combien de liquide a \u00e9t\u00e9 r\u00e9approvisionn\u00e9 au fil du temps. Un aper\u00e7u de cela aidera \u00e0 d\u00e9tecter les \u00e9carts par rapport \u00e0 la norme, ce qui peut signaler la pr\u00e9sence d&#039;une fuite dans le syst\u00e8me et n\u00e9cessiter une r\u00e9paration.<\/span><\/p>\n<ul>\n<li style=\"font-weight: 400;\" aria-level=\"1\"><b>Localisation de l&#039;origine de la fuite hydraulique<\/b><\/li>\n<\/ul>\n<p><span style=\"font-weight: 400;\">Il peut \u00eatre difficile de localiser la source de la fuite si du liquide s&#039;\u00e9coule d&#039;autres zones de l&#039;appareil. Par exemple, du liquide peut couler de la connexion du tuyau \u00e0 la valve, mais le tuyau lui-m\u00eame peut \u00eatre divis\u00e9 en deux, le liquide se d\u00e9pla\u00e7ant sur toute la longueur du tuyau avant de s&#039;\u00e9goutter au niveau de la connexion.<\/span><\/p>\n<p>&nbsp;<\/p>\n<h2><b>Probl\u00e8mes caus\u00e9s par les fuites de fluide hydraulique<\/b><\/h2>\n<p><span style=\"font-weight: 400;\">Les fuites provenant de l&#039;ext\u00e9rieur peuvent avoir des effets consid\u00e9rables, notamment sur les b\u00e9n\u00e9fices, le bien-\u00eatre des employ\u00e9s et la qualit\u00e9 de l&#039;environnement. Plus particuli\u00e8rement, certains des probl\u00e8mes sont:<\/span><\/p>\n<h3><b>1. Fluide consommable<\/b><\/h3>\n<p><span style=\"font-weight: 400;\">Un probl\u00e8me important est une perte de liquide. Chaque fois qu&#039;une goutte est perdue, elle doit \u00eatre remplac\u00e9e \u00e0 un co\u00fbt.<\/span><\/p>\n<h3><b>2. Produire de la chaleur<\/b><\/h3>\n<p><span style=\"font-weight: 400;\">Des niveaux de liquide inad\u00e9quats dans le syst\u00e8me peuvent entra\u00eener une surchauffe, une accumulation de vernis et une d\u00e9faillance pr\u00e9coce des tuyaux et des joints. Le maintien d&#039;une temp\u00e9rature constante pour l&#039;huile hydraulique contient des d\u00e9tails suppl\u00e9mentaires.<\/span><\/p>\n<h3><b>3. Pollution et autres dangers \u00e9cologiques<\/b><\/h3>\n<p><span style=\"font-weight: 400;\">Les fuites de liquide des engins mobiles peuvent \u00eatre particuli\u00e8rement probl\u00e9matiques car elles risquent de polluer l&#039;environnement et sont difficiles \u00e0 nettoyer. Les fuites petites ou d\u00e9couvertes causeront moins de dommages \u00e9cologiques, mais des fuites plus importantes peuvent avoir de graves cons\u00e9quences. Les incidents de glissade et de chute, toujours une source importante de blessures sur le lieu de travail, peuvent \u00eatre provoqu\u00e9s par l&#039;huile hydraulique qui s&#039;est accumul\u00e9e sur le sol dans les environnements industriels.<\/span><\/p>\n<h3><b>4. Contamination toxique du syst\u00e8me<\/b><\/h3>\n<p><span style=\"font-weight: 400;\">Les fuites externes forment des ponts entre le monde ext\u00e9rieur et le fluide hydraulique. Si la fissure est suffisamment grande, des particules peuvent p\u00e9n\u00e9trer dans l&#039;espace laiss\u00e9 par le fluide. La contamination des fluides contribue de mani\u00e8re significative \u00e0 la d\u00e9t\u00e9rioration et \u00e0 la d\u00e9faillance \u00e9ventuelle des syst\u00e8mes hydrauliques. Il est indispensable lorsque la machine est utilis\u00e9e dans un environnement mobile, o\u00f9 elle est fr\u00e9quemment expos\u00e9e \u00e0 la salet\u00e9.<\/span><\/p>","protected":false},"excerpt":{"rendered":"<p>Hydraulics can be found at work as an effective means of generating mechanical energy. Hydraulic action, in its simplest form, is the use of compressed fluid to effect motion. Lifts, construction machinery, shock absorbers, brakes, power steering, and even the steering systems of spacecraft all use hydraulics. Because of this system&#8217;s significant lifting, any hydraulic [&hellip;]<\/p>\n","protected":false},"author":1,"featured_media":0,"parent":0,"menu_order":0,"comment_status":"closed","ping_status":"closed","template":"","meta":{"_et_pb_use_builder":"","_et_pb_old_content":"","_et_gb_content_width":"","inline_featured_image":false,"footnotes":""},"class_list":["post-3597","page","type-page","status-publish","hentry"],"yoast_head":"<!-- This site is optimized with the Yoast SEO plugin v27.5 - https:\/\/yoast.com\/product\/yoast-seo-wordpress\/ -->\n<title>What to Do With Hydraulic Fluid Leaks - BioBlend Lubricants &amp; Industrial Products<\/title>\n<meta name=\"robots\" content=\"index, follow, max-snippet:-1, max-image-preview:large, max-video-preview:-1\" \/>\n<link rel=\"canonical\" href=\"https:\/\/www.bioblend.com\/fr\/hydraulic-fluid-leaks\/\" \/>\n<meta property=\"og:locale\" content=\"fr_CA\" \/>\n<meta property=\"og:type\" content=\"article\" \/>\n<meta property=\"og:title\" content=\"What to Do With Hydraulic Fluid Leaks - BioBlend Lubricants &amp; Industrial Products\" \/>\n<meta property=\"og:description\" content=\"Hydraulics can be found at work as an effective means of generating mechanical energy. Hydraulic action, in its simplest form, is the use of compressed fluid to effect motion. Lifts, construction machinery, shock absorbers, brakes, power steering, and even the steering systems of spacecraft all use hydraulics. Because of this system&#8217;s significant lifting, any hydraulic [&hellip;]\" \/>\n<meta property=\"og:url\" content=\"https:\/\/www.bioblend.com\/fr\/hydraulic-fluid-leaks\/\" \/>\n<meta property=\"og:site_name\" content=\"BioBlend Lubricants &amp; Industrial Products\" \/>\n<meta property=\"og:image\" content=\"http:\/\/www.bioblend.com\/wp-content\/uploads\/What-to-Do-With-Hydraulic-Fluid-Leaks.jpg\" \/>\n<meta name=\"twitter:card\" content=\"summary_large_image\" \/>\n<meta name=\"twitter:label1\" content=\"Estimation du temps de lecture\" \/>\n\t<meta name=\"twitter:data1\" content=\"5 minutes\" \/>\n<script type=\"application\/ld+json\" class=\"yoast-schema-graph\">{\"@context\":\"https:\\\/\\\/schema.org\",\"@graph\":[{\"@type\":\"WebPage\",\"@id\":\"https:\\\/\\\/www.bioblend.com\\\/hydraulic-fluid-leaks\\\/\",\"url\":\"https:\\\/\\\/www.bioblend.com\\\/hydraulic-fluid-leaks\\\/\",\"name\":\"What to Do With Hydraulic Fluid Leaks - BioBlend Lubricants &amp; Industrial Products\",\"isPartOf\":{\"@id\":\"https:\\\/\\\/www.bioblend.com\\\/#website\"},\"primaryImageOfPage\":{\"@id\":\"https:\\\/\\\/www.bioblend.com\\\/hydraulic-fluid-leaks\\\/#primaryimage\"},\"image\":{\"@id\":\"https:\\\/\\\/www.bioblend.com\\\/hydraulic-fluid-leaks\\\/#primaryimage\"},\"thumbnailUrl\":\"https:\\\/\\\/www.bioblend.com\\\/wp-content\\\/uploads\\\/What-to-Do-With-Hydraulic-Fluid-Leaks.jpg\",\"datePublished\":\"2022-08-16T17:37:29+00:00\",\"breadcrumb\":{\"@id\":\"https:\\\/\\\/www.bioblend.com\\\/hydraulic-fluid-leaks\\\/#breadcrumb\"},\"inLanguage\":\"fr-CA\",\"potentialAction\":[{\"@type\":\"ReadAction\",\"target\":[\"https:\\\/\\\/www.bioblend.com\\\/hydraulic-fluid-leaks\\\/\"]}]},{\"@type\":\"ImageObject\",\"inLanguage\":\"fr-CA\",\"@id\":\"https:\\\/\\\/www.bioblend.com\\\/hydraulic-fluid-leaks\\\/#primaryimage\",\"url\":\"https:\\\/\\\/www.bioblend.com\\\/wp-content\\\/uploads\\\/What-to-Do-With-Hydraulic-Fluid-Leaks.jpg\",\"contentUrl\":\"https:\\\/\\\/www.bioblend.com\\\/wp-content\\\/uploads\\\/What-to-Do-With-Hydraulic-Fluid-Leaks.jpg\"},{\"@type\":\"BreadcrumbList\",\"@id\":\"https:\\\/\\\/www.bioblend.com\\\/hydraulic-fluid-leaks\\\/#breadcrumb\",\"itemListElement\":[{\"@type\":\"ListItem\",\"position\":1,\"name\":\"Home\",\"item\":\"https:\\\/\\\/www.bioblend.com\\\/\"},{\"@type\":\"ListItem\",\"position\":2,\"name\":\"What to Do With Hydraulic Fluid Leaks\"}]},{\"@type\":\"WebSite\",\"@id\":\"https:\\\/\\\/www.bioblend.com\\\/#website\",\"url\":\"https:\\\/\\\/www.bioblend.com\\\/\",\"name\":\"BioBlend Lubricants &amp; Industrial Products\",\"description\":\"Biodegradable Lubricants and Industrial Products for Environmental Synergy\",\"potentialAction\":[{\"@type\":\"SearchAction\",\"target\":{\"@type\":\"EntryPoint\",\"urlTemplate\":\"https:\\\/\\\/www.bioblend.com\\\/?s={search_term_string}\"},\"query-input\":{\"@type\":\"PropertyValueSpecification\",\"valueRequired\":true,\"valueName\":\"search_term_string\"}}],\"inLanguage\":\"fr-CA\"}]}<\/script>\n<!-- \/ Yoast SEO plugin. -->","yoast_head_json":{"title":"What to Do With Hydraulic Fluid Leaks - BioBlend Lubricants &amp; Industrial Products","robots":{"index":"index","follow":"follow","max-snippet":"max-snippet:-1","max-image-preview":"max-image-preview:large","max-video-preview":"max-video-preview:-1"},"canonical":"https:\/\/www.bioblend.com\/fr\/hydraulic-fluid-leaks\/","og_locale":"fr_CA","og_type":"article","og_title":"What to Do With Hydraulic Fluid Leaks - BioBlend Lubricants &amp; Industrial Products","og_description":"Hydraulics can be found at work as an effective means of generating mechanical energy. Hydraulic action, in its simplest form, is the use of compressed fluid to effect motion. Lifts, construction machinery, shock absorbers, brakes, power steering, and even the steering systems of spacecraft all use hydraulics. Because of this system&#8217;s significant lifting, any hydraulic [&hellip;]","og_url":"https:\/\/www.bioblend.com\/fr\/hydraulic-fluid-leaks\/","og_site_name":"BioBlend Lubricants &amp; Industrial Products","og_image":[{"url":"http:\/\/www.bioblend.com\/wp-content\/uploads\/What-to-Do-With-Hydraulic-Fluid-Leaks.jpg","type":"","width":"","height":""}],"twitter_card":"summary_large_image","twitter_misc":{"Estimation du temps de lecture":"5 minutes"},"schema":{"@context":"https:\/\/schema.org","@graph":[{"@type":"WebPage","@id":"https:\/\/www.bioblend.com\/hydraulic-fluid-leaks\/","url":"https:\/\/www.bioblend.com\/hydraulic-fluid-leaks\/","name":"What to Do With Hydraulic Fluid Leaks - BioBlend Lubricants &amp; Industrial Products","isPartOf":{"@id":"https:\/\/www.bioblend.com\/#website"},"primaryImageOfPage":{"@id":"https:\/\/www.bioblend.com\/hydraulic-fluid-leaks\/#primaryimage"},"image":{"@id":"https:\/\/www.bioblend.com\/hydraulic-fluid-leaks\/#primaryimage"},"thumbnailUrl":"https:\/\/www.bioblend.com\/wp-content\/uploads\/What-to-Do-With-Hydraulic-Fluid-Leaks.jpg","datePublished":"2022-08-16T17:37:29+00:00","breadcrumb":{"@id":"https:\/\/www.bioblend.com\/hydraulic-fluid-leaks\/#breadcrumb"},"inLanguage":"fr-CA","potentialAction":[{"@type":"ReadAction","target":["https:\/\/www.bioblend.com\/hydraulic-fluid-leaks\/"]}]},{"@type":"ImageObject","inLanguage":"fr-CA","@id":"https:\/\/www.bioblend.com\/hydraulic-fluid-leaks\/#primaryimage","url":"https:\/\/www.bioblend.com\/wp-content\/uploads\/What-to-Do-With-Hydraulic-Fluid-Leaks.jpg","contentUrl":"https:\/\/www.bioblend.com\/wp-content\/uploads\/What-to-Do-With-Hydraulic-Fluid-Leaks.jpg"},{"@type":"BreadcrumbList","@id":"https:\/\/www.bioblend.com\/hydraulic-fluid-leaks\/#breadcrumb","itemListElement":[{"@type":"ListItem","position":1,"name":"Home","item":"https:\/\/www.bioblend.com\/"},{"@type":"ListItem","position":2,"name":"What to Do With Hydraulic Fluid Leaks"}]},{"@type":"WebSite","@id":"https:\/\/www.bioblend.com\/#website","url":"https:\/\/www.bioblend.com\/","name":"Lubrifiants et produits industriels BioBlend","description":"Lubrifiants biod\u00e9gradables et produits industriels pour une synergie environnementale","potentialAction":[{"@type":"SearchAction","target":{"@type":"EntryPoint","urlTemplate":"https:\/\/www.bioblend.com\/?s={search_term_string}"},"query-input":{"@type":"PropertyValueSpecification","valueRequired":true,"valueName":"search_term_string"}}],"inLanguage":"fr-CA"}]}},"_links":{"self":[{"href":"https:\/\/www.bioblend.com\/fr\/wp-json\/wp\/v2\/pages\/3597","targetHints":{"allow":["GET"]}}],"collection":[{"href":"https:\/\/www.bioblend.com\/fr\/wp-json\/wp\/v2\/pages"}],"about":[{"href":"https:\/\/www.bioblend.com\/fr\/wp-json\/wp\/v2\/types\/page"}],"author":[{"embeddable":true,"href":"https:\/\/www.bioblend.com\/fr\/wp-json\/wp\/v2\/users\/1"}],"replies":[{"embeddable":true,"href":"https:\/\/www.bioblend.com\/fr\/wp-json\/wp\/v2\/comments?post=3597"}],"version-history":[{"count":0,"href":"https:\/\/www.bioblend.com\/fr\/wp-json\/wp\/v2\/pages\/3597\/revisions"}],"wp:attachment":[{"href":"https:\/\/www.bioblend.com\/fr\/wp-json\/wp\/v2\/media?parent=3597"}],"curies":[{"name":"wp","href":"https:\/\/api.w.org\/{rel}","templated":true}]}}