{"id":3770,"date":"2022-11-29T11:51:26","date_gmt":"2022-11-29T17:51:26","guid":{"rendered":"https:\/\/www.bioblend.com\/?page_id=3770"},"modified":"2025-06-11T10:26:07","modified_gmt":"2025-06-11T15:26:07","slug":"biodegradable-lubricants-vs-bio-based","status":"publish","type":"page","link":"https:\/\/www.bioblend.com\/fr\/biodegradable-lubricants-vs-bio-based\/","title":{"rendered":"Lubrifiants biod\u00e9gradables vs biosourc\u00e9s : quelle est la diff\u00e9rence ?"},"content":{"rendered":"<p>People have trouble with terms like &#8220;bio-based&#8221; and &#8220;<a href=\"https:\/\/www.bioblend.com\/fr\/just-what-is-a-biodegradable-lubricant\/\">biodegradable<\/a>&#8221; when talking about <a href=\"https:\/\/www.bioblend.com\/fr\/environmental-friendly-lubricants\/\">lubrifiants respectueux de l&#039;environnement<\/a> because they are still relatively new and not as clearly defined as other lubrication ideas. As the demand for environmentally friendly lubricants grows, understanding the differences between biodegradable and bio-based options becomes critical. At <a href=\"https:\/\/www.bioblend.com\/fr\/\"><strong>BioBlend<\/strong><\/a>, we specialize in providing innovative, sustainable lubrication solutions that meet both regulatory and operational requirements.<\/p>\n<p><img loading=\"lazy\" decoding=\"async\" class=\"aligncenter size-full wp-image-3772\" src=\"https:\/\/www.bioblend.com\/wp-content\/uploads\/Biodegradable-Lubricants-vs.-Bio-Based-Whats-the-Difference.jpg\" alt=\"Biodegradable Lubricants vs. Bio-Based What\u2019s the Difference\" width=\"1024\" height=\"684\" srcset=\"https:\/\/www.bioblend.com\/wp-content\/uploads\/Biodegradable-Lubricants-vs.-Bio-Based-Whats-the-Difference.jpg 1024w, https:\/\/www.bioblend.com\/wp-content\/uploads\/Biodegradable-Lubricants-vs.-Bio-Based-Whats-the-Difference-980x655.jpg 980w, https:\/\/www.bioblend.com\/wp-content\/uploads\/Biodegradable-Lubricants-vs.-Bio-Based-Whats-the-Difference-480x321.jpg 480w\" sizes=\"(min-width: 0px) and (max-width: 480px) 480px, (min-width: 481px) and (max-width: 980px) 980px, (min-width: 981px) 1024px, 100vw\" \/><\/p>\n<p>Il est crucial d&#039;utiliser la terminologie correcte et de comprendre pourquoi ces mots ne doivent pas \u00eatre utilis\u00e9s de mani\u00e8re interchangeable lors de la discussion sur ces lubrifiants.<\/p>\n<h2><b>Comprendre le lubrifiant biod\u00e9gradable<\/b><\/h2>\n<p><span style=\"font-weight: 400;\">Lorsqu&#039;on se r\u00e9f\u00e8re \u00e0 la source d&#039;un lubrifiant, le terme \u00ab biosourc\u00e9 \u00bb est utilis\u00e9. Le stock de base du lubrifiant est fabriqu\u00e9 \u00e0 partir d&#039;une mati\u00e8re premi\u00e8re renouvelable r\u00e9colt\u00e9e chaque ann\u00e9e. Les produits d\u00e9riv\u00e9s du soja, du colza et des graines de tournesol sont tous des exemples de ces mati\u00e8res premi\u00e8res.\u00a0<\/span><\/p>\n<p><span style=\"font-weight: 400;\">Despite having <a href=\"https:\/\/www.bioblend.com\/fr\/bioblend-lubricants-off-the-charts-lubricity\/\">desirable lubricity<\/a>, flash point, and <a href=\"https:\/\/www.bioblend.com\/fr\/hydraulic-fluid-viscosity\/\">viscosity index characteristics<\/a>, these base stocks are frequently subpar in terms of oxidation stability. Although they are not widely used, they have a place in <a href=\"https:\/\/www.bioblend.com\/fr\/categorie-produit\/hydraulic-circulating-oil\/\">hydraulics<\/a>, total-loss systems, and other environmentally delicate contexts. Products like <a href=\"https:\/\/www.bioblend.com\/fr\/produit\/bioflo-aw\/\" target=\"_new\" rel=\"noopener\">BioFlo AW<\/a> address these challenges. This anti-wear hydraulic fluid is formulated from renewable basestocks, offering excellent thermal and oxidative stability. With minimal viscosity change across a broad temperature range, BioFlo AW is ideal for environmentally sensitive hydraulic systems in industries like <a href=\"https:\/\/www.bioblend.com\/fr\/industries\/construction-equipment\/\">construction<\/a>, <a href=\"https:\/\/www.bioblend.com\/fr\/industries\/marine\/\">Marin<\/a>, <a href=\"https:\/\/www.bioblend.com\/fr\/industries\/agriculture\/\">agriculture<\/a>, and more.<\/span><\/p>\n<h2><b>Comprendre le lubrifiant biosourc\u00e9<\/b><\/h2>\n<p><span style=\"font-weight: 400;\">Alors que <\/span><span style=\"font-weight: 400;\">lubrifiants biosourc\u00e9s<\/span><span style=\"font-weight: 400;\"> sont d\u00e9finis par leur processus de production, les lubrifiants biod\u00e9gradables sont d\u00e9finis par leur processus de d\u00e9composition. Il tient compte de l&#039;objectif du lubrifiant, de sa dur\u00e9e de vie dans l&#039;environnement et de la probabilit\u00e9 d&#039;une d\u00e9gradation environnementale si le lubrifiant est expos\u00e9.<\/span><\/p>\n<h2><b>Caract\u00e9ristiques distinctives entre lubrifiant biod\u00e9gradable et lubrifiant biosourc\u00e9<\/b><\/h2>\n<p><span style=\"font-weight: 400;\">La distinction entre lubrifiants biod\u00e9gradables et biosourc\u00e9s est essentielle. M\u00eame si certains lubrifiants sont fabriqu\u00e9s \u00e0 partir de ressources renouvelables, cela ne signifie pas qu&#039;ils sont biod\u00e9gradables.\u00a0<\/span><\/p>\n<ul>\n<li style=\"font-weight: 400;\" aria-level=\"1\"><span style=\"font-weight: 400;\">L&#039;huile lubrifiante peut contenir plus que le lubrifiant biosourc\u00e9 comme huile de base.<\/span><\/li>\n<li style=\"font-weight: 400;\" aria-level=\"1\"><span style=\"font-weight: 400;\">le stock de base biosourc\u00e9, bien que g\u00e9n\u00e9ralement d&#039;origine agricole, n&#039;est pas toujours biod\u00e9gradable. Certaines huiles lubrifiantes de base synth\u00e9tiques, d&#039;autre part, ont des avantages biod\u00e9gradables.<\/span><\/li>\n<\/ul>\n<p><span style=\"font-weight: 400;\">Supposons que vous connaissiez ces distinctions et compreniez que des param\u00e8tres de test sp\u00e9cifiques existent pour d\u00e9terminer si un lubrifiant est biod\u00e9gradable. Dans ce cas, vous devriez \u00eatre capable d&#039;utiliser les termes corrects lorsque vous parlez de lubrifiants respectueux de l&#039;environnement.<\/span><\/p>\n<h2><b>Trouver les meilleurs lubrifiants biod\u00e9gradables pour vos besoins<\/b><\/h2>\n<p><span style=\"font-weight: 400;\">Lorsque vous essayez de trouver le lubrifiant biod\u00e9gradable adapt\u00e9 \u00e0 vos besoins, il est utile de bien comprendre la gamme d&#039;options disponibles. Que vous utilisiez une huile v\u00e9g\u00e9tale ou un ester synth\u00e9tique comme lubrifiant biod\u00e9gradable, plusieurs d\u00e9tails doivent \u00eatre limpides :<\/span><\/p>\n<ul>\n<li style=\"font-weight: 400;\" aria-level=\"1\"><span style=\"font-weight: 400;\">Les sp\u00e9cifications du fabricant pour votre moteur ou votre machinerie.<\/span><\/li>\n<li style=\"font-weight: 400;\" aria-level=\"1\"><span style=\"font-weight: 400;\">Mandats \u00e9tatiques et f\u00e9d\u00e9raux pour l&#039;utilisation de produits biosourc\u00e9s<\/span><\/li>\n<li style=\"font-weight: 400;\" aria-level=\"1\"><span style=\"font-weight: 400;\">Les caract\u00e9ristiques du produit biod\u00e9gradable<\/span><\/li>\n<\/ul>\n<p>For applications demanding exceptional performance in extreme conditions, <a href=\"https:\/\/www.bioblend.com\/fr\/produit\/bioflo-synthetic-aw\/\" target=\"_new\" rel=\"noopener\">BioFlo Synth\u00e9tique AW<\/a> is a superior choice. This fully synthetic, ester-based hydraulic fluid is readily biodegradable and classified as an Environmentally Acceptable Lubricant (EAL). It provides high thermal stability, minimizes friction and wear, and meets the needs of mobile and industrial hydraulic systems worldwide.<\/p>\n<p>Understanding the differences between biodegradable and bio-based lubricants is essential when choosing environmentally friendly solutions for your machinery. At <a href=\"https:\/\/www.bioblend.com\/fr\/\"><strong>BioBlend<\/strong><\/a>, we offer a wide range of high-performance lubricants that align with your operational needs and environmental goals. Explore products like <a href=\"https:\/\/www.bioblend.com\/fr\/produit\/biogrease-hd\/\" target=\"_new\" rel=\"noopener\">BioGrease HD<\/a> for renewable, high-performance applications or <a href=\"https:\/\/www.bioblend.com\/fr\/produit\/bioflo-hfdu\/\" target=\"_new\" rel=\"noopener\">BioFlo HFDU<\/a> for sensitive environments requiring fire-resistant solutions. Visit our <a href=\"https:\/\/www.bioblend.com\/fr\/products\/\" target=\"_new\" rel=\"noopener\">Products page<\/a> to find the right biodegradable lubricant for your equipment, or contact us today through our <a href=\"https:\/\/www.bioblend.com\/fr\/contact-us\/\" target=\"_new\" rel=\"noopener\">Contact Us page<\/a> for expert guidance.<\/p>","protected":false},"excerpt":{"rendered":"<p>People have trouble with terms like &#8220;bio-based&#8221; and &#8220;biodegradable&#8221; when talking about environmentally friendly lubricants because they are still relatively new and not as clearly defined as other lubrication ideas. As the demand for environmentally friendly lubricants grows, understanding the differences between biodegradable and bio-based options becomes critical. At BioBlend, we specialize in providing innovative, [&hellip;]<\/p>\n","protected":false},"author":1,"featured_media":0,"parent":0,"menu_order":0,"comment_status":"closed","ping_status":"closed","template":"","meta":{"_et_pb_use_builder":"","_et_pb_old_content":"","_et_gb_content_width":"","inline_featured_image":false,"footnotes":""},"class_list":["post-3770","page","type-page","status-publish","hentry"],"yoast_head":"<!-- This site is optimized with the Yoast SEO plugin v27.3 - https:\/\/yoast.com\/product\/yoast-seo-wordpress\/ -->\n<title>Biodegradable Lubricants vs Bio-Based: Learning the Difference<\/title>\n<meta name=\"description\" content=\"Discover the key differences between biodegradable and bio-based lubricants. Learn how each impacts performance and regulatory compliance in your industry.\" \/>\n<meta name=\"robots\" content=\"index, follow, max-snippet:-1, max-image-preview:large, max-video-preview:-1\" \/>\n<link rel=\"canonical\" href=\"https:\/\/www.bioblend.com\/fr\/biodegradable-lubricants-vs-bio-based\/\" \/>\n<meta property=\"og:locale\" content=\"fr_CA\" \/>\n<meta property=\"og:type\" content=\"article\" \/>\n<meta property=\"og:title\" content=\"Biodegradable Lubricants vs Bio-Based: Learning the Difference\" \/>\n<meta property=\"og:description\" content=\"Discover the key differences between biodegradable and bio-based lubricants. Learn how each impacts performance and regulatory compliance in your industry.\" \/>\n<meta property=\"og:url\" content=\"https:\/\/www.bioblend.com\/fr\/biodegradable-lubricants-vs-bio-based\/\" \/>\n<meta property=\"og:site_name\" content=\"BioBlend Lubricants &amp; Industrial Products\" \/>\n<meta property=\"article:modified_time\" content=\"2025-06-11T15:26:07+00:00\" \/>\n<meta property=\"og:image\" content=\"https:\/\/www.bioblend.com\/wp-content\/uploads\/Biodegradable-Lubricants-vs.-Bio-Based-Whats-the-Difference.jpg\" \/>\n\t<meta property=\"og:image:width\" content=\"1024\" \/>\n\t<meta property=\"og:image:height\" content=\"684\" \/>\n\t<meta property=\"og:image:type\" content=\"image\/jpeg\" \/>\n<meta name=\"twitter:card\" content=\"summary_large_image\" \/>\n<meta name=\"twitter:label1\" content=\"Estimation du temps de lecture\" \/>\n\t<meta name=\"twitter:data1\" content=\"3 minutes\" \/>\n<script type=\"application\/ld+json\" class=\"yoast-schema-graph\">{\"@context\":\"https:\\\/\\\/schema.org\",\"@graph\":[{\"@type\":\"WebPage\",\"@id\":\"https:\\\/\\\/www.bioblend.com\\\/biodegradable-lubricants-vs-bio-based\\\/\",\"url\":\"https:\\\/\\\/www.bioblend.com\\\/biodegradable-lubricants-vs-bio-based\\\/\",\"name\":\"Biodegradable Lubricants vs Bio-Based: Learning the Difference\",\"isPartOf\":{\"@id\":\"https:\\\/\\\/www.bioblend.com\\\/#website\"},\"primaryImageOfPage\":{\"@id\":\"https:\\\/\\\/www.bioblend.com\\\/biodegradable-lubricants-vs-bio-based\\\/#primaryimage\"},\"image\":{\"@id\":\"https:\\\/\\\/www.bioblend.com\\\/biodegradable-lubricants-vs-bio-based\\\/#primaryimage\"},\"thumbnailUrl\":\"https:\\\/\\\/www.bioblend.com\\\/wp-content\\\/uploads\\\/Biodegradable-Lubricants-vs.-Bio-Based-Whats-the-Difference.jpg\",\"datePublished\":\"2022-11-29T17:51:26+00:00\",\"dateModified\":\"2025-06-11T15:26:07+00:00\",\"description\":\"Discover the key differences between biodegradable and bio-based lubricants. Learn how each impacts performance and regulatory compliance in your industry.\",\"breadcrumb\":{\"@id\":\"https:\\\/\\\/www.bioblend.com\\\/biodegradable-lubricants-vs-bio-based\\\/#breadcrumb\"},\"inLanguage\":\"fr-CA\",\"potentialAction\":[{\"@type\":\"ReadAction\",\"target\":[\"https:\\\/\\\/www.bioblend.com\\\/biodegradable-lubricants-vs-bio-based\\\/\"]}]},{\"@type\":\"ImageObject\",\"inLanguage\":\"fr-CA\",\"@id\":\"https:\\\/\\\/www.bioblend.com\\\/biodegradable-lubricants-vs-bio-based\\\/#primaryimage\",\"url\":\"https:\\\/\\\/www.bioblend.com\\\/wp-content\\\/uploads\\\/Biodegradable-Lubricants-vs.-Bio-Based-Whats-the-Difference.jpg\",\"contentUrl\":\"https:\\\/\\\/www.bioblend.com\\\/wp-content\\\/uploads\\\/Biodegradable-Lubricants-vs.-Bio-Based-Whats-the-Difference.jpg\"},{\"@type\":\"BreadcrumbList\",\"@id\":\"https:\\\/\\\/www.bioblend.com\\\/biodegradable-lubricants-vs-bio-based\\\/#breadcrumb\",\"itemListElement\":[{\"@type\":\"ListItem\",\"position\":1,\"name\":\"Home\",\"item\":\"https:\\\/\\\/www.bioblend.com\\\/\"},{\"@type\":\"ListItem\",\"position\":2,\"name\":\"Biodegradable Lubricants vs Bio-Based: What\u2019s the Difference?\"}]},{\"@type\":\"WebSite\",\"@id\":\"https:\\\/\\\/www.bioblend.com\\\/#website\",\"url\":\"https:\\\/\\\/www.bioblend.com\\\/\",\"name\":\"BioBlend Lubricants &amp; Industrial Products\",\"description\":\"Biodegradable Lubricants and Industrial Products for Environmental Synergy\",\"potentialAction\":[{\"@type\":\"SearchAction\",\"target\":{\"@type\":\"EntryPoint\",\"urlTemplate\":\"https:\\\/\\\/www.bioblend.com\\\/?s={search_term_string}\"},\"query-input\":{\"@type\":\"PropertyValueSpecification\",\"valueRequired\":true,\"valueName\":\"search_term_string\"}}],\"inLanguage\":\"fr-CA\"}]}<\/script>\n<!-- \/ Yoast SEO plugin. -->","yoast_head_json":{"title":"Biodegradable Lubricants vs Bio-Based: Learning the Difference","description":"Discover the key differences between biodegradable and bio-based lubricants. Learn how each impacts performance and regulatory compliance in your industry.","robots":{"index":"index","follow":"follow","max-snippet":"max-snippet:-1","max-image-preview":"max-image-preview:large","max-video-preview":"max-video-preview:-1"},"canonical":"https:\/\/www.bioblend.com\/fr\/biodegradable-lubricants-vs-bio-based\/","og_locale":"fr_CA","og_type":"article","og_title":"Biodegradable Lubricants vs Bio-Based: Learning the Difference","og_description":"Discover the key differences between biodegradable and bio-based lubricants. Learn how each impacts performance and regulatory compliance in your industry.","og_url":"https:\/\/www.bioblend.com\/fr\/biodegradable-lubricants-vs-bio-based\/","og_site_name":"BioBlend Lubricants &amp; Industrial Products","article_modified_time":"2025-06-11T15:26:07+00:00","og_image":[{"width":1024,"height":684,"url":"https:\/\/www.bioblend.com\/wp-content\/uploads\/Biodegradable-Lubricants-vs.-Bio-Based-Whats-the-Difference.jpg","type":"image\/jpeg"}],"twitter_card":"summary_large_image","twitter_misc":{"Estimation du temps de lecture":"3 minutes"},"schema":{"@context":"https:\/\/schema.org","@graph":[{"@type":"WebPage","@id":"https:\/\/www.bioblend.com\/biodegradable-lubricants-vs-bio-based\/","url":"https:\/\/www.bioblend.com\/biodegradable-lubricants-vs-bio-based\/","name":"Biodegradable Lubricants vs Bio-Based: Learning the Difference","isPartOf":{"@id":"https:\/\/www.bioblend.com\/#website"},"primaryImageOfPage":{"@id":"https:\/\/www.bioblend.com\/biodegradable-lubricants-vs-bio-based\/#primaryimage"},"image":{"@id":"https:\/\/www.bioblend.com\/biodegradable-lubricants-vs-bio-based\/#primaryimage"},"thumbnailUrl":"https:\/\/www.bioblend.com\/wp-content\/uploads\/Biodegradable-Lubricants-vs.-Bio-Based-Whats-the-Difference.jpg","datePublished":"2022-11-29T17:51:26+00:00","dateModified":"2025-06-11T15:26:07+00:00","description":"Discover the key differences between biodegradable and bio-based lubricants. Learn how each impacts performance and regulatory compliance in your industry.","breadcrumb":{"@id":"https:\/\/www.bioblend.com\/biodegradable-lubricants-vs-bio-based\/#breadcrumb"},"inLanguage":"fr-CA","potentialAction":[{"@type":"ReadAction","target":["https:\/\/www.bioblend.com\/biodegradable-lubricants-vs-bio-based\/"]}]},{"@type":"ImageObject","inLanguage":"fr-CA","@id":"https:\/\/www.bioblend.com\/biodegradable-lubricants-vs-bio-based\/#primaryimage","url":"https:\/\/www.bioblend.com\/wp-content\/uploads\/Biodegradable-Lubricants-vs.-Bio-Based-Whats-the-Difference.jpg","contentUrl":"https:\/\/www.bioblend.com\/wp-content\/uploads\/Biodegradable-Lubricants-vs.-Bio-Based-Whats-the-Difference.jpg"},{"@type":"BreadcrumbList","@id":"https:\/\/www.bioblend.com\/biodegradable-lubricants-vs-bio-based\/#breadcrumb","itemListElement":[{"@type":"ListItem","position":1,"name":"Home","item":"https:\/\/www.bioblend.com\/"},{"@type":"ListItem","position":2,"name":"Biodegradable Lubricants vs Bio-Based: What\u2019s the Difference?"}]},{"@type":"WebSite","@id":"https:\/\/www.bioblend.com\/#website","url":"https:\/\/www.bioblend.com\/","name":"Lubrifiants et produits industriels BioBlend","description":"Lubrifiants biod\u00e9gradables et produits industriels pour une synergie environnementale","potentialAction":[{"@type":"SearchAction","target":{"@type":"EntryPoint","urlTemplate":"https:\/\/www.bioblend.com\/?s={search_term_string}"},"query-input":{"@type":"PropertyValueSpecification","valueRequired":true,"valueName":"search_term_string"}}],"inLanguage":"fr-CA"}]}},"_links":{"self":[{"href":"https:\/\/www.bioblend.com\/fr\/wp-json\/wp\/v2\/pages\/3770","targetHints":{"allow":["GET"]}}],"collection":[{"href":"https:\/\/www.bioblend.com\/fr\/wp-json\/wp\/v2\/pages"}],"about":[{"href":"https:\/\/www.bioblend.com\/fr\/wp-json\/wp\/v2\/types\/page"}],"author":[{"embeddable":true,"href":"https:\/\/www.bioblend.com\/fr\/wp-json\/wp\/v2\/users\/1"}],"replies":[{"embeddable":true,"href":"https:\/\/www.bioblend.com\/fr\/wp-json\/wp\/v2\/comments?post=3770"}],"version-history":[{"count":0,"href":"https:\/\/www.bioblend.com\/fr\/wp-json\/wp\/v2\/pages\/3770\/revisions"}],"wp:attachment":[{"href":"https:\/\/www.bioblend.com\/fr\/wp-json\/wp\/v2\/media?parent=3770"}],"curies":[{"name":"wp","href":"https:\/\/api.w.org\/{rel}","templated":true}]}}