{"id":3785,"date":"2022-12-21T06:00:31","date_gmt":"2022-12-21T12:00:31","guid":{"rendered":"https:\/\/www.bioblend.com\/?page_id=3785"},"modified":"2025-06-11T11:57:37","modified_gmt":"2025-06-11T16:57:37","slug":"when-to-use-hydraulic-fluid-additives","status":"publish","type":"page","link":"https:\/\/www.bioblend.com\/fr\/when-to-use-hydraulic-fluid-additives\/","title":{"rendered":"Quand utiliser des additifs pour fluides hydrauliques"},"content":{"rendered":"<p><img loading=\"lazy\" decoding=\"async\" class=\"aligncenter size-full wp-image-3786\" src=\"https:\/\/www.bioblend.com\/wp-content\/uploads\/When-to-Use-Hydraulic-Fluid-Additives.jpg\" alt=\"When to Use Hydraulic Fluid Additives\" width=\"1024\" height=\"684\" srcset=\"https:\/\/www.bioblend.com\/wp-content\/uploads\/When-to-Use-Hydraulic-Fluid-Additives.jpg 1024w, https:\/\/www.bioblend.com\/wp-content\/uploads\/When-to-Use-Hydraulic-Fluid-Additives-980x655.jpg 980w, https:\/\/www.bioblend.com\/wp-content\/uploads\/When-to-Use-Hydraulic-Fluid-Additives-480x321.jpg 480w\" sizes=\"(min-width: 0px) and (max-width: 480px) 480px, (min-width: 481px) and (max-width: 980px) 980px, (min-width: 981px) 1024px, 100vw\" \/><\/p>\n<p>Le fluide dans un syst\u00e8me hydraulique est la principale consid\u00e9ration. Cependant, tous les types d&#039;huile hydraulique ne fonctionnent pas dans toutes les machines. De plus, il n&#039;est pas facile de localiser le fluide optimal pour un syst\u00e8me donn\u00e9.<\/p>\n<p><a href=\"https:\/\/www.bioblend.com\/fr\/categorie-produit\/hydraulic-circulating-oil\/\">Fluide hydraulique<\/a> les additifs trouvent leur application la plus courante. L&#039;huile de base peut \u00eatre modifi\u00e9e pour avoir les caract\u00e9ristiques souhait\u00e9es en ajoutant les additifs appropri\u00e9s. Les additifs d&#039;huile peuvent augmenter les propri\u00e9t\u00e9s souhaitables, r\u00e9duire les propri\u00e9t\u00e9s ind\u00e9sirables ou m\u00eame en ajouter de nouvelles \u00e0 l&#039;huile de base.<\/p>\n<h2><strong>Composants des fluides hydrauliques et leurs significations<\/strong><\/h2>\n<p>Les additifs sont utilis\u00e9s \u00e0 des concentrations allant de 1% \u00e0 35% pour obtenir les propri\u00e9t\u00e9s d&#039;huile souhait\u00e9es. Si le syst\u00e8me est con\u00e7u avec la propri\u00e9t\u00e9 d&#039;huile souhait\u00e9e, il peut utiliser des additifs ou des ensembles d&#039;additifs, des m\u00e9langes d&#039;additifs ou ajouter des ensembles.<br \/>\nParmi les nombreux avantages que les additifs peuvent apporter au fluide, citons l&#039;\u00e9mulsification, l&#039;augmentation de l&#039;alcalinit\u00e9 de r\u00e9serve, la r\u00e9sistance accrue aux pressions extr\u00eames, l&#039;activit\u00e9 des pesticides contre les micro-organismes, le pouvoir lubrifiant limite, l&#039;anti-bu\u00e9e, la stabilit\u00e9 de la temp\u00e9rature, l&#039;am\u00e9lioration de la filtration et la pr\u00e9vention de la rouille.<\/p>\n<h2><strong>Comprendre les additifs pour fluides hydrauliques<\/strong><\/h2>\n<p>Selon leur destination, les additifs pour huile hydraulique peuvent \u00eatre s\u00e9par\u00e9s en additifs tensioactifs et actifs. Les syst\u00e8mes d&#039;additifs peuvent \u00e9galement \u00eatre utilis\u00e9s pour cat\u00e9goriser les huiles hydrauliques.<\/p>\n<h3><strong>1. Inhibiteurs d&#039;usure<\/strong><\/h3>\n<p>Les fluides hydrauliques anti-usure \u00e0 base de zinc, \u00e9galement connus sous le nom de fluides hydrauliques ZDDP, sont le type de fluide hydraulique le plus largement utilis\u00e9.<\/p>\n<p>Les ZDDP sont couramment utilis\u00e9s dans les lubrifiants de carter, les lubrifiants de transmission et une grande vari\u00e9t\u00e9 de lubrifiants industriels car ce sont des agents anti-usure tr\u00e8s \u00e9conomiques.<\/p>\n<h3><strong>2. D\u00e9s\u00e9mulsifiants<\/strong><\/h3>\n<p>L&#039;eau contenue dans le fluide hydraulique peut \u00eatre rapidement \u00e9vacu\u00e9e gr\u00e2ce \u00e0 des d\u00e9s\u00e9mulsifiants, qui aident \u00e0 s\u00e9parer les deux. Une strat\u00e9gie pour emp\u00eacher le mat\u00e9riel de rouiller et de se corroder et de r\u00e9duire les boues du syst\u00e8me consiste \u00e0 \u00e9liminer toute eau disponible du syst\u00e8me.<\/p>\n<p>Les d\u00e9s\u00e9mulsifiants jouent un r\u00f4le crucial dans le fluide, mais ils sont g\u00e9n\u00e9ralement pr\u00e9sents \u00e0 des niveaux de traitement insuffisants, souvent inf\u00e9rieurs \u00e0 100 mg\/kg. Les d\u00e9s\u00e9mulsifiants sont g\u00e9n\u00e9ralement des mini-formulations contenant plusieurs composants tels que des agents de traitement, des compte-gouttes et des clarificateurs.<\/p>\n<h3><strong>3. Antioxydants<\/strong><\/h3>\n<p>Des boues et des vernis peuvent \u00eatre produits lorsque l&#039;oxyg\u00e8ne r\u00e9agit avec une huile de base et des composants additifs, produisant des esp\u00e8ces d&#039;alcool, de peroxyde, d&#039;ald\u00e9hyde, de c\u00e9tone et d&#039;acide carboxylique. L&#039;\u00e9l\u00e9vation de temp\u00e9rature acc\u00e9l\u00e8re ces r\u00e9actions.<\/p>\n<p>Les acides carboxyliques sont un produit de d\u00e9gradation oxydative qui peut favoriser la rouille ou acc\u00e9l\u00e9rer la corrosion des m\u00e9taux jaunes. Les effets nocifs de l&#039;oxydation peuvent \u00eatre \u00e9vit\u00e9s ou att\u00e9nu\u00e9s \u00e0 l&#039;aide de composants antioxydants.<\/p>\n<h3><strong>4. Substances qui emp\u00eachent le cuivre et les m\u00e9taux jaunes de s&#039;oxyder et de rouiller<\/strong><\/h3>\n<p>De nombreuses formes de corrosion \u00e9lectrochimique et chimique peuvent affecter la m\u00e9tallurgie des syst\u00e8mes hydrauliques.<\/p>\n<p>Le mat\u00e9riel fabriqu\u00e9 \u00e0 partir d&#039;alliages de cuivre peut \u00eatre prot\u00e9g\u00e9 de la corrosion avec une passivation au cuivre et au m\u00e9tal jaune, tandis que le mat\u00e9riel fabriqu\u00e9 \u00e0 partir de m\u00e9taux ferreux peut \u00eatre prot\u00e9g\u00e9 de la rouille avec des inhibiteurs de rouille. Les triazoles, une classe de produits chimiques contenant de l&#039;azote, sont couramment utilis\u00e9s pour la passivation en raison de leur grande solubilit\u00e9 dans l&#039;huile et d&#039;autres lipides.<\/p>\n<h3><strong>5. Antimousses<\/strong><\/h3>\n<p>Trop de mousse ou des bulles d&#039;air \u00e0 la surface du fluide peuvent causer des dommages par cavitation, une dur\u00e9e de vie du fluide plus courte en raison de l&#039;oxydation, une mauvaise lubrification de l&#039;\u00e9quipement, une compressibilit\u00e9 accrue du fluide, du bruit et un entra\u00eenement d&#039;air.<\/p>\n<p>Les formulateurs utilisent des agents anti-mousse pour \u00e9viter ces probl\u00e8mes. Les antimousses d\u00e9stabilisent les interfaces air-fluide pour faire s&#039;effondrer les bulles d&#039;air.<\/p>","protected":false},"excerpt":{"rendered":"<p>The fluid in a hydraulic system is the primary consideration. However, not every type of hydraulic oil works in every machine. In addition, it is not easy to locate the optimal fluid for any given system. Hydraulic fluid additives find their most common application. The base oil can be modified to have the desired characteristics [&hellip;]<\/p>\n","protected":false},"author":1,"featured_media":0,"parent":0,"menu_order":0,"comment_status":"closed","ping_status":"closed","template":"","meta":{"_et_pb_use_builder":"","_et_pb_old_content":"","_et_gb_content_width":"","inline_featured_image":false,"footnotes":""},"class_list":["post-3785","page","type-page","status-publish","hentry"],"yoast_head":"<!-- This site is optimized with the Yoast SEO plugin v27.3 - https:\/\/yoast.com\/product\/yoast-seo-wordpress\/ -->\n<title>5 Types of Hydraulic Fluid Additives + When to Use Them<\/title>\n<meta name=\"description\" content=\"Learn when to use hydraulic fluid additives to boost performance, reduce wear, and extend equipment life. Explore types, benefits, and ideal use cases.\" \/>\n<meta name=\"robots\" content=\"index, follow, max-snippet:-1, max-image-preview:large, max-video-preview:-1\" \/>\n<link rel=\"canonical\" href=\"https:\/\/www.bioblend.com\/fr\/when-to-use-hydraulic-fluid-additives\/\" \/>\n<meta property=\"og:locale\" content=\"fr_CA\" \/>\n<meta property=\"og:type\" content=\"article\" \/>\n<meta property=\"og:title\" content=\"5 Types of Hydraulic Fluid Additives + When to Use Them\" \/>\n<meta property=\"og:description\" content=\"Learn when to use hydraulic fluid additives to boost performance, reduce wear, and extend equipment life. Explore types, benefits, and ideal use cases.\" \/>\n<meta property=\"og:url\" content=\"https:\/\/www.bioblend.com\/fr\/when-to-use-hydraulic-fluid-additives\/\" \/>\n<meta property=\"og:site_name\" content=\"BioBlend Lubricants &amp; Industrial Products\" \/>\n<meta property=\"article:modified_time\" content=\"2025-06-11T16:57:37+00:00\" \/>\n<meta property=\"og:image\" content=\"https:\/\/www.bioblend.com\/wp-content\/uploads\/When-to-Use-Hydraulic-Fluid-Additives.jpg\" \/>\n\t<meta property=\"og:image:width\" content=\"1024\" \/>\n\t<meta property=\"og:image:height\" content=\"684\" \/>\n\t<meta property=\"og:image:type\" content=\"image\/jpeg\" \/>\n<meta name=\"twitter:card\" content=\"summary_large_image\" \/>\n<meta name=\"twitter:label1\" content=\"Estimation du temps de lecture\" \/>\n\t<meta name=\"twitter:data1\" content=\"3 minutes\" \/>\n<script type=\"application\/ld+json\" class=\"yoast-schema-graph\">{\"@context\":\"https:\\\/\\\/schema.org\",\"@graph\":[{\"@type\":\"WebPage\",\"@id\":\"https:\\\/\\\/www.bioblend.com\\\/when-to-use-hydraulic-fluid-additives\\\/\",\"url\":\"https:\\\/\\\/www.bioblend.com\\\/when-to-use-hydraulic-fluid-additives\\\/\",\"name\":\"5 Types of Hydraulic Fluid Additives + When to Use Them\",\"isPartOf\":{\"@id\":\"https:\\\/\\\/www.bioblend.com\\\/#website\"},\"primaryImageOfPage\":{\"@id\":\"https:\\\/\\\/www.bioblend.com\\\/when-to-use-hydraulic-fluid-additives\\\/#primaryimage\"},\"image\":{\"@id\":\"https:\\\/\\\/www.bioblend.com\\\/when-to-use-hydraulic-fluid-additives\\\/#primaryimage\"},\"thumbnailUrl\":\"https:\\\/\\\/www.bioblend.com\\\/wp-content\\\/uploads\\\/When-to-Use-Hydraulic-Fluid-Additives.jpg\",\"datePublished\":\"2022-12-21T12:00:31+00:00\",\"dateModified\":\"2025-06-11T16:57:37+00:00\",\"description\":\"Learn when to use hydraulic fluid additives to boost performance, reduce wear, and extend equipment life. Explore types, benefits, and ideal use cases.\",\"breadcrumb\":{\"@id\":\"https:\\\/\\\/www.bioblend.com\\\/when-to-use-hydraulic-fluid-additives\\\/#breadcrumb\"},\"inLanguage\":\"fr-CA\",\"potentialAction\":[{\"@type\":\"ReadAction\",\"target\":[\"https:\\\/\\\/www.bioblend.com\\\/when-to-use-hydraulic-fluid-additives\\\/\"]}]},{\"@type\":\"ImageObject\",\"inLanguage\":\"fr-CA\",\"@id\":\"https:\\\/\\\/www.bioblend.com\\\/when-to-use-hydraulic-fluid-additives\\\/#primaryimage\",\"url\":\"https:\\\/\\\/www.bioblend.com\\\/wp-content\\\/uploads\\\/When-to-Use-Hydraulic-Fluid-Additives.jpg\",\"contentUrl\":\"https:\\\/\\\/www.bioblend.com\\\/wp-content\\\/uploads\\\/When-to-Use-Hydraulic-Fluid-Additives.jpg\"},{\"@type\":\"BreadcrumbList\",\"@id\":\"https:\\\/\\\/www.bioblend.com\\\/when-to-use-hydraulic-fluid-additives\\\/#breadcrumb\",\"itemListElement\":[{\"@type\":\"ListItem\",\"position\":1,\"name\":\"Home\",\"item\":\"https:\\\/\\\/www.bioblend.com\\\/\"},{\"@type\":\"ListItem\",\"position\":2,\"name\":\"When to Use Hydraulic Fluid Additives\"}]},{\"@type\":\"WebSite\",\"@id\":\"https:\\\/\\\/www.bioblend.com\\\/#website\",\"url\":\"https:\\\/\\\/www.bioblend.com\\\/\",\"name\":\"BioBlend Lubricants &amp; Industrial Products\",\"description\":\"Biodegradable Lubricants and Industrial Products for Environmental Synergy\",\"potentialAction\":[{\"@type\":\"SearchAction\",\"target\":{\"@type\":\"EntryPoint\",\"urlTemplate\":\"https:\\\/\\\/www.bioblend.com\\\/?s={search_term_string}\"},\"query-input\":{\"@type\":\"PropertyValueSpecification\",\"valueRequired\":true,\"valueName\":\"search_term_string\"}}],\"inLanguage\":\"fr-CA\"}]}<\/script>\n<!-- \/ Yoast SEO plugin. -->","yoast_head_json":{"title":"5 Types of Hydraulic Fluid Additives + When to Use Them","description":"Learn when to use hydraulic fluid additives to boost performance, reduce wear, and extend equipment life. Explore types, benefits, and ideal use cases.","robots":{"index":"index","follow":"follow","max-snippet":"max-snippet:-1","max-image-preview":"max-image-preview:large","max-video-preview":"max-video-preview:-1"},"canonical":"https:\/\/www.bioblend.com\/fr\/when-to-use-hydraulic-fluid-additives\/","og_locale":"fr_CA","og_type":"article","og_title":"5 Types of Hydraulic Fluid Additives + When to Use Them","og_description":"Learn when to use hydraulic fluid additives to boost performance, reduce wear, and extend equipment life. Explore types, benefits, and ideal use cases.","og_url":"https:\/\/www.bioblend.com\/fr\/when-to-use-hydraulic-fluid-additives\/","og_site_name":"BioBlend Lubricants &amp; Industrial Products","article_modified_time":"2025-06-11T16:57:37+00:00","og_image":[{"width":1024,"height":684,"url":"https:\/\/www.bioblend.com\/wp-content\/uploads\/When-to-Use-Hydraulic-Fluid-Additives.jpg","type":"image\/jpeg"}],"twitter_card":"summary_large_image","twitter_misc":{"Estimation du temps de lecture":"3 minutes"},"schema":{"@context":"https:\/\/schema.org","@graph":[{"@type":"WebPage","@id":"https:\/\/www.bioblend.com\/when-to-use-hydraulic-fluid-additives\/","url":"https:\/\/www.bioblend.com\/when-to-use-hydraulic-fluid-additives\/","name":"5 Types of Hydraulic Fluid Additives + When to Use Them","isPartOf":{"@id":"https:\/\/www.bioblend.com\/#website"},"primaryImageOfPage":{"@id":"https:\/\/www.bioblend.com\/when-to-use-hydraulic-fluid-additives\/#primaryimage"},"image":{"@id":"https:\/\/www.bioblend.com\/when-to-use-hydraulic-fluid-additives\/#primaryimage"},"thumbnailUrl":"https:\/\/www.bioblend.com\/wp-content\/uploads\/When-to-Use-Hydraulic-Fluid-Additives.jpg","datePublished":"2022-12-21T12:00:31+00:00","dateModified":"2025-06-11T16:57:37+00:00","description":"Learn when to use hydraulic fluid additives to boost performance, reduce wear, and extend equipment life. Explore types, benefits, and ideal use cases.","breadcrumb":{"@id":"https:\/\/www.bioblend.com\/when-to-use-hydraulic-fluid-additives\/#breadcrumb"},"inLanguage":"fr-CA","potentialAction":[{"@type":"ReadAction","target":["https:\/\/www.bioblend.com\/when-to-use-hydraulic-fluid-additives\/"]}]},{"@type":"ImageObject","inLanguage":"fr-CA","@id":"https:\/\/www.bioblend.com\/when-to-use-hydraulic-fluid-additives\/#primaryimage","url":"https:\/\/www.bioblend.com\/wp-content\/uploads\/When-to-Use-Hydraulic-Fluid-Additives.jpg","contentUrl":"https:\/\/www.bioblend.com\/wp-content\/uploads\/When-to-Use-Hydraulic-Fluid-Additives.jpg"},{"@type":"BreadcrumbList","@id":"https:\/\/www.bioblend.com\/when-to-use-hydraulic-fluid-additives\/#breadcrumb","itemListElement":[{"@type":"ListItem","position":1,"name":"Home","item":"https:\/\/www.bioblend.com\/"},{"@type":"ListItem","position":2,"name":"When to Use Hydraulic Fluid Additives"}]},{"@type":"WebSite","@id":"https:\/\/www.bioblend.com\/#website","url":"https:\/\/www.bioblend.com\/","name":"Lubrifiants et produits industriels BioBlend","description":"Lubrifiants biod\u00e9gradables et produits industriels pour une synergie environnementale","potentialAction":[{"@type":"SearchAction","target":{"@type":"EntryPoint","urlTemplate":"https:\/\/www.bioblend.com\/?s={search_term_string}"},"query-input":{"@type":"PropertyValueSpecification","valueRequired":true,"valueName":"search_term_string"}}],"inLanguage":"fr-CA"}]}},"_links":{"self":[{"href":"https:\/\/www.bioblend.com\/fr\/wp-json\/wp\/v2\/pages\/3785","targetHints":{"allow":["GET"]}}],"collection":[{"href":"https:\/\/www.bioblend.com\/fr\/wp-json\/wp\/v2\/pages"}],"about":[{"href":"https:\/\/www.bioblend.com\/fr\/wp-json\/wp\/v2\/types\/page"}],"author":[{"embeddable":true,"href":"https:\/\/www.bioblend.com\/fr\/wp-json\/wp\/v2\/users\/1"}],"replies":[{"embeddable":true,"href":"https:\/\/www.bioblend.com\/fr\/wp-json\/wp\/v2\/comments?post=3785"}],"version-history":[{"count":0,"href":"https:\/\/www.bioblend.com\/fr\/wp-json\/wp\/v2\/pages\/3785\/revisions"}],"wp:attachment":[{"href":"https:\/\/www.bioblend.com\/fr\/wp-json\/wp\/v2\/media?parent=3785"}],"curies":[{"name":"wp","href":"https:\/\/api.w.org\/{rel}","templated":true}]}}