{"id":2563,"date":"2021-06-01T18:15:51","date_gmt":"2021-06-01T23:15:51","guid":{"rendered":"https:\/\/www.bioblend.com\/product\/truflo-fg\/"},"modified":"2025-09-22T15:07:37","modified_gmt":"2025-09-22T20:07:37","slug":"truflo-fg","status":"publish","type":"product","link":"https:\/\/www.bioblend.com\/fr\/produit\/truflo-fg\/","title":{"rendered":"TruFlo FG"},"content":{"rendered":"<h3>Huile hydraulique de qualit\u00e9 alimentaire<\/h3>\n<p>TruFlo FG est un fluide hydraulique de qualit\u00e9 alimentaire \u00e0 usage g\u00e9n\u00e9ral formul\u00e9 \u00e0 partir d&#039;huiles blanches de premi\u00e8re qualit\u00e9. Il comprend des additifs anti-usure, anti-mousse et anti-corrosion pour prot\u00e9ger les \u00e9quipements de traitement et d&#039;emballage des aliments \u00e0 commande hydraulique. Tous les fluides TruFlo FG sont enregistr\u00e9s NSF comme r\u00e9pondant aux directives d&#039;un produit H1 pour le contact alimentaire accidentel. Disponible dans les grades ISO 32, 46, 68, 100, 150.<\/p>\n<ul>\n<li>Lubrifiant de qualit\u00e9 alimentaire NSF H1<\/li>\n<li>Primary applications are in <a href=\"https:\/\/www.bioblend.com\/fr\/industries\/food-handling-and-manufacturing\/\">food processing and food packaging<\/a> plants utilizing mobile or stationary hydraulically powered equipment.<\/li>\n<li>TruFlo FG hydraulic fluid is not designed to <a href=\"https:\/\/www.bioblend.com\/fr\/just-what-is-a-biodegradable-lubricant\/\">biodegrade<\/a> in the environment should a release occur.<\/li>\n<li>Pour les applications qui n\u00e9cessitent \u00e0 la fois la biod\u00e9gradabilit\u00e9 et une certification de qualit\u00e9 alimentaire, veuillez utiliser les fluides hydrauliques BioFlo FG.<\/li>\n<li>Les fluides hydrauliques BioFlo FG sont formul\u00e9s avec des huiles de base biod\u00e9gradables et certifi\u00e9s de qualit\u00e9 alimentaire.<\/li>\n<li>Voir la fiche de donn\u00e9es de s\u00e9curit\u00e9 (FDS) du produit pour les informations d&#039;urgence, de manipulation appropri\u00e9e et d&#039;\u00e9limination.<\/li>\n<\/ul>","protected":false},"excerpt":{"rendered":"<p>TruFlo FG est un fluide hydraulique de qualit\u00e9 alimentaire \u00e0 usage g\u00e9n\u00e9ral formul\u00e9 \u00e0 partir d&#039;huiles blanches de premi\u00e8re qualit\u00e9. Il comprend des additifs anti-usure, anti-mousse et anti-corrosion.<\/p>\n<p><a id=\"S_HFDU_ISO46\" class=\"orange_button\" href=\"https:\/\/www.bioblend.com\/fr\/contact-us\/\" target=\"_blank\" rel=\"noopener\">Request a Commercial Quote<\/a><\/p>","protected":false},"featured_media":1953,"comment_status":"closed","ping_status":"closed","template":"","meta":{"_et_pb_use_builder":"","_et_pb_old_content":"","_et_gb_content_width":"","inline_featured_image":false},"product_brand":[],"product_cat":[119,24],"product_tag":[210,231,223],"class_list":{"0":"post-2563","1":"product","2":"type-product","3":"status-publish","4":"has-post-thumbnail","6":"product_cat-food-grade-lubricants-2","7":"product_cat-hydraulic-oil","8":"product_tag-anti-wear-hydraulic","9":"product_tag-anti-wear-hydraulic-fluid","10":"product_tag-food-grade-hydraulic","11":"pa_packaging-drum-55-gal","12":"pa_packaging-pail-5-gal","13":"pa_packaging-tote-275-gal","15":"first","16":"instock","17":"shipping-taxable","18":"product-type-simple"},"yoast_head":"<!-- This site is optimized with the Yoast SEO plugin v27.3 - https:\/\/yoast.com\/product\/yoast-seo-wordpress\/ -->\n<title>Food Grade Hydraulic Oil | Food Grade Lubricant | FG Products<\/title>\n<meta name=\"description\" content=\"Food grade hydraulic oil is derived from premium white oils. This food grade lubricant protects hydraulic food processing and packaging equipment.\" \/>\n<meta name=\"robots\" content=\"index, follow, max-snippet:-1, max-image-preview:large, max-video-preview:-1\" \/>\n<link rel=\"canonical\" href=\"https:\/\/www.bioblend.com\/fr\/produit\/truflo-fg\/\" \/>\n<meta property=\"og:locale\" content=\"fr_CA\" \/>\n<meta property=\"og:type\" content=\"article\" \/>\n<meta property=\"og:title\" content=\"Food Grade Hydraulic Oil | Food Grade Lubricant | FG Products\" \/>\n<meta property=\"og:description\" content=\"Food grade hydraulic oil is derived from premium white oils. This food grade lubricant protects hydraulic food processing and packaging equipment.\" \/>\n<meta property=\"og:url\" content=\"https:\/\/www.bioblend.com\/fr\/produit\/truflo-fg\/\" \/>\n<meta property=\"og:site_name\" content=\"BioBlend Lubricants &amp; Industrial Products\" \/>\n<meta property=\"article:modified_time\" content=\"2025-09-22T20:07:37+00:00\" \/>\n<meta property=\"og:image\" content=\"https:\/\/www.bioblend.com\/wp-content\/uploads\/TruFlo-FG-product.jpg\" \/>\n\t<meta property=\"og:image:width\" content=\"800\" \/>\n\t<meta property=\"og:image:height\" content=\"800\" \/>\n\t<meta property=\"og:image:type\" content=\"image\/jpeg\" \/>\n<meta name=\"twitter:card\" content=\"summary_large_image\" \/>\n<meta name=\"twitter:label1\" content=\"Estimation du temps de lecture\" \/>\n\t<meta name=\"twitter:data1\" content=\"1 minute\" \/>\n<script type=\"application\/ld+json\" class=\"yoast-schema-graph\">{\"@context\":\"https:\\\/\\\/schema.org\",\"@graph\":[{\"@type\":\"WebPage\",\"@id\":\"https:\\\/\\\/www.bioblend.com\\\/product\\\/truflo-fg\\\/\",\"url\":\"https:\\\/\\\/www.bioblend.com\\\/product\\\/truflo-fg\\\/\",\"name\":\"Food Grade Hydraulic Oil | Food Grade Lubricant | FG Products\",\"isPartOf\":{\"@id\":\"https:\\\/\\\/www.bioblend.com\\\/#website\"},\"primaryImageOfPage\":{\"@id\":\"https:\\\/\\\/www.bioblend.com\\\/product\\\/truflo-fg\\\/#primaryimage\"},\"image\":{\"@id\":\"https:\\\/\\\/www.bioblend.com\\\/product\\\/truflo-fg\\\/#primaryimage\"},\"thumbnailUrl\":\"https:\\\/\\\/www.bioblend.com\\\/wp-content\\\/uploads\\\/TruFlo-FG-product.jpg\",\"datePublished\":\"2021-06-01T23:15:51+00:00\",\"dateModified\":\"2025-09-22T20:07:37+00:00\",\"description\":\"Food grade hydraulic oil is derived from premium white oils. This food grade lubricant protects hydraulic food processing and packaging equipment.\",\"breadcrumb\":{\"@id\":\"https:\\\/\\\/www.bioblend.com\\\/product\\\/truflo-fg\\\/#breadcrumb\"},\"inLanguage\":\"fr-CA\",\"potentialAction\":[{\"@type\":\"ReadAction\",\"target\":[\"https:\\\/\\\/www.bioblend.com\\\/product\\\/truflo-fg\\\/\"]}]},{\"@type\":\"ImageObject\",\"inLanguage\":\"fr-CA\",\"@id\":\"https:\\\/\\\/www.bioblend.com\\\/product\\\/truflo-fg\\\/#primaryimage\",\"url\":\"https:\\\/\\\/www.bioblend.com\\\/wp-content\\\/uploads\\\/TruFlo-FG-product.jpg\",\"contentUrl\":\"https:\\\/\\\/www.bioblend.com\\\/wp-content\\\/uploads\\\/TruFlo-FG-product.jpg\",\"width\":800,\"height\":800,\"caption\":\"TruFlo FG\"},{\"@type\":\"BreadcrumbList\",\"@id\":\"https:\\\/\\\/www.bioblend.com\\\/product\\\/truflo-fg\\\/#breadcrumb\",\"itemListElement\":[{\"@type\":\"ListItem\",\"position\":1,\"name\":\"Home\",\"item\":\"https:\\\/\\\/www.bioblend.com\\\/\"},{\"@type\":\"ListItem\",\"position\":2,\"name\":\"Shop\",\"item\":\"https:\\\/\\\/www.bioblend.com\\\/?page_id=8\"},{\"@type\":\"ListItem\",\"position\":3,\"name\":\"TruFlo FG\"}]},{\"@type\":\"WebSite\",\"@id\":\"https:\\\/\\\/www.bioblend.com\\\/#website\",\"url\":\"https:\\\/\\\/www.bioblend.com\\\/\",\"name\":\"BioBlend Lubricants &amp; Industrial Products\",\"description\":\"Biodegradable Lubricants and Industrial Products for Environmental Synergy\",\"potentialAction\":[{\"@type\":\"SearchAction\",\"target\":{\"@type\":\"EntryPoint\",\"urlTemplate\":\"https:\\\/\\\/www.bioblend.com\\\/?s={search_term_string}\"},\"query-input\":{\"@type\":\"PropertyValueSpecification\",\"valueRequired\":true,\"valueName\":\"search_term_string\"}}],\"inLanguage\":\"fr-CA\"}]}<\/script>\n<!-- \/ Yoast SEO plugin. -->","yoast_head_json":{"title":"Food Grade Hydraulic Oil | Food Grade Lubricant | FG Products","description":"Food grade hydraulic oil is derived from premium white oils. This food grade lubricant protects hydraulic food processing and packaging equipment.","robots":{"index":"index","follow":"follow","max-snippet":"max-snippet:-1","max-image-preview":"max-image-preview:large","max-video-preview":"max-video-preview:-1"},"canonical":"https:\/\/www.bioblend.com\/fr\/produit\/truflo-fg\/","og_locale":"fr_CA","og_type":"article","og_title":"Food Grade Hydraulic Oil | Food Grade Lubricant | FG Products","og_description":"Food grade hydraulic oil is derived from premium white oils. This food grade lubricant protects hydraulic food processing and packaging equipment.","og_url":"https:\/\/www.bioblend.com\/fr\/produit\/truflo-fg\/","og_site_name":"BioBlend Lubricants &amp; Industrial Products","article_modified_time":"2025-09-22T20:07:37+00:00","og_image":[{"width":800,"height":800,"url":"https:\/\/www.bioblend.com\/wp-content\/uploads\/TruFlo-FG-product.jpg","type":"image\/jpeg"}],"twitter_card":"summary_large_image","twitter_misc":{"Estimation du temps de lecture":"1 minute"},"schema":{"@context":"https:\/\/schema.org","@graph":[{"@type":"WebPage","@id":"https:\/\/www.bioblend.com\/product\/truflo-fg\/","url":"https:\/\/www.bioblend.com\/product\/truflo-fg\/","name":"Food Grade Hydraulic Oil | Food Grade Lubricant | FG Products","isPartOf":{"@id":"https:\/\/www.bioblend.com\/#website"},"primaryImageOfPage":{"@id":"https:\/\/www.bioblend.com\/product\/truflo-fg\/#primaryimage"},"image":{"@id":"https:\/\/www.bioblend.com\/product\/truflo-fg\/#primaryimage"},"thumbnailUrl":"https:\/\/www.bioblend.com\/wp-content\/uploads\/TruFlo-FG-product.jpg","datePublished":"2021-06-01T23:15:51+00:00","dateModified":"2025-09-22T20:07:37+00:00","description":"Food grade hydraulic oil is derived from premium white oils. This food grade lubricant protects hydraulic food processing and packaging equipment.","breadcrumb":{"@id":"https:\/\/www.bioblend.com\/product\/truflo-fg\/#breadcrumb"},"inLanguage":"fr-CA","potentialAction":[{"@type":"ReadAction","target":["https:\/\/www.bioblend.com\/product\/truflo-fg\/"]}]},{"@type":"ImageObject","inLanguage":"fr-CA","@id":"https:\/\/www.bioblend.com\/product\/truflo-fg\/#primaryimage","url":"https:\/\/www.bioblend.com\/wp-content\/uploads\/TruFlo-FG-product.jpg","contentUrl":"https:\/\/www.bioblend.com\/wp-content\/uploads\/TruFlo-FG-product.jpg","width":800,"height":800,"caption":"TruFlo FG"},{"@type":"BreadcrumbList","@id":"https:\/\/www.bioblend.com\/product\/truflo-fg\/#breadcrumb","itemListElement":[{"@type":"ListItem","position":1,"name":"Home","item":"https:\/\/www.bioblend.com\/"},{"@type":"ListItem","position":2,"name":"Shop","item":"https:\/\/www.bioblend.com\/?page_id=8"},{"@type":"ListItem","position":3,"name":"TruFlo FG"}]},{"@type":"WebSite","@id":"https:\/\/www.bioblend.com\/#website","url":"https:\/\/www.bioblend.com\/","name":"Lubrifiants et produits industriels BioBlend","description":"Lubrifiants biod\u00e9gradables et produits industriels pour une synergie environnementale","potentialAction":[{"@type":"SearchAction","target":{"@type":"EntryPoint","urlTemplate":"https:\/\/www.bioblend.com\/?s={search_term_string}"},"query-input":{"@type":"PropertyValueSpecification","valueRequired":true,"valueName":"search_term_string"}}],"inLanguage":"fr-CA"}]}},"_links":{"self":[{"href":"https:\/\/www.bioblend.com\/fr\/wp-json\/wp\/v2\/product\/2563","targetHints":{"allow":["GET"]}}],"collection":[{"href":"https:\/\/www.bioblend.com\/fr\/wp-json\/wp\/v2\/product"}],"about":[{"href":"https:\/\/www.bioblend.com\/fr\/wp-json\/wp\/v2\/types\/product"}],"replies":[{"embeddable":true,"href":"https:\/\/www.bioblend.com\/fr\/wp-json\/wp\/v2\/comments?post=2563"}],"wp:featuredmedia":[{"embeddable":true,"href":"https:\/\/www.bioblend.com\/fr\/wp-json\/wp\/v2\/media\/1953"}],"wp:attachment":[{"href":"https:\/\/www.bioblend.com\/fr\/wp-json\/wp\/v2\/media?parent=2563"}],"wp:term":[{"taxonomy":"product_brand","embeddable":true,"href":"https:\/\/www.bioblend.com\/fr\/wp-json\/wp\/v2\/product_brand?post=2563"},{"taxonomy":"product_cat","embeddable":true,"href":"https:\/\/www.bioblend.com\/fr\/wp-json\/wp\/v2\/product_cat?post=2563"},{"taxonomy":"product_tag","embeddable":true,"href":"https:\/\/www.bioblend.com\/fr\/wp-json\/wp\/v2\/product_tag?post=2563"}],"curies":[{"name":"wp","href":"https:\/\/api.w.org\/{rel}","templated":true}]}}