{"id":2565,"date":"2021-06-01T18:15:51","date_gmt":"2021-06-01T23:15:51","guid":{"rendered":"https:\/\/www.bioblend.com\/product\/biocut-fg-2000\/"},"modified":"2025-05-09T09:16:19","modified_gmt":"2025-05-09T14:16:19","slug":"biocut-fg-2000","status":"publish","type":"product","link":"https:\/\/www.bioblend.com\/fr\/produit\/biocut-fg-2000\/","title":{"rendered":"BioCut FG 2000"},"content":{"rendered":"<h3>Huile de coupe de qualit\u00e9 alimentaire<\/h3>\n<p>BioCut FG 2000 est un fluide de coupe \u00e0 usage g\u00e9n\u00e9ral facilement biod\u00e9gradable et de qualit\u00e9 alimentaire. Il r\u00e9duit la friction, dissipe la chaleur et prolonge la dur\u00e9e de vie de l&#039;outil de coupe. La structure du BioCut FG 2000 prot\u00e8ge les outils et les mat\u00e9riaux m\u00e9talliques. BioCut FG 2000 r\u00e9pond aux directives d&#039;un produit H1 pour le contact alimentaire accidentel et convient \u00e0 une utilisation comme fluide de coupe de m\u00e9taux et de filetage \u00e0 usage g\u00e9n\u00e9ral dans les environnements de transformation et d&#039;emballage des aliments.<\/p>\n<ul>\n<li>Unique combination of <a href=\"https:\/\/www.bioblend.com\/fr\/just-what-is-a-biodegradable-lubricant\/\">Biod\u00e9gradabilit\u00e9<\/a> certification and Food Grade certification<\/li>\n<li><a href=\"https:\/\/www.bioblend.com\/fr\/bioblend-lubricants-off-the-charts-lubricity\/\">Superior lubricity<\/a> provides smooth metal cutting and threading<\/li>\n<li>Excellente dissipation thermique<\/li>\n<li>Dur\u00e9e de vie de l&#039;outil prolong\u00e9e<\/li>\n<li>Contient des additifs anti-corrosion pour prot\u00e9ger l&#039;outillage et les mat\u00e9riaux<\/li>\n<li>Non toxique, pratiquement aucune \u00e9mission de COV<\/li>\n<\/ul>","protected":false},"excerpt":{"rendered":"<p>BioCut FG 2000 est un fluide de coupe \u00e0 usage g\u00e9n\u00e9ral facilement biod\u00e9gradable et de qualit\u00e9 alimentaire. Il r\u00e9duit la friction, dissipe la chaleur et prolonge la dur\u00e9e de vie de l&#039;outil de coupe.<\/p>\n<p><a id=\"S_HFDU_ISO46\" class=\"orange_button\" href=\"https:\/\/www.bioblend.com\/fr\/contact-us\/\" target=\"_blank\" rel=\"noopener\">Request a Commercial Quote<\/a><\/p>","protected":false},"featured_media":1955,"comment_status":"closed","ping_status":"closed","template":"","meta":{"_et_pb_use_builder":"off","_et_pb_old_content":"<h3>Food Grade Cutting Oil<\/h3>\r\nBioCut FG 2000 is a readily biodegradable, food grade general purpose cutting fluid. It reduces friction, dissipates heat, and extends cutting tool life. BioCut FG 2000's structure protects tools and metal materials. BioCut FG 2000 meets the guidelines of an H1 product for incidental food contact, and is suitable for use as a general-purpose metal and thread-cutting fluid in food processing and packaging environments.\r\n<ul>\r\n \t<li>Unique combination of Biodegradability certification and Food Grade certification<\/li>\r\n \t<li>Superior lubricity provides smooth metal cutting and threading<\/li>\r\n \t<li>Excellent heat dissipation<\/li>\r\n \t<li>Extended tool life<\/li>\r\n \t<li>Contains anti-corrosion additives to protect tooling and materials<\/li>\r\n \t<li>Non-toxic, virtually zero VOC emissions<\/li>\r\n<\/ul>","_et_gb_content_width":"","inline_featured_image":false},"product_brand":[],"product_cat":[119],"product_tag":[221],"class_list":{"0":"post-2565","1":"product","2":"type-product","3":"status-publish","4":"has-post-thumbnail","6":"product_cat-food-grade-lubricants-2","7":"product_tag-food-grade-cutting-oil","8":"pa_packaging-drum-55-gal","9":"pa_packaging-jug-1-gal-3-pack","10":"pa_packaging-pail-5-gal","11":"pa_packaging-tote-275-gal","13":"first","14":"instock","15":"shipping-taxable","16":"product-type-simple"},"yoast_head":"<!-- This site is optimized with the Yoast SEO plugin v27.3 - https:\/\/yoast.com\/product\/yoast-seo-wordpress\/ -->\n<title>Food Grade Cutting Oil | Biodegradable Cutting Fluid | FG 2000<\/title>\n<meta name=\"description\" content=\"Food grade cutting oil is a NSF H1 food grade lubricant. Biodegradable cutting oil reduces friction, dissipates heat, and extends the life of your tools.\" \/>\n<meta name=\"robots\" content=\"index, follow, max-snippet:-1, max-image-preview:large, max-video-preview:-1\" \/>\n<link rel=\"canonical\" href=\"https:\/\/www.bioblend.com\/fr\/produit\/biocut-fg-2000\/\" \/>\n<meta property=\"og:locale\" content=\"fr_CA\" \/>\n<meta property=\"og:type\" content=\"article\" \/>\n<meta property=\"og:title\" content=\"Food Grade Cutting Oil | Biodegradable Cutting Fluid | FG 2000\" \/>\n<meta property=\"og:description\" content=\"Food grade cutting oil is a NSF H1 food grade lubricant. Biodegradable cutting oil reduces friction, dissipates heat, and extends the life of your tools.\" \/>\n<meta property=\"og:url\" content=\"https:\/\/www.bioblend.com\/fr\/produit\/biocut-fg-2000\/\" \/>\n<meta property=\"og:site_name\" content=\"BioBlend Lubricants &amp; Industrial Products\" \/>\n<meta property=\"article:modified_time\" content=\"2025-05-09T14:16:19+00:00\" \/>\n<meta property=\"og:image\" content=\"https:\/\/www.bioblend.com\/wp-content\/uploads\/BioCut-FG-2000-product.jpg\" \/>\n\t<meta property=\"og:image:width\" content=\"800\" \/>\n\t<meta property=\"og:image:height\" content=\"800\" \/>\n\t<meta property=\"og:image:type\" content=\"image\/jpeg\" \/>\n<meta name=\"twitter:card\" content=\"summary_large_image\" \/>\n<meta name=\"twitter:label1\" content=\"Estimation du temps de lecture\" \/>\n\t<meta name=\"twitter:data1\" content=\"1 minute\" \/>\n<script type=\"application\/ld+json\" class=\"yoast-schema-graph\">{\"@context\":\"https:\\\/\\\/schema.org\",\"@graph\":[{\"@type\":\"WebPage\",\"@id\":\"https:\\\/\\\/www.bioblend.com\\\/product\\\/biocut-fg-2000\\\/\",\"url\":\"https:\\\/\\\/www.bioblend.com\\\/product\\\/biocut-fg-2000\\\/\",\"name\":\"Food Grade Cutting Oil | Biodegradable Cutting Fluid | FG 2000\",\"isPartOf\":{\"@id\":\"https:\\\/\\\/www.bioblend.com\\\/#website\"},\"primaryImageOfPage\":{\"@id\":\"https:\\\/\\\/www.bioblend.com\\\/product\\\/biocut-fg-2000\\\/#primaryimage\"},\"image\":{\"@id\":\"https:\\\/\\\/www.bioblend.com\\\/product\\\/biocut-fg-2000\\\/#primaryimage\"},\"thumbnailUrl\":\"https:\\\/\\\/www.bioblend.com\\\/wp-content\\\/uploads\\\/BioCut-FG-2000-product.jpg\",\"datePublished\":\"2021-06-01T23:15:51+00:00\",\"dateModified\":\"2025-05-09T14:16:19+00:00\",\"description\":\"Food grade cutting oil is a NSF H1 food grade lubricant. Biodegradable cutting oil reduces friction, dissipates heat, and extends the life of your tools.\",\"breadcrumb\":{\"@id\":\"https:\\\/\\\/www.bioblend.com\\\/product\\\/biocut-fg-2000\\\/#breadcrumb\"},\"inLanguage\":\"fr-CA\",\"potentialAction\":[{\"@type\":\"ReadAction\",\"target\":[\"https:\\\/\\\/www.bioblend.com\\\/product\\\/biocut-fg-2000\\\/\"]}]},{\"@type\":\"ImageObject\",\"inLanguage\":\"fr-CA\",\"@id\":\"https:\\\/\\\/www.bioblend.com\\\/product\\\/biocut-fg-2000\\\/#primaryimage\",\"url\":\"https:\\\/\\\/www.bioblend.com\\\/wp-content\\\/uploads\\\/BioCut-FG-2000-product.jpg\",\"contentUrl\":\"https:\\\/\\\/www.bioblend.com\\\/wp-content\\\/uploads\\\/BioCut-FG-2000-product.jpg\",\"width\":800,\"height\":800,\"caption\":\"BioCut FG 2000\"},{\"@type\":\"BreadcrumbList\",\"@id\":\"https:\\\/\\\/www.bioblend.com\\\/product\\\/biocut-fg-2000\\\/#breadcrumb\",\"itemListElement\":[{\"@type\":\"ListItem\",\"position\":1,\"name\":\"Home\",\"item\":\"https:\\\/\\\/www.bioblend.com\\\/\"},{\"@type\":\"ListItem\",\"position\":2,\"name\":\"Shop\",\"item\":\"https:\\\/\\\/www.bioblend.com\\\/?page_id=8\"},{\"@type\":\"ListItem\",\"position\":3,\"name\":\"BioCut FG 2000\"}]},{\"@type\":\"WebSite\",\"@id\":\"https:\\\/\\\/www.bioblend.com\\\/#website\",\"url\":\"https:\\\/\\\/www.bioblend.com\\\/\",\"name\":\"BioBlend Lubricants &amp; Industrial Products\",\"description\":\"Biodegradable Lubricants and Industrial Products for Environmental Synergy\",\"potentialAction\":[{\"@type\":\"SearchAction\",\"target\":{\"@type\":\"EntryPoint\",\"urlTemplate\":\"https:\\\/\\\/www.bioblend.com\\\/?s={search_term_string}\"},\"query-input\":{\"@type\":\"PropertyValueSpecification\",\"valueRequired\":true,\"valueName\":\"search_term_string\"}}],\"inLanguage\":\"fr-CA\"}]}<\/script>\n<!-- \/ Yoast SEO plugin. -->","yoast_head_json":{"title":"Food Grade Cutting Oil | Biodegradable Cutting Fluid | FG 2000","description":"Food grade cutting oil is a NSF H1 food grade lubricant. Biodegradable cutting oil reduces friction, dissipates heat, and extends the life of your tools.","robots":{"index":"index","follow":"follow","max-snippet":"max-snippet:-1","max-image-preview":"max-image-preview:large","max-video-preview":"max-video-preview:-1"},"canonical":"https:\/\/www.bioblend.com\/fr\/produit\/biocut-fg-2000\/","og_locale":"fr_CA","og_type":"article","og_title":"Food Grade Cutting Oil | Biodegradable Cutting Fluid | FG 2000","og_description":"Food grade cutting oil is a NSF H1 food grade lubricant. Biodegradable cutting oil reduces friction, dissipates heat, and extends the life of your tools.","og_url":"https:\/\/www.bioblend.com\/fr\/produit\/biocut-fg-2000\/","og_site_name":"BioBlend Lubricants &amp; Industrial Products","article_modified_time":"2025-05-09T14:16:19+00:00","og_image":[{"width":800,"height":800,"url":"https:\/\/www.bioblend.com\/wp-content\/uploads\/BioCut-FG-2000-product.jpg","type":"image\/jpeg"}],"twitter_card":"summary_large_image","twitter_misc":{"Estimation du temps de lecture":"1 minute"},"schema":{"@context":"https:\/\/schema.org","@graph":[{"@type":"WebPage","@id":"https:\/\/www.bioblend.com\/product\/biocut-fg-2000\/","url":"https:\/\/www.bioblend.com\/product\/biocut-fg-2000\/","name":"Food Grade Cutting Oil | Biodegradable Cutting Fluid | FG 2000","isPartOf":{"@id":"https:\/\/www.bioblend.com\/#website"},"primaryImageOfPage":{"@id":"https:\/\/www.bioblend.com\/product\/biocut-fg-2000\/#primaryimage"},"image":{"@id":"https:\/\/www.bioblend.com\/product\/biocut-fg-2000\/#primaryimage"},"thumbnailUrl":"https:\/\/www.bioblend.com\/wp-content\/uploads\/BioCut-FG-2000-product.jpg","datePublished":"2021-06-01T23:15:51+00:00","dateModified":"2025-05-09T14:16:19+00:00","description":"Food grade cutting oil is a NSF H1 food grade lubricant. Biodegradable cutting oil reduces friction, dissipates heat, and extends the life of your tools.","breadcrumb":{"@id":"https:\/\/www.bioblend.com\/product\/biocut-fg-2000\/#breadcrumb"},"inLanguage":"fr-CA","potentialAction":[{"@type":"ReadAction","target":["https:\/\/www.bioblend.com\/product\/biocut-fg-2000\/"]}]},{"@type":"ImageObject","inLanguage":"fr-CA","@id":"https:\/\/www.bioblend.com\/product\/biocut-fg-2000\/#primaryimage","url":"https:\/\/www.bioblend.com\/wp-content\/uploads\/BioCut-FG-2000-product.jpg","contentUrl":"https:\/\/www.bioblend.com\/wp-content\/uploads\/BioCut-FG-2000-product.jpg","width":800,"height":800,"caption":"BioCut FG 2000"},{"@type":"BreadcrumbList","@id":"https:\/\/www.bioblend.com\/product\/biocut-fg-2000\/#breadcrumb","itemListElement":[{"@type":"ListItem","position":1,"name":"Home","item":"https:\/\/www.bioblend.com\/"},{"@type":"ListItem","position":2,"name":"Shop","item":"https:\/\/www.bioblend.com\/?page_id=8"},{"@type":"ListItem","position":3,"name":"BioCut FG 2000"}]},{"@type":"WebSite","@id":"https:\/\/www.bioblend.com\/#website","url":"https:\/\/www.bioblend.com\/","name":"Lubrifiants et produits industriels BioBlend","description":"Lubrifiants biod\u00e9gradables et produits industriels pour une synergie environnementale","potentialAction":[{"@type":"SearchAction","target":{"@type":"EntryPoint","urlTemplate":"https:\/\/www.bioblend.com\/?s={search_term_string}"},"query-input":{"@type":"PropertyValueSpecification","valueRequired":true,"valueName":"search_term_string"}}],"inLanguage":"fr-CA"}]}},"_links":{"self":[{"href":"https:\/\/www.bioblend.com\/fr\/wp-json\/wp\/v2\/product\/2565","targetHints":{"allow":["GET"]}}],"collection":[{"href":"https:\/\/www.bioblend.com\/fr\/wp-json\/wp\/v2\/product"}],"about":[{"href":"https:\/\/www.bioblend.com\/fr\/wp-json\/wp\/v2\/types\/product"}],"replies":[{"embeddable":true,"href":"https:\/\/www.bioblend.com\/fr\/wp-json\/wp\/v2\/comments?post=2565"}],"wp:featuredmedia":[{"embeddable":true,"href":"https:\/\/www.bioblend.com\/fr\/wp-json\/wp\/v2\/media\/1955"}],"wp:attachment":[{"href":"https:\/\/www.bioblend.com\/fr\/wp-json\/wp\/v2\/media?parent=2565"}],"wp:term":[{"taxonomy":"product_brand","embeddable":true,"href":"https:\/\/www.bioblend.com\/fr\/wp-json\/wp\/v2\/product_brand?post=2565"},{"taxonomy":"product_cat","embeddable":true,"href":"https:\/\/www.bioblend.com\/fr\/wp-json\/wp\/v2\/product_cat?post=2565"},{"taxonomy":"product_tag","embeddable":true,"href":"https:\/\/www.bioblend.com\/fr\/wp-json\/wp\/v2\/product_tag?post=2565"}],"curies":[{"name":"wp","href":"https:\/\/api.w.org\/{rel}","templated":true}]}}