{"id":2566,"date":"2021-06-01T18:15:52","date_gmt":"2021-06-01T23:15:52","guid":{"rendered":"https:\/\/www.bioblend.com\/product\/biogear-s-75w-90\/"},"modified":"2025-08-22T14:16:51","modified_gmt":"2025-08-22T19:16:51","slug":"biogear-fs-75w-90","status":"publish","type":"product","link":"https:\/\/www.bioblend.com\/fr\/produit\/biogear-fs-75w-90\/","title":{"rendered":"BioGear FS 75W-90"},"content":{"rendered":"<h3>Huile pour engrenages synth\u00e9tique GL-5<\/h3>\n<p>BioGear FS 75W-90 Synthetic Gear Lube is a platinum, <a href=\"https:\/\/www.bioblend.com\/fr\/just-what-is-a-biodegradable-lubricant\/\">facilement biod\u00e9gradable<\/a> grade gear oil uniquely formulated for best-in-class performance in extreme heavy-duty applications. With it&#8217;s <a href=\"https:\/\/www.bioblend.com\/fr\/increased-viscosity-index-with-bioblends-esyn-lubricants\/\">superior viscosity index<\/a>, it maintains a long lasting barrier protection against metal-to-metal contact.<\/p>\n<ul>\n<li>Protection avanc\u00e9e contre l&#039;usure<\/li>\n<li>Indice de viscosit\u00e9 \u00e9lev\u00e9<\/li>\n<li>Prot\u00e8ge contre la rouille et la corrosion<\/li>\n<li>Protection sup\u00e9rieure contre le froid<\/li>\n<li>Huile de base synth\u00e9tique r\u00e9sistante au cisaillement<\/li>\n<li>Class\u00e9 comme <a href=\"https:\/\/www.bioblend.com\/fr\/environmental-friendly-lubricants\/\">Lubrifiants \u00e9cologiquement acceptables<\/a> (EAL) as per the EPA&#8217;s guidance document that defines standards for Environmentally Acceptable Lubricants (EPA 800-R-11-002) and as required by EPA&#8217;s 2013 U.S. Vessel<\/li>\n<li>Permis G\u00e9n\u00e9ral (VGP)<\/li>\n<li>Service API GL-5 et MT-1<\/li>\n<li>AIST 224 (anciennement US Steel 224)<\/li>\n<li>AGMA 9005-E02<\/li>\n<li>Machine de Cincinnati<\/li>\n<li>DIN 51517:3<\/li>\n<li>Mack GO-J<\/li>\n<li>SAE J2360 (anciennement MIL PRF-2105E)<\/li>\n<li>Performances de propret\u00e9 dans les tests d&#039;oxydation<\/li>\n<\/ul>","protected":false},"excerpt":{"rendered":"<p>BioGear fS 75W-90 Synthetic Gear Lube is a platinum, readily biodegradable grade gear oil formulated for optimal performance in extreme heavy-duty applications.<\/p>\n<p><a id=\"S_HFDU_ISO46\" class=\"orange_button\" href=\"https:\/\/www.bioblend.com\/fr\/contact-us\/\" target=\"_blank\" rel=\"noopener\">Request a Commercial Quote<\/a><\/p>","protected":false},"featured_media":4452,"comment_status":"closed","ping_status":"closed","template":"","meta":{"_et_pb_use_builder":"","_et_pb_old_content":"","_et_gb_content_width":"","inline_featured_image":false},"product_brand":[],"product_cat":[23],"product_tag":[220],"class_list":{"0":"post-2566","1":"product","2":"type-product","3":"status-publish","4":"has-post-thumbnail","6":"product_cat-gear-oil","7":"product_tag-synthetic-gl-5-gear-oil","8":"pa_packaging-drum-55-gal","9":"pa_packaging-pail-5-gal","10":"pa_packaging-tote-275-gal","12":"first","13":"instock","14":"shipping-taxable","15":"product-type-simple"},"yoast_head":"<!-- This site is optimized with the Yoast SEO plugin v27.4 - https:\/\/yoast.com\/product\/yoast-seo-wordpress\/ -->\n<title>75w90 Synthetic Gear Oil | Synthetic Gear Lube 75w 90 | 75w90<\/title>\n<meta name=\"description\" content=\"75w90 synthetic gear oil is readily biodegradable and has a superior viscosity index. Its long lasting barrier protects against metal-to-metal contact.\" \/>\n<meta name=\"robots\" content=\"index, follow, max-snippet:-1, max-image-preview:large, max-video-preview:-1\" \/>\n<link rel=\"canonical\" href=\"https:\/\/www.bioblend.com\/fr\/produit\/biogear-fs-75w-90\/\" \/>\n<meta property=\"og:locale\" content=\"fr_CA\" \/>\n<meta property=\"og:type\" content=\"article\" \/>\n<meta property=\"og:title\" content=\"75w90 Synthetic Gear Oil | Synthetic Gear Lube 75w 90 | 75w90\" \/>\n<meta property=\"og:description\" content=\"75w90 synthetic gear oil is readily biodegradable and has a superior viscosity index. Its long lasting barrier protects against metal-to-metal contact.\" \/>\n<meta property=\"og:url\" content=\"https:\/\/www.bioblend.com\/fr\/produit\/biogear-fs-75w-90\/\" \/>\n<meta property=\"og:site_name\" content=\"BioBlend Lubricants &amp; Industrial Products\" \/>\n<meta property=\"article:modified_time\" content=\"2025-08-22T19:16:51+00:00\" \/>\n<meta property=\"og:image\" content=\"https:\/\/www.bioblend.com\/wp-content\/uploads\/BG_FS_75W90_Pail-scaled.png\" \/>\n\t<meta property=\"og:image:width\" content=\"1978\" \/>\n\t<meta property=\"og:image:height\" content=\"2560\" \/>\n\t<meta property=\"og:image:type\" content=\"image\/png\" \/>\n<meta name=\"twitter:card\" content=\"summary_large_image\" \/>\n<meta name=\"twitter:label1\" content=\"Estimation du temps de lecture\" \/>\n\t<meta name=\"twitter:data1\" content=\"1 minute\" \/>\n<script type=\"application\/ld+json\" class=\"yoast-schema-graph\">{\"@context\":\"https:\\\/\\\/schema.org\",\"@graph\":[{\"@type\":\"WebPage\",\"@id\":\"https:\\\/\\\/www.bioblend.com\\\/product\\\/biogear-fs-75w-90\\\/\",\"url\":\"https:\\\/\\\/www.bioblend.com\\\/product\\\/biogear-fs-75w-90\\\/\",\"name\":\"75w90 Synthetic Gear Oil | Synthetic Gear Lube 75w 90 | 75w90\",\"isPartOf\":{\"@id\":\"https:\\\/\\\/www.bioblend.com\\\/#website\"},\"primaryImageOfPage\":{\"@id\":\"https:\\\/\\\/www.bioblend.com\\\/product\\\/biogear-fs-75w-90\\\/#primaryimage\"},\"image\":{\"@id\":\"https:\\\/\\\/www.bioblend.com\\\/product\\\/biogear-fs-75w-90\\\/#primaryimage\"},\"thumbnailUrl\":\"https:\\\/\\\/www.bioblend.com\\\/wp-content\\\/uploads\\\/BG_FS_75W90_Pail-scaled.png\",\"datePublished\":\"2021-06-01T23:15:52+00:00\",\"dateModified\":\"2025-08-22T19:16:51+00:00\",\"description\":\"75w90 synthetic gear oil is readily biodegradable and has a superior viscosity index. Its long lasting barrier protects against metal-to-metal contact.\",\"breadcrumb\":{\"@id\":\"https:\\\/\\\/www.bioblend.com\\\/product\\\/biogear-fs-75w-90\\\/#breadcrumb\"},\"inLanguage\":\"fr-CA\",\"potentialAction\":[{\"@type\":\"ReadAction\",\"target\":[\"https:\\\/\\\/www.bioblend.com\\\/product\\\/biogear-fs-75w-90\\\/\"]}]},{\"@type\":\"ImageObject\",\"inLanguage\":\"fr-CA\",\"@id\":\"https:\\\/\\\/www.bioblend.com\\\/product\\\/biogear-fs-75w-90\\\/#primaryimage\",\"url\":\"https:\\\/\\\/www.bioblend.com\\\/wp-content\\\/uploads\\\/BG_FS_75W90_Pail-scaled.png\",\"contentUrl\":\"https:\\\/\\\/www.bioblend.com\\\/wp-content\\\/uploads\\\/BG_FS_75W90_Pail-scaled.png\",\"width\":1978,\"height\":2560,\"caption\":\"75w90 synthetic gear oil\"},{\"@type\":\"BreadcrumbList\",\"@id\":\"https:\\\/\\\/www.bioblend.com\\\/product\\\/biogear-fs-75w-90\\\/#breadcrumb\",\"itemListElement\":[{\"@type\":\"ListItem\",\"position\":1,\"name\":\"Home\",\"item\":\"https:\\\/\\\/www.bioblend.com\\\/\"},{\"@type\":\"ListItem\",\"position\":2,\"name\":\"Shop\",\"item\":\"https:\\\/\\\/www.bioblend.com\\\/?page_id=8\"},{\"@type\":\"ListItem\",\"position\":3,\"name\":\"BioGear FS 75W-90\"}]},{\"@type\":\"WebSite\",\"@id\":\"https:\\\/\\\/www.bioblend.com\\\/#website\",\"url\":\"https:\\\/\\\/www.bioblend.com\\\/\",\"name\":\"BioBlend Lubricants &amp; Industrial Products\",\"description\":\"Biodegradable Lubricants and Industrial Products for Environmental Synergy\",\"potentialAction\":[{\"@type\":\"SearchAction\",\"target\":{\"@type\":\"EntryPoint\",\"urlTemplate\":\"https:\\\/\\\/www.bioblend.com\\\/?s={search_term_string}\"},\"query-input\":{\"@type\":\"PropertyValueSpecification\",\"valueRequired\":true,\"valueName\":\"search_term_string\"}}],\"inLanguage\":\"fr-CA\"}]}<\/script>\n<!-- \/ Yoast SEO plugin. -->","yoast_head_json":{"title":"75w90 Synthetic Gear Oil | Synthetic Gear Lube 75w 90 | 75w90","description":"75w90 synthetic gear oil is readily biodegradable and has a superior viscosity index. Its long lasting barrier protects against metal-to-metal contact.","robots":{"index":"index","follow":"follow","max-snippet":"max-snippet:-1","max-image-preview":"max-image-preview:large","max-video-preview":"max-video-preview:-1"},"canonical":"https:\/\/www.bioblend.com\/fr\/produit\/biogear-fs-75w-90\/","og_locale":"fr_CA","og_type":"article","og_title":"75w90 Synthetic Gear Oil | Synthetic Gear Lube 75w 90 | 75w90","og_description":"75w90 synthetic gear oil is readily biodegradable and has a superior viscosity index. Its long lasting barrier protects against metal-to-metal contact.","og_url":"https:\/\/www.bioblend.com\/fr\/produit\/biogear-fs-75w-90\/","og_site_name":"BioBlend Lubricants &amp; Industrial Products","article_modified_time":"2025-08-22T19:16:51+00:00","og_image":[{"width":1978,"height":2560,"url":"https:\/\/www.bioblend.com\/wp-content\/uploads\/BG_FS_75W90_Pail-scaled.png","type":"image\/png"}],"twitter_card":"summary_large_image","twitter_misc":{"Estimation du temps de lecture":"1 minute"},"schema":{"@context":"https:\/\/schema.org","@graph":[{"@type":"WebPage","@id":"https:\/\/www.bioblend.com\/product\/biogear-fs-75w-90\/","url":"https:\/\/www.bioblend.com\/product\/biogear-fs-75w-90\/","name":"75w90 Synthetic Gear Oil | Synthetic Gear Lube 75w 90 | 75w90","isPartOf":{"@id":"https:\/\/www.bioblend.com\/#website"},"primaryImageOfPage":{"@id":"https:\/\/www.bioblend.com\/product\/biogear-fs-75w-90\/#primaryimage"},"image":{"@id":"https:\/\/www.bioblend.com\/product\/biogear-fs-75w-90\/#primaryimage"},"thumbnailUrl":"https:\/\/www.bioblend.com\/wp-content\/uploads\/BG_FS_75W90_Pail-scaled.png","datePublished":"2021-06-01T23:15:52+00:00","dateModified":"2025-08-22T19:16:51+00:00","description":"75w90 synthetic gear oil is readily biodegradable and has a superior viscosity index. Its long lasting barrier protects against metal-to-metal contact.","breadcrumb":{"@id":"https:\/\/www.bioblend.com\/product\/biogear-fs-75w-90\/#breadcrumb"},"inLanguage":"fr-CA","potentialAction":[{"@type":"ReadAction","target":["https:\/\/www.bioblend.com\/product\/biogear-fs-75w-90\/"]}]},{"@type":"ImageObject","inLanguage":"fr-CA","@id":"https:\/\/www.bioblend.com\/product\/biogear-fs-75w-90\/#primaryimage","url":"https:\/\/www.bioblend.com\/wp-content\/uploads\/BG_FS_75W90_Pail-scaled.png","contentUrl":"https:\/\/www.bioblend.com\/wp-content\/uploads\/BG_FS_75W90_Pail-scaled.png","width":1978,"height":2560,"caption":"75w90 synthetic gear oil"},{"@type":"BreadcrumbList","@id":"https:\/\/www.bioblend.com\/product\/biogear-fs-75w-90\/#breadcrumb","itemListElement":[{"@type":"ListItem","position":1,"name":"Home","item":"https:\/\/www.bioblend.com\/"},{"@type":"ListItem","position":2,"name":"Shop","item":"https:\/\/www.bioblend.com\/?page_id=8"},{"@type":"ListItem","position":3,"name":"BioGear FS 75W-90"}]},{"@type":"WebSite","@id":"https:\/\/www.bioblend.com\/#website","url":"https:\/\/www.bioblend.com\/","name":"Lubrifiants et produits industriels BioBlend","description":"Lubrifiants biod\u00e9gradables et produits industriels pour une synergie environnementale","potentialAction":[{"@type":"SearchAction","target":{"@type":"EntryPoint","urlTemplate":"https:\/\/www.bioblend.com\/?s={search_term_string}"},"query-input":{"@type":"PropertyValueSpecification","valueRequired":true,"valueName":"search_term_string"}}],"inLanguage":"fr-CA"}]}},"_links":{"self":[{"href":"https:\/\/www.bioblend.com\/fr\/wp-json\/wp\/v2\/product\/2566","targetHints":{"allow":["GET"]}}],"collection":[{"href":"https:\/\/www.bioblend.com\/fr\/wp-json\/wp\/v2\/product"}],"about":[{"href":"https:\/\/www.bioblend.com\/fr\/wp-json\/wp\/v2\/types\/product"}],"replies":[{"embeddable":true,"href":"https:\/\/www.bioblend.com\/fr\/wp-json\/wp\/v2\/comments?post=2566"}],"wp:featuredmedia":[{"embeddable":true,"href":"https:\/\/www.bioblend.com\/fr\/wp-json\/wp\/v2\/media\/4452"}],"wp:attachment":[{"href":"https:\/\/www.bioblend.com\/fr\/wp-json\/wp\/v2\/media?parent=2566"}],"wp:term":[{"taxonomy":"product_brand","embeddable":true,"href":"https:\/\/www.bioblend.com\/fr\/wp-json\/wp\/v2\/product_brand?post=2566"},{"taxonomy":"product_cat","embeddable":true,"href":"https:\/\/www.bioblend.com\/fr\/wp-json\/wp\/v2\/product_cat?post=2566"},{"taxonomy":"product_tag","embeddable":true,"href":"https:\/\/www.bioblend.com\/fr\/wp-json\/wp\/v2\/product_tag?post=2566"}],"curies":[{"name":"wp","href":"https:\/\/api.w.org\/{rel}","templated":true}]}}