{"id":2568,"date":"2021-06-01T18:15:52","date_gmt":"2021-06-01T23:15:52","guid":{"rendered":"https:\/\/www.bioblend.com\/product\/biogrease-hd\/"},"modified":"2025-06-03T08:09:13","modified_gmt":"2025-06-03T13:09:13","slug":"biogrease-hd-1-2","status":"publish","type":"product","link":"https:\/\/www.bioblend.com\/fr\/produit\/biogrease-hd-1-2\/","title":{"rendered":"BioGrease HD 1"},"content":{"rendered":"<h3>Graisse \u00e0 usage intensif, NLGI 1<\/h3>\n<p>BioGrease HD 1 is a readily <a href=\"https:\/\/www.bioblend.com\/fr\/just-what-is-a-biodegradable-lubricant\/\">biodegradable<\/a>, minimally toxic Lithium grease formulated to provide high film strength, withstand high operating temperatures, and maintain excellent stability. BioGrease HD 1 features a high <a href=\"https:\/\/www.bioblend.com\/fr\/hydraulic-fluid-viscosity\/\">viscosity<\/a> base oil for high load carrying capabilities. BioGrease HD 1 also has excellent anti-wear and water washout properties. It is designed for heavy-duty use in a variety of industrial, mobile, and marine applications. Available in NLGI Grade 1.<\/p>\n<ul>\n<li>Programme USDA BioPreferred<\/li>\n<li>Class\u00e9 comme <a href=\"https:\/\/www.bioblend.com\/fr\/environmental-friendly-lubricants\/\">Lubrifiants \u00e9cologiquement acceptables<\/a> (EAL) as per the EPA&#8217;s 2013 U.S. Vessel General Permit (VGP)<\/li>\n<li>For use in any industry (hydroelectric powered dams, <a href=\"https:\/\/www.bioblend.com\/fr\/industries\/construction-equipment\/\">construction<\/a>, refuse, <a href=\"https:\/\/www.bioblend.com\/fr\/industries\/mining\/\">mining<\/a>, dredging, <a href=\"https:\/\/www.bioblend.com\/fr\/industries\/marine\/\">Marin<\/a>, <a href=\"https:\/\/www.bioblend.com\/fr\/industries\/agriculture\/\">agriculture<\/a>, <a href=\"https:\/\/www.bioblend.com\/fr\/industries\/oil-and-gas\/\">oil &amp; gas<\/a>, plant operations, etc.) utilizing equipment with a need for a heavy duty grease, especially systems where a release into the environment is possible or where a leak or spill could reach a waste stream.<\/li>\n<li>Convient pour une utilisation dans des syst\u00e8mes de lubrification automatique ou par application manuelle.<\/li>\n<\/ul>","protected":false},"excerpt":{"rendered":"<p>BioGrease HD 1 est une graisse au lithium facilement biod\u00e9gradable et peu toxique formul\u00e9e pour fournir une r\u00e9sistance de film \u00e9lev\u00e9e et r\u00e9sister \u00e0 des temp\u00e9ratures de fonctionnement \u00e9lev\u00e9es.<\/p>\n<p><a id=\"S_HFDU_ISO46\" class=\"orange_button\" href=\"https:\/\/www.amazon.com\/BioBlend-BioGrease-Heavy-Duty-Grease\/dp\/B09S2XTDDW\/ref=sr_1_10?dib=eyJ2IjoiMSJ9.4e1ysIm4tEUnYnQhlCJk6G53xPSLw2achqh8a7HShApsKkB6LPGcLMba6LdHykScUnXmAodvGCAwbTMSAaHbcJsgBIpgy4zciRvedRCXCNFiUSvWeXL5V7VBHFikUGwmKNVTk_-BtDIj58eFBPcguGLdAiMRU43qzoycQowuv9Z0f0kcQ7qhxkgnDs1-yDqaLRC_U5OypOT-3REfzLRg-QciublmikvERw0kv3VbviU.Z3t-IyPDyt-x9TBPkmmrnAD-y8_bwx_4fRmzw2qt5x0&amp;dib_tag=se&amp;m=A3O1ZQI0PNCY4L&amp;qid=1729261674&amp;s=merchant-items&amp;sr=1-10&amp;th=1\" target=\"_blank\" rel=\"noopener\">Buy BioGrease HD on Amazon<\/a><br \/>\n<a id=\"S_HFDU_ISO46\" class=\"orange_button\" href=\"https:\/\/www.bioblend.com\/fr\/contact-us\/\" target=\"_blank\" rel=\"noopener\">Request a Commercial Quote<\/a><\/p>","protected":false},"featured_media":1958,"comment_status":"closed","ping_status":"closed","template":"","meta":{"_et_pb_use_builder":"","_et_pb_old_content":"","_et_gb_content_width":"","inline_featured_image":false},"product_brand":[],"product_cat":[25],"product_tag":[218],"class_list":{"0":"post-2568","1":"product","2":"type-product","3":"status-publish","4":"has-post-thumbnail","6":"product_cat-grease","7":"product_tag-heavy-duty-grease","8":"pa_packaging-bin-1873-lb","9":"pa_packaging-400-lb-drum","10":"pa_packaging-120-lb-keg","11":"pa_packaging-35-lb-pail","13":"first","14":"instock","15":"shipping-taxable","16":"product-type-simple"},"yoast_head":"<!-- This site is optimized with the Yoast SEO plugin v27.3 - https:\/\/yoast.com\/product\/yoast-seo-wordpress\/ -->\n<title>Commercial Heavy Duty Lubricants | Heavy Duty Grease | HD1<\/title>\n<meta name=\"description\" content=\"Heavy duty grease is biodegradable, minimally toxic, and withstands high operating temperatures. Use it to provide anti-wear and water washout capabilities.\" \/>\n<meta name=\"robots\" content=\"index, follow, max-snippet:-1, max-image-preview:large, max-video-preview:-1\" \/>\n<link rel=\"canonical\" href=\"https:\/\/www.bioblend.com\/fr\/produit\/biogrease-hd-1-2\/\" \/>\n<meta property=\"og:locale\" content=\"fr_CA\" \/>\n<meta property=\"og:type\" content=\"article\" \/>\n<meta property=\"og:title\" content=\"Commercial Heavy Duty Lubricants | Heavy Duty Grease | HD1\" \/>\n<meta property=\"og:description\" content=\"Heavy duty grease is biodegradable, minimally toxic, and withstands high operating temperatures. Use it to provide anti-wear and water washout capabilities.\" \/>\n<meta property=\"og:url\" content=\"https:\/\/www.bioblend.com\/fr\/produit\/biogrease-hd-1-2\/\" \/>\n<meta property=\"og:site_name\" content=\"BioBlend Lubricants &amp; Industrial Products\" \/>\n<meta property=\"article:modified_time\" content=\"2025-06-03T13:09:13+00:00\" \/>\n<meta property=\"og:image\" content=\"https:\/\/www.bioblend.com\/wp-content\/uploads\/BioGrease-HD-product.jpg\" \/>\n\t<meta property=\"og:image:width\" content=\"800\" \/>\n\t<meta property=\"og:image:height\" content=\"800\" \/>\n\t<meta property=\"og:image:type\" content=\"image\/jpeg\" \/>\n<meta name=\"twitter:card\" content=\"summary_large_image\" \/>\n<meta name=\"twitter:label1\" content=\"Estimation du temps de lecture\" \/>\n\t<meta name=\"twitter:data1\" content=\"1 minute\" \/>\n<script type=\"application\/ld+json\" class=\"yoast-schema-graph\">{\"@context\":\"https:\\\/\\\/schema.org\",\"@graph\":[{\"@type\":\"WebPage\",\"@id\":\"https:\\\/\\\/www.bioblend.com\\\/product\\\/biogrease-hd-1-2\\\/\",\"url\":\"https:\\\/\\\/www.bioblend.com\\\/product\\\/biogrease-hd-1-2\\\/\",\"name\":\"Commercial Heavy Duty Lubricants | Heavy Duty Grease | HD1\",\"isPartOf\":{\"@id\":\"https:\\\/\\\/www.bioblend.com\\\/#website\"},\"primaryImageOfPage\":{\"@id\":\"https:\\\/\\\/www.bioblend.com\\\/product\\\/biogrease-hd-1-2\\\/#primaryimage\"},\"image\":{\"@id\":\"https:\\\/\\\/www.bioblend.com\\\/product\\\/biogrease-hd-1-2\\\/#primaryimage\"},\"thumbnailUrl\":\"https:\\\/\\\/www.bioblend.com\\\/wp-content\\\/uploads\\\/BioGrease-HD-product.jpg\",\"datePublished\":\"2021-06-01T23:15:52+00:00\",\"dateModified\":\"2025-06-03T13:09:13+00:00\",\"description\":\"Heavy duty grease is biodegradable, minimally toxic, and withstands high operating temperatures. Use it to provide anti-wear and water washout capabilities.\",\"breadcrumb\":{\"@id\":\"https:\\\/\\\/www.bioblend.com\\\/product\\\/biogrease-hd-1-2\\\/#breadcrumb\"},\"inLanguage\":\"fr-CA\",\"potentialAction\":[{\"@type\":\"ReadAction\",\"target\":[\"https:\\\/\\\/www.bioblend.com\\\/product\\\/biogrease-hd-1-2\\\/\"]}]},{\"@type\":\"ImageObject\",\"inLanguage\":\"fr-CA\",\"@id\":\"https:\\\/\\\/www.bioblend.com\\\/product\\\/biogrease-hd-1-2\\\/#primaryimage\",\"url\":\"https:\\\/\\\/www.bioblend.com\\\/wp-content\\\/uploads\\\/BioGrease-HD-product.jpg\",\"contentUrl\":\"https:\\\/\\\/www.bioblend.com\\\/wp-content\\\/uploads\\\/BioGrease-HD-product.jpg\",\"width\":800,\"height\":800,\"caption\":\"BioGrease HD\"},{\"@type\":\"BreadcrumbList\",\"@id\":\"https:\\\/\\\/www.bioblend.com\\\/product\\\/biogrease-hd-1-2\\\/#breadcrumb\",\"itemListElement\":[{\"@type\":\"ListItem\",\"position\":1,\"name\":\"Home\",\"item\":\"https:\\\/\\\/www.bioblend.com\\\/\"},{\"@type\":\"ListItem\",\"position\":2,\"name\":\"Shop\",\"item\":\"https:\\\/\\\/www.bioblend.com\\\/?page_id=8\"},{\"@type\":\"ListItem\",\"position\":3,\"name\":\"BioGrease HD 1\"}]},{\"@type\":\"WebSite\",\"@id\":\"https:\\\/\\\/www.bioblend.com\\\/#website\",\"url\":\"https:\\\/\\\/www.bioblend.com\\\/\",\"name\":\"BioBlend Lubricants &amp; Industrial Products\",\"description\":\"Biodegradable Lubricants and Industrial Products for Environmental Synergy\",\"potentialAction\":[{\"@type\":\"SearchAction\",\"target\":{\"@type\":\"EntryPoint\",\"urlTemplate\":\"https:\\\/\\\/www.bioblend.com\\\/?s={search_term_string}\"},\"query-input\":{\"@type\":\"PropertyValueSpecification\",\"valueRequired\":true,\"valueName\":\"search_term_string\"}}],\"inLanguage\":\"fr-CA\"}]}<\/script>\n<!-- \/ Yoast SEO plugin. -->","yoast_head_json":{"title":"Commercial Heavy Duty Lubricants | Heavy Duty Grease | HD1","description":"Heavy duty grease is biodegradable, minimally toxic, and withstands high operating temperatures. Use it to provide anti-wear and water washout capabilities.","robots":{"index":"index","follow":"follow","max-snippet":"max-snippet:-1","max-image-preview":"max-image-preview:large","max-video-preview":"max-video-preview:-1"},"canonical":"https:\/\/www.bioblend.com\/fr\/produit\/biogrease-hd-1-2\/","og_locale":"fr_CA","og_type":"article","og_title":"Commercial Heavy Duty Lubricants | Heavy Duty Grease | HD1","og_description":"Heavy duty grease is biodegradable, minimally toxic, and withstands high operating temperatures. Use it to provide anti-wear and water washout capabilities.","og_url":"https:\/\/www.bioblend.com\/fr\/produit\/biogrease-hd-1-2\/","og_site_name":"BioBlend Lubricants &amp; Industrial Products","article_modified_time":"2025-06-03T13:09:13+00:00","og_image":[{"width":800,"height":800,"url":"https:\/\/www.bioblend.com\/wp-content\/uploads\/BioGrease-HD-product.jpg","type":"image\/jpeg"}],"twitter_card":"summary_large_image","twitter_misc":{"Estimation du temps de lecture":"1 minute"},"schema":{"@context":"https:\/\/schema.org","@graph":[{"@type":"WebPage","@id":"https:\/\/www.bioblend.com\/product\/biogrease-hd-1-2\/","url":"https:\/\/www.bioblend.com\/product\/biogrease-hd-1-2\/","name":"Commercial Heavy Duty Lubricants | Heavy Duty Grease | HD1","isPartOf":{"@id":"https:\/\/www.bioblend.com\/#website"},"primaryImageOfPage":{"@id":"https:\/\/www.bioblend.com\/product\/biogrease-hd-1-2\/#primaryimage"},"image":{"@id":"https:\/\/www.bioblend.com\/product\/biogrease-hd-1-2\/#primaryimage"},"thumbnailUrl":"https:\/\/www.bioblend.com\/wp-content\/uploads\/BioGrease-HD-product.jpg","datePublished":"2021-06-01T23:15:52+00:00","dateModified":"2025-06-03T13:09:13+00:00","description":"Heavy duty grease is biodegradable, minimally toxic, and withstands high operating temperatures. Use it to provide anti-wear and water washout capabilities.","breadcrumb":{"@id":"https:\/\/www.bioblend.com\/product\/biogrease-hd-1-2\/#breadcrumb"},"inLanguage":"fr-CA","potentialAction":[{"@type":"ReadAction","target":["https:\/\/www.bioblend.com\/product\/biogrease-hd-1-2\/"]}]},{"@type":"ImageObject","inLanguage":"fr-CA","@id":"https:\/\/www.bioblend.com\/product\/biogrease-hd-1-2\/#primaryimage","url":"https:\/\/www.bioblend.com\/wp-content\/uploads\/BioGrease-HD-product.jpg","contentUrl":"https:\/\/www.bioblend.com\/wp-content\/uploads\/BioGrease-HD-product.jpg","width":800,"height":800,"caption":"BioGrease HD"},{"@type":"BreadcrumbList","@id":"https:\/\/www.bioblend.com\/product\/biogrease-hd-1-2\/#breadcrumb","itemListElement":[{"@type":"ListItem","position":1,"name":"Home","item":"https:\/\/www.bioblend.com\/"},{"@type":"ListItem","position":2,"name":"Shop","item":"https:\/\/www.bioblend.com\/?page_id=8"},{"@type":"ListItem","position":3,"name":"BioGrease HD 1"}]},{"@type":"WebSite","@id":"https:\/\/www.bioblend.com\/#website","url":"https:\/\/www.bioblend.com\/","name":"Lubrifiants et produits industriels BioBlend","description":"Lubrifiants biod\u00e9gradables et produits industriels pour une synergie environnementale","potentialAction":[{"@type":"SearchAction","target":{"@type":"EntryPoint","urlTemplate":"https:\/\/www.bioblend.com\/?s={search_term_string}"},"query-input":{"@type":"PropertyValueSpecification","valueRequired":true,"valueName":"search_term_string"}}],"inLanguage":"fr-CA"}]}},"_links":{"self":[{"href":"https:\/\/www.bioblend.com\/fr\/wp-json\/wp\/v2\/product\/2568","targetHints":{"allow":["GET"]}}],"collection":[{"href":"https:\/\/www.bioblend.com\/fr\/wp-json\/wp\/v2\/product"}],"about":[{"href":"https:\/\/www.bioblend.com\/fr\/wp-json\/wp\/v2\/types\/product"}],"replies":[{"embeddable":true,"href":"https:\/\/www.bioblend.com\/fr\/wp-json\/wp\/v2\/comments?post=2568"}],"wp:featuredmedia":[{"embeddable":true,"href":"https:\/\/www.bioblend.com\/fr\/wp-json\/wp\/v2\/media\/1958"}],"wp:attachment":[{"href":"https:\/\/www.bioblend.com\/fr\/wp-json\/wp\/v2\/media?parent=2568"}],"wp:term":[{"taxonomy":"product_brand","embeddable":true,"href":"https:\/\/www.bioblend.com\/fr\/wp-json\/wp\/v2\/product_brand?post=2568"},{"taxonomy":"product_cat","embeddable":true,"href":"https:\/\/www.bioblend.com\/fr\/wp-json\/wp\/v2\/product_cat?post=2568"},{"taxonomy":"product_tag","embeddable":true,"href":"https:\/\/www.bioblend.com\/fr\/wp-json\/wp\/v2\/product_tag?post=2568"}],"curies":[{"name":"wp","href":"https:\/\/api.w.org\/{rel}","templated":true}]}}