{"id":2574,"date":"2021-06-01T18:15:55","date_gmt":"2021-06-01T23:15:55","guid":{"rendered":"https:\/\/www.bioblend.com\/product\/biogrease-rc-1\/"},"modified":"2025-06-13T08:00:32","modified_gmt":"2025-06-13T13:00:32","slug":"biogrease-rc-1","status":"publish","type":"product","link":"https:\/\/www.bioblend.com\/fr\/produit\/biogrease-rc-1\/","title":{"rendered":"BioGrease RC 1"},"content":{"rendered":"<h3>Graisse pour courbe de rail<\/h3>\n<p>BioGrease RC 1 is a readily <a href=\"https:\/\/www.bioblend.com\/fr\/just-what-is-a-biodegradable-lubricant\/\">biodegradable<\/a>, Lithium 12-OH Stearate based rail curve lubricant designed to provide high film strength, withstand heavy load applications, and maintain excellent stability. BioGrease RC 1 features high load carrying and anti-wear characteristics along with low water washout properties. In addition, this product contains organic friction modifiers, special polymers for water resistance and adhesion, and graphite to dampen sound and improve overall performance.<\/p>\n<ul>\n<li>Facilement biod\u00e9gradable<\/li>\n<li>Contient des polym\u00e8res sp\u00e9ciaux pour la r\u00e9sistance \u00e0 l&#039;eau et l&#039;adh\u00e9rence<\/li>\n<li>Performances de charge \u00e9lev\u00e9es<\/li>\n<li>Lavage \u00e0 faible eau<\/li>\n<\/ul>","protected":false},"excerpt":{"rendered":"<p>BioGrease RC 1 est un lubrifiant pour courbes de rails \u00e0 base de st\u00e9arate de lithium 12-OH facilement biod\u00e9gradable, con\u00e7u pour fournir une r\u00e9sistance \u00e9lev\u00e9e du film et r\u00e9sister aux applications de charges lourdes<\/p>\n<p><a id=\"S_HFDU_ISO46\" class=\"orange_button\" href=\"https:\/\/www.bioblend.com\/fr\/contact-us\/\" target=\"_blank\" rel=\"noopener\">Request a Commercial Quote<\/a><\/p>","protected":false},"featured_media":1964,"comment_status":"closed","ping_status":"closed","template":"","meta":{"_et_pb_use_builder":"","_et_pb_old_content":"","_et_gb_content_width":"","inline_featured_image":false},"product_brand":[],"product_cat":[25],"product_tag":[212],"class_list":{"0":"post-2574","1":"product","2":"type-product","3":"status-publish","4":"has-post-thumbnail","6":"product_cat-grease","7":"product_tag-rail-curve-grease","8":"pa_packaging-400-lb-drum","9":"pa_packaging-120-lb-keg","10":"pa_packaging-35-lb-pail","12":"first","13":"instock","14":"shipping-taxable","15":"product-type-simple"},"yoast_head":"<!-- This site is optimized with the Yoast SEO plugin v27.4 - https:\/\/yoast.com\/product\/yoast-seo-wordpress\/ -->\n<title>Rail Grease | Railway Greases | Rail Curve Grease | RC 1<\/title>\n<meta name=\"description\" content=\"Readily biodegradable, Lithium 12-OH Stearate based rail curve grease providing high film strength, carrying heavy loads, and upholding excellent stability\" \/>\n<meta name=\"robots\" content=\"index, follow, max-snippet:-1, max-image-preview:large, max-video-preview:-1\" \/>\n<link rel=\"canonical\" href=\"https:\/\/www.bioblend.com\/fr\/produit\/biogrease-rc-1\/\" \/>\n<meta property=\"og:locale\" content=\"fr_CA\" \/>\n<meta property=\"og:type\" content=\"article\" \/>\n<meta property=\"og:title\" content=\"Rail Grease | Railway Greases | Rail Curve Grease | RC 1\" \/>\n<meta property=\"og:description\" content=\"Readily biodegradable, Lithium 12-OH Stearate based rail curve grease providing high film strength, carrying heavy loads, and upholding excellent stability\" \/>\n<meta property=\"og:url\" content=\"https:\/\/www.bioblend.com\/fr\/produit\/biogrease-rc-1\/\" \/>\n<meta property=\"og:site_name\" content=\"BioBlend Lubricants &amp; Industrial Products\" \/>\n<meta property=\"article:modified_time\" content=\"2025-06-13T13:00:32+00:00\" \/>\n<meta property=\"og:image\" content=\"https:\/\/www.bioblend.com\/wp-content\/uploads\/BioGrease-RC-1-product.jpg\" \/>\n\t<meta property=\"og:image:width\" content=\"800\" \/>\n\t<meta property=\"og:image:height\" content=\"800\" \/>\n\t<meta property=\"og:image:type\" content=\"image\/jpeg\" \/>\n<meta name=\"twitter:card\" content=\"summary_large_image\" \/>\n<meta name=\"twitter:label1\" content=\"Estimation du temps de lecture\" \/>\n\t<meta name=\"twitter:data1\" content=\"1 minute\" \/>\n<script type=\"application\/ld+json\" class=\"yoast-schema-graph\">{\"@context\":\"https:\\\/\\\/schema.org\",\"@graph\":[{\"@type\":\"WebPage\",\"@id\":\"https:\\\/\\\/www.bioblend.com\\\/product\\\/biogrease-rc-1\\\/\",\"url\":\"https:\\\/\\\/www.bioblend.com\\\/product\\\/biogrease-rc-1\\\/\",\"name\":\"Rail Grease | Railway Greases | Rail Curve Grease | RC 1\",\"isPartOf\":{\"@id\":\"https:\\\/\\\/www.bioblend.com\\\/#website\"},\"primaryImageOfPage\":{\"@id\":\"https:\\\/\\\/www.bioblend.com\\\/product\\\/biogrease-rc-1\\\/#primaryimage\"},\"image\":{\"@id\":\"https:\\\/\\\/www.bioblend.com\\\/product\\\/biogrease-rc-1\\\/#primaryimage\"},\"thumbnailUrl\":\"https:\\\/\\\/www.bioblend.com\\\/wp-content\\\/uploads\\\/BioGrease-RC-1-product.jpg\",\"datePublished\":\"2021-06-01T23:15:55+00:00\",\"dateModified\":\"2025-06-13T13:00:32+00:00\",\"description\":\"Readily biodegradable, Lithium 12-OH Stearate based rail curve grease providing high film strength, carrying heavy loads, and upholding excellent stability\",\"breadcrumb\":{\"@id\":\"https:\\\/\\\/www.bioblend.com\\\/product\\\/biogrease-rc-1\\\/#breadcrumb\"},\"inLanguage\":\"fr-CA\",\"potentialAction\":[{\"@type\":\"ReadAction\",\"target\":[\"https:\\\/\\\/www.bioblend.com\\\/product\\\/biogrease-rc-1\\\/\"]}]},{\"@type\":\"ImageObject\",\"inLanguage\":\"fr-CA\",\"@id\":\"https:\\\/\\\/www.bioblend.com\\\/product\\\/biogrease-rc-1\\\/#primaryimage\",\"url\":\"https:\\\/\\\/www.bioblend.com\\\/wp-content\\\/uploads\\\/BioGrease-RC-1-product.jpg\",\"contentUrl\":\"https:\\\/\\\/www.bioblend.com\\\/wp-content\\\/uploads\\\/BioGrease-RC-1-product.jpg\",\"width\":800,\"height\":800,\"caption\":\"BioGrease RC 1\"},{\"@type\":\"BreadcrumbList\",\"@id\":\"https:\\\/\\\/www.bioblend.com\\\/product\\\/biogrease-rc-1\\\/#breadcrumb\",\"itemListElement\":[{\"@type\":\"ListItem\",\"position\":1,\"name\":\"Home\",\"item\":\"https:\\\/\\\/www.bioblend.com\\\/\"},{\"@type\":\"ListItem\",\"position\":2,\"name\":\"Shop\",\"item\":\"https:\\\/\\\/www.bioblend.com\\\/?page_id=8\"},{\"@type\":\"ListItem\",\"position\":3,\"name\":\"BioGrease RC 1\"}]},{\"@type\":\"WebSite\",\"@id\":\"https:\\\/\\\/www.bioblend.com\\\/#website\",\"url\":\"https:\\\/\\\/www.bioblend.com\\\/\",\"name\":\"BioBlend Lubricants &amp; Industrial Products\",\"description\":\"Biodegradable Lubricants and Industrial Products for Environmental Synergy\",\"potentialAction\":[{\"@type\":\"SearchAction\",\"target\":{\"@type\":\"EntryPoint\",\"urlTemplate\":\"https:\\\/\\\/www.bioblend.com\\\/?s={search_term_string}\"},\"query-input\":{\"@type\":\"PropertyValueSpecification\",\"valueRequired\":true,\"valueName\":\"search_term_string\"}}],\"inLanguage\":\"fr-CA\"}]}<\/script>\n<!-- \/ Yoast SEO plugin. -->","yoast_head_json":{"title":"Rail Grease | Railway Greases | Rail Curve Grease | RC 1","description":"Readily biodegradable, Lithium 12-OH Stearate based rail curve grease providing high film strength, carrying heavy loads, and upholding excellent stability","robots":{"index":"index","follow":"follow","max-snippet":"max-snippet:-1","max-image-preview":"max-image-preview:large","max-video-preview":"max-video-preview:-1"},"canonical":"https:\/\/www.bioblend.com\/fr\/produit\/biogrease-rc-1\/","og_locale":"fr_CA","og_type":"article","og_title":"Rail Grease | Railway Greases | Rail Curve Grease | RC 1","og_description":"Readily biodegradable, Lithium 12-OH Stearate based rail curve grease providing high film strength, carrying heavy loads, and upholding excellent stability","og_url":"https:\/\/www.bioblend.com\/fr\/produit\/biogrease-rc-1\/","og_site_name":"BioBlend Lubricants &amp; Industrial Products","article_modified_time":"2025-06-13T13:00:32+00:00","og_image":[{"width":800,"height":800,"url":"https:\/\/www.bioblend.com\/wp-content\/uploads\/BioGrease-RC-1-product.jpg","type":"image\/jpeg"}],"twitter_card":"summary_large_image","twitter_misc":{"Estimation du temps de lecture":"1 minute"},"schema":{"@context":"https:\/\/schema.org","@graph":[{"@type":"WebPage","@id":"https:\/\/www.bioblend.com\/product\/biogrease-rc-1\/","url":"https:\/\/www.bioblend.com\/product\/biogrease-rc-1\/","name":"Rail Grease | Railway Greases | Rail Curve Grease | RC 1","isPartOf":{"@id":"https:\/\/www.bioblend.com\/#website"},"primaryImageOfPage":{"@id":"https:\/\/www.bioblend.com\/product\/biogrease-rc-1\/#primaryimage"},"image":{"@id":"https:\/\/www.bioblend.com\/product\/biogrease-rc-1\/#primaryimage"},"thumbnailUrl":"https:\/\/www.bioblend.com\/wp-content\/uploads\/BioGrease-RC-1-product.jpg","datePublished":"2021-06-01T23:15:55+00:00","dateModified":"2025-06-13T13:00:32+00:00","description":"Readily biodegradable, Lithium 12-OH Stearate based rail curve grease providing high film strength, carrying heavy loads, and upholding excellent stability","breadcrumb":{"@id":"https:\/\/www.bioblend.com\/product\/biogrease-rc-1\/#breadcrumb"},"inLanguage":"fr-CA","potentialAction":[{"@type":"ReadAction","target":["https:\/\/www.bioblend.com\/product\/biogrease-rc-1\/"]}]},{"@type":"ImageObject","inLanguage":"fr-CA","@id":"https:\/\/www.bioblend.com\/product\/biogrease-rc-1\/#primaryimage","url":"https:\/\/www.bioblend.com\/wp-content\/uploads\/BioGrease-RC-1-product.jpg","contentUrl":"https:\/\/www.bioblend.com\/wp-content\/uploads\/BioGrease-RC-1-product.jpg","width":800,"height":800,"caption":"BioGrease RC 1"},{"@type":"BreadcrumbList","@id":"https:\/\/www.bioblend.com\/product\/biogrease-rc-1\/#breadcrumb","itemListElement":[{"@type":"ListItem","position":1,"name":"Home","item":"https:\/\/www.bioblend.com\/"},{"@type":"ListItem","position":2,"name":"Shop","item":"https:\/\/www.bioblend.com\/?page_id=8"},{"@type":"ListItem","position":3,"name":"BioGrease RC 1"}]},{"@type":"WebSite","@id":"https:\/\/www.bioblend.com\/#website","url":"https:\/\/www.bioblend.com\/","name":"Lubrifiants et produits industriels BioBlend","description":"Lubrifiants biod\u00e9gradables et produits industriels pour une synergie environnementale","potentialAction":[{"@type":"SearchAction","target":{"@type":"EntryPoint","urlTemplate":"https:\/\/www.bioblend.com\/?s={search_term_string}"},"query-input":{"@type":"PropertyValueSpecification","valueRequired":true,"valueName":"search_term_string"}}],"inLanguage":"fr-CA"}]}},"_links":{"self":[{"href":"https:\/\/www.bioblend.com\/fr\/wp-json\/wp\/v2\/product\/2574","targetHints":{"allow":["GET"]}}],"collection":[{"href":"https:\/\/www.bioblend.com\/fr\/wp-json\/wp\/v2\/product"}],"about":[{"href":"https:\/\/www.bioblend.com\/fr\/wp-json\/wp\/v2\/types\/product"}],"replies":[{"embeddable":true,"href":"https:\/\/www.bioblend.com\/fr\/wp-json\/wp\/v2\/comments?post=2574"}],"wp:featuredmedia":[{"embeddable":true,"href":"https:\/\/www.bioblend.com\/fr\/wp-json\/wp\/v2\/media\/1964"}],"wp:attachment":[{"href":"https:\/\/www.bioblend.com\/fr\/wp-json\/wp\/v2\/media?parent=2574"}],"wp:term":[{"taxonomy":"product_brand","embeddable":true,"href":"https:\/\/www.bioblend.com\/fr\/wp-json\/wp\/v2\/product_brand?post=2574"},{"taxonomy":"product_cat","embeddable":true,"href":"https:\/\/www.bioblend.com\/fr\/wp-json\/wp\/v2\/product_cat?post=2574"},{"taxonomy":"product_tag","embeddable":true,"href":"https:\/\/www.bioblend.com\/fr\/wp-json\/wp\/v2\/product_tag?post=2574"}],"curies":[{"name":"wp","href":"https:\/\/api.w.org\/{rel}","templated":true}]}}