{"id":2581,"date":"2021-06-01T18:15:59","date_gmt":"2021-06-01T23:15:59","guid":{"rendered":"https:\/\/www.bioblend.com\/product\/bioflo-synthetic-aw\/"},"modified":"2026-01-20T08:38:27","modified_gmt":"2026-01-20T14:38:27","slug":"bioflo-synthetic-aw","status":"publish","type":"product","link":"https:\/\/www.bioblend.com\/fr\/produit\/bioflo-synthetic-aw\/","title":{"rendered":"BioFlo Synth\u00e9tique AW"},"content":{"rendered":"<h3>Fluide hydraulique synth\u00e9tique anti-usure<\/h3>\n<p>BioFlo Synthetic AW is a fully synthetic, readily <a href=\"https:\/\/www.bioblend.com\/fr\/just-what-is-a-biodegradable-lubricant\/\">biodegradable<\/a>, ester based hydraulic fluid. Our synthetic hydraulic fluid is designed to provide better performance in <a href=\"https:\/\/www.bioblend.com\/fr\/how-to-select-the-best-high-temp-grease\/\">extreme temperatures<\/a> and over extended periods of time. It offers high thermal and oxidative stability which reduces operating temperatures. Friction and wear of parts is minimized in industrial and mobile hydraulic systems. Readily available for delivery worldwide.<\/p>\n<p>BioFlow Synthetic AW est disponible dans les grades ISO 32, 46, 68.<\/p>\n<ul>\n<li>Programme USDA BioPreferred<\/li>\n<li>Class\u00e9 comme <a href=\"https:\/\/www.bioblend.com\/fr\/environmental-friendly-lubricants\/\">Lubrifiants \u00e9cologiquement acceptables<\/a> (EAL) as per the EPA&#8217;s 2013 U.S. Vessel General Permit (VGP)<\/li>\n<li>Any industry (<a href=\"https:\/\/www.bioblend.com\/fr\/industries\/construction-equipment\/\">construction<\/a>, <a href=\"https:\/\/www.bioblend.com\/fr\/industries\/government\/\">refuse<\/a>, <a href=\"https:\/\/www.bioblend.com\/fr\/industries\/mining\/\">mining<\/a>, <a href=\"https:\/\/www.bioblend.com\/fr\/industries\/marine\/\">dredging<\/a>, <a href=\"https:\/\/www.bioblend.com\/fr\/industries\/marine\/\">Marin<\/a>, <a href=\"https:\/\/www.bioblend.com\/fr\/industries\/agriculture\/\">agriculture<\/a>, <a href=\"https:\/\/www.bioblend.com\/fr\/industries\/oil-and-gas\/\">oil &amp; gas<\/a>, <a href=\"https:\/\/www.bioblend.com\/fr\/industries\/wood-products\/\">plant operations<\/a>, etc.) utilizing mobile or stationary hydraulically powered equipment, especially hydraulic systems where a release into the environment is possible or where a leak or spill could reach a waste stream.<\/li>\n<\/ul>","protected":false},"excerpt":{"rendered":"<p>BioFlo Synthetic AW est un fluide hydraulique enti\u00e8rement synth\u00e9tique, facilement biod\u00e9gradable, \u00e0 base d&#039;ester. Il offre une stabilit\u00e9 thermique et oxydante \u00e9lev\u00e9e.<\/p>\n<p><a id=\"S_HFDU_ISO46\" class=\"orange_button\" href=\"https:\/\/www.bioblend.com\/fr\/contact-us\/\" target=\"_blank\" rel=\"noopener\">Request a Commercial Quote<\/a><\/p>","protected":false},"featured_media":2992,"comment_status":"closed","ping_status":"closed","template":"","meta":{"_et_pb_use_builder":"","_et_pb_old_content":"","_et_gb_content_width":"","inline_featured_image":false},"product_brand":[],"product_cat":[24],"product_tag":[210],"class_list":{"0":"post-2581","1":"product","2":"type-product","3":"status-publish","4":"has-post-thumbnail","6":"product_cat-hydraulic-oil","7":"product_tag-anti-wear-hydraulic","8":"pa_packaging-drum-55-gal","9":"pa_packaging-pail-5-gal","10":"pa_packaging-tote-275-gal","11":"pa_packaging-tote-330-gal","13":"first","14":"instock","15":"shipping-taxable","16":"product-type-simple"},"yoast_head":"<!-- This site is optimized with the Yoast SEO plugin v27.3 - https:\/\/yoast.com\/product\/yoast-seo-wordpress\/ -->\n<title>Synthetic Hydraulic Fluid | Synthetic Hydraulic Oil | BioFlo<\/title>\n<meta name=\"description\" content=\"This fully synthetic hydraulic oil is readily biodegradable, ester based, and designed for excellent extreme temperature performance over extended time.\" \/>\n<meta name=\"robots\" content=\"index, follow, max-snippet:-1, max-image-preview:large, max-video-preview:-1\" \/>\n<link rel=\"canonical\" href=\"https:\/\/www.bioblend.com\/fr\/produit\/bioflo-synthetic-aw\/\" \/>\n<meta property=\"og:locale\" content=\"fr_CA\" \/>\n<meta property=\"og:type\" content=\"article\" \/>\n<meta property=\"og:title\" content=\"Synthetic Hydraulic Fluid | Synthetic Hydraulic Oil | BioFlo\" \/>\n<meta property=\"og:description\" content=\"This fully synthetic hydraulic oil is readily biodegradable, ester based, and designed for excellent extreme temperature performance over extended time.\" \/>\n<meta property=\"og:url\" content=\"https:\/\/www.bioblend.com\/fr\/produit\/bioflo-synthetic-aw\/\" \/>\n<meta property=\"og:site_name\" content=\"BioBlend Lubricants &amp; Industrial Products\" \/>\n<meta property=\"article:modified_time\" content=\"2026-01-20T14:38:27+00:00\" \/>\n<meta property=\"og:image\" content=\"https:\/\/www.bioblend.com\/wp-content\/uploads\/Hydraulic.jpg\" \/>\n\t<meta property=\"og:image:width\" content=\"800\" \/>\n\t<meta property=\"og:image:height\" content=\"800\" \/>\n\t<meta property=\"og:image:type\" content=\"image\/jpeg\" \/>\n<meta name=\"twitter:card\" content=\"summary_large_image\" \/>\n<meta name=\"twitter:label1\" content=\"Estimation du temps de lecture\" \/>\n\t<meta name=\"twitter:data1\" content=\"1 minute\" \/>\n<script type=\"application\/ld+json\" class=\"yoast-schema-graph\">{\"@context\":\"https:\\\/\\\/schema.org\",\"@graph\":[{\"@type\":\"WebPage\",\"@id\":\"https:\\\/\\\/www.bioblend.com\\\/product\\\/bioflo-synthetic-aw\\\/\",\"url\":\"https:\\\/\\\/www.bioblend.com\\\/product\\\/bioflo-synthetic-aw\\\/\",\"name\":\"Synthetic Hydraulic Fluid | Synthetic Hydraulic Oil | BioFlo\",\"isPartOf\":{\"@id\":\"https:\\\/\\\/www.bioblend.com\\\/#website\"},\"primaryImageOfPage\":{\"@id\":\"https:\\\/\\\/www.bioblend.com\\\/product\\\/bioflo-synthetic-aw\\\/#primaryimage\"},\"image\":{\"@id\":\"https:\\\/\\\/www.bioblend.com\\\/product\\\/bioflo-synthetic-aw\\\/#primaryimage\"},\"thumbnailUrl\":\"https:\\\/\\\/www.bioblend.com\\\/wp-content\\\/uploads\\\/Hydraulic.jpg\",\"datePublished\":\"2021-06-01T23:15:59+00:00\",\"dateModified\":\"2026-01-20T14:38:27+00:00\",\"description\":\"This fully synthetic hydraulic oil is readily biodegradable, ester based, and designed for excellent extreme temperature performance over extended time.\",\"breadcrumb\":{\"@id\":\"https:\\\/\\\/www.bioblend.com\\\/product\\\/bioflo-synthetic-aw\\\/#breadcrumb\"},\"inLanguage\":\"fr-CA\",\"potentialAction\":[{\"@type\":\"ReadAction\",\"target\":[\"https:\\\/\\\/www.bioblend.com\\\/product\\\/bioflo-synthetic-aw\\\/\"]}]},{\"@type\":\"ImageObject\",\"inLanguage\":\"fr-CA\",\"@id\":\"https:\\\/\\\/www.bioblend.com\\\/product\\\/bioflo-synthetic-aw\\\/#primaryimage\",\"url\":\"https:\\\/\\\/www.bioblend.com\\\/wp-content\\\/uploads\\\/Hydraulic.jpg\",\"contentUrl\":\"https:\\\/\\\/www.bioblend.com\\\/wp-content\\\/uploads\\\/Hydraulic.jpg\",\"width\":800,\"height\":800,\"caption\":\"Hydraulic fluid hoses in application on yellow iron\"},{\"@type\":\"BreadcrumbList\",\"@id\":\"https:\\\/\\\/www.bioblend.com\\\/product\\\/bioflo-synthetic-aw\\\/#breadcrumb\",\"itemListElement\":[{\"@type\":\"ListItem\",\"position\":1,\"name\":\"Home\",\"item\":\"https:\\\/\\\/www.bioblend.com\\\/\"},{\"@type\":\"ListItem\",\"position\":2,\"name\":\"Shop\",\"item\":\"https:\\\/\\\/www.bioblend.com\\\/?page_id=8\"},{\"@type\":\"ListItem\",\"position\":3,\"name\":\"BioFlo Synthetic AW\"}]},{\"@type\":\"WebSite\",\"@id\":\"https:\\\/\\\/www.bioblend.com\\\/#website\",\"url\":\"https:\\\/\\\/www.bioblend.com\\\/\",\"name\":\"BioBlend Lubricants &amp; Industrial Products\",\"description\":\"Biodegradable Lubricants and Industrial Products for Environmental Synergy\",\"potentialAction\":[{\"@type\":\"SearchAction\",\"target\":{\"@type\":\"EntryPoint\",\"urlTemplate\":\"https:\\\/\\\/www.bioblend.com\\\/?s={search_term_string}\"},\"query-input\":{\"@type\":\"PropertyValueSpecification\",\"valueRequired\":true,\"valueName\":\"search_term_string\"}}],\"inLanguage\":\"fr-CA\"}]}<\/script>\n<!-- \/ Yoast SEO plugin. -->","yoast_head_json":{"title":"Synthetic Hydraulic Fluid | Synthetic Hydraulic Oil | BioFlo","description":"This fully synthetic hydraulic oil is readily biodegradable, ester based, and designed for excellent extreme temperature performance over extended time.","robots":{"index":"index","follow":"follow","max-snippet":"max-snippet:-1","max-image-preview":"max-image-preview:large","max-video-preview":"max-video-preview:-1"},"canonical":"https:\/\/www.bioblend.com\/fr\/produit\/bioflo-synthetic-aw\/","og_locale":"fr_CA","og_type":"article","og_title":"Synthetic Hydraulic Fluid | Synthetic Hydraulic Oil | BioFlo","og_description":"This fully synthetic hydraulic oil is readily biodegradable, ester based, and designed for excellent extreme temperature performance over extended time.","og_url":"https:\/\/www.bioblend.com\/fr\/produit\/bioflo-synthetic-aw\/","og_site_name":"BioBlend Lubricants &amp; Industrial Products","article_modified_time":"2026-01-20T14:38:27+00:00","og_image":[{"width":800,"height":800,"url":"https:\/\/www.bioblend.com\/wp-content\/uploads\/Hydraulic.jpg","type":"image\/jpeg"}],"twitter_card":"summary_large_image","twitter_misc":{"Estimation du temps de lecture":"1 minute"},"schema":{"@context":"https:\/\/schema.org","@graph":[{"@type":"WebPage","@id":"https:\/\/www.bioblend.com\/product\/bioflo-synthetic-aw\/","url":"https:\/\/www.bioblend.com\/product\/bioflo-synthetic-aw\/","name":"Synthetic Hydraulic Fluid | Synthetic Hydraulic Oil | BioFlo","isPartOf":{"@id":"https:\/\/www.bioblend.com\/#website"},"primaryImageOfPage":{"@id":"https:\/\/www.bioblend.com\/product\/bioflo-synthetic-aw\/#primaryimage"},"image":{"@id":"https:\/\/www.bioblend.com\/product\/bioflo-synthetic-aw\/#primaryimage"},"thumbnailUrl":"https:\/\/www.bioblend.com\/wp-content\/uploads\/Hydraulic.jpg","datePublished":"2021-06-01T23:15:59+00:00","dateModified":"2026-01-20T14:38:27+00:00","description":"This fully synthetic hydraulic oil is readily biodegradable, ester based, and designed for excellent extreme temperature performance over extended time.","breadcrumb":{"@id":"https:\/\/www.bioblend.com\/product\/bioflo-synthetic-aw\/#breadcrumb"},"inLanguage":"fr-CA","potentialAction":[{"@type":"ReadAction","target":["https:\/\/www.bioblend.com\/product\/bioflo-synthetic-aw\/"]}]},{"@type":"ImageObject","inLanguage":"fr-CA","@id":"https:\/\/www.bioblend.com\/product\/bioflo-synthetic-aw\/#primaryimage","url":"https:\/\/www.bioblend.com\/wp-content\/uploads\/Hydraulic.jpg","contentUrl":"https:\/\/www.bioblend.com\/wp-content\/uploads\/Hydraulic.jpg","width":800,"height":800,"caption":"Hydraulic fluid hoses in application on yellow iron"},{"@type":"BreadcrumbList","@id":"https:\/\/www.bioblend.com\/product\/bioflo-synthetic-aw\/#breadcrumb","itemListElement":[{"@type":"ListItem","position":1,"name":"Home","item":"https:\/\/www.bioblend.com\/"},{"@type":"ListItem","position":2,"name":"Shop","item":"https:\/\/www.bioblend.com\/?page_id=8"},{"@type":"ListItem","position":3,"name":"BioFlo Synthetic AW"}]},{"@type":"WebSite","@id":"https:\/\/www.bioblend.com\/#website","url":"https:\/\/www.bioblend.com\/","name":"Lubrifiants et produits industriels BioBlend","description":"Lubrifiants biod\u00e9gradables et produits industriels pour une synergie environnementale","potentialAction":[{"@type":"SearchAction","target":{"@type":"EntryPoint","urlTemplate":"https:\/\/www.bioblend.com\/?s={search_term_string}"},"query-input":{"@type":"PropertyValueSpecification","valueRequired":true,"valueName":"search_term_string"}}],"inLanguage":"fr-CA"}]}},"_links":{"self":[{"href":"https:\/\/www.bioblend.com\/fr\/wp-json\/wp\/v2\/product\/2581","targetHints":{"allow":["GET"]}}],"collection":[{"href":"https:\/\/www.bioblend.com\/fr\/wp-json\/wp\/v2\/product"}],"about":[{"href":"https:\/\/www.bioblend.com\/fr\/wp-json\/wp\/v2\/types\/product"}],"replies":[{"embeddable":true,"href":"https:\/\/www.bioblend.com\/fr\/wp-json\/wp\/v2\/comments?post=2581"}],"wp:featuredmedia":[{"embeddable":true,"href":"https:\/\/www.bioblend.com\/fr\/wp-json\/wp\/v2\/media\/2992"}],"wp:attachment":[{"href":"https:\/\/www.bioblend.com\/fr\/wp-json\/wp\/v2\/media?parent=2581"}],"wp:term":[{"taxonomy":"product_brand","embeddable":true,"href":"https:\/\/www.bioblend.com\/fr\/wp-json\/wp\/v2\/product_brand?post=2581"},{"taxonomy":"product_cat","embeddable":true,"href":"https:\/\/www.bioblend.com\/fr\/wp-json\/wp\/v2\/product_cat?post=2581"},{"taxonomy":"product_tag","embeddable":true,"href":"https:\/\/www.bioblend.com\/fr\/wp-json\/wp\/v2\/product_tag?post=2581"}],"curies":[{"name":"wp","href":"https:\/\/api.w.org\/{rel}","templated":true}]}}