{"id":2582,"date":"2021-06-01T18:15:59","date_gmt":"2021-06-01T23:15:59","guid":{"rendered":"https:\/\/www.bioblend.com\/product\/bioflo-hfdu\/"},"modified":"2026-04-13T12:42:30","modified_gmt":"2026-04-13T17:42:30","slug":"bioflo-hfdu","status":"publish","type":"product","link":"https:\/\/www.bioblend.com\/fr\/produit\/bioflo-hfdu\/","title":{"rendered":"BioFlo HFDU"},"content":{"rendered":"<p>[et_pb_section fb_built=&#8221;1&#8243; _builder_version=&#8221;4.16&#8243; custom_padding=&#8221;0px||||false|false&#8221; global_colors_info=&#8221;{}&#8221;][et_pb_row _builder_version=&#8221;4.16&#8243; background_size=&#8221;initial&#8221; background_position=&#8221;top_left&#8221; background_repeat=&#8221;repeat&#8221; width=&#8221;100%&#8221; custom_padding=&#8221;0px||0px||false|false&#8221; global_colors_info=&#8221;{}&#8221;][et_pb_column type=&#8221;4_4&#8243; _builder_version=&#8221;4.16&#8243; custom_padding=&#8221;|||&#8221; global_colors_info=&#8221;{}&#8221; custom_padding__hover=&#8221;|||&#8221;][et_pb_wc_breadcrumb _builder_version=&#8221;4.16&#8243; global_colors_info=&#8221;{}&#8221;][\/et_pb_wc_breadcrumb][et_pb_wc_cart_notice _builder_version=&#8221;4.16&#8243; global_colors_info=&#8221;{}&#8221;][\/et_pb_wc_cart_notice][\/et_pb_column][\/et_pb_row][et_pb_row column_structure=&#8221;1_2,1_2&#8243; _builder_version=&#8221;4.16&#8243; background_size=&#8221;initial&#8221; background_position=&#8221;top_left&#8221; background_repeat=&#8221;repeat&#8221; width=&#8221;100%&#8221; custom_padding=&#8221;0px||||false|false&#8221; global_colors_info=&#8221;{}&#8221;][et_pb_column type=&#8221;1_2&#8243; _builder_version=&#8221;4.16&#8243; custom_padding=&#8221;|||&#8221; global_colors_info=&#8221;{}&#8221; custom_padding__hover=&#8221;|||&#8221;][et_pb_wc_images _builder_version=&#8221;4.16&#8243; global_colors_info=&#8221;{}&#8221;][\/et_pb_wc_images][\/et_pb_column][et_pb_column type=&#8221;1_2&#8243; _builder_version=&#8221;4.16&#8243; custom_padding=&#8221;|||&#8221; global_colors_info=&#8221;{}&#8221; custom_padding__hover=&#8221;|||&#8221;][et_pb_wc_title _builder_version=&#8221;4.16&#8243; global_colors_info=&#8221;{}&#8221;][\/et_pb_wc_title][et_pb_wc_rating _builder_version=&#8221;4.16&#8243; global_colors_info=&#8221;{}&#8221;][\/et_pb_wc_rating][et_pb_wc_price _builder_version=&#8221;4.16&#8243; global_colors_info=&#8221;{}&#8221;][\/et_pb_wc_price][et_pb_wc_description _builder_version=&#8221;4.16&#8243; global_colors_info=&#8221;{}&#8221;][\/et_pb_wc_description][et_pb_wc_add_to_cart _builder_version=&#8221;4.16&#8243; global_colors_info=&#8221;{}&#8221;][\/et_pb_wc_add_to_cart][et_pb_wc_meta _builder_version=&#8221;4.16&#8243; global_colors_info=&#8221;{}&#8221;][\/et_pb_wc_meta][\/et_pb_column][\/et_pb_row][et_pb_row _builder_version=&#8221;4.16&#8243; background_size=&#8221;initial&#8221; background_position=&#8221;top_left&#8221; background_repeat=&#8221;repeat&#8221; width=&#8221;100%&#8221; global_colors_info=&#8221;{}&#8221;][et_pb_column type=&#8221;4_4&#8243; _builder_version=&#8221;4.16&#8243; custom_padding=&#8221;|||&#8221; global_colors_info=&#8221;{}&#8221; custom_padding__hover=&#8221;|||&#8221;][et_pb_wc_tabs _builder_version=&#8221;4.16&#8243; global_colors_info=&#8221;{}&#8221;]\t\t\t\t\t[\/et_pb_wc_tabs][et_pb_wc_upsells _builder_version=&#8221;4.16&#8243; global_colors_info=&#8221;{}&#8221;][\/et_pb_wc_upsells][et_pb_wc_related_products _builder_version=&#8221;4.16&#8243; global_colors_info=&#8221;{}&#8221;][\/et_pb_wc_related_products][et_pb_text _builder_version=&#8221;4.27.4&#8243; _module_preset=&#8221;default&#8221; locked=&#8221;off&#8221; global_colors_info=&#8221;{}&#8221;]<\/p>\n<h2 style=\"text-align: center;\">Frequently Asked Questions<\/h2>\n<p>[\/et_pb_text][\/et_pb_column][\/et_pb_row][et_pb_row _builder_version=&#8221;4.27.4&#8243; _module_preset=&#8221;default&#8221; width=&#8221;98.3%&#8221; locked=&#8221;off&#8221; global_colors_info=&#8221;{}&#8221;][et_pb_column type=&#8221;4_4&#8243; _builder_version=&#8221;4.27.4&#8243; _module_preset=&#8221;default&#8221; global_colors_info=&#8221;{}&#8221;][et_pb_toggle title=&#8221;Is There Non-Flammable Hydraulic Oil?&#8221; open=&#8221;on&#8221; _builder_version=&#8221;4.27.4&#8243; _module_preset=&#8221;default&#8221; title_level=&#8221;h3&#8243; title_font_size=&#8221;17px&#8221; global_colors_info=&#8221;{}&#8221;]<\/p>\n<p><span style=\"font-weight: 400;\">While no hydraulic oil is completely non-flammable, some hydraulic fluids\u2014like BioFlo HFDU\u2014are less flammable than standard mineral oils. These fire-resistant fluids are ideal for high-risk environments such as steel mills, mining operations, and foundries. BioFlo HFDU and Synthetic HFDU are Factory Mutual Approved and carry the FM approved logo. This means that they have been extensively tested for their lower flammability characteristics and approved for use by the Factory Mutual organization.<\/span><\/p>\n<p>[\/et_pb_toggle][et_pb_toggle title=&#8221;Will Hydraulic Oil Burn?&#8221; _builder_version=&#8221;4.27.4&#8243; _module_preset=&#8221;default&#8221; title_level=&#8221;h3&#8243; title_font_size=&#8221;17px&#8221; custom_padding=&#8221;20px|||||&#8221; global_colors_info=&#8221;{}&#8221;]<\/p>\n<p><span style=\"font-weight: 400;\">Yes. Hydraulic oil will burn, but the ignition temperature varies depending on the type. Standard mineral-based hydraulic oils typically ignite at lower temperatures, while fire-resistant fluids like HFDU and Synthetic HFDU have higher ignition points, making them safer in high-temperature operations.<\/span><\/p>\n<p>[\/et_pb_toggle][et_pb_toggle title=&#8221;Is Hydraulic Fluid Flammable When Welding?&#8221; _builder_version=&#8221;4.27.4&#8243; _module_preset=&#8221;default&#8221; title_level=&#8221;h3&#8243; title_font_size=&#8221;17px&#8221; global_colors_info=&#8221;{}&#8221;]<\/p>\n<p><span style=\"font-weight: 400;\">Yes. Hydraulic fluid can ignite if exposed to sparks, flames, or extremely high heat during welding. Always follow safety protocols and consider using a fire-resistant hydraulic fluid in welding environments. Look for the \u201cFM Approved\u201d logo.\u00a0<\/span><\/p>\n<p>[\/et_pb_toggle][et_pb_toggle title=&#8221;Is Synthetic Oil Fire-Resistant?&#8221; _builder_version=&#8221;4.27.4&#8243; _module_preset=&#8221;default&#8221; title_level=&#8221;h3&#8243; title_font_size=&#8221;17px&#8221; custom_margin=&#8221;|||-1px||&#8221; custom_padding=&#8221;|||20px||&#8221; global_colors_info=&#8221;{}&#8221;]<\/p>\n<p><span style=\"font-weight: 400;\">Synthetic oil is generally more fire-resistant than mineral oil or water-based products. However, for environments with high fire risk, use a specially formulated synthetic fire-resistant fluid like <\/span><a href=\"https:\/\/www.bioblend.com\/product\/bioflo-synthetic-hfdu\/\"><span style=\"font-weight: 400;\">BioFlo Synthetic HFDU<\/span><\/a><span style=\"font-weight: 400;\">, which is designed to perform safely under extreme heat. Look for the \u201cFM Approved\u201d logo!<\/span><\/p>\n<p>[\/et_pb_toggle][\/et_pb_column][\/et_pb_row][\/et_pb_section]<\/p>\n","protected":false},"excerpt":{"rendered":"<p>BioFlo HFDU est un fluide hydraulique r\u00e9sistant au feu, fabriqu\u00e9 \u00e0 partir d&#039;une huile de base d&#039;ester naturel de premi\u00e8re qualit\u00e9. HFDU est un excellent hydraulique anti-usure et est un fluide r\u00e9sistant au feu homologu\u00e9 FM.<\/p>\n<p><a id=\"HFDU_ISO46\" class=\"orange_button\" href=\"https:\/\/www.amazon.com\/BioBlend-BioFlo-Fire-Resistant-Hydraulic-Gallon\/dp\/B09QY1WL81\/ref=sr_1_13?dib=eyJ2IjoiMSJ9.4e1ysIm4tEUnYnQhlCJk6G53xPSLw2achqh8a7HShApsKkB6LPGcLMba6LdHykScUnXmAodvGCAwbTMSAaHbcJsgBIpgy4zciRvedRCXCNFiUSvWeXL5V7VBHFikUGwmKNVTk_-BtDIj58eFBPcguGLdAiMRU43qzoycQowuv9Z0f0kcQ7qhxkgnDs1-yDqaLRC_U5OypOT-3REfzLRg-QciublmikvERw0kv3VbviU.Z3t-IyPDyt-x9TBPkmmrnAD-y8_bwx_4fRmzw2qt5x0&amp;dib_tag=se&amp;m=A3O1ZQI0PNCY4L&amp;qid=1729261674&amp;s=merchant-items&amp;sr=1-13\" target=\"_blank\" rel=\"noopener\">Buy BioFlo HFDU ISO 46 on Amazon<\/a><br \/>\n<a id=\"HFDU_ISO68\" class=\"orange_button\" href=\"https:\/\/www.bioblend.com\/fr\/contact-us\/\" target=\"_blank\" rel=\"noopener\">Contact For BioFlo HFDU ISO 68<\/a><br \/>\n<a id=\"S_HFDU_ISO46\" class=\"orange_button\" href=\"https:\/\/www.bioblend.com\/fr\/contact-us\/\" target=\"_blank\" rel=\"noopener\">Request a Commercial Quote<\/a><\/p>","protected":false},"featured_media":1970,"comment_status":"closed","ping_status":"closed","template":"","meta":{"_et_pb_use_builder":"on","_et_pb_old_content":"<h3>Fire Resistant Hydraulic Oil<\/h3>\r\nBioFlo HFDU is a Factory Mutual (FM) approved fire-resistant <a href=\"https:\/\/www.bioblend.com\/what-is-hydraulic-fluid-for\/\">hydraulic fluid<\/a>, formulated from premium natural ester readily <a href=\"https:\/\/www.bioblend.com\/just-what-is-a-biodegradable-lubricant\/\">biodegradable base oil<\/a>. HFDU is an excellent anti-wear hydraulic fluid for use in all applications requiring a Factory Mutual approved fire-resistant fluid. In addition to high performance, the product also provides excellent environmental performance due to its low toxicity additives and biobased base oil. HFDU is compatible with most mineral oils and polyolester type hydraulic fluids. For phosphate esters, please contact your BioBlend rep. HFDU is NOT compatible with water containing fluids.\r\n\r\nBioFlo HFDU fluids are available in ISO grades, 46 and 68.\r\n<ul>\r\n \t<li>FM Approved for Fire Resistant Hydraulic Fluids<\/li>\r\n \t<li>USDA BioPreferred Program<\/li>\r\n \t<li>Classified as <a href=\"https:\/\/www.bioblend.com\/beyond-environmentally-friendly-lubricants\/\">Environmentally Acceptable Lubricants<\/a> (EAL) as per the EPA's 2013 U.S. Vessel General Permit (VGP)<\/li>\r\n<\/ul>\r\nSee the product Safety Data Sheet (SDS) for emergency, proper handling, and disposal information.","_et_gb_content_width":"","inline_featured_image":false},"product_brand":[],"product_cat":[24],"product_tag":[209],"class_list":{"0":"post-2582","1":"product","2":"type-product","3":"status-publish","4":"has-post-thumbnail","6":"product_cat-hydraulic-oil","7":"product_tag-fire-resistant-hydraulic","8":"pa_packaging-drum-55-gal","9":"pa_packaging-pail-5-gal","10":"pa_packaging-tote-275-gal","11":"pa_packaging-tote-330-gal","13":"first","14":"instock","15":"shipping-taxable","16":"product-type-simple"},"yoast_head":"<!-- This site is optimized with the Yoast SEO plugin v27.5 - https:\/\/yoast.com\/product\/yoast-seo-wordpress\/ -->\n<title>Fire Resistant Hydraulic Fluid | Fire Resistant Hydraulic Oil<\/title>\n<meta name=\"description\" content=\"HFDU hydraulic fluid derived from natural esters for eco-friendly anti-wear uses. For applications requiring FM approved fire-resistant oil with low toxicity.\" \/>\n<meta name=\"robots\" content=\"index, follow, max-snippet:-1, max-image-preview:large, max-video-preview:-1\" \/>\n<link rel=\"canonical\" href=\"https:\/\/www.bioblend.com\/fr\/produit\/bioflo-hfdu\/\" \/>\n<meta property=\"og:locale\" content=\"fr_CA\" \/>\n<meta property=\"og:type\" content=\"article\" \/>\n<meta property=\"og:title\" content=\"Fire Resistant Hydraulic Fluid | Fire Resistant Hydraulic Oil\" \/>\n<meta property=\"og:description\" content=\"HFDU hydraulic fluid derived from natural esters for eco-friendly anti-wear uses. For applications requiring FM approved fire-resistant oil with low toxicity.\" \/>\n<meta property=\"og:url\" content=\"https:\/\/www.bioblend.com\/fr\/produit\/bioflo-hfdu\/\" \/>\n<meta property=\"og:site_name\" content=\"BioBlend Lubricants &amp; Industrial Products\" \/>\n<meta property=\"article:modified_time\" content=\"2026-04-13T17:42:30+00:00\" \/>\n<meta property=\"og:image\" content=\"https:\/\/www.bioblend.com\/wp-content\/uploads\/BioFlo-HFDU-product.jpg\" \/>\n\t<meta property=\"og:image:width\" content=\"800\" \/>\n\t<meta property=\"og:image:height\" content=\"800\" \/>\n\t<meta property=\"og:image:type\" content=\"image\/jpeg\" \/>\n<meta name=\"twitter:card\" content=\"summary_large_image\" \/>\n<meta name=\"twitter:label1\" content=\"Estimation du temps de lecture\" \/>\n\t<meta name=\"twitter:data1\" content=\"4 minutes\" \/>\n<script type=\"application\/ld+json\" class=\"yoast-schema-graph\">{\"@context\":\"https:\\\/\\\/schema.org\",\"@graph\":[{\"@type\":\"WebPage\",\"@id\":\"https:\\\/\\\/www.bioblend.com\\\/product\\\/bioflo-hfdu\\\/\",\"url\":\"https:\\\/\\\/www.bioblend.com\\\/product\\\/bioflo-hfdu\\\/\",\"name\":\"Fire Resistant Hydraulic Fluid | Fire Resistant Hydraulic Oil\",\"isPartOf\":{\"@id\":\"https:\\\/\\\/www.bioblend.com\\\/#website\"},\"primaryImageOfPage\":{\"@id\":\"https:\\\/\\\/www.bioblend.com\\\/product\\\/bioflo-hfdu\\\/#primaryimage\"},\"image\":{\"@id\":\"https:\\\/\\\/www.bioblend.com\\\/product\\\/bioflo-hfdu\\\/#primaryimage\"},\"thumbnailUrl\":\"https:\\\/\\\/www.bioblend.com\\\/wp-content\\\/uploads\\\/BioFlo-HFDU-product.jpg\",\"datePublished\":\"2021-06-01T23:15:59+00:00\",\"dateModified\":\"2026-04-13T17:42:30+00:00\",\"description\":\"HFDU hydraulic fluid derived from natural esters for eco-friendly anti-wear uses. For applications requiring FM approved fire-resistant oil with low toxicity.\",\"breadcrumb\":{\"@id\":\"https:\\\/\\\/www.bioblend.com\\\/product\\\/bioflo-hfdu\\\/#breadcrumb\"},\"inLanguage\":\"fr-CA\",\"potentialAction\":[{\"@type\":\"ReadAction\",\"target\":[\"https:\\\/\\\/www.bioblend.com\\\/product\\\/bioflo-hfdu\\\/\"]}]},{\"@type\":\"ImageObject\",\"inLanguage\":\"fr-CA\",\"@id\":\"https:\\\/\\\/www.bioblend.com\\\/product\\\/bioflo-hfdu\\\/#primaryimage\",\"url\":\"https:\\\/\\\/www.bioblend.com\\\/wp-content\\\/uploads\\\/BioFlo-HFDU-product.jpg\",\"contentUrl\":\"https:\\\/\\\/www.bioblend.com\\\/wp-content\\\/uploads\\\/BioFlo-HFDU-product.jpg\",\"width\":800,\"height\":800,\"caption\":\"BioFlo HFDU\"},{\"@type\":\"BreadcrumbList\",\"@id\":\"https:\\\/\\\/www.bioblend.com\\\/product\\\/bioflo-hfdu\\\/#breadcrumb\",\"itemListElement\":[{\"@type\":\"ListItem\",\"position\":1,\"name\":\"Home\",\"item\":\"https:\\\/\\\/www.bioblend.com\\\/\"},{\"@type\":\"ListItem\",\"position\":2,\"name\":\"Shop\",\"item\":\"https:\\\/\\\/www.bioblend.com\\\/?page_id=8\"},{\"@type\":\"ListItem\",\"position\":3,\"name\":\"BioFlo HFDU\"}]},{\"@type\":\"WebSite\",\"@id\":\"https:\\\/\\\/www.bioblend.com\\\/#website\",\"url\":\"https:\\\/\\\/www.bioblend.com\\\/\",\"name\":\"BioBlend Lubricants &amp; Industrial Products\",\"description\":\"Biodegradable Lubricants and Industrial Products for Environmental Synergy\",\"potentialAction\":[{\"@type\":\"SearchAction\",\"target\":{\"@type\":\"EntryPoint\",\"urlTemplate\":\"https:\\\/\\\/www.bioblend.com\\\/?s={search_term_string}\"},\"query-input\":{\"@type\":\"PropertyValueSpecification\",\"valueRequired\":true,\"valueName\":\"search_term_string\"}}],\"inLanguage\":\"fr-CA\"}]}<\/script>\n<!-- \/ Yoast SEO plugin. -->","yoast_head_json":{"title":"Fire Resistant Hydraulic Fluid | Fire Resistant Hydraulic Oil","description":"HFDU hydraulic fluid derived from natural esters for eco-friendly anti-wear uses. For applications requiring FM approved fire-resistant oil with low toxicity.","robots":{"index":"index","follow":"follow","max-snippet":"max-snippet:-1","max-image-preview":"max-image-preview:large","max-video-preview":"max-video-preview:-1"},"canonical":"https:\/\/www.bioblend.com\/fr\/produit\/bioflo-hfdu\/","og_locale":"fr_CA","og_type":"article","og_title":"Fire Resistant Hydraulic Fluid | Fire Resistant Hydraulic Oil","og_description":"HFDU hydraulic fluid derived from natural esters for eco-friendly anti-wear uses. For applications requiring FM approved fire-resistant oil with low toxicity.","og_url":"https:\/\/www.bioblend.com\/fr\/produit\/bioflo-hfdu\/","og_site_name":"BioBlend Lubricants &amp; Industrial Products","article_modified_time":"2026-04-13T17:42:30+00:00","og_image":[{"width":800,"height":800,"url":"https:\/\/www.bioblend.com\/wp-content\/uploads\/BioFlo-HFDU-product.jpg","type":"image\/jpeg"}],"twitter_card":"summary_large_image","twitter_misc":{"Estimation du temps de lecture":"4 minutes"},"schema":{"@context":"https:\/\/schema.org","@graph":[{"@type":"WebPage","@id":"https:\/\/www.bioblend.com\/product\/bioflo-hfdu\/","url":"https:\/\/www.bioblend.com\/product\/bioflo-hfdu\/","name":"Fire Resistant Hydraulic Fluid | Fire Resistant Hydraulic Oil","isPartOf":{"@id":"https:\/\/www.bioblend.com\/#website"},"primaryImageOfPage":{"@id":"https:\/\/www.bioblend.com\/product\/bioflo-hfdu\/#primaryimage"},"image":{"@id":"https:\/\/www.bioblend.com\/product\/bioflo-hfdu\/#primaryimage"},"thumbnailUrl":"https:\/\/www.bioblend.com\/wp-content\/uploads\/BioFlo-HFDU-product.jpg","datePublished":"2021-06-01T23:15:59+00:00","dateModified":"2026-04-13T17:42:30+00:00","description":"HFDU hydraulic fluid derived from natural esters for eco-friendly anti-wear uses. For applications requiring FM approved fire-resistant oil with low toxicity.","breadcrumb":{"@id":"https:\/\/www.bioblend.com\/product\/bioflo-hfdu\/#breadcrumb"},"inLanguage":"fr-CA","potentialAction":[{"@type":"ReadAction","target":["https:\/\/www.bioblend.com\/product\/bioflo-hfdu\/"]}]},{"@type":"ImageObject","inLanguage":"fr-CA","@id":"https:\/\/www.bioblend.com\/product\/bioflo-hfdu\/#primaryimage","url":"https:\/\/www.bioblend.com\/wp-content\/uploads\/BioFlo-HFDU-product.jpg","contentUrl":"https:\/\/www.bioblend.com\/wp-content\/uploads\/BioFlo-HFDU-product.jpg","width":800,"height":800,"caption":"BioFlo HFDU"},{"@type":"BreadcrumbList","@id":"https:\/\/www.bioblend.com\/product\/bioflo-hfdu\/#breadcrumb","itemListElement":[{"@type":"ListItem","position":1,"name":"Home","item":"https:\/\/www.bioblend.com\/"},{"@type":"ListItem","position":2,"name":"Shop","item":"https:\/\/www.bioblend.com\/?page_id=8"},{"@type":"ListItem","position":3,"name":"BioFlo HFDU"}]},{"@type":"WebSite","@id":"https:\/\/www.bioblend.com\/#website","url":"https:\/\/www.bioblend.com\/","name":"Lubrifiants et produits industriels BioBlend","description":"Lubrifiants biod\u00e9gradables et produits industriels pour une synergie environnementale","potentialAction":[{"@type":"SearchAction","target":{"@type":"EntryPoint","urlTemplate":"https:\/\/www.bioblend.com\/?s={search_term_string}"},"query-input":{"@type":"PropertyValueSpecification","valueRequired":true,"valueName":"search_term_string"}}],"inLanguage":"fr-CA"}]}},"_links":{"self":[{"href":"https:\/\/www.bioblend.com\/fr\/wp-json\/wp\/v2\/product\/2582","targetHints":{"allow":["GET"]}}],"collection":[{"href":"https:\/\/www.bioblend.com\/fr\/wp-json\/wp\/v2\/product"}],"about":[{"href":"https:\/\/www.bioblend.com\/fr\/wp-json\/wp\/v2\/types\/product"}],"replies":[{"embeddable":true,"href":"https:\/\/www.bioblend.com\/fr\/wp-json\/wp\/v2\/comments?post=2582"}],"wp:featuredmedia":[{"embeddable":true,"href":"https:\/\/www.bioblend.com\/fr\/wp-json\/wp\/v2\/media\/1970"}],"wp:attachment":[{"href":"https:\/\/www.bioblend.com\/fr\/wp-json\/wp\/v2\/media?parent=2582"}],"wp:term":[{"taxonomy":"product_brand","embeddable":true,"href":"https:\/\/www.bioblend.com\/fr\/wp-json\/wp\/v2\/product_brand?post=2582"},{"taxonomy":"product_cat","embeddable":true,"href":"https:\/\/www.bioblend.com\/fr\/wp-json\/wp\/v2\/product_cat?post=2582"},{"taxonomy":"product_tag","embeddable":true,"href":"https:\/\/www.bioblend.com\/fr\/wp-json\/wp\/v2\/product_tag?post=2582"}],"curies":[{"name":"wp","href":"https:\/\/api.w.org\/{rel}","templated":true}]}}