{"id":2588,"date":"2021-06-01T18:16:02","date_gmt":"2021-06-01T23:16:02","guid":{"rendered":"https:\/\/www.bioblend.com\/product\/bioblend-ppl\/"},"modified":"2025-07-16T10:49:42","modified_gmt":"2025-07-16T15:49:42","slug":"bioblend-ppl","status":"publish","type":"product","link":"https:\/\/www.bioblend.com\/fr\/produit\/bioblend-ppl\/","title":{"rendered":"BioBlend PPL"},"content":{"rendered":"<h3>Lubrifiant pour garniture de piston<\/h3>\n<p>BioBlend PPL is a readily <a href=\"https:\/\/www.bioblend.com\/fr\/just-what-is-a-biodegradable-lubricant\/\">biodegradable<\/a> lubricant for the plunger packing in positive displacement reciprocating pumps, such as triplex and quintuplex pumps used in oil and gas hydraulic fracturing and cementing operations. It is formulated from <a href=\"https:\/\/www.bioblend.com\/fr\/biodegradable-lubricants-vs-bio-based\/\">renewable biobased resources<\/a> and contains no mineral oil or toxic additives, thus <a href=\"https:\/\/www.bioblend.com\/fr\/environmental-friendly-lubricants\/\">reducing environmental impact<\/a> associated with the handling and use of lubricants in these operations. Additionally, the blend of highly refined natural ester base oil and bio-based polymer in BioBlend PPL reduces friction compared to conventional mineral oil-based lubricants, which translates to less wear and extended packing life.<\/p>\n<p>Le fluide BioBlend PPL est disponible dans les grades ISO 68 et 100.<\/p>\n<ul>\n<li>Aide \u00e0 assurer une \u00e9tanch\u00e9it\u00e9 efficace entre le piston et la garniture<\/li>\n<li>Excellente adh\u00e9rence et r\u00e9sistant au lessivage<\/li>\n<li>R\u00e9duit la friction et l&#039;usure<\/li>\n<li>Facilement biod\u00e9gradable avec des caract\u00e9ristiques de toxicit\u00e9 minimales, r\u00e9duisant l&#039;impact environnemental<\/li>\n<li>Convivial pour l&#039;op\u00e9rateur<\/li>\n<\/ul>","protected":false},"excerpt":{"rendered":"<p>BioBlend PPL est un lubrifiant facilement biod\u00e9gradable pour la garniture de piston dans les pompes alternatives \u00e0 d\u00e9placement positif, telles que les pompes triplex et quintuplex utilis\u00e9es dans les op\u00e9rations de fracturation et de cimentation hydrauliques p\u00e9troli\u00e8res et gazi\u00e8res.<\/p>\n<p><a id=\"S_HFDU_ISO46\" class=\"orange_button\" href=\"https:\/\/www.bioblend.com\/fr\/contact-us\/\" target=\"_blank\" rel=\"noopener\">Request a Commercial Quote<\/a><\/p>","protected":false},"featured_media":1976,"comment_status":"closed","ping_status":"closed","template":"","meta":{"_et_pb_use_builder":"","_et_pb_old_content":"","_et_gb_content_width":"","inline_featured_image":false},"product_brand":[],"product_cat":[28],"product_tag":[204],"class_list":{"0":"post-2588","1":"product","2":"type-product","3":"status-publish","4":"has-post-thumbnail","6":"product_cat-specialty-products","7":"product_tag-plunger-packing-lubricant","8":"pa_packaging-drum-55-gal","9":"pa_packaging-pail-5-gal","10":"pa_packaging-tote-275-gal","12":"first","13":"instock","14":"shipping-taxable","15":"product-type-simple"},"yoast_head":"<!-- This site is optimized with the Yoast SEO plugin v27.3 - https:\/\/yoast.com\/product\/yoast-seo-wordpress\/ -->\n<title>Plunger Lube | Packing Lubricant | PPL Oil | Triplex Pump Oil<\/title>\n<meta name=\"description\" content=\"BioBlend PPL is a readily biodegradable plunger packing lubricant. PPL oil is used with positive displacement reciprocating pumps, such as triplex pumps.\" \/>\n<meta name=\"robots\" content=\"index, follow, max-snippet:-1, max-image-preview:large, max-video-preview:-1\" \/>\n<link rel=\"canonical\" href=\"https:\/\/www.bioblend.com\/fr\/produit\/bioblend-ppl\/\" \/>\n<meta property=\"og:locale\" content=\"fr_CA\" \/>\n<meta property=\"og:type\" content=\"article\" \/>\n<meta property=\"og:title\" content=\"Plunger Lube | Packing Lubricant | PPL Oil | Triplex Pump Oil\" \/>\n<meta property=\"og:description\" content=\"BioBlend PPL is a readily biodegradable plunger packing lubricant. PPL oil is used with positive displacement reciprocating pumps, such as triplex pumps.\" \/>\n<meta property=\"og:url\" content=\"https:\/\/www.bioblend.com\/fr\/produit\/bioblend-ppl\/\" \/>\n<meta property=\"og:site_name\" content=\"BioBlend Lubricants &amp; Industrial Products\" \/>\n<meta property=\"article:modified_time\" content=\"2025-07-16T15:49:42+00:00\" \/>\n<meta property=\"og:image\" content=\"https:\/\/www.bioblend.com\/wp-content\/uploads\/BioBlend-PPL-product.jpg\" \/>\n\t<meta property=\"og:image:width\" content=\"800\" \/>\n\t<meta property=\"og:image:height\" content=\"800\" \/>\n\t<meta property=\"og:image:type\" content=\"image\/jpeg\" \/>\n<meta name=\"twitter:card\" content=\"summary_large_image\" \/>\n<meta name=\"twitter:label1\" content=\"Estimation du temps de lecture\" \/>\n\t<meta name=\"twitter:data1\" content=\"1 minute\" \/>\n<script type=\"application\/ld+json\" class=\"yoast-schema-graph\">{\"@context\":\"https:\\\/\\\/schema.org\",\"@graph\":[{\"@type\":\"WebPage\",\"@id\":\"https:\\\/\\\/www.bioblend.com\\\/product\\\/bioblend-ppl\\\/\",\"url\":\"https:\\\/\\\/www.bioblend.com\\\/product\\\/bioblend-ppl\\\/\",\"name\":\"Plunger Lube | Packing Lubricant | PPL Oil | Triplex Pump Oil\",\"isPartOf\":{\"@id\":\"https:\\\/\\\/www.bioblend.com\\\/#website\"},\"primaryImageOfPage\":{\"@id\":\"https:\\\/\\\/www.bioblend.com\\\/product\\\/bioblend-ppl\\\/#primaryimage\"},\"image\":{\"@id\":\"https:\\\/\\\/www.bioblend.com\\\/product\\\/bioblend-ppl\\\/#primaryimage\"},\"thumbnailUrl\":\"https:\\\/\\\/www.bioblend.com\\\/wp-content\\\/uploads\\\/BioBlend-PPL-product.jpg\",\"datePublished\":\"2021-06-01T23:16:02+00:00\",\"dateModified\":\"2025-07-16T15:49:42+00:00\",\"description\":\"BioBlend PPL is a readily biodegradable plunger packing lubricant. PPL oil is used with positive displacement reciprocating pumps, such as triplex pumps.\",\"breadcrumb\":{\"@id\":\"https:\\\/\\\/www.bioblend.com\\\/product\\\/bioblend-ppl\\\/#breadcrumb\"},\"inLanguage\":\"fr-CA\",\"potentialAction\":[{\"@type\":\"ReadAction\",\"target\":[\"https:\\\/\\\/www.bioblend.com\\\/product\\\/bioblend-ppl\\\/\"]}]},{\"@type\":\"ImageObject\",\"inLanguage\":\"fr-CA\",\"@id\":\"https:\\\/\\\/www.bioblend.com\\\/product\\\/bioblend-ppl\\\/#primaryimage\",\"url\":\"https:\\\/\\\/www.bioblend.com\\\/wp-content\\\/uploads\\\/BioBlend-PPL-product.jpg\",\"contentUrl\":\"https:\\\/\\\/www.bioblend.com\\\/wp-content\\\/uploads\\\/BioBlend-PPL-product.jpg\",\"width\":800,\"height\":800,\"caption\":\"BioBlend PPL\"},{\"@type\":\"BreadcrumbList\",\"@id\":\"https:\\\/\\\/www.bioblend.com\\\/product\\\/bioblend-ppl\\\/#breadcrumb\",\"itemListElement\":[{\"@type\":\"ListItem\",\"position\":1,\"name\":\"Home\",\"item\":\"https:\\\/\\\/www.bioblend.com\\\/\"},{\"@type\":\"ListItem\",\"position\":2,\"name\":\"Shop\",\"item\":\"https:\\\/\\\/www.bioblend.com\\\/?page_id=8\"},{\"@type\":\"ListItem\",\"position\":3,\"name\":\"BioBlend PPL\"}]},{\"@type\":\"WebSite\",\"@id\":\"https:\\\/\\\/www.bioblend.com\\\/#website\",\"url\":\"https:\\\/\\\/www.bioblend.com\\\/\",\"name\":\"BioBlend Lubricants &amp; Industrial Products\",\"description\":\"Biodegradable Lubricants and Industrial Products for Environmental Synergy\",\"potentialAction\":[{\"@type\":\"SearchAction\",\"target\":{\"@type\":\"EntryPoint\",\"urlTemplate\":\"https:\\\/\\\/www.bioblend.com\\\/?s={search_term_string}\"},\"query-input\":{\"@type\":\"PropertyValueSpecification\",\"valueRequired\":true,\"valueName\":\"search_term_string\"}}],\"inLanguage\":\"fr-CA\"}]}<\/script>\n<!-- \/ Yoast SEO plugin. -->","yoast_head_json":{"title":"Plunger Lube | Packing Lubricant | PPL Oil | Triplex Pump Oil","description":"BioBlend PPL is a readily biodegradable plunger packing lubricant. PPL oil is used with positive displacement reciprocating pumps, such as triplex pumps.","robots":{"index":"index","follow":"follow","max-snippet":"max-snippet:-1","max-image-preview":"max-image-preview:large","max-video-preview":"max-video-preview:-1"},"canonical":"https:\/\/www.bioblend.com\/fr\/produit\/bioblend-ppl\/","og_locale":"fr_CA","og_type":"article","og_title":"Plunger Lube | Packing Lubricant | PPL Oil | Triplex Pump Oil","og_description":"BioBlend PPL is a readily biodegradable plunger packing lubricant. PPL oil is used with positive displacement reciprocating pumps, such as triplex pumps.","og_url":"https:\/\/www.bioblend.com\/fr\/produit\/bioblend-ppl\/","og_site_name":"BioBlend Lubricants &amp; Industrial Products","article_modified_time":"2025-07-16T15:49:42+00:00","og_image":[{"width":800,"height":800,"url":"https:\/\/www.bioblend.com\/wp-content\/uploads\/BioBlend-PPL-product.jpg","type":"image\/jpeg"}],"twitter_card":"summary_large_image","twitter_misc":{"Estimation du temps de lecture":"1 minute"},"schema":{"@context":"https:\/\/schema.org","@graph":[{"@type":"WebPage","@id":"https:\/\/www.bioblend.com\/product\/bioblend-ppl\/","url":"https:\/\/www.bioblend.com\/product\/bioblend-ppl\/","name":"Plunger Lube | Packing Lubricant | PPL Oil | Triplex Pump Oil","isPartOf":{"@id":"https:\/\/www.bioblend.com\/#website"},"primaryImageOfPage":{"@id":"https:\/\/www.bioblend.com\/product\/bioblend-ppl\/#primaryimage"},"image":{"@id":"https:\/\/www.bioblend.com\/product\/bioblend-ppl\/#primaryimage"},"thumbnailUrl":"https:\/\/www.bioblend.com\/wp-content\/uploads\/BioBlend-PPL-product.jpg","datePublished":"2021-06-01T23:16:02+00:00","dateModified":"2025-07-16T15:49:42+00:00","description":"BioBlend PPL is a readily biodegradable plunger packing lubricant. PPL oil is used with positive displacement reciprocating pumps, such as triplex pumps.","breadcrumb":{"@id":"https:\/\/www.bioblend.com\/product\/bioblend-ppl\/#breadcrumb"},"inLanguage":"fr-CA","potentialAction":[{"@type":"ReadAction","target":["https:\/\/www.bioblend.com\/product\/bioblend-ppl\/"]}]},{"@type":"ImageObject","inLanguage":"fr-CA","@id":"https:\/\/www.bioblend.com\/product\/bioblend-ppl\/#primaryimage","url":"https:\/\/www.bioblend.com\/wp-content\/uploads\/BioBlend-PPL-product.jpg","contentUrl":"https:\/\/www.bioblend.com\/wp-content\/uploads\/BioBlend-PPL-product.jpg","width":800,"height":800,"caption":"BioBlend PPL"},{"@type":"BreadcrumbList","@id":"https:\/\/www.bioblend.com\/product\/bioblend-ppl\/#breadcrumb","itemListElement":[{"@type":"ListItem","position":1,"name":"Home","item":"https:\/\/www.bioblend.com\/"},{"@type":"ListItem","position":2,"name":"Shop","item":"https:\/\/www.bioblend.com\/?page_id=8"},{"@type":"ListItem","position":3,"name":"BioBlend PPL"}]},{"@type":"WebSite","@id":"https:\/\/www.bioblend.com\/#website","url":"https:\/\/www.bioblend.com\/","name":"Lubrifiants et produits industriels BioBlend","description":"Lubrifiants biod\u00e9gradables et produits industriels pour une synergie environnementale","potentialAction":[{"@type":"SearchAction","target":{"@type":"EntryPoint","urlTemplate":"https:\/\/www.bioblend.com\/?s={search_term_string}"},"query-input":{"@type":"PropertyValueSpecification","valueRequired":true,"valueName":"search_term_string"}}],"inLanguage":"fr-CA"}]}},"_links":{"self":[{"href":"https:\/\/www.bioblend.com\/fr\/wp-json\/wp\/v2\/product\/2588","targetHints":{"allow":["GET"]}}],"collection":[{"href":"https:\/\/www.bioblend.com\/fr\/wp-json\/wp\/v2\/product"}],"about":[{"href":"https:\/\/www.bioblend.com\/fr\/wp-json\/wp\/v2\/types\/product"}],"replies":[{"embeddable":true,"href":"https:\/\/www.bioblend.com\/fr\/wp-json\/wp\/v2\/comments?post=2588"}],"wp:featuredmedia":[{"embeddable":true,"href":"https:\/\/www.bioblend.com\/fr\/wp-json\/wp\/v2\/media\/1976"}],"wp:attachment":[{"href":"https:\/\/www.bioblend.com\/fr\/wp-json\/wp\/v2\/media?parent=2588"}],"wp:term":[{"taxonomy":"product_brand","embeddable":true,"href":"https:\/\/www.bioblend.com\/fr\/wp-json\/wp\/v2\/product_brand?post=2588"},{"taxonomy":"product_cat","embeddable":true,"href":"https:\/\/www.bioblend.com\/fr\/wp-json\/wp\/v2\/product_cat?post=2588"},{"taxonomy":"product_tag","embeddable":true,"href":"https:\/\/www.bioblend.com\/fr\/wp-json\/wp\/v2\/product_tag?post=2588"}],"curies":[{"name":"wp","href":"https:\/\/api.w.org\/{rel}","templated":true}]}}