{"id":2589,"date":"2021-06-01T18:16:02","date_gmt":"2021-06-01T23:16:02","guid":{"rendered":"https:\/\/www.bioblend.com\/product\/biolube-ar\/"},"modified":"2025-07-16T10:42:19","modified_gmt":"2025-07-16T15:42:19","slug":"biolube-ar","status":"publish","type":"product","link":"https:\/\/www.bioblend.com\/fr\/produit\/biolube-ar\/","title":{"rendered":"BioLube AR"},"content":{"rendered":"<h3>Lib\u00e9ration d&#039;asphalte<\/h3>\n<p>BioLube AR is a high performing, <a href=\"https:\/\/www.bioblend.com\/fr\/just-what-is-a-biodegradable-lubricant\/\">facilement biod\u00e9gradable<\/a>, natural ester base oil formulated to act as an asphalt release oil. It is designed to produce an exceptional lubrication barrier for use on truck beds, paver boxes, pneumatic rollers, shuttle buggies, and patching machines. BioLube AR is designed to aid in the release of asphalt from many types of equipment and does so without stripping the oils from the aggregate or causing a chemical reaction or any harm to the asphalt.<\/p>\n<ul>\n<li>Conforme aux exigences EPA, OSHA et DOT<\/li>\n<li>Contient un additif sp\u00e9cial pour \u00e9tendre la plage de fonctionnement \u00e0 basse temp\u00e9rature<\/li>\n<li>Ne causera pas de probl\u00e8mes avec les rev\u00eatements secondaires ou les mastics<\/li>\n<li>Pas de COV<\/li>\n<\/ul>\n<p>Explore more products like BioLube AR on our <a href=\"https:\/\/www.bioblend.com\/fr\/products\/\" target=\"_new\" rel=\"noopener\">Products page<\/a>, or discover industries that benefit from our sustainable solutions, such as <a href=\"https:\/\/www.bioblend.com\/fr\/industries\/construction-equipment\/\" target=\"_new\" rel=\"noopener\">construction equipment<\/a> et <a href=\"https:\/\/www.bioblend.com\/fr\/industries\/government\/\" target=\"_new\" rel=\"noopener\">government applications<\/a>.<\/p>","protected":false},"excerpt":{"rendered":"<p>BioLube AR est con\u00e7u pour aider \u00e0 la lib\u00e9ration de l&#039;asphalte de nombreux types d&#039;\u00e9quipement et le fait sans enlever les huiles de l&#039;agr\u00e9gat ou provoquer une r\u00e9action chimique.<\/p>\n<p><a id=\"S_HFDU_ISO46\" class=\"orange_button\" href=\"https:\/\/www.bioblend.com\/fr\/contact-us\/\" target=\"_blank\" rel=\"noopener\">Request a Commercial Quote<\/a><\/p>","protected":false},"featured_media":1977,"comment_status":"closed","ping_status":"closed","template":"","meta":{"_et_pb_use_builder":"","_et_pb_old_content":"","_et_gb_content_width":"","inline_featured_image":false},"product_brand":[],"product_cat":[28],"product_tag":[203],"class_list":{"0":"post-2589","1":"product","2":"type-product","3":"status-publish","4":"has-post-thumbnail","6":"product_cat-specialty-products","7":"product_tag-asphalt-release","8":"pa_packaging-drum-55-gal","9":"pa_packaging-pail-5-gal","10":"pa_packaging-tote-275-gal","12":"first","13":"instock","14":"shipping-taxable","15":"product-type-simple"},"yoast_head":"<!-- This site is optimized with the Yoast SEO plugin v27.4 - https:\/\/yoast.com\/product\/yoast-seo-wordpress\/ -->\n<title>Asphalt Release Agent | Asphalt Release Oil | AR Oil<\/title>\n<meta name=\"description\" content=\"Use asphalt release oil to produce an exceptional eco-friendly lubricating film for a variety of equipment. AR oil is suitable for truck beds, rollers, etc.\" \/>\n<meta name=\"robots\" content=\"index, follow, max-snippet:-1, max-image-preview:large, max-video-preview:-1\" \/>\n<link rel=\"canonical\" href=\"https:\/\/www.bioblend.com\/fr\/produit\/biolube-ar\/\" \/>\n<meta property=\"og:locale\" content=\"fr_CA\" \/>\n<meta property=\"og:type\" content=\"article\" \/>\n<meta property=\"og:title\" content=\"Asphalt Release Agent | Asphalt Release Oil | AR Oil\" \/>\n<meta property=\"og:description\" content=\"Use asphalt release oil to produce an exceptional eco-friendly lubricating film for a variety of equipment. AR oil is suitable for truck beds, rollers, etc.\" \/>\n<meta property=\"og:url\" content=\"https:\/\/www.bioblend.com\/fr\/produit\/biolube-ar\/\" \/>\n<meta property=\"og:site_name\" content=\"BioBlend Lubricants &amp; Industrial Products\" \/>\n<meta property=\"article:modified_time\" content=\"2025-07-16T15:42:19+00:00\" \/>\n<meta property=\"og:image\" content=\"https:\/\/www.bioblend.com\/wp-content\/uploads\/BioLube-AR-product.jpg\" \/>\n\t<meta property=\"og:image:width\" content=\"800\" \/>\n\t<meta property=\"og:image:height\" content=\"800\" \/>\n\t<meta property=\"og:image:type\" content=\"image\/jpeg\" \/>\n<meta name=\"twitter:card\" content=\"summary_large_image\" \/>\n<meta name=\"twitter:label1\" content=\"Estimation du temps de lecture\" \/>\n\t<meta name=\"twitter:data1\" content=\"1 minute\" \/>\n<script type=\"application\/ld+json\" class=\"yoast-schema-graph\">{\"@context\":\"https:\\\/\\\/schema.org\",\"@graph\":[{\"@type\":\"WebPage\",\"@id\":\"https:\\\/\\\/www.bioblend.com\\\/product\\\/biolube-ar\\\/\",\"url\":\"https:\\\/\\\/www.bioblend.com\\\/product\\\/biolube-ar\\\/\",\"name\":\"Asphalt Release Agent | Asphalt Release Oil | AR Oil\",\"isPartOf\":{\"@id\":\"https:\\\/\\\/www.bioblend.com\\\/#website\"},\"primaryImageOfPage\":{\"@id\":\"https:\\\/\\\/www.bioblend.com\\\/product\\\/biolube-ar\\\/#primaryimage\"},\"image\":{\"@id\":\"https:\\\/\\\/www.bioblend.com\\\/product\\\/biolube-ar\\\/#primaryimage\"},\"thumbnailUrl\":\"https:\\\/\\\/www.bioblend.com\\\/wp-content\\\/uploads\\\/BioLube-AR-product.jpg\",\"datePublished\":\"2021-06-01T23:16:02+00:00\",\"dateModified\":\"2025-07-16T15:42:19+00:00\",\"description\":\"Use asphalt release oil to produce an exceptional eco-friendly lubricating film for a variety of equipment. AR oil is suitable for truck beds, rollers, etc.\",\"breadcrumb\":{\"@id\":\"https:\\\/\\\/www.bioblend.com\\\/product\\\/biolube-ar\\\/#breadcrumb\"},\"inLanguage\":\"fr-CA\",\"potentialAction\":[{\"@type\":\"ReadAction\",\"target\":[\"https:\\\/\\\/www.bioblend.com\\\/product\\\/biolube-ar\\\/\"]}]},{\"@type\":\"ImageObject\",\"inLanguage\":\"fr-CA\",\"@id\":\"https:\\\/\\\/www.bioblend.com\\\/product\\\/biolube-ar\\\/#primaryimage\",\"url\":\"https:\\\/\\\/www.bioblend.com\\\/wp-content\\\/uploads\\\/BioLube-AR-product.jpg\",\"contentUrl\":\"https:\\\/\\\/www.bioblend.com\\\/wp-content\\\/uploads\\\/BioLube-AR-product.jpg\",\"width\":800,\"height\":800,\"caption\":\"BioLube AR\"},{\"@type\":\"BreadcrumbList\",\"@id\":\"https:\\\/\\\/www.bioblend.com\\\/product\\\/biolube-ar\\\/#breadcrumb\",\"itemListElement\":[{\"@type\":\"ListItem\",\"position\":1,\"name\":\"Home\",\"item\":\"https:\\\/\\\/www.bioblend.com\\\/\"},{\"@type\":\"ListItem\",\"position\":2,\"name\":\"Shop\",\"item\":\"https:\\\/\\\/www.bioblend.com\\\/?page_id=8\"},{\"@type\":\"ListItem\",\"position\":3,\"name\":\"BioLube AR\"}]},{\"@type\":\"WebSite\",\"@id\":\"https:\\\/\\\/www.bioblend.com\\\/#website\",\"url\":\"https:\\\/\\\/www.bioblend.com\\\/\",\"name\":\"BioBlend Lubricants &amp; Industrial Products\",\"description\":\"Biodegradable Lubricants and Industrial Products for Environmental Synergy\",\"potentialAction\":[{\"@type\":\"SearchAction\",\"target\":{\"@type\":\"EntryPoint\",\"urlTemplate\":\"https:\\\/\\\/www.bioblend.com\\\/?s={search_term_string}\"},\"query-input\":{\"@type\":\"PropertyValueSpecification\",\"valueRequired\":true,\"valueName\":\"search_term_string\"}}],\"inLanguage\":\"fr-CA\"}]}<\/script>\n<!-- \/ Yoast SEO plugin. -->","yoast_head_json":{"title":"Asphalt Release Agent | Asphalt Release Oil | AR Oil","description":"Use asphalt release oil to produce an exceptional eco-friendly lubricating film for a variety of equipment. AR oil is suitable for truck beds, rollers, etc.","robots":{"index":"index","follow":"follow","max-snippet":"max-snippet:-1","max-image-preview":"max-image-preview:large","max-video-preview":"max-video-preview:-1"},"canonical":"https:\/\/www.bioblend.com\/fr\/produit\/biolube-ar\/","og_locale":"fr_CA","og_type":"article","og_title":"Asphalt Release Agent | Asphalt Release Oil | AR Oil","og_description":"Use asphalt release oil to produce an exceptional eco-friendly lubricating film for a variety of equipment. AR oil is suitable for truck beds, rollers, etc.","og_url":"https:\/\/www.bioblend.com\/fr\/produit\/biolube-ar\/","og_site_name":"BioBlend Lubricants &amp; Industrial Products","article_modified_time":"2025-07-16T15:42:19+00:00","og_image":[{"width":800,"height":800,"url":"https:\/\/www.bioblend.com\/wp-content\/uploads\/BioLube-AR-product.jpg","type":"image\/jpeg"}],"twitter_card":"summary_large_image","twitter_misc":{"Estimation du temps de lecture":"1 minute"},"schema":{"@context":"https:\/\/schema.org","@graph":[{"@type":"WebPage","@id":"https:\/\/www.bioblend.com\/product\/biolube-ar\/","url":"https:\/\/www.bioblend.com\/product\/biolube-ar\/","name":"Asphalt Release Agent | Asphalt Release Oil | AR Oil","isPartOf":{"@id":"https:\/\/www.bioblend.com\/#website"},"primaryImageOfPage":{"@id":"https:\/\/www.bioblend.com\/product\/biolube-ar\/#primaryimage"},"image":{"@id":"https:\/\/www.bioblend.com\/product\/biolube-ar\/#primaryimage"},"thumbnailUrl":"https:\/\/www.bioblend.com\/wp-content\/uploads\/BioLube-AR-product.jpg","datePublished":"2021-06-01T23:16:02+00:00","dateModified":"2025-07-16T15:42:19+00:00","description":"Use asphalt release oil to produce an exceptional eco-friendly lubricating film for a variety of equipment. AR oil is suitable for truck beds, rollers, etc.","breadcrumb":{"@id":"https:\/\/www.bioblend.com\/product\/biolube-ar\/#breadcrumb"},"inLanguage":"fr-CA","potentialAction":[{"@type":"ReadAction","target":["https:\/\/www.bioblend.com\/product\/biolube-ar\/"]}]},{"@type":"ImageObject","inLanguage":"fr-CA","@id":"https:\/\/www.bioblend.com\/product\/biolube-ar\/#primaryimage","url":"https:\/\/www.bioblend.com\/wp-content\/uploads\/BioLube-AR-product.jpg","contentUrl":"https:\/\/www.bioblend.com\/wp-content\/uploads\/BioLube-AR-product.jpg","width":800,"height":800,"caption":"BioLube AR"},{"@type":"BreadcrumbList","@id":"https:\/\/www.bioblend.com\/product\/biolube-ar\/#breadcrumb","itemListElement":[{"@type":"ListItem","position":1,"name":"Home","item":"https:\/\/www.bioblend.com\/"},{"@type":"ListItem","position":2,"name":"Shop","item":"https:\/\/www.bioblend.com\/?page_id=8"},{"@type":"ListItem","position":3,"name":"BioLube AR"}]},{"@type":"WebSite","@id":"https:\/\/www.bioblend.com\/#website","url":"https:\/\/www.bioblend.com\/","name":"Lubrifiants et produits industriels BioBlend","description":"Lubrifiants biod\u00e9gradables et produits industriels pour une synergie environnementale","potentialAction":[{"@type":"SearchAction","target":{"@type":"EntryPoint","urlTemplate":"https:\/\/www.bioblend.com\/?s={search_term_string}"},"query-input":{"@type":"PropertyValueSpecification","valueRequired":true,"valueName":"search_term_string"}}],"inLanguage":"fr-CA"}]}},"_links":{"self":[{"href":"https:\/\/www.bioblend.com\/fr\/wp-json\/wp\/v2\/product\/2589","targetHints":{"allow":["GET"]}}],"collection":[{"href":"https:\/\/www.bioblend.com\/fr\/wp-json\/wp\/v2\/product"}],"about":[{"href":"https:\/\/www.bioblend.com\/fr\/wp-json\/wp\/v2\/types\/product"}],"replies":[{"embeddable":true,"href":"https:\/\/www.bioblend.com\/fr\/wp-json\/wp\/v2\/comments?post=2589"}],"wp:featuredmedia":[{"embeddable":true,"href":"https:\/\/www.bioblend.com\/fr\/wp-json\/wp\/v2\/media\/1977"}],"wp:attachment":[{"href":"https:\/\/www.bioblend.com\/fr\/wp-json\/wp\/v2\/media?parent=2589"}],"wp:term":[{"taxonomy":"product_brand","embeddable":true,"href":"https:\/\/www.bioblend.com\/fr\/wp-json\/wp\/v2\/product_brand?post=2589"},{"taxonomy":"product_cat","embeddable":true,"href":"https:\/\/www.bioblend.com\/fr\/wp-json\/wp\/v2\/product_cat?post=2589"},{"taxonomy":"product_tag","embeddable":true,"href":"https:\/\/www.bioblend.com\/fr\/wp-json\/wp\/v2\/product_tag?post=2589"}],"curies":[{"name":"wp","href":"https:\/\/api.w.org\/{rel}","templated":true}]}}