{"id":2596,"date":"2021-06-01T18:16:05","date_gmt":"2021-06-01T23:16:05","guid":{"rendered":"https:\/\/www.bioblend.com\/product\/biogrease-wl-2\/"},"modified":"2025-05-08T13:37:40","modified_gmt":"2025-05-08T18:37:40","slug":"biogrease-wl-2","status":"publish","type":"product","link":"https:\/\/www.bioblend.com\/fr\/produit\/biogrease-wl-2\/","title":{"rendered":"BioGrease WL 2"},"content":{"rendered":"<h3>Graisse Biod\u00e9gradable Blanche Lithium NLGI 2<\/h3>\n<p>BioGrease WL 2 (White Lithium Grease) is a <a href=\"https:\/\/www.bioblend.com\/fr\/just-what-is-a-biodegradable-lubricant\/\">premium quality biodegradable<\/a>, multipurpose grease formulated from natural esters and a lithium-based thickener. BioGrease WL 2 is designed to be biodegradable, <a href=\"https:\/\/www.bioblend.com\/fr\/marine-lubrication\/\">aquatically nontoxic<\/a>, not-bioaccumulative, and have no impact on plants as determined by known test methods. Nevertheless, the use of WL 2 is subject to local ordinances and ultimate responsibility for impact remains with the users.<\/p>\n<p>BioGrease WL 2 est disponible en NLGI 2.<\/p>\n<p>Les autres avantages incluent\u00a0:<\/p>\n<ul>\n<li>La couleur blanche aide \u00e0 diff\u00e9rencier la nouvelle graisse de l&#039;ancienne graisse<\/li>\n<li>Contient des additifs extr\u00eame pression avanc\u00e9s pour une excellente protection<\/li>\n<li>R\u00e9duit la friction et l&#039;usure<\/li>\n<li><a href=\"https:\/\/www.bioblend.com\/fr\/bioblend-lubricants-off-the-charts-lubricity\/\">Superior lubricity<\/a> lessens energy consumption and reduces heat<\/li>\n<li><a href=\"https:\/\/www.bioblend.com\/fr\/the-importance-of-high-flash-point-in-lubricants\/\">Point \u00e9clair plus \u00e9lev\u00e9<\/a> than petroleum greases for increased safety<\/li>\n<li>La formule biod\u00e9gradable r\u00e9duit les dommages \u00e0 l&#039;environnement<\/li>\n<li>R\u00e9pond aux crit\u00e8res d&#039;achats pr\u00e9f\u00e9rables pour l&#039;environnement (EPP) de l&#039;EPA<\/li>\n<li>Conforme \u00e0 la d\u00e9finition de produit biosourc\u00e9 propos\u00e9e par l&#039;USDA pour l&#039;EO 13101<\/li>\n<li>Fabriqu\u00e9 \u00e0 partir d&#039;huiles de base d&#039;esters naturels renouvelables<\/li>\n<li>Con\u00e7u pour une protection entre toutes les zones de contact m\u00e9tal sur m\u00e9tal Emp\u00eache la rouille et la corrosion<\/li>\n<li>Recommended for <a href=\"https:\/\/www.bioblend.com\/fr\/industries\/agriculture\/\">farm and plant machinery<\/a><\/li>\n<li>Recommand\u00e9 pour les zones \u00e9cologiquement sensibles \u00e0 proximit\u00e9 des cours d&#039;eau<\/li>\n<\/ul>","protected":false},"excerpt":{"rendered":"<p>Graisse polyvalente biod\u00e9gradable de qualit\u00e9 sup\u00e9rieure formul\u00e9e \u00e0 partir d&#039;esters naturels et d&#039;un \u00e9paississant \u00e0 base de lithium.<\/p>\n<p><a id=\"S_HFDU_ISO46\" class=\"orange_button\" href=\"https:\/\/www.amazon.com\/White-Lithium-Grease-Tube-Cream\/dp\/B00C70N4KY\/ref=sr_1_5?dib=eyJ2IjoiMSJ9.4e1ysIm4tEUnYnQhlCJk6G53xPSLw2achqh8a7HShApsKkB6LPGcLMba6LdHykScUnXmAodvGCAwbTMSAaHbcJsgBIpgy4zciRvedRCXCNFiUSvWeXL5V7VBHFikUGwmKNVTk_-BtDIj58eFBPcguGLdAiMRU43qzoycQowuv9Z0f0kcQ7qhxkgnDs1-yDqaLRC_U5OypOT-3REfzLRg-QciublmikvERw0kv3VbviU.Z3t-IyPDyt-x9TBPkmmrnAD-y8_bwx_4fRmzw2qt5x0&amp;dib_tag=se&amp;m=A3O1ZQI0PNCY4L&amp;qid=1729257977&amp;s=merchant-items&amp;sr=1-5\" target=\"_blank\" rel=\"noopener\">Buy BioGrease WL 2 on Amazon<\/a><br \/>\n<a id=\"S_HFDU_ISO46\" class=\"orange_button\" href=\"https:\/\/www.bioblend.com\/fr\/contact-us\/\" target=\"_blank\" rel=\"noopener\">Request a Commercial Quote<\/a><\/p>","protected":false},"featured_media":1984,"comment_status":"closed","ping_status":"closed","template":"","meta":{"_et_pb_use_builder":"","_et_pb_old_content":"","_et_gb_content_width":"","inline_featured_image":false},"product_brand":[],"product_cat":[25],"product_tag":[197],"class_list":{"0":"post-2596","1":"product","2":"type-product","3":"status-publish","4":"has-post-thumbnail","6":"product_cat-grease","7":"product_tag-white-lithium-nlgi-2-grease","8":"pa_packaging-35-lb-pail","10":"first","11":"instock","12":"featured","13":"shipping-taxable","14":"product-type-simple"},"yoast_head":"<!-- This site is optimized with the Yoast SEO plugin v27.3 - https:\/\/yoast.com\/product\/yoast-seo-wordpress\/ -->\n<title>White Lithium Grease | Lithium Based Grease | NLGI 2 Grease<\/title>\n<meta name=\"description\" content=\"This white lithium grease is biodegradable, aquatically nontoxic, and not-bioaccumulative. NLGI 2 grease is not known to impact plants, according to testing.\" \/>\n<meta name=\"robots\" content=\"index, follow, max-snippet:-1, max-image-preview:large, max-video-preview:-1\" \/>\n<link rel=\"canonical\" href=\"https:\/\/www.bioblend.com\/fr\/produit\/biogrease-wl-2\/\" \/>\n<meta property=\"og:locale\" content=\"fr_CA\" \/>\n<meta property=\"og:type\" content=\"article\" \/>\n<meta property=\"og:title\" content=\"White Lithium Grease | Lithium Based Grease | NLGI 2 Grease\" \/>\n<meta property=\"og:description\" content=\"This white lithium grease is biodegradable, aquatically nontoxic, and not-bioaccumulative. NLGI 2 grease is not known to impact plants, according to testing.\" \/>\n<meta property=\"og:url\" content=\"https:\/\/www.bioblend.com\/fr\/produit\/biogrease-wl-2\/\" \/>\n<meta property=\"og:site_name\" content=\"BioBlend Lubricants &amp; Industrial Products\" \/>\n<meta property=\"article:modified_time\" content=\"2025-05-08T18:37:40+00:00\" \/>\n<meta property=\"og:image\" content=\"https:\/\/www.bioblend.com\/wp-content\/uploads\/BioGrease-WL-2-product.png\" \/>\n\t<meta property=\"og:image:width\" content=\"800\" \/>\n\t<meta property=\"og:image:height\" content=\"800\" \/>\n\t<meta property=\"og:image:type\" content=\"image\/png\" \/>\n<meta name=\"twitter:card\" content=\"summary_large_image\" \/>\n<meta name=\"twitter:label1\" content=\"Estimation du temps de lecture\" \/>\n\t<meta name=\"twitter:data1\" content=\"1 minute\" \/>\n<script type=\"application\/ld+json\" class=\"yoast-schema-graph\">{\"@context\":\"https:\\\/\\\/schema.org\",\"@graph\":[{\"@type\":\"WebPage\",\"@id\":\"https:\\\/\\\/www.bioblend.com\\\/product\\\/biogrease-wl-2\\\/\",\"url\":\"https:\\\/\\\/www.bioblend.com\\\/product\\\/biogrease-wl-2\\\/\",\"name\":\"White Lithium Grease | Lithium Based Grease | NLGI 2 Grease\",\"isPartOf\":{\"@id\":\"https:\\\/\\\/www.bioblend.com\\\/#website\"},\"primaryImageOfPage\":{\"@id\":\"https:\\\/\\\/www.bioblend.com\\\/product\\\/biogrease-wl-2\\\/#primaryimage\"},\"image\":{\"@id\":\"https:\\\/\\\/www.bioblend.com\\\/product\\\/biogrease-wl-2\\\/#primaryimage\"},\"thumbnailUrl\":\"https:\\\/\\\/www.bioblend.com\\\/wp-content\\\/uploads\\\/BioGrease-WL-2-product.png\",\"datePublished\":\"2021-06-01T23:16:05+00:00\",\"dateModified\":\"2025-05-08T18:37:40+00:00\",\"description\":\"This white lithium grease is biodegradable, aquatically nontoxic, and not-bioaccumulative. NLGI 2 grease is not known to impact plants, according to testing.\",\"breadcrumb\":{\"@id\":\"https:\\\/\\\/www.bioblend.com\\\/product\\\/biogrease-wl-2\\\/#breadcrumb\"},\"inLanguage\":\"fr-CA\",\"potentialAction\":[{\"@type\":\"ReadAction\",\"target\":[\"https:\\\/\\\/www.bioblend.com\\\/product\\\/biogrease-wl-2\\\/\"]}]},{\"@type\":\"ImageObject\",\"inLanguage\":\"fr-CA\",\"@id\":\"https:\\\/\\\/www.bioblend.com\\\/product\\\/biogrease-wl-2\\\/#primaryimage\",\"url\":\"https:\\\/\\\/www.bioblend.com\\\/wp-content\\\/uploads\\\/BioGrease-WL-2-product.png\",\"contentUrl\":\"https:\\\/\\\/www.bioblend.com\\\/wp-content\\\/uploads\\\/BioGrease-WL-2-product.png\",\"width\":800,\"height\":800,\"caption\":\"BioGrease WL 2\"},{\"@type\":\"BreadcrumbList\",\"@id\":\"https:\\\/\\\/www.bioblend.com\\\/product\\\/biogrease-wl-2\\\/#breadcrumb\",\"itemListElement\":[{\"@type\":\"ListItem\",\"position\":1,\"name\":\"Home\",\"item\":\"https:\\\/\\\/www.bioblend.com\\\/\"},{\"@type\":\"ListItem\",\"position\":2,\"name\":\"Shop\",\"item\":\"https:\\\/\\\/www.bioblend.com\\\/?page_id=8\"},{\"@type\":\"ListItem\",\"position\":3,\"name\":\"BioGrease WL 2\"}]},{\"@type\":\"WebSite\",\"@id\":\"https:\\\/\\\/www.bioblend.com\\\/#website\",\"url\":\"https:\\\/\\\/www.bioblend.com\\\/\",\"name\":\"BioBlend Lubricants &amp; Industrial Products\",\"description\":\"Biodegradable Lubricants and Industrial Products for Environmental Synergy\",\"potentialAction\":[{\"@type\":\"SearchAction\",\"target\":{\"@type\":\"EntryPoint\",\"urlTemplate\":\"https:\\\/\\\/www.bioblend.com\\\/?s={search_term_string}\"},\"query-input\":{\"@type\":\"PropertyValueSpecification\",\"valueRequired\":true,\"valueName\":\"search_term_string\"}}],\"inLanguage\":\"fr-CA\"}]}<\/script>\n<!-- \/ Yoast SEO plugin. -->","yoast_head_json":{"title":"White Lithium Grease | Lithium Based Grease | NLGI 2 Grease","description":"This white lithium grease is biodegradable, aquatically nontoxic, and not-bioaccumulative. NLGI 2 grease is not known to impact plants, according to testing.","robots":{"index":"index","follow":"follow","max-snippet":"max-snippet:-1","max-image-preview":"max-image-preview:large","max-video-preview":"max-video-preview:-1"},"canonical":"https:\/\/www.bioblend.com\/fr\/produit\/biogrease-wl-2\/","og_locale":"fr_CA","og_type":"article","og_title":"White Lithium Grease | Lithium Based Grease | NLGI 2 Grease","og_description":"This white lithium grease is biodegradable, aquatically nontoxic, and not-bioaccumulative. NLGI 2 grease is not known to impact plants, according to testing.","og_url":"https:\/\/www.bioblend.com\/fr\/produit\/biogrease-wl-2\/","og_site_name":"BioBlend Lubricants &amp; Industrial Products","article_modified_time":"2025-05-08T18:37:40+00:00","og_image":[{"width":800,"height":800,"url":"https:\/\/www.bioblend.com\/wp-content\/uploads\/BioGrease-WL-2-product.png","type":"image\/png"}],"twitter_card":"summary_large_image","twitter_misc":{"Estimation du temps de lecture":"1 minute"},"schema":{"@context":"https:\/\/schema.org","@graph":[{"@type":"WebPage","@id":"https:\/\/www.bioblend.com\/product\/biogrease-wl-2\/","url":"https:\/\/www.bioblend.com\/product\/biogrease-wl-2\/","name":"White Lithium Grease | Lithium Based Grease | NLGI 2 Grease","isPartOf":{"@id":"https:\/\/www.bioblend.com\/#website"},"primaryImageOfPage":{"@id":"https:\/\/www.bioblend.com\/product\/biogrease-wl-2\/#primaryimage"},"image":{"@id":"https:\/\/www.bioblend.com\/product\/biogrease-wl-2\/#primaryimage"},"thumbnailUrl":"https:\/\/www.bioblend.com\/wp-content\/uploads\/BioGrease-WL-2-product.png","datePublished":"2021-06-01T23:16:05+00:00","dateModified":"2025-05-08T18:37:40+00:00","description":"This white lithium grease is biodegradable, aquatically nontoxic, and not-bioaccumulative. NLGI 2 grease is not known to impact plants, according to testing.","breadcrumb":{"@id":"https:\/\/www.bioblend.com\/product\/biogrease-wl-2\/#breadcrumb"},"inLanguage":"fr-CA","potentialAction":[{"@type":"ReadAction","target":["https:\/\/www.bioblend.com\/product\/biogrease-wl-2\/"]}]},{"@type":"ImageObject","inLanguage":"fr-CA","@id":"https:\/\/www.bioblend.com\/product\/biogrease-wl-2\/#primaryimage","url":"https:\/\/www.bioblend.com\/wp-content\/uploads\/BioGrease-WL-2-product.png","contentUrl":"https:\/\/www.bioblend.com\/wp-content\/uploads\/BioGrease-WL-2-product.png","width":800,"height":800,"caption":"BioGrease WL 2"},{"@type":"BreadcrumbList","@id":"https:\/\/www.bioblend.com\/product\/biogrease-wl-2\/#breadcrumb","itemListElement":[{"@type":"ListItem","position":1,"name":"Home","item":"https:\/\/www.bioblend.com\/"},{"@type":"ListItem","position":2,"name":"Shop","item":"https:\/\/www.bioblend.com\/?page_id=8"},{"@type":"ListItem","position":3,"name":"BioGrease WL 2"}]},{"@type":"WebSite","@id":"https:\/\/www.bioblend.com\/#website","url":"https:\/\/www.bioblend.com\/","name":"Lubrifiants et produits industriels BioBlend","description":"Lubrifiants biod\u00e9gradables et produits industriels pour une synergie environnementale","potentialAction":[{"@type":"SearchAction","target":{"@type":"EntryPoint","urlTemplate":"https:\/\/www.bioblend.com\/?s={search_term_string}"},"query-input":{"@type":"PropertyValueSpecification","valueRequired":true,"valueName":"search_term_string"}}],"inLanguage":"fr-CA"}]}},"_links":{"self":[{"href":"https:\/\/www.bioblend.com\/fr\/wp-json\/wp\/v2\/product\/2596","targetHints":{"allow":["GET"]}}],"collection":[{"href":"https:\/\/www.bioblend.com\/fr\/wp-json\/wp\/v2\/product"}],"about":[{"href":"https:\/\/www.bioblend.com\/fr\/wp-json\/wp\/v2\/types\/product"}],"replies":[{"embeddable":true,"href":"https:\/\/www.bioblend.com\/fr\/wp-json\/wp\/v2\/comments?post=2596"}],"wp:featuredmedia":[{"embeddable":true,"href":"https:\/\/www.bioblend.com\/fr\/wp-json\/wp\/v2\/media\/1984"}],"wp:attachment":[{"href":"https:\/\/www.bioblend.com\/fr\/wp-json\/wp\/v2\/media?parent=2596"}],"wp:term":[{"taxonomy":"product_brand","embeddable":true,"href":"https:\/\/www.bioblend.com\/fr\/wp-json\/wp\/v2\/product_brand?post=2596"},{"taxonomy":"product_cat","embeddable":true,"href":"https:\/\/www.bioblend.com\/fr\/wp-json\/wp\/v2\/product_cat?post=2596"},{"taxonomy":"product_tag","embeddable":true,"href":"https:\/\/www.bioblend.com\/fr\/wp-json\/wp\/v2\/product_tag?post=2596"}],"curies":[{"name":"wp","href":"https:\/\/api.w.org\/{rel}","templated":true}]}}