{"id":3026,"date":"2021-12-03T13:51:44","date_gmt":"2021-12-03T19:51:44","guid":{"rendered":"https:\/\/www.bioblend.com\/?post_type=product&#038;p=3026"},"modified":"2025-09-22T15:08:11","modified_gmt":"2025-09-22T20:08:11","slug":"bioflo-synthetic-hfdu","status":"publish","type":"product","link":"https:\/\/www.bioblend.com\/fr\/produit\/bioflo-synthetic-hfdu\/","title":{"rendered":"HFDU synth\u00e9tique BioFlo"},"content":{"rendered":"<h3>Huile hydraulique synth\u00e9tique r\u00e9sistante au feu<\/h3>\n<p>HFDU synth\u00e9tique BioFlo <a href=\"https:\/\/www.bioblend.com\/fr\/bioblend-launches-synthetic-fire-resistant-hydraulic-fluid\/\">fire resistant hydraulic fluid<\/a> is a high performance, <a href=\"https:\/\/www.bioblend.com\/fr\/beyond-environmentally-friendly-lubricants\/\">environmentally responsible lubricant<\/a> that is formulated with synthetic polyol esters (POE). These esters are highly biobased and contain ashless additives to help extend equipment and fluid life. Their inherent <a href=\"https:\/\/www.bioblend.com\/fr\/increased-viscosity-index-with-bioblends-esyn-lubricants\/\">high viscosity index<\/a> and broad operating viscosity range provides natural lubricating efficiency.<\/p>\n<p>Les HFDU synth\u00e9tiques BioFlo 46 et 68 sont approuv\u00e9s par Factory Mutual (Factory Mutual FM Standard 6930 HFDU) pour une s\u00e9curit\u00e9 accrue dans les applications pr\u00e9sentant des risques d&#039;incendie potentiels. Y compris tous les syst\u00e8mes hydrauliques \u00e0 haute pression o\u00f9 des d\u00e9versements, des fuites ou des conduites rompues pourraient rencontrer une source d&#039;inflammation. Ces fluides puissants offrent une protection exceptionnelle contre l&#039;usure et la corrosion et une s\u00e9curit\u00e9 accrue.<\/p>\n<p>Voir la fiche de donn\u00e9es de s\u00e9curit\u00e9 (FDS) du produit pour les informations d&#039;urgence, de manipulation appropri\u00e9e et d&#039;\u00e9limination.<\/p>","protected":false},"excerpt":{"rendered":"<p>Le fluide hydraulique r\u00e9sistant au feu BioFlo Synthetic HFDU est un lubrifiant respectueux de l&#039;environnement, approuv\u00e9 par Factory Mutual (FM) et formul\u00e9 avec des esters de polyol synth\u00e9tiques (POE). Ces esters sont hautement biosourc\u00e9s et contiennent des additifs sans cendres pour aider \u00e0 prolonger la dur\u00e9e de vie de l&#039;\u00e9quipement et des fluides.<\/p>\n<p><a id=\"S_HFDU_ISO46\" class=\"orange_button\" href=\"https:\/\/www.amazon.com\/dp\/B09SGW39Z7\" target=\"_blank\" rel=\"noopener\">ACHETER ISO 46 MAINTENANT<\/a> <a id=\"S_HFDU_ISO68\" class=\"orange_button\" href=\"https:\/\/www.amazon.com\/dp\/B09SJ354RW\" target=\"_blank\" rel=\"noopener\">ACHETEZ ISO 68 MAINTENANT<\/a><\/p>","protected":false},"featured_media":3034,"comment_status":"closed","ping_status":"closed","template":"","meta":{"_et_pb_use_builder":"","_et_pb_old_content":"","_et_gb_content_width":"","inline_featured_image":false},"product_brand":[],"product_cat":[24],"product_tag":[194],"class_list":{"0":"post-3026","1":"product","2":"type-product","3":"status-publish","4":"has-post-thumbnail","6":"product_cat-hydraulic-oil","7":"product_tag-synthetic-fire-resistant-hydraulic","8":"pa_packaging-drum-55-gal","9":"pa_packaging-pail-5-gal","10":"pa_packaging-tote-275-gal","11":"pa_packaging-tote-330-gal","13":"first","14":"instock","15":"shipping-taxable","16":"product-type-simple"},"yoast_head":"<!-- This site is optimized with the Yoast SEO plugin v27.6 - https:\/\/yoast.com\/product\/yoast-seo-wordpress\/ -->\n<title>Fire Resistant Hydraulic Fluid | Synthetic Hydraulic Fluid | HFDU<\/title>\n<meta name=\"description\" content=\"HFDU fire resistant hydraulic fluid enhances safety around potential fire hazards. It&#039;s approved by Factory Mutual for fire-resistant fluid applications.\" \/>\n<meta name=\"robots\" content=\"index, follow, max-snippet:-1, max-image-preview:large, max-video-preview:-1\" \/>\n<link rel=\"canonical\" href=\"https:\/\/www.bioblend.com\/fr\/produit\/bioflo-synthetic-hfdu\/\" \/>\n<meta property=\"og:locale\" content=\"fr_CA\" \/>\n<meta property=\"og:type\" content=\"article\" \/>\n<meta property=\"og:title\" content=\"Fire Resistant Hydraulic Fluid | Synthetic Hydraulic Fluid | HFDU\" \/>\n<meta property=\"og:description\" content=\"HFDU fire resistant hydraulic fluid enhances safety around potential fire hazards. It&#039;s approved by Factory Mutual for fire-resistant fluid applications.\" \/>\n<meta property=\"og:url\" content=\"https:\/\/www.bioblend.com\/fr\/produit\/bioflo-synthetic-hfdu\/\" \/>\n<meta property=\"og:site_name\" content=\"BioBlend Lubricants &amp; Industrial Products\" \/>\n<meta property=\"article:modified_time\" content=\"2025-09-22T20:08:11+00:00\" \/>\n<meta property=\"og:image\" content=\"https:\/\/www.bioblend.com\/wp-content\/uploads\/BioFloSyn-HFDU.png\" \/>\n\t<meta property=\"og:image:width\" content=\"800\" \/>\n\t<meta property=\"og:image:height\" content=\"800\" \/>\n\t<meta property=\"og:image:type\" content=\"image\/png\" \/>\n<meta name=\"twitter:card\" content=\"summary_large_image\" \/>\n<meta name=\"twitter:label1\" content=\"Estimation du temps de lecture\" \/>\n\t<meta name=\"twitter:data1\" content=\"1 minute\" \/>\n<script type=\"application\/ld+json\" class=\"yoast-schema-graph\">{\"@context\":\"https:\\\/\\\/schema.org\",\"@graph\":[{\"@type\":\"WebPage\",\"@id\":\"https:\\\/\\\/www.bioblend.com\\\/product\\\/bioflo-synthetic-hfdu\\\/\",\"url\":\"https:\\\/\\\/www.bioblend.com\\\/product\\\/bioflo-synthetic-hfdu\\\/\",\"name\":\"Fire Resistant Hydraulic Fluid | Synthetic Hydraulic Fluid | HFDU\",\"isPartOf\":{\"@id\":\"https:\\\/\\\/www.bioblend.com\\\/#website\"},\"primaryImageOfPage\":{\"@id\":\"https:\\\/\\\/www.bioblend.com\\\/product\\\/bioflo-synthetic-hfdu\\\/#primaryimage\"},\"image\":{\"@id\":\"https:\\\/\\\/www.bioblend.com\\\/product\\\/bioflo-synthetic-hfdu\\\/#primaryimage\"},\"thumbnailUrl\":\"https:\\\/\\\/www.bioblend.com\\\/wp-content\\\/uploads\\\/BioFloSyn-HFDU.png\",\"datePublished\":\"2021-12-03T19:51:44+00:00\",\"dateModified\":\"2025-09-22T20:08:11+00:00\",\"description\":\"HFDU fire resistant hydraulic fluid enhances safety around potential fire hazards. It's approved by Factory Mutual for fire-resistant fluid applications.\",\"breadcrumb\":{\"@id\":\"https:\\\/\\\/www.bioblend.com\\\/product\\\/bioflo-synthetic-hfdu\\\/#breadcrumb\"},\"inLanguage\":\"fr-CA\",\"potentialAction\":[{\"@type\":\"ReadAction\",\"target\":[\"https:\\\/\\\/www.bioblend.com\\\/product\\\/bioflo-synthetic-hfdu\\\/\"]}]},{\"@type\":\"ImageObject\",\"inLanguage\":\"fr-CA\",\"@id\":\"https:\\\/\\\/www.bioblend.com\\\/product\\\/bioflo-synthetic-hfdu\\\/#primaryimage\",\"url\":\"https:\\\/\\\/www.bioblend.com\\\/wp-content\\\/uploads\\\/BioFloSyn-HFDU.png\",\"contentUrl\":\"https:\\\/\\\/www.bioblend.com\\\/wp-content\\\/uploads\\\/BioFloSyn-HFDU.png\",\"width\":800,\"height\":800,\"caption\":\"BioFloSyn-HFDU\"},{\"@type\":\"BreadcrumbList\",\"@id\":\"https:\\\/\\\/www.bioblend.com\\\/product\\\/bioflo-synthetic-hfdu\\\/#breadcrumb\",\"itemListElement\":[{\"@type\":\"ListItem\",\"position\":1,\"name\":\"Home\",\"item\":\"https:\\\/\\\/www.bioblend.com\\\/\"},{\"@type\":\"ListItem\",\"position\":2,\"name\":\"Shop\",\"item\":\"https:\\\/\\\/www.bioblend.com\\\/?page_id=8\"},{\"@type\":\"ListItem\",\"position\":3,\"name\":\"BioFlo Synthetic HFDU\"}]},{\"@type\":\"WebSite\",\"@id\":\"https:\\\/\\\/www.bioblend.com\\\/#website\",\"url\":\"https:\\\/\\\/www.bioblend.com\\\/\",\"name\":\"BioBlend Lubricants &amp; Industrial Products\",\"description\":\"Biodegradable Lubricants and Industrial Products for Environmental Synergy\",\"potentialAction\":[{\"@type\":\"SearchAction\",\"target\":{\"@type\":\"EntryPoint\",\"urlTemplate\":\"https:\\\/\\\/www.bioblend.com\\\/?s={search_term_string}\"},\"query-input\":{\"@type\":\"PropertyValueSpecification\",\"valueRequired\":true,\"valueName\":\"search_term_string\"}}],\"inLanguage\":\"fr-CA\"}]}<\/script>\n<!-- \/ Yoast SEO plugin. -->","yoast_head_json":{"title":"Fire Resistant Hydraulic Fluid | Synthetic Hydraulic Fluid | HFDU","description":"HFDU fire resistant hydraulic fluid enhances safety around potential fire hazards. It's approved by Factory Mutual for fire-resistant fluid applications.","robots":{"index":"index","follow":"follow","max-snippet":"max-snippet:-1","max-image-preview":"max-image-preview:large","max-video-preview":"max-video-preview:-1"},"canonical":"https:\/\/www.bioblend.com\/fr\/produit\/bioflo-synthetic-hfdu\/","og_locale":"fr_CA","og_type":"article","og_title":"Fire Resistant Hydraulic Fluid | Synthetic Hydraulic Fluid | HFDU","og_description":"HFDU fire resistant hydraulic fluid enhances safety around potential fire hazards. It's approved by Factory Mutual for fire-resistant fluid applications.","og_url":"https:\/\/www.bioblend.com\/fr\/produit\/bioflo-synthetic-hfdu\/","og_site_name":"BioBlend Lubricants &amp; Industrial Products","article_modified_time":"2025-09-22T20:08:11+00:00","og_image":[{"width":800,"height":800,"url":"https:\/\/www.bioblend.com\/wp-content\/uploads\/BioFloSyn-HFDU.png","type":"image\/png"}],"twitter_card":"summary_large_image","twitter_misc":{"Estimation du temps de lecture":"1 minute"},"schema":{"@context":"https:\/\/schema.org","@graph":[{"@type":"WebPage","@id":"https:\/\/www.bioblend.com\/product\/bioflo-synthetic-hfdu\/","url":"https:\/\/www.bioblend.com\/product\/bioflo-synthetic-hfdu\/","name":"Fire Resistant Hydraulic Fluid | Synthetic Hydraulic Fluid | HFDU","isPartOf":{"@id":"https:\/\/www.bioblend.com\/#website"},"primaryImageOfPage":{"@id":"https:\/\/www.bioblend.com\/product\/bioflo-synthetic-hfdu\/#primaryimage"},"image":{"@id":"https:\/\/www.bioblend.com\/product\/bioflo-synthetic-hfdu\/#primaryimage"},"thumbnailUrl":"https:\/\/www.bioblend.com\/wp-content\/uploads\/BioFloSyn-HFDU.png","datePublished":"2021-12-03T19:51:44+00:00","dateModified":"2025-09-22T20:08:11+00:00","description":"HFDU fire resistant hydraulic fluid enhances safety around potential fire hazards. It's approved by Factory Mutual for fire-resistant fluid applications.","breadcrumb":{"@id":"https:\/\/www.bioblend.com\/product\/bioflo-synthetic-hfdu\/#breadcrumb"},"inLanguage":"fr-CA","potentialAction":[{"@type":"ReadAction","target":["https:\/\/www.bioblend.com\/product\/bioflo-synthetic-hfdu\/"]}]},{"@type":"ImageObject","inLanguage":"fr-CA","@id":"https:\/\/www.bioblend.com\/product\/bioflo-synthetic-hfdu\/#primaryimage","url":"https:\/\/www.bioblend.com\/wp-content\/uploads\/BioFloSyn-HFDU.png","contentUrl":"https:\/\/www.bioblend.com\/wp-content\/uploads\/BioFloSyn-HFDU.png","width":800,"height":800,"caption":"BioFloSyn-HFDU"},{"@type":"BreadcrumbList","@id":"https:\/\/www.bioblend.com\/product\/bioflo-synthetic-hfdu\/#breadcrumb","itemListElement":[{"@type":"ListItem","position":1,"name":"Home","item":"https:\/\/www.bioblend.com\/"},{"@type":"ListItem","position":2,"name":"Shop","item":"https:\/\/www.bioblend.com\/?page_id=8"},{"@type":"ListItem","position":3,"name":"BioFlo Synthetic HFDU"}]},{"@type":"WebSite","@id":"https:\/\/www.bioblend.com\/#website","url":"https:\/\/www.bioblend.com\/","name":"Lubrifiants et produits industriels BioBlend","description":"Lubrifiants biod\u00e9gradables et produits industriels pour une synergie environnementale","potentialAction":[{"@type":"SearchAction","target":{"@type":"EntryPoint","urlTemplate":"https:\/\/www.bioblend.com\/?s={search_term_string}"},"query-input":{"@type":"PropertyValueSpecification","valueRequired":true,"valueName":"search_term_string"}}],"inLanguage":"fr-CA"}]}},"_links":{"self":[{"href":"https:\/\/www.bioblend.com\/fr\/wp-json\/wp\/v2\/product\/3026","targetHints":{"allow":["GET"]}}],"collection":[{"href":"https:\/\/www.bioblend.com\/fr\/wp-json\/wp\/v2\/product"}],"about":[{"href":"https:\/\/www.bioblend.com\/fr\/wp-json\/wp\/v2\/types\/product"}],"replies":[{"embeddable":true,"href":"https:\/\/www.bioblend.com\/fr\/wp-json\/wp\/v2\/comments?post=3026"}],"wp:featuredmedia":[{"embeddable":true,"href":"https:\/\/www.bioblend.com\/fr\/wp-json\/wp\/v2\/media\/3034"}],"wp:attachment":[{"href":"https:\/\/www.bioblend.com\/fr\/wp-json\/wp\/v2\/media?parent=3026"}],"wp:term":[{"taxonomy":"product_brand","embeddable":true,"href":"https:\/\/www.bioblend.com\/fr\/wp-json\/wp\/v2\/product_brand?post=3026"},{"taxonomy":"product_cat","embeddable":true,"href":"https:\/\/www.bioblend.com\/fr\/wp-json\/wp\/v2\/product_cat?post=3026"},{"taxonomy":"product_tag","embeddable":true,"href":"https:\/\/www.bioblend.com\/fr\/wp-json\/wp\/v2\/product_tag?post=3026"}],"curies":[{"name":"wp","href":"https:\/\/api.w.org\/{rel}","templated":true}]}}