{"id":3676,"date":"2022-10-14T15:08:14","date_gmt":"2022-10-14T20:08:14","guid":{"rendered":"https:\/\/www.bioblend.com\/?post_type=product&#038;p=3676"},"modified":"2026-03-18T14:01:39","modified_gmt":"2026-03-18T19:01:39","slug":"biogrease-alc-xt-2","status":"publish","type":"product","link":"https:\/\/www.bioblend.com\/fr\/produit\/biogrease-alc-xt-2\/","title":{"rendered":"BioGrease ALC XT 2"},"content":{"rendered":"<h3>GRAISSE EXTRA-COLLANTE AU COMPLEXE D&#039;ALUMINIUM BIOD\u00c9GRADABLE, NLGI 2<\/h3>\n<p>BioGrease ALC XT 2 outperforms traditional petroleum-based grease products in <a href=\"https:\/\/www.bioblend.com\/fr\/bioblend-lubricants-off-the-charts-lubricity\/\">lubricity<\/a>, <a href=\"https:\/\/www.bioblend.com\/fr\/increased-viscosity-index-with-bioblends-esyn-lubricants\/\">viscosity index<\/a>, <a href=\"https:\/\/www.bioblend.com\/fr\/superior-solvency-with-bioblend-lubricants\/\">solvency<\/a>, <a href=\"https:\/\/www.bioblend.com\/fr\/high-polarity-in-bioblend-lubricants-and-industrial-products\/\">polarity<\/a>, <a href=\"https:\/\/www.bioblend.com\/fr\/the-importance-of-high-flash-point-in-lubricants\/\">flash point<\/a> and dielectric strength. It is a readily <a href=\"https:\/\/www.bioblend.com\/fr\/just-what-is-a-biodegradable-lubricant\/\">biodegradable<\/a>, general-purpose grease that can be used in a variety of applications for multiple industries.<\/p>\n<p>Created with a revolutionary, patented microwave technology, this grease offers longer-term stability than conventional products. The high-quality natural ester base oils offer better performance, and the aluminum complex thickener provides strong protection against water washout in high moisture operating environments. The extra-tacky properties of this grease increase adhesion to metal surfaces and provide strong cohesion to help prevent \u201cfling off\u201d in the field. BioGrease ALC XT 2 has a melting point of over 500\u00b0 F (260\u00b0 C) making it a safer and more <a href=\"https:\/\/www.bioblend.com\/fr\/how-to-select-the-best-high-temp-grease\/\">heat stable product<\/a>. It contains rust and corrosion inhibitors to better protect equipment against frequent or continuous high moisture exposure.<\/p>\n<p>Le processus de m\u00e9lange par micro-ondes r\u00e9duit les besoins \u00e9nerg\u00e9tiques de plus de 60%, ce qui en fait l&#039;un des lubrifiants industriels les plus durables du march\u00e9.<\/p>\n<ul>\n<li>Class\u00e9 comme lubrifiants \u00e9cologiquement acceptables (EAL) selon le permis g\u00e9n\u00e9ral de navire am\u00e9ricain 2013 de l&#039;EPA (VGP)<\/li>\n<li>Use in any industry (hydroelectric powered dams, <a href=\"https:\/\/www.bioblend.com\/fr\/industries\/construction-equipment\/\">construction<\/a>, <a href=\"https:\/\/www.bioblend.com\/fr\/industries\/\">refuse<\/a>, <a href=\"https:\/\/www.bioblend.com\/fr\/industries\/mining\/\">mining<\/a>, dredging, <a href=\"https:\/\/www.bioblend.com\/fr\/industries\/marine\/\">Marin<\/a>, <a href=\"https:\/\/www.bioblend.com\/fr\/industries\/agriculture\/\">agriculture<\/a>, <a href=\"https:\/\/www.bioblend.com\/fr\/industries\/\">plant operations<\/a>, etc.) utilizing equipment with a need for a general-purpose grease, especially systems where a release into the environment is possible or where a leak or spill could reach a waste stream.<\/li>\n<\/ul>","protected":false},"excerpt":{"rendered":"<p>BioGrease ALC XT 2 est une graisse \u00e0 usage g\u00e9n\u00e9ral facilement biod\u00e9gradable qui peut \u00eatre utilis\u00e9e dans une vari\u00e9t\u00e9 d&#039;applications pour de multiples industries. Cr\u00e9\u00e9e avec une technologie micro-ondes r\u00e9volutionnaire et brevet\u00e9e, cette graisse offre une stabilit\u00e9 \u00e0 plus long terme que les produits conventionnels.<\/p>\n<p><a id=\"S_HFDU_ISO46\" class=\"orange_button\" href=\"https:\/\/www.bioblend.com\/fr\/contact-us\/\" target=\"_blank\" rel=\"noopener\">Request a Commercial Quote<\/a><\/p>","protected":false},"featured_media":3679,"comment_status":"closed","ping_status":"closed","template":"","meta":{"_et_pb_use_builder":"","_et_pb_old_content":"","_et_gb_content_width":"","inline_featured_image":false},"product_brand":[],"product_cat":[25],"product_tag":[],"class_list":{"0":"post-3676","1":"product","2":"type-product","3":"status-publish","4":"has-post-thumbnail","6":"product_cat-grease","7":"pa_packaging-400-lb-drum","8":"pa_packaging-120-lb-keg","9":"pa_packaging-35-lb-pail","10":"pa_packaging-tote-1893-lbs","11":"pa_packaging-tube-14-oz-10-pack","12":"pa_packaging-tube-14-oz-30-pack","14":"first","15":"instock","16":"shipping-taxable","17":"product-type-simple"},"yoast_head":"<!-- This site is optimized with the Yoast SEO plugin v27.3 - https:\/\/yoast.com\/product\/yoast-seo-wordpress\/ -->\n<title>Aluminum Complex Grease | Readily Biodegradable Grease<\/title>\n<meta name=\"description\" content=\"Readily biodegradable grease for industrial applications. The aluminum complex thickener deliver superior lubrication and protection in high-moisture exposure.\" \/>\n<meta name=\"robots\" content=\"index, follow, max-snippet:-1, max-image-preview:large, max-video-preview:-1\" \/>\n<link rel=\"canonical\" href=\"https:\/\/www.bioblend.com\/fr\/produit\/biogrease-alc-xt-2\/\" \/>\n<meta property=\"og:locale\" content=\"fr_CA\" \/>\n<meta property=\"og:type\" content=\"article\" \/>\n<meta property=\"og:title\" content=\"Aluminum Complex Grease | Readily Biodegradable Grease\" \/>\n<meta property=\"og:description\" content=\"Readily biodegradable grease for industrial applications. The aluminum complex thickener deliver superior lubrication and protection in high-moisture exposure.\" \/>\n<meta property=\"og:url\" content=\"https:\/\/www.bioblend.com\/fr\/produit\/biogrease-alc-xt-2\/\" \/>\n<meta property=\"og:site_name\" content=\"BioBlend Lubricants &amp; Industrial Products\" \/>\n<meta property=\"article:modified_time\" content=\"2026-03-18T19:01:39+00:00\" \/>\n<meta property=\"og:image\" content=\"https:\/\/www.bioblend.com\/wp-content\/uploads\/BioGrease-ALC-XT-2-scaled.jpeg\" \/>\n\t<meta property=\"og:image:width\" content=\"2560\" \/>\n\t<meta property=\"og:image:height\" content=\"1920\" \/>\n\t<meta property=\"og:image:type\" content=\"image\/jpeg\" \/>\n<meta name=\"twitter:card\" content=\"summary_large_image\" \/>\n<meta name=\"twitter:label1\" content=\"Estimation du temps de lecture\" \/>\n\t<meta name=\"twitter:data1\" content=\"2 minutes\" \/>\n<script type=\"application\/ld+json\" class=\"yoast-schema-graph\">{\"@context\":\"https:\\\/\\\/schema.org\",\"@graph\":[{\"@type\":\"WebPage\",\"@id\":\"https:\\\/\\\/www.bioblend.com\\\/product\\\/biogrease-alc-xt-2\\\/\",\"url\":\"https:\\\/\\\/www.bioblend.com\\\/product\\\/biogrease-alc-xt-2\\\/\",\"name\":\"Aluminum Complex Grease | Readily Biodegradable Grease\",\"isPartOf\":{\"@id\":\"https:\\\/\\\/www.bioblend.com\\\/#website\"},\"primaryImageOfPage\":{\"@id\":\"https:\\\/\\\/www.bioblend.com\\\/product\\\/biogrease-alc-xt-2\\\/#primaryimage\"},\"image\":{\"@id\":\"https:\\\/\\\/www.bioblend.com\\\/product\\\/biogrease-alc-xt-2\\\/#primaryimage\"},\"thumbnailUrl\":\"https:\\\/\\\/www.bioblend.com\\\/wp-content\\\/uploads\\\/BioGrease-ALC-XT-2-scaled.jpeg\",\"datePublished\":\"2022-10-14T20:08:14+00:00\",\"dateModified\":\"2026-03-18T19:01:39+00:00\",\"description\":\"Readily biodegradable grease for industrial applications. The aluminum complex thickener deliver superior lubrication and protection in high-moisture exposure.\",\"breadcrumb\":{\"@id\":\"https:\\\/\\\/www.bioblend.com\\\/product\\\/biogrease-alc-xt-2\\\/#breadcrumb\"},\"inLanguage\":\"fr-CA\",\"potentialAction\":[{\"@type\":\"ReadAction\",\"target\":[\"https:\\\/\\\/www.bioblend.com\\\/product\\\/biogrease-alc-xt-2\\\/\"]}]},{\"@type\":\"ImageObject\",\"inLanguage\":\"fr-CA\",\"@id\":\"https:\\\/\\\/www.bioblend.com\\\/product\\\/biogrease-alc-xt-2\\\/#primaryimage\",\"url\":\"https:\\\/\\\/www.bioblend.com\\\/wp-content\\\/uploads\\\/BioGrease-ALC-XT-2-scaled.jpeg\",\"contentUrl\":\"https:\\\/\\\/www.bioblend.com\\\/wp-content\\\/uploads\\\/BioGrease-ALC-XT-2-scaled.jpeg\",\"width\":2560,\"height\":1920,\"caption\":\"Backhoe Dredger at Work.\"},{\"@type\":\"BreadcrumbList\",\"@id\":\"https:\\\/\\\/www.bioblend.com\\\/product\\\/biogrease-alc-xt-2\\\/#breadcrumb\",\"itemListElement\":[{\"@type\":\"ListItem\",\"position\":1,\"name\":\"Home\",\"item\":\"https:\\\/\\\/www.bioblend.com\\\/\"},{\"@type\":\"ListItem\",\"position\":2,\"name\":\"Shop\",\"item\":\"https:\\\/\\\/www.bioblend.com\\\/?page_id=8\"},{\"@type\":\"ListItem\",\"position\":3,\"name\":\"BioGrease ALC XT 2\"}]},{\"@type\":\"WebSite\",\"@id\":\"https:\\\/\\\/www.bioblend.com\\\/#website\",\"url\":\"https:\\\/\\\/www.bioblend.com\\\/\",\"name\":\"BioBlend Lubricants &amp; Industrial Products\",\"description\":\"Biodegradable Lubricants and Industrial Products for Environmental Synergy\",\"potentialAction\":[{\"@type\":\"SearchAction\",\"target\":{\"@type\":\"EntryPoint\",\"urlTemplate\":\"https:\\\/\\\/www.bioblend.com\\\/?s={search_term_string}\"},\"query-input\":{\"@type\":\"PropertyValueSpecification\",\"valueRequired\":true,\"valueName\":\"search_term_string\"}}],\"inLanguage\":\"fr-CA\"}]}<\/script>\n<!-- \/ Yoast SEO plugin. -->","yoast_head_json":{"title":"Aluminum Complex Grease | Readily Biodegradable Grease","description":"Readily biodegradable grease for industrial applications. The aluminum complex thickener deliver superior lubrication and protection in high-moisture exposure.","robots":{"index":"index","follow":"follow","max-snippet":"max-snippet:-1","max-image-preview":"max-image-preview:large","max-video-preview":"max-video-preview:-1"},"canonical":"https:\/\/www.bioblend.com\/fr\/produit\/biogrease-alc-xt-2\/","og_locale":"fr_CA","og_type":"article","og_title":"Aluminum Complex Grease | Readily Biodegradable Grease","og_description":"Readily biodegradable grease for industrial applications. The aluminum complex thickener deliver superior lubrication and protection in high-moisture exposure.","og_url":"https:\/\/www.bioblend.com\/fr\/produit\/biogrease-alc-xt-2\/","og_site_name":"BioBlend Lubricants &amp; Industrial Products","article_modified_time":"2026-03-18T19:01:39+00:00","og_image":[{"width":2560,"height":1920,"url":"https:\/\/www.bioblend.com\/wp-content\/uploads\/BioGrease-ALC-XT-2-scaled.jpeg","type":"image\/jpeg"}],"twitter_card":"summary_large_image","twitter_misc":{"Estimation du temps de lecture":"2 minutes"},"schema":{"@context":"https:\/\/schema.org","@graph":[{"@type":"WebPage","@id":"https:\/\/www.bioblend.com\/product\/biogrease-alc-xt-2\/","url":"https:\/\/www.bioblend.com\/product\/biogrease-alc-xt-2\/","name":"Aluminum Complex Grease | Readily Biodegradable Grease","isPartOf":{"@id":"https:\/\/www.bioblend.com\/#website"},"primaryImageOfPage":{"@id":"https:\/\/www.bioblend.com\/product\/biogrease-alc-xt-2\/#primaryimage"},"image":{"@id":"https:\/\/www.bioblend.com\/product\/biogrease-alc-xt-2\/#primaryimage"},"thumbnailUrl":"https:\/\/www.bioblend.com\/wp-content\/uploads\/BioGrease-ALC-XT-2-scaled.jpeg","datePublished":"2022-10-14T20:08:14+00:00","dateModified":"2026-03-18T19:01:39+00:00","description":"Readily biodegradable grease for industrial applications. The aluminum complex thickener deliver superior lubrication and protection in high-moisture exposure.","breadcrumb":{"@id":"https:\/\/www.bioblend.com\/product\/biogrease-alc-xt-2\/#breadcrumb"},"inLanguage":"fr-CA","potentialAction":[{"@type":"ReadAction","target":["https:\/\/www.bioblend.com\/product\/biogrease-alc-xt-2\/"]}]},{"@type":"ImageObject","inLanguage":"fr-CA","@id":"https:\/\/www.bioblend.com\/product\/biogrease-alc-xt-2\/#primaryimage","url":"https:\/\/www.bioblend.com\/wp-content\/uploads\/BioGrease-ALC-XT-2-scaled.jpeg","contentUrl":"https:\/\/www.bioblend.com\/wp-content\/uploads\/BioGrease-ALC-XT-2-scaled.jpeg","width":2560,"height":1920,"caption":"Backhoe Dredger at Work."},{"@type":"BreadcrumbList","@id":"https:\/\/www.bioblend.com\/product\/biogrease-alc-xt-2\/#breadcrumb","itemListElement":[{"@type":"ListItem","position":1,"name":"Home","item":"https:\/\/www.bioblend.com\/"},{"@type":"ListItem","position":2,"name":"Shop","item":"https:\/\/www.bioblend.com\/?page_id=8"},{"@type":"ListItem","position":3,"name":"BioGrease ALC XT 2"}]},{"@type":"WebSite","@id":"https:\/\/www.bioblend.com\/#website","url":"https:\/\/www.bioblend.com\/","name":"Lubrifiants et produits industriels BioBlend","description":"Lubrifiants biod\u00e9gradables et produits industriels pour une synergie environnementale","potentialAction":[{"@type":"SearchAction","target":{"@type":"EntryPoint","urlTemplate":"https:\/\/www.bioblend.com\/?s={search_term_string}"},"query-input":{"@type":"PropertyValueSpecification","valueRequired":true,"valueName":"search_term_string"}}],"inLanguage":"fr-CA"}]}},"_links":{"self":[{"href":"https:\/\/www.bioblend.com\/fr\/wp-json\/wp\/v2\/product\/3676","targetHints":{"allow":["GET"]}}],"collection":[{"href":"https:\/\/www.bioblend.com\/fr\/wp-json\/wp\/v2\/product"}],"about":[{"href":"https:\/\/www.bioblend.com\/fr\/wp-json\/wp\/v2\/types\/product"}],"replies":[{"embeddable":true,"href":"https:\/\/www.bioblend.com\/fr\/wp-json\/wp\/v2\/comments?post=3676"}],"wp:featuredmedia":[{"embeddable":true,"href":"https:\/\/www.bioblend.com\/fr\/wp-json\/wp\/v2\/media\/3679"}],"wp:attachment":[{"href":"https:\/\/www.bioblend.com\/fr\/wp-json\/wp\/v2\/media?parent=3676"}],"wp:term":[{"taxonomy":"product_brand","embeddable":true,"href":"https:\/\/www.bioblend.com\/fr\/wp-json\/wp\/v2\/product_brand?post=3676"},{"taxonomy":"product_cat","embeddable":true,"href":"https:\/\/www.bioblend.com\/fr\/wp-json\/wp\/v2\/product_cat?post=3676"},{"taxonomy":"product_tag","embeddable":true,"href":"https:\/\/www.bioblend.com\/fr\/wp-json\/wp\/v2\/product_tag?post=3676"}],"curies":[{"name":"wp","href":"https:\/\/api.w.org\/{rel}","templated":true}]}}