{"id":3742,"date":"2022-10-18T10:06:12","date_gmt":"2022-10-18T15:06:12","guid":{"rendered":"https:\/\/www.bioblend.com\/?post_type=product&#038;p=3742"},"modified":"2025-07-16T10:45:19","modified_gmt":"2025-07-16T15:45:19","slug":"biogrease-hd-2","status":"publish","type":"product","link":"https:\/\/www.bioblend.com\/fr\/produit\/biogrease-hd-2\/","title":{"rendered":"BioGrease HD 2"},"content":{"rendered":"<h3>Biodegradable Heavy-Duty Lithium Grease, NLGI 2<\/h3>\n<p>BioGrease HD 2 is a premier, multi-purpose grease formulated from premium quality <a href=\"https:\/\/www.bioblend.com\/fr\/just-what-is-a-biodegradable-lubricant\/\">biodegradable<\/a> base oils, a superb lithium thickener, and extreme pressure additives. It is also meets the requirements for GC-LB, making it a unique environmentally responsible grease for use in axel and wheel bearings (GC) as well as chassis, tie-rod ends, control-arm shafts, ball joints and u-joints (LB). This high-performance grease is a <a href=\"https:\/\/www.bioblend.com\/fr\/how-to-convert-to-biodegradable-lubricants\/\">safer biobased product<\/a> for <a href=\"https:\/\/www.bioblend.com\/fr\/industries\/government\/\">commercial fleet applications<\/a> to help meet environmental and sustainability goals while not sacrificing any performance in the field.<\/p>\n<p>CARACT\u00c9RISTIQUES ET AVANTAGES<\/p>\n<ul>\n<li>Meets NLGI GC-LB<\/li>\n<li>Contient des additifs extr\u00eame pression qui minimisent la friction et l&#039;usure<\/li>\n<li><a href=\"https:\/\/www.bioblend.com\/fr\/bioblend-lubricants-off-the-charts-lubricity\/\">Excellent pouvoir lubrifiant<\/a> reduces heat and lessens energy consumption<\/li>\n<li><a href=\"https:\/\/www.bioblend.com\/fr\/the-importance-of-high-flash-point-in-lubricants\/\">Point \u00e9clair plus \u00e9lev\u00e9<\/a> than petroleum greases for increased safety<\/li>\n<li>La formule biod\u00e9gradable r\u00e9duit les dommages \u00e0 l&#039;environnement<\/li>\n<li>Meets <a href=\"https:\/\/www.epa.gov\/greenerproducts\/about-environmentally-preferable-purchasing-program\">EPA\u2019s Environmentally Preferable Purchasing<\/a> (EPP) criteria<\/li>\n<li>Conforme \u00e0 la d\u00e9finition de produit Biobased propos\u00e9e par l&#039;USDA pour EO 13101<\/li>\n<li>Fabriqu\u00e9 \u00e0 partir d&#039;esters naturels renouvelables cultiv\u00e9s aux \u00c9tats-Unis<\/li>\n<\/ul>","protected":false},"excerpt":{"rendered":"<p>BioGrease HD 2 is biobased grease that meets the NLGI GC-LB requirements for use in axel bearings, wheel bearings, chassis and more. Making it a perfect fit for a variety of fleet, industrial and marine applications. It contains extreme pressure additives to minimize friction and wear and as a biobased product it will help users protect their equipment and the environment.<\/p>\n<p><a id=\"S_HFDU_ISO46\" class=\"orange_button\" href=\"https:\/\/www.amazon.com\/BioBlend-BioGrease-HD-Biodegradable-Cartridge\/dp\/B0BHZS6VHH\/ref=sr_1_7?dib=eyJ2IjoiMSJ9.4e1ysIm4tEUnYnQhlCJk6G53xPSLw2achqh8a7HShApsKkB6LPGcLMba6LdHykScUnXmAodvGCAwbTMSAaHbcJsgBIpgy4zciRvedRCXCNFiUSvWeXL5V7VBHFikUGwmKNVTk_-BtDIj58eFBPcguGLdAiMRU43qzoycQowuv9Z0f0kcQ7qhxkgnDs1-yDqaLRC_U5OypOT-3REfzLRg-QciublmikvERw0kv3VbviU.Z3t-IyPDyt-x9TBPkmmrnAD-y8_bwx_4fRmzw2qt5x0&amp;dib_tag=se&amp;m=A3O1ZQI0PNCY4L&amp;qid=1729257977&amp;s=merchant-items&amp;sr=1-7\" target=\"_blank\" rel=\"noopener\">Buy BioGrease HD 2 on Amazon<\/a><br \/>\n<a id=\"S_HFDU_ISO46\" class=\"orange_button\" href=\"https:\/\/www.bioblend.com\/fr\/contact-us\/\" target=\"_blank\" rel=\"noopener\">Request a Commercial Quote<\/a><\/p>","protected":false},"featured_media":3747,"comment_status":"closed","ping_status":"closed","template":"","meta":{"_et_pb_use_builder":"","_et_pb_old_content":"","_et_gb_content_width":"","inline_featured_image":false},"product_brand":[],"product_cat":[25],"product_tag":[218],"class_list":{"0":"post-3742","1":"product","2":"type-product","3":"status-publish","4":"has-post-thumbnail","6":"product_cat-grease","7":"product_tag-heavy-duty-grease","9":"first","10":"instock","11":"shipping-taxable","12":"product-type-simple"},"yoast_head":"<!-- This site is optimized with the Yoast SEO plugin v27.3 - https:\/\/yoast.com\/product\/yoast-seo-wordpress\/ -->\n<title>Heavy Duty Grease | Biodegradable Grease | BioGrease<\/title>\n<meta name=\"description\" content=\"BioGrease HD 2 is a biodegradable grease that is NLGI GC-LB certified. It&#039;s the perfect heavy duty grease for commercial fleets to meet EPA criteria.\" \/>\n<meta name=\"robots\" content=\"index, follow, max-snippet:-1, max-image-preview:large, max-video-preview:-1\" \/>\n<link rel=\"canonical\" href=\"https:\/\/www.bioblend.com\/fr\/produit\/biogrease-hd-2\/\" \/>\n<meta property=\"og:locale\" content=\"fr_CA\" \/>\n<meta property=\"og:type\" content=\"article\" \/>\n<meta property=\"og:title\" content=\"Heavy Duty Grease | Biodegradable Grease | BioGrease\" \/>\n<meta property=\"og:description\" content=\"BioGrease HD 2 is a biodegradable grease that is NLGI GC-LB certified. It&#039;s the perfect heavy duty grease for commercial fleets to meet EPA criteria.\" \/>\n<meta property=\"og:url\" content=\"https:\/\/www.bioblend.com\/fr\/produit\/biogrease-hd-2\/\" \/>\n<meta property=\"og:site_name\" content=\"BioBlend Lubricants &amp; Industrial Products\" \/>\n<meta property=\"article:modified_time\" content=\"2025-07-16T15:45:19+00:00\" \/>\n<meta property=\"og:image\" content=\"https:\/\/www.bioblend.com\/wp-content\/uploads\/Semi-Trucks-on-Highway.png\" \/>\n\t<meta property=\"og:image:width\" content=\"800\" \/>\n\t<meta property=\"og:image:height\" content=\"800\" \/>\n\t<meta property=\"og:image:type\" content=\"image\/png\" \/>\n<meta name=\"twitter:card\" content=\"summary_large_image\" \/>\n<meta name=\"twitter:label1\" content=\"Estimation du temps de lecture\" \/>\n\t<meta name=\"twitter:data1\" content=\"1 minute\" \/>\n<script type=\"application\/ld+json\" class=\"yoast-schema-graph\">{\"@context\":\"https:\\\/\\\/schema.org\",\"@graph\":[{\"@type\":\"WebPage\",\"@id\":\"https:\\\/\\\/www.bioblend.com\\\/product\\\/biogrease-hd-2\\\/\",\"url\":\"https:\\\/\\\/www.bioblend.com\\\/product\\\/biogrease-hd-2\\\/\",\"name\":\"Heavy Duty Grease | Biodegradable Grease | BioGrease\",\"isPartOf\":{\"@id\":\"https:\\\/\\\/www.bioblend.com\\\/#website\"},\"primaryImageOfPage\":{\"@id\":\"https:\\\/\\\/www.bioblend.com\\\/product\\\/biogrease-hd-2\\\/#primaryimage\"},\"image\":{\"@id\":\"https:\\\/\\\/www.bioblend.com\\\/product\\\/biogrease-hd-2\\\/#primaryimage\"},\"thumbnailUrl\":\"https:\\\/\\\/www.bioblend.com\\\/wp-content\\\/uploads\\\/Semi-Trucks-on-Highway.png\",\"datePublished\":\"2022-10-18T15:06:12+00:00\",\"dateModified\":\"2025-07-16T15:45:19+00:00\",\"description\":\"BioGrease HD 2 is a biodegradable grease that is NLGI GC-LB certified. It's the perfect heavy duty grease for commercial fleets to meet EPA criteria.\",\"breadcrumb\":{\"@id\":\"https:\\\/\\\/www.bioblend.com\\\/product\\\/biogrease-hd-2\\\/#breadcrumb\"},\"inLanguage\":\"fr-CA\",\"potentialAction\":[{\"@type\":\"ReadAction\",\"target\":[\"https:\\\/\\\/www.bioblend.com\\\/product\\\/biogrease-hd-2\\\/\"]}]},{\"@type\":\"ImageObject\",\"inLanguage\":\"fr-CA\",\"@id\":\"https:\\\/\\\/www.bioblend.com\\\/product\\\/biogrease-hd-2\\\/#primaryimage\",\"url\":\"https:\\\/\\\/www.bioblend.com\\\/wp-content\\\/uploads\\\/Semi-Trucks-on-Highway.png\",\"contentUrl\":\"https:\\\/\\\/www.bioblend.com\\\/wp-content\\\/uploads\\\/Semi-Trucks-on-Highway.png\",\"width\":800,\"height\":800,\"caption\":\"Commercial Trucks on Highway\"},{\"@type\":\"BreadcrumbList\",\"@id\":\"https:\\\/\\\/www.bioblend.com\\\/product\\\/biogrease-hd-2\\\/#breadcrumb\",\"itemListElement\":[{\"@type\":\"ListItem\",\"position\":1,\"name\":\"Home\",\"item\":\"https:\\\/\\\/www.bioblend.com\\\/\"},{\"@type\":\"ListItem\",\"position\":2,\"name\":\"Shop\",\"item\":\"https:\\\/\\\/www.bioblend.com\\\/?page_id=8\"},{\"@type\":\"ListItem\",\"position\":3,\"name\":\"BioGrease HD 2\"}]},{\"@type\":\"WebSite\",\"@id\":\"https:\\\/\\\/www.bioblend.com\\\/#website\",\"url\":\"https:\\\/\\\/www.bioblend.com\\\/\",\"name\":\"BioBlend Lubricants &amp; Industrial Products\",\"description\":\"Biodegradable Lubricants and Industrial Products for Environmental Synergy\",\"potentialAction\":[{\"@type\":\"SearchAction\",\"target\":{\"@type\":\"EntryPoint\",\"urlTemplate\":\"https:\\\/\\\/www.bioblend.com\\\/?s={search_term_string}\"},\"query-input\":{\"@type\":\"PropertyValueSpecification\",\"valueRequired\":true,\"valueName\":\"search_term_string\"}}],\"inLanguage\":\"fr-CA\"}]}<\/script>\n<!-- \/ Yoast SEO plugin. -->","yoast_head_json":{"title":"Heavy Duty Grease | Biodegradable Grease | BioGrease","description":"BioGrease HD 2 is a biodegradable grease that is NLGI GC-LB certified. It's the perfect heavy duty grease for commercial fleets to meet EPA criteria.","robots":{"index":"index","follow":"follow","max-snippet":"max-snippet:-1","max-image-preview":"max-image-preview:large","max-video-preview":"max-video-preview:-1"},"canonical":"https:\/\/www.bioblend.com\/fr\/produit\/biogrease-hd-2\/","og_locale":"fr_CA","og_type":"article","og_title":"Heavy Duty Grease | Biodegradable Grease | BioGrease","og_description":"BioGrease HD 2 is a biodegradable grease that is NLGI GC-LB certified. It's the perfect heavy duty grease for commercial fleets to meet EPA criteria.","og_url":"https:\/\/www.bioblend.com\/fr\/produit\/biogrease-hd-2\/","og_site_name":"BioBlend Lubricants &amp; Industrial Products","article_modified_time":"2025-07-16T15:45:19+00:00","og_image":[{"width":800,"height":800,"url":"https:\/\/www.bioblend.com\/wp-content\/uploads\/Semi-Trucks-on-Highway.png","type":"image\/png"}],"twitter_card":"summary_large_image","twitter_misc":{"Estimation du temps de lecture":"1 minute"},"schema":{"@context":"https:\/\/schema.org","@graph":[{"@type":"WebPage","@id":"https:\/\/www.bioblend.com\/product\/biogrease-hd-2\/","url":"https:\/\/www.bioblend.com\/product\/biogrease-hd-2\/","name":"Heavy Duty Grease | Biodegradable Grease | BioGrease","isPartOf":{"@id":"https:\/\/www.bioblend.com\/#website"},"primaryImageOfPage":{"@id":"https:\/\/www.bioblend.com\/product\/biogrease-hd-2\/#primaryimage"},"image":{"@id":"https:\/\/www.bioblend.com\/product\/biogrease-hd-2\/#primaryimage"},"thumbnailUrl":"https:\/\/www.bioblend.com\/wp-content\/uploads\/Semi-Trucks-on-Highway.png","datePublished":"2022-10-18T15:06:12+00:00","dateModified":"2025-07-16T15:45:19+00:00","description":"BioGrease HD 2 is a biodegradable grease that is NLGI GC-LB certified. It's the perfect heavy duty grease for commercial fleets to meet EPA criteria.","breadcrumb":{"@id":"https:\/\/www.bioblend.com\/product\/biogrease-hd-2\/#breadcrumb"},"inLanguage":"fr-CA","potentialAction":[{"@type":"ReadAction","target":["https:\/\/www.bioblend.com\/product\/biogrease-hd-2\/"]}]},{"@type":"ImageObject","inLanguage":"fr-CA","@id":"https:\/\/www.bioblend.com\/product\/biogrease-hd-2\/#primaryimage","url":"https:\/\/www.bioblend.com\/wp-content\/uploads\/Semi-Trucks-on-Highway.png","contentUrl":"https:\/\/www.bioblend.com\/wp-content\/uploads\/Semi-Trucks-on-Highway.png","width":800,"height":800,"caption":"Commercial Trucks on Highway"},{"@type":"BreadcrumbList","@id":"https:\/\/www.bioblend.com\/product\/biogrease-hd-2\/#breadcrumb","itemListElement":[{"@type":"ListItem","position":1,"name":"Home","item":"https:\/\/www.bioblend.com\/"},{"@type":"ListItem","position":2,"name":"Shop","item":"https:\/\/www.bioblend.com\/?page_id=8"},{"@type":"ListItem","position":3,"name":"BioGrease HD 2"}]},{"@type":"WebSite","@id":"https:\/\/www.bioblend.com\/#website","url":"https:\/\/www.bioblend.com\/","name":"Lubrifiants et produits industriels BioBlend","description":"Lubrifiants biod\u00e9gradables et produits industriels pour une synergie environnementale","potentialAction":[{"@type":"SearchAction","target":{"@type":"EntryPoint","urlTemplate":"https:\/\/www.bioblend.com\/?s={search_term_string}"},"query-input":{"@type":"PropertyValueSpecification","valueRequired":true,"valueName":"search_term_string"}}],"inLanguage":"fr-CA"}]}},"_links":{"self":[{"href":"https:\/\/www.bioblend.com\/fr\/wp-json\/wp\/v2\/product\/3742","targetHints":{"allow":["GET"]}}],"collection":[{"href":"https:\/\/www.bioblend.com\/fr\/wp-json\/wp\/v2\/product"}],"about":[{"href":"https:\/\/www.bioblend.com\/fr\/wp-json\/wp\/v2\/types\/product"}],"replies":[{"embeddable":true,"href":"https:\/\/www.bioblend.com\/fr\/wp-json\/wp\/v2\/comments?post=3742"}],"wp:featuredmedia":[{"embeddable":true,"href":"https:\/\/www.bioblend.com\/fr\/wp-json\/wp\/v2\/media\/3747"}],"wp:attachment":[{"href":"https:\/\/www.bioblend.com\/fr\/wp-json\/wp\/v2\/media?parent=3742"}],"wp:term":[{"taxonomy":"product_brand","embeddable":true,"href":"https:\/\/www.bioblend.com\/fr\/wp-json\/wp\/v2\/product_brand?post=3742"},{"taxonomy":"product_cat","embeddable":true,"href":"https:\/\/www.bioblend.com\/fr\/wp-json\/wp\/v2\/product_cat?post=3742"},{"taxonomy":"product_tag","embeddable":true,"href":"https:\/\/www.bioblend.com\/fr\/wp-json\/wp\/v2\/product_tag?post=3742"}],"curies":[{"name":"wp","href":"https:\/\/api.w.org\/{rel}","templated":true}]}}