{"id":3968,"date":"2024-03-12T16:27:34","date_gmt":"2024-03-12T21:27:34","guid":{"rendered":"https:\/\/www.bioblend.com\/?post_type=product&#038;p=3968"},"modified":"2025-05-08T13:34:44","modified_gmt":"2025-05-08T18:34:44","slug":"biogrease-fs-1","status":"publish","type":"product","link":"https:\/\/www.bioblend.com\/fr\/produit\/biogrease-fs-1\/","title":{"rendered":"BioGrease FS 1"},"content":{"rendered":"<h3>Graisse synth\u00e9tique basse temp\u00e9rature<\/h3>\n<p>BioGrease FS 1 is a grease formulated to provide superior performance in the toughest conditions. BioGrease FS 1 is formulated with synthetic esters that enable the products to protect equipment at a very low temperature range while also having a <a href=\"https:\/\/www.bioblend.com\/fr\/environmental-friendly-lubricants\/\">limited impact on the environment<\/a>. The grease provides excellent protection for equipment without using Moly to further reduce its impact on the environment and to enhance its cold-weather performance. BioGrease FS 1 has mobility at temperatures as low as -40C.<\/p>\n<ul>\n<li>Disponible en grade NLGI 1<\/li>\n<li>Fonctionne bien dans les syst\u00e8mes de lubrification centralis\u00e9e<\/li>\n<li>Class\u00e9 comme lubrifiants acceptables pour l&#039;environnement (EAL) selon le document d&#039;orientation de l&#039;EPA qui d\u00e9finit les normes pour les lubrifiants acceptables pour l&#039;environnement (EPA 800-R-11-002) et tel que requis par l&#039;US Vessel General Permit (VGP) 2013 de l&#039;EPA.<\/li>\n<li>Any industry (hydroelectric powered dams, <a href=\"https:\/\/www.bioblend.com\/fr\/industries\/construction-equipment\/\">construction<\/a>, refuse, <a href=\"https:\/\/www.bioblend.com\/fr\/industries\/mining\/\">mining<\/a>, dredging, <a href=\"https:\/\/www.bioblend.com\/fr\/industries\/marine\/\">Marin<\/a>, <a href=\"https:\/\/www.bioblend.com\/fr\/industries\/agriculture\/\">agriculture<\/a>, <a href=\"https:\/\/www.bioblend.com\/fr\/industries\/oil-and-gas\/\">oil &amp; gas<\/a>, plant operations, etc.) utilizing equipment with a need for a grease capable of handling extreme temperatures<\/li>\n<li>Convient aux \u00e9quipements o\u00f9 un rejet dans l&#039;environnement est possible ou o\u00f9 une fuite ou un d\u00e9versement pourrait atteindre un flux de d\u00e9chets<\/li>\n<li>Convient pour une utilisation dans les syst\u00e8mes de lubrification automatique ou via une application manuelle<\/li>\n<\/ul>","protected":false},"excerpt":{"rendered":"<p>BioGrease FS 1 is a grease formulated to provide superior performance in the toughest conditions. It is formulated with synthetic esters that help protect equipment.<\/p>\n<p><a id=\"S_HFDU_ISO46\" class=\"orange_button\" href=\"https:\/\/www.bioblend.com\/fr\/contact-us\/\" target=\"_blank\" rel=\"noopener\">Request a Commercial Quote<\/a><\/p>","protected":false},"featured_media":1960,"comment_status":"closed","ping_status":"closed","template":"","meta":{"_et_pb_use_builder":"","_et_pb_old_content":"","_et_gb_content_width":"","inline_featured_image":false},"product_brand":[],"product_cat":[25],"product_tag":[216],"class_list":{"0":"post-3968","1":"product","2":"type-product","3":"status-publish","4":"has-post-thumbnail","6":"product_cat-grease","7":"product_tag-low-temp-synthetic-grease","8":"pa_packaging-400-lb-drum","9":"pa_packaging-120-lb-keg","10":"pa_packaging-35-lb-pail","11":"pa_packaging-tube-14-oz-10-pack","12":"pa_packaging-tube-14-oz-30-pack","14":"first","15":"instock","16":"shipping-taxable","17":"product-type-simple"},"yoast_head":"<!-- This site is optimized with the Yoast SEO plugin v27.3 - https:\/\/yoast.com\/product\/yoast-seo-wordpress\/ -->\n<title>Low Temp Grease | Synthetic Lube | Low Temperature Grease<\/title>\n<meta name=\"description\" content=\"Low temp grease protects equipment at temperatures as low as -40C. The synthetic lube doesn&#039;t use Moly to further reduce its impact on the environment.\" \/>\n<meta name=\"robots\" content=\"index, follow, max-snippet:-1, max-image-preview:large, max-video-preview:-1\" \/>\n<link rel=\"canonical\" href=\"https:\/\/www.bioblend.com\/fr\/produit\/biogrease-fs-1\/\" \/>\n<meta property=\"og:locale\" content=\"fr_CA\" \/>\n<meta property=\"og:type\" content=\"article\" \/>\n<meta property=\"og:title\" content=\"Low Temp Grease | Synthetic Lube | Low Temperature Grease\" \/>\n<meta property=\"og:description\" content=\"Low temp grease protects equipment at temperatures as low as -40C. The synthetic lube doesn&#039;t use Moly to further reduce its impact on the environment.\" \/>\n<meta property=\"og:url\" content=\"https:\/\/www.bioblend.com\/fr\/produit\/biogrease-fs-1\/\" \/>\n<meta property=\"og:site_name\" content=\"BioBlend Lubricants &amp; Industrial Products\" \/>\n<meta property=\"article:modified_time\" content=\"2025-05-08T18:34:44+00:00\" \/>\n<meta property=\"og:image\" content=\"https:\/\/www.bioblend.com\/wp-content\/uploads\/BioGrease-HDS-LT-product.jpg\" \/>\n\t<meta property=\"og:image:width\" content=\"800\" \/>\n\t<meta property=\"og:image:height\" content=\"800\" \/>\n\t<meta property=\"og:image:type\" content=\"image\/jpeg\" \/>\n<meta name=\"twitter:card\" content=\"summary_large_image\" \/>\n<meta name=\"twitter:label1\" content=\"Estimation du temps de lecture\" \/>\n\t<meta name=\"twitter:data1\" content=\"2 minutes\" \/>\n<script type=\"application\/ld+json\" class=\"yoast-schema-graph\">{\"@context\":\"https:\\\/\\\/schema.org\",\"@graph\":[{\"@type\":\"WebPage\",\"@id\":\"https:\\\/\\\/www.bioblend.com\\\/product\\\/biogrease-fs-1\\\/\",\"url\":\"https:\\\/\\\/www.bioblend.com\\\/product\\\/biogrease-fs-1\\\/\",\"name\":\"Low Temp Grease | Synthetic Lube | Low Temperature Grease\",\"isPartOf\":{\"@id\":\"https:\\\/\\\/www.bioblend.com\\\/#website\"},\"primaryImageOfPage\":{\"@id\":\"https:\\\/\\\/www.bioblend.com\\\/product\\\/biogrease-fs-1\\\/#primaryimage\"},\"image\":{\"@id\":\"https:\\\/\\\/www.bioblend.com\\\/product\\\/biogrease-fs-1\\\/#primaryimage\"},\"thumbnailUrl\":\"https:\\\/\\\/www.bioblend.com\\\/wp-content\\\/uploads\\\/BioGrease-HDS-LT-product.jpg\",\"datePublished\":\"2024-03-12T21:27:34+00:00\",\"dateModified\":\"2025-05-08T18:34:44+00:00\",\"description\":\"Low temp grease protects equipment at temperatures as low as -40C. The synthetic lube doesn't use Moly to further reduce its impact on the environment.\",\"breadcrumb\":{\"@id\":\"https:\\\/\\\/www.bioblend.com\\\/product\\\/biogrease-fs-1\\\/#breadcrumb\"},\"inLanguage\":\"fr-CA\",\"potentialAction\":[{\"@type\":\"ReadAction\",\"target\":[\"https:\\\/\\\/www.bioblend.com\\\/product\\\/biogrease-fs-1\\\/\"]}]},{\"@type\":\"ImageObject\",\"inLanguage\":\"fr-CA\",\"@id\":\"https:\\\/\\\/www.bioblend.com\\\/product\\\/biogrease-fs-1\\\/#primaryimage\",\"url\":\"https:\\\/\\\/www.bioblend.com\\\/wp-content\\\/uploads\\\/BioGrease-HDS-LT-product.jpg\",\"contentUrl\":\"https:\\\/\\\/www.bioblend.com\\\/wp-content\\\/uploads\\\/BioGrease-HDS-LT-product.jpg\",\"width\":800,\"height\":800,\"caption\":\"BioGrease FS1\"},{\"@type\":\"BreadcrumbList\",\"@id\":\"https:\\\/\\\/www.bioblend.com\\\/product\\\/biogrease-fs-1\\\/#breadcrumb\",\"itemListElement\":[{\"@type\":\"ListItem\",\"position\":1,\"name\":\"Home\",\"item\":\"https:\\\/\\\/www.bioblend.com\\\/\"},{\"@type\":\"ListItem\",\"position\":2,\"name\":\"Shop\",\"item\":\"https:\\\/\\\/www.bioblend.com\\\/?page_id=8\"},{\"@type\":\"ListItem\",\"position\":3,\"name\":\"BioGrease FS 1\"}]},{\"@type\":\"WebSite\",\"@id\":\"https:\\\/\\\/www.bioblend.com\\\/#website\",\"url\":\"https:\\\/\\\/www.bioblend.com\\\/\",\"name\":\"BioBlend Lubricants &amp; Industrial Products\",\"description\":\"Biodegradable Lubricants and Industrial Products for Environmental Synergy\",\"potentialAction\":[{\"@type\":\"SearchAction\",\"target\":{\"@type\":\"EntryPoint\",\"urlTemplate\":\"https:\\\/\\\/www.bioblend.com\\\/?s={search_term_string}\"},\"query-input\":{\"@type\":\"PropertyValueSpecification\",\"valueRequired\":true,\"valueName\":\"search_term_string\"}}],\"inLanguage\":\"fr-CA\"}]}<\/script>\n<!-- \/ Yoast SEO plugin. -->","yoast_head_json":{"title":"Low Temp Grease | Synthetic Lube | Low Temperature Grease","description":"Low temp grease protects equipment at temperatures as low as -40C. The synthetic lube doesn't use Moly to further reduce its impact on the environment.","robots":{"index":"index","follow":"follow","max-snippet":"max-snippet:-1","max-image-preview":"max-image-preview:large","max-video-preview":"max-video-preview:-1"},"canonical":"https:\/\/www.bioblend.com\/fr\/produit\/biogrease-fs-1\/","og_locale":"fr_CA","og_type":"article","og_title":"Low Temp Grease | Synthetic Lube | Low Temperature Grease","og_description":"Low temp grease protects equipment at temperatures as low as -40C. The synthetic lube doesn't use Moly to further reduce its impact on the environment.","og_url":"https:\/\/www.bioblend.com\/fr\/produit\/biogrease-fs-1\/","og_site_name":"BioBlend Lubricants &amp; Industrial Products","article_modified_time":"2025-05-08T18:34:44+00:00","og_image":[{"width":800,"height":800,"url":"https:\/\/www.bioblend.com\/wp-content\/uploads\/BioGrease-HDS-LT-product.jpg","type":"image\/jpeg"}],"twitter_card":"summary_large_image","twitter_misc":{"Estimation du temps de lecture":"2 minutes"},"schema":{"@context":"https:\/\/schema.org","@graph":[{"@type":"WebPage","@id":"https:\/\/www.bioblend.com\/product\/biogrease-fs-1\/","url":"https:\/\/www.bioblend.com\/product\/biogrease-fs-1\/","name":"Low Temp Grease | Synthetic Lube | Low Temperature Grease","isPartOf":{"@id":"https:\/\/www.bioblend.com\/#website"},"primaryImageOfPage":{"@id":"https:\/\/www.bioblend.com\/product\/biogrease-fs-1\/#primaryimage"},"image":{"@id":"https:\/\/www.bioblend.com\/product\/biogrease-fs-1\/#primaryimage"},"thumbnailUrl":"https:\/\/www.bioblend.com\/wp-content\/uploads\/BioGrease-HDS-LT-product.jpg","datePublished":"2024-03-12T21:27:34+00:00","dateModified":"2025-05-08T18:34:44+00:00","description":"Low temp grease protects equipment at temperatures as low as -40C. The synthetic lube doesn't use Moly to further reduce its impact on the environment.","breadcrumb":{"@id":"https:\/\/www.bioblend.com\/product\/biogrease-fs-1\/#breadcrumb"},"inLanguage":"fr-CA","potentialAction":[{"@type":"ReadAction","target":["https:\/\/www.bioblend.com\/product\/biogrease-fs-1\/"]}]},{"@type":"ImageObject","inLanguage":"fr-CA","@id":"https:\/\/www.bioblend.com\/product\/biogrease-fs-1\/#primaryimage","url":"https:\/\/www.bioblend.com\/wp-content\/uploads\/BioGrease-HDS-LT-product.jpg","contentUrl":"https:\/\/www.bioblend.com\/wp-content\/uploads\/BioGrease-HDS-LT-product.jpg","width":800,"height":800,"caption":"BioGrease FS1"},{"@type":"BreadcrumbList","@id":"https:\/\/www.bioblend.com\/product\/biogrease-fs-1\/#breadcrumb","itemListElement":[{"@type":"ListItem","position":1,"name":"Home","item":"https:\/\/www.bioblend.com\/"},{"@type":"ListItem","position":2,"name":"Shop","item":"https:\/\/www.bioblend.com\/?page_id=8"},{"@type":"ListItem","position":3,"name":"BioGrease FS 1"}]},{"@type":"WebSite","@id":"https:\/\/www.bioblend.com\/#website","url":"https:\/\/www.bioblend.com\/","name":"Lubrifiants et produits industriels BioBlend","description":"Lubrifiants biod\u00e9gradables et produits industriels pour une synergie environnementale","potentialAction":[{"@type":"SearchAction","target":{"@type":"EntryPoint","urlTemplate":"https:\/\/www.bioblend.com\/?s={search_term_string}"},"query-input":{"@type":"PropertyValueSpecification","valueRequired":true,"valueName":"search_term_string"}}],"inLanguage":"fr-CA"}]}},"_links":{"self":[{"href":"https:\/\/www.bioblend.com\/fr\/wp-json\/wp\/v2\/product\/3968","targetHints":{"allow":["GET"]}}],"collection":[{"href":"https:\/\/www.bioblend.com\/fr\/wp-json\/wp\/v2\/product"}],"about":[{"href":"https:\/\/www.bioblend.com\/fr\/wp-json\/wp\/v2\/types\/product"}],"replies":[{"embeddable":true,"href":"https:\/\/www.bioblend.com\/fr\/wp-json\/wp\/v2\/comments?post=3968"}],"wp:featuredmedia":[{"embeddable":true,"href":"https:\/\/www.bioblend.com\/fr\/wp-json\/wp\/v2\/media\/1960"}],"wp:attachment":[{"href":"https:\/\/www.bioblend.com\/fr\/wp-json\/wp\/v2\/media?parent=3968"}],"wp:term":[{"taxonomy":"product_brand","embeddable":true,"href":"https:\/\/www.bioblend.com\/fr\/wp-json\/wp\/v2\/product_brand?post=3968"},{"taxonomy":"product_cat","embeddable":true,"href":"https:\/\/www.bioblend.com\/fr\/wp-json\/wp\/v2\/product_cat?post=3968"},{"taxonomy":"product_tag","embeddable":true,"href":"https:\/\/www.bioblend.com\/fr\/wp-json\/wp\/v2\/product_tag?post=3968"}],"curies":[{"name":"wp","href":"https:\/\/api.w.org\/{rel}","templated":true}]}}