{"id":4006,"date":"2024-03-14T08:37:13","date_gmt":"2024-03-14T13:37:13","guid":{"rendered":"https:\/\/www.bioblend.com\/?post_type=product&#038;p=4006"},"modified":"2025-08-12T09:35:11","modified_gmt":"2025-08-12T14:35:11","slug":"biogear-fs","status":"publish","type":"product","link":"https:\/\/www.bioblend.com\/fr\/produit\/biogear-fs\/","title":{"rendered":"BioGear FS"},"content":{"rendered":"<h3>Huile synth\u00e9tique pour engrenages<\/h3>\n<p>BioGear FS is a <a href=\"https:\/\/www.bioblend.com\/fr\/just-what-is-a-biodegradable-lubricant\/\">biodegradable<\/a> industrial gear oil formulated from synthetic ester base stocks. The combination of these high quality base oils and proprietary blend of additives allows for maximum equipment protection for extended drain intervals and superior performance and protection in wide temperature ranges. The additional lubricity of the fluid allows for efficient operation in demanding conditions. Available in ISO grades100, 150, 220, 320 and 460. Some great features and benefits of BioGear FS include:<\/p>\n<ul>\n<li>Provides superior performance and protection in<br \/>\nwide temperature ranges and extended drain<br \/>\nintervals<\/li>\n<li>Excellent reduction of friction (<a href=\"https:\/\/www.bioblend.com\/fr\/bioblend-lubricants-off-the-charts-lubricity\/\">lubricity<\/a>) for<br \/>\nefficiency in demanding conditions<\/li>\n<li>USDA BioPreferred Program \u2013 Meets the<br \/>\nbiobased content standards for use in federal<br \/>\nprojects<\/li>\n<li>Meets AGMA 9005-E02 Industrial Gear<br \/>\nSpecification<\/li>\n<\/ul>\n<p>\u00c0 utiliser dans les applications d&#039;engrenages industriels dans un large \u00e9ventail d&#039;industries. Utilisation dans des \u00e9quipements o\u00f9 un rejet dans l&#039;environnement est possible, o\u00f9 les autorit\u00e9s ont mandat\u00e9 l&#039;utilisation d&#039;un EAL, ou o\u00f9 une fuite ou un d\u00e9versement pourrait atteindre un flux de d\u00e9chets.<\/p>","protected":false},"excerpt":{"rendered":"<p>BioGear FS is a fully synthetic biodegradable gear oil made from synthetic ester base stocks. The The combination of these high quality base oils and proprietary blend of additives provides extended drain intervals and superior performance and protection in wide temperature ranges.<\/p>\n<p><a id=\"S_HFDU_ISO46\" class=\"orange_button\" href=\"https:\/\/www.bioblend.com\/fr\/contact-us\/\" target=\"_blank\" rel=\"noopener\">Request a Commercial Quote<\/a><\/p>","protected":false},"featured_media":4447,"comment_status":"closed","ping_status":"closed","template":"","meta":{"_et_pb_use_builder":"","_et_pb_old_content":"","_et_gb_content_width":"","inline_featured_image":false},"product_brand":[],"product_cat":[23],"product_tag":[224],"class_list":{"0":"post-4006","1":"product","2":"type-product","3":"status-publish","4":"has-post-thumbnail","6":"product_cat-gear-oil","7":"product_tag-synthetic-ep-gear-oil","8":"pa_packaging-drum-55-gal","9":"pa_packaging-pail-5-gal","10":"pa_packaging-tote-275-gal","12":"first","13":"instock","14":"shipping-taxable","15":"product-type-simple"},"yoast_head":"<!-- This site is optimized with the Yoast SEO plugin v27.3 - https:\/\/yoast.com\/product\/yoast-seo-wordpress\/ -->\n<title>Synthetic Gear Oil | Gear Oil | Industrial Gear Oil | BioGear FS<\/title>\n<meta name=\"description\" content=\"Plant based biodegradable gear oil blended with synthetic ester base stocks, allowing superior equipment performance and minimal environmental impact.\" \/>\n<meta name=\"robots\" content=\"index, follow, max-snippet:-1, max-image-preview:large, max-video-preview:-1\" \/>\n<link rel=\"canonical\" href=\"https:\/\/www.bioblend.com\/fr\/produit\/biogear-fs\/\" \/>\n<meta property=\"og:locale\" content=\"fr_CA\" \/>\n<meta property=\"og:type\" content=\"article\" \/>\n<meta property=\"og:title\" content=\"Synthetic Gear Oil | Gear Oil | Industrial Gear Oil | BioGear FS\" \/>\n<meta property=\"og:description\" content=\"Plant based biodegradable gear oil blended with synthetic ester base stocks, allowing superior equipment performance and minimal environmental impact.\" \/>\n<meta property=\"og:url\" content=\"https:\/\/www.bioblend.com\/fr\/produit\/biogear-fs\/\" \/>\n<meta property=\"og:site_name\" content=\"BioBlend Lubricants &amp; Industrial Products\" \/>\n<meta property=\"article:modified_time\" content=\"2025-08-12T14:35:11+00:00\" \/>\n<meta property=\"og:image\" content=\"https:\/\/www.bioblend.com\/wp-content\/uploads\/BG_FS_150_Pail-2025-scaled.png\" \/>\n\t<meta property=\"og:image:width\" content=\"1978\" \/>\n\t<meta property=\"og:image:height\" content=\"2560\" \/>\n\t<meta property=\"og:image:type\" content=\"image\/png\" \/>\n<meta name=\"twitter:card\" content=\"summary_large_image\" \/>\n<meta name=\"twitter:label1\" content=\"Estimation du temps de lecture\" \/>\n\t<meta name=\"twitter:data1\" content=\"1 minute\" \/>\n<script type=\"application\/ld+json\" class=\"yoast-schema-graph\">{\"@context\":\"https:\\\/\\\/schema.org\",\"@graph\":[{\"@type\":\"WebPage\",\"@id\":\"https:\\\/\\\/www.bioblend.com\\\/product\\\/biogear-fs\\\/\",\"url\":\"https:\\\/\\\/www.bioblend.com\\\/product\\\/biogear-fs\\\/\",\"name\":\"Synthetic Gear Oil | Gear Oil | Industrial Gear Oil | BioGear FS\",\"isPartOf\":{\"@id\":\"https:\\\/\\\/www.bioblend.com\\\/#website\"},\"primaryImageOfPage\":{\"@id\":\"https:\\\/\\\/www.bioblend.com\\\/product\\\/biogear-fs\\\/#primaryimage\"},\"image\":{\"@id\":\"https:\\\/\\\/www.bioblend.com\\\/product\\\/biogear-fs\\\/#primaryimage\"},\"thumbnailUrl\":\"https:\\\/\\\/www.bioblend.com\\\/wp-content\\\/uploads\\\/BG_FS_150_Pail-2025-scaled.png\",\"datePublished\":\"2024-03-14T13:37:13+00:00\",\"dateModified\":\"2025-08-12T14:35:11+00:00\",\"description\":\"Plant based biodegradable gear oil blended with synthetic ester base stocks, allowing superior equipment performance and minimal environmental impact.\",\"breadcrumb\":{\"@id\":\"https:\\\/\\\/www.bioblend.com\\\/product\\\/biogear-fs\\\/#breadcrumb\"},\"inLanguage\":\"fr-CA\",\"potentialAction\":[{\"@type\":\"ReadAction\",\"target\":[\"https:\\\/\\\/www.bioblend.com\\\/product\\\/biogear-fs\\\/\"]}]},{\"@type\":\"ImageObject\",\"inLanguage\":\"fr-CA\",\"@id\":\"https:\\\/\\\/www.bioblend.com\\\/product\\\/biogear-fs\\\/#primaryimage\",\"url\":\"https:\\\/\\\/www.bioblend.com\\\/wp-content\\\/uploads\\\/BG_FS_150_Pail-2025-scaled.png\",\"contentUrl\":\"https:\\\/\\\/www.bioblend.com\\\/wp-content\\\/uploads\\\/BG_FS_150_Pail-2025-scaled.png\",\"width\":1978,\"height\":2560,\"caption\":\"synthetic biodegradable gear oil by BioBlend\"},{\"@type\":\"BreadcrumbList\",\"@id\":\"https:\\\/\\\/www.bioblend.com\\\/product\\\/biogear-fs\\\/#breadcrumb\",\"itemListElement\":[{\"@type\":\"ListItem\",\"position\":1,\"name\":\"Home\",\"item\":\"https:\\\/\\\/www.bioblend.com\\\/\"},{\"@type\":\"ListItem\",\"position\":2,\"name\":\"Shop\",\"item\":\"https:\\\/\\\/www.bioblend.com\\\/?page_id=8\"},{\"@type\":\"ListItem\",\"position\":3,\"name\":\"BioGear FS\"}]},{\"@type\":\"WebSite\",\"@id\":\"https:\\\/\\\/www.bioblend.com\\\/#website\",\"url\":\"https:\\\/\\\/www.bioblend.com\\\/\",\"name\":\"BioBlend Lubricants &amp; Industrial Products\",\"description\":\"Biodegradable Lubricants and Industrial Products for Environmental Synergy\",\"potentialAction\":[{\"@type\":\"SearchAction\",\"target\":{\"@type\":\"EntryPoint\",\"urlTemplate\":\"https:\\\/\\\/www.bioblend.com\\\/?s={search_term_string}\"},\"query-input\":{\"@type\":\"PropertyValueSpecification\",\"valueRequired\":true,\"valueName\":\"search_term_string\"}}],\"inLanguage\":\"fr-CA\"}]}<\/script>\n<!-- \/ Yoast SEO plugin. -->","yoast_head_json":{"title":"Synthetic Gear Oil | Gear Oil | Industrial Gear Oil | BioGear FS","description":"Plant based biodegradable gear oil blended with synthetic ester base stocks, allowing superior equipment performance and minimal environmental impact.","robots":{"index":"index","follow":"follow","max-snippet":"max-snippet:-1","max-image-preview":"max-image-preview:large","max-video-preview":"max-video-preview:-1"},"canonical":"https:\/\/www.bioblend.com\/fr\/produit\/biogear-fs\/","og_locale":"fr_CA","og_type":"article","og_title":"Synthetic Gear Oil | Gear Oil | Industrial Gear Oil | BioGear FS","og_description":"Plant based biodegradable gear oil blended with synthetic ester base stocks, allowing superior equipment performance and minimal environmental impact.","og_url":"https:\/\/www.bioblend.com\/fr\/produit\/biogear-fs\/","og_site_name":"BioBlend Lubricants &amp; Industrial Products","article_modified_time":"2025-08-12T14:35:11+00:00","og_image":[{"width":1978,"height":2560,"url":"https:\/\/www.bioblend.com\/wp-content\/uploads\/BG_FS_150_Pail-2025-scaled.png","type":"image\/png"}],"twitter_card":"summary_large_image","twitter_misc":{"Estimation du temps de lecture":"1 minute"},"schema":{"@context":"https:\/\/schema.org","@graph":[{"@type":"WebPage","@id":"https:\/\/www.bioblend.com\/product\/biogear-fs\/","url":"https:\/\/www.bioblend.com\/product\/biogear-fs\/","name":"Synthetic Gear Oil | Gear Oil | Industrial Gear Oil | BioGear FS","isPartOf":{"@id":"https:\/\/www.bioblend.com\/#website"},"primaryImageOfPage":{"@id":"https:\/\/www.bioblend.com\/product\/biogear-fs\/#primaryimage"},"image":{"@id":"https:\/\/www.bioblend.com\/product\/biogear-fs\/#primaryimage"},"thumbnailUrl":"https:\/\/www.bioblend.com\/wp-content\/uploads\/BG_FS_150_Pail-2025-scaled.png","datePublished":"2024-03-14T13:37:13+00:00","dateModified":"2025-08-12T14:35:11+00:00","description":"Plant based biodegradable gear oil blended with synthetic ester base stocks, allowing superior equipment performance and minimal environmental impact.","breadcrumb":{"@id":"https:\/\/www.bioblend.com\/product\/biogear-fs\/#breadcrumb"},"inLanguage":"fr-CA","potentialAction":[{"@type":"ReadAction","target":["https:\/\/www.bioblend.com\/product\/biogear-fs\/"]}]},{"@type":"ImageObject","inLanguage":"fr-CA","@id":"https:\/\/www.bioblend.com\/product\/biogear-fs\/#primaryimage","url":"https:\/\/www.bioblend.com\/wp-content\/uploads\/BG_FS_150_Pail-2025-scaled.png","contentUrl":"https:\/\/www.bioblend.com\/wp-content\/uploads\/BG_FS_150_Pail-2025-scaled.png","width":1978,"height":2560,"caption":"synthetic biodegradable gear oil by BioBlend"},{"@type":"BreadcrumbList","@id":"https:\/\/www.bioblend.com\/product\/biogear-fs\/#breadcrumb","itemListElement":[{"@type":"ListItem","position":1,"name":"Home","item":"https:\/\/www.bioblend.com\/"},{"@type":"ListItem","position":2,"name":"Shop","item":"https:\/\/www.bioblend.com\/?page_id=8"},{"@type":"ListItem","position":3,"name":"BioGear FS"}]},{"@type":"WebSite","@id":"https:\/\/www.bioblend.com\/#website","url":"https:\/\/www.bioblend.com\/","name":"Lubrifiants et produits industriels BioBlend","description":"Lubrifiants biod\u00e9gradables et produits industriels pour une synergie environnementale","potentialAction":[{"@type":"SearchAction","target":{"@type":"EntryPoint","urlTemplate":"https:\/\/www.bioblend.com\/?s={search_term_string}"},"query-input":{"@type":"PropertyValueSpecification","valueRequired":true,"valueName":"search_term_string"}}],"inLanguage":"fr-CA"}]}},"_links":{"self":[{"href":"https:\/\/www.bioblend.com\/fr\/wp-json\/wp\/v2\/product\/4006","targetHints":{"allow":["GET"]}}],"collection":[{"href":"https:\/\/www.bioblend.com\/fr\/wp-json\/wp\/v2\/product"}],"about":[{"href":"https:\/\/www.bioblend.com\/fr\/wp-json\/wp\/v2\/types\/product"}],"replies":[{"embeddable":true,"href":"https:\/\/www.bioblend.com\/fr\/wp-json\/wp\/v2\/comments?post=4006"}],"wp:featuredmedia":[{"embeddable":true,"href":"https:\/\/www.bioblend.com\/fr\/wp-json\/wp\/v2\/media\/4447"}],"wp:attachment":[{"href":"https:\/\/www.bioblend.com\/fr\/wp-json\/wp\/v2\/media?parent=4006"}],"wp:term":[{"taxonomy":"product_brand","embeddable":true,"href":"https:\/\/www.bioblend.com\/fr\/wp-json\/wp\/v2\/product_brand?post=4006"},{"taxonomy":"product_cat","embeddable":true,"href":"https:\/\/www.bioblend.com\/fr\/wp-json\/wp\/v2\/product_cat?post=4006"},{"taxonomy":"product_tag","embeddable":true,"href":"https:\/\/www.bioblend.com\/fr\/wp-json\/wp\/v2\/product_tag?post=4006"}],"curies":[{"name":"wp","href":"https:\/\/api.w.org\/{rel}","templated":true}]}}