{"id":4067,"date":"2024-03-20T19:11:21","date_gmt":"2024-03-21T00:11:21","guid":{"rendered":"https:\/\/www.bioblend.com\/?post_type=product&#038;p=4067"},"modified":"2025-09-22T15:07:47","modified_gmt":"2025-09-22T20:07:47","slug":"bioflo-elevator-oil-32","status":"publish","type":"product","link":"https:\/\/www.bioblend.com\/fr\/produit\/bioflo-elevator-oil-32\/","title":{"rendered":"BioFlo Elevator Oil 32"},"content":{"rendered":"<h3>Huile d&#039;ascenseur<\/h3>\n<p>BioFlo Elevator is formulated from <a href=\"https:\/\/www.bioblend.com\/fr\/just-what-is-a-biodegradable-lubricant\/\">facilement biod\u00e9gradable<\/a>, <a href=\"https:\/\/www.bioblend.com\/fr\/bioblend-lubricants-off-the-charts-lubricity\/\">high lubricity base oils<\/a> coupled with proprietary non-toxic rust and anti-corrosion additives. The special rust &amp; oxidation (R&amp;O) additives and anti-foam agents help provide maximum demulsibility of water and reduce air entrainment to provide higher circulation rates. This high-performance formula can reduce operating temperatures, friction and component wear in elevator hydraulic systems. Excellent thermal and oxidative stability assures superior service life with <a href=\"https:\/\/www.bioblend.com\/fr\/increased-viscosity-index-with-bioblends-esyn-lubricants\/\">minimal viscosity change<\/a> over a broad range of operating temperatures.<\/p>\n<p>BioFlow Elevator fluid is available in ISO grade 32.<\/p>\n<ul>\n<li>Indice de viscosit\u00e9 \u00e9lev\u00e9 \/ stabilit\u00e9 de la temp\u00e9rature<\/li>\n<li>Protection avanc\u00e9e contre la rouille et la corrosion<\/li>\n<li>Faible entra\u00eenement d&#039;air pour augmenter les taux de circulation<\/li>\n<li>Programme USDA BioPreferred<\/li>\n<li>Class\u00e9 comme <a href=\"https:\/\/www.bioblend.com\/fr\/beyond-environmentally-friendly-lubricants\/\">Lubrifiants \u00e9cologiquement acceptables<\/a> (EAL) as per the EPA&#8217;s 2013 U.S. Vessel General Permit (VGP)<\/li>\n<\/ul>","protected":false},"excerpt":{"rendered":"<p>BioFlo Elevator oil is formulated from readily biodegradable, high lubricity base oils coupled with proprietary non-toxic rust and anti-corrosion additives.<\/p>\n<p><a id=\"S_HFDU_ISO46\" class=\"orange_button\" href=\"https:\/\/www.bioblend.com\/fr\/contact-us\/\" target=\"_blank\" rel=\"noopener\">Request a Commercial Quote<\/a><\/p>","protected":false},"featured_media":1946,"comment_status":"closed","ping_status":"closed","template":"","meta":{"_et_pb_use_builder":"","_et_pb_old_content":"","_et_gb_content_width":"","inline_featured_image":false},"product_brand":[],"product_cat":[24],"product_tag":[227],"class_list":{"0":"post-4067","1":"product","2":"type-product","3":"status-publish","4":"has-post-thumbnail","6":"product_cat-hydraulic-oil","7":"product_tag-elevator-oil","8":"pa_packaging-drum-55-gal","9":"pa_packaging-pail-5-gal","10":"pa_packaging-tote-275-gal","12":"first","13":"instock","14":"shipping-taxable","15":"product-type-simple"},"yoast_head":"<!-- This site is optimized with the Yoast SEO plugin v27.4 - https:\/\/yoast.com\/product\/yoast-seo-wordpress\/ -->\n<title>Elevator Oil | Elevator Hydraulic Oil | BioBlend BioFlo EO<\/title>\n<meta name=\"description\" content=\"Readily biodegradable, high lubricity elevator oil with proprietary non-toxic rust &amp; anti-corrosion additives, and anti-foam agents for superior perfomance.\" \/>\n<meta name=\"robots\" content=\"index, follow, max-snippet:-1, max-image-preview:large, max-video-preview:-1\" \/>\n<link rel=\"canonical\" href=\"https:\/\/www.bioblend.com\/fr\/produit\/bioflo-elevator-oil-32\/\" \/>\n<meta property=\"og:locale\" content=\"fr_CA\" \/>\n<meta property=\"og:type\" content=\"article\" \/>\n<meta property=\"og:title\" content=\"Elevator Oil | Elevator Hydraulic Oil | BioBlend BioFlo EO\" \/>\n<meta property=\"og:description\" content=\"Readily biodegradable, high lubricity elevator oil with proprietary non-toxic rust &amp; anti-corrosion additives, and anti-foam agents for superior perfomance.\" \/>\n<meta property=\"og:url\" content=\"https:\/\/www.bioblend.com\/fr\/produit\/bioflo-elevator-oil-32\/\" \/>\n<meta property=\"og:site_name\" content=\"BioBlend Lubricants &amp; Industrial Products\" \/>\n<meta property=\"article:modified_time\" content=\"2025-09-22T20:07:47+00:00\" \/>\n<meta property=\"og:image\" content=\"https:\/\/www.bioblend.com\/wp-content\/uploads\/BioFlo-EO-Product.jpg\" \/>\n\t<meta property=\"og:image:width\" content=\"800\" \/>\n\t<meta property=\"og:image:height\" content=\"800\" \/>\n\t<meta property=\"og:image:type\" content=\"image\/jpeg\" \/>\n<meta name=\"twitter:card\" content=\"summary_large_image\" \/>\n<meta name=\"twitter:label1\" content=\"Estimation du temps de lecture\" \/>\n\t<meta name=\"twitter:data1\" content=\"1 minute\" \/>\n<script type=\"application\/ld+json\" class=\"yoast-schema-graph\">{\"@context\":\"https:\\\/\\\/schema.org\",\"@graph\":[{\"@type\":\"WebPage\",\"@id\":\"https:\\\/\\\/www.bioblend.com\\\/product\\\/bioflo-elevator-oil-32\\\/\",\"url\":\"https:\\\/\\\/www.bioblend.com\\\/product\\\/bioflo-elevator-oil-32\\\/\",\"name\":\"Elevator Oil | Elevator Hydraulic Oil | BioBlend BioFlo EO\",\"isPartOf\":{\"@id\":\"https:\\\/\\\/www.bioblend.com\\\/#website\"},\"primaryImageOfPage\":{\"@id\":\"https:\\\/\\\/www.bioblend.com\\\/product\\\/bioflo-elevator-oil-32\\\/#primaryimage\"},\"image\":{\"@id\":\"https:\\\/\\\/www.bioblend.com\\\/product\\\/bioflo-elevator-oil-32\\\/#primaryimage\"},\"thumbnailUrl\":\"https:\\\/\\\/www.bioblend.com\\\/wp-content\\\/uploads\\\/BioFlo-EO-Product.jpg\",\"datePublished\":\"2024-03-21T00:11:21+00:00\",\"dateModified\":\"2025-09-22T20:07:47+00:00\",\"description\":\"Readily biodegradable, high lubricity elevator oil with proprietary non-toxic rust & anti-corrosion additives, and anti-foam agents for superior perfomance.\",\"breadcrumb\":{\"@id\":\"https:\\\/\\\/www.bioblend.com\\\/product\\\/bioflo-elevator-oil-32\\\/#breadcrumb\"},\"inLanguage\":\"fr-CA\",\"potentialAction\":[{\"@type\":\"ReadAction\",\"target\":[\"https:\\\/\\\/www.bioblend.com\\\/product\\\/bioflo-elevator-oil-32\\\/\"]}]},{\"@type\":\"ImageObject\",\"inLanguage\":\"fr-CA\",\"@id\":\"https:\\\/\\\/www.bioblend.com\\\/product\\\/bioflo-elevator-oil-32\\\/#primaryimage\",\"url\":\"https:\\\/\\\/www.bioblend.com\\\/wp-content\\\/uploads\\\/BioFlo-EO-Product.jpg\",\"contentUrl\":\"https:\\\/\\\/www.bioblend.com\\\/wp-content\\\/uploads\\\/BioFlo-EO-Product.jpg\",\"width\":800,\"height\":800,\"caption\":\"BioFlo EO\"},{\"@type\":\"BreadcrumbList\",\"@id\":\"https:\\\/\\\/www.bioblend.com\\\/product\\\/bioflo-elevator-oil-32\\\/#breadcrumb\",\"itemListElement\":[{\"@type\":\"ListItem\",\"position\":1,\"name\":\"Home\",\"item\":\"https:\\\/\\\/www.bioblend.com\\\/\"},{\"@type\":\"ListItem\",\"position\":2,\"name\":\"Shop\",\"item\":\"https:\\\/\\\/www.bioblend.com\\\/?page_id=8\"},{\"@type\":\"ListItem\",\"position\":3,\"name\":\"BioFlo Elevator Oil 32\"}]},{\"@type\":\"WebSite\",\"@id\":\"https:\\\/\\\/www.bioblend.com\\\/#website\",\"url\":\"https:\\\/\\\/www.bioblend.com\\\/\",\"name\":\"BioBlend Lubricants &amp; Industrial Products\",\"description\":\"Biodegradable Lubricants and Industrial Products for Environmental Synergy\",\"potentialAction\":[{\"@type\":\"SearchAction\",\"target\":{\"@type\":\"EntryPoint\",\"urlTemplate\":\"https:\\\/\\\/www.bioblend.com\\\/?s={search_term_string}\"},\"query-input\":{\"@type\":\"PropertyValueSpecification\",\"valueRequired\":true,\"valueName\":\"search_term_string\"}}],\"inLanguage\":\"fr-CA\"}]}<\/script>\n<!-- \/ Yoast SEO plugin. -->","yoast_head_json":{"title":"Elevator Oil | Elevator Hydraulic Oil | BioBlend BioFlo EO","description":"Readily biodegradable, high lubricity elevator oil with proprietary non-toxic rust & anti-corrosion additives, and anti-foam agents for superior perfomance.","robots":{"index":"index","follow":"follow","max-snippet":"max-snippet:-1","max-image-preview":"max-image-preview:large","max-video-preview":"max-video-preview:-1"},"canonical":"https:\/\/www.bioblend.com\/fr\/produit\/bioflo-elevator-oil-32\/","og_locale":"fr_CA","og_type":"article","og_title":"Elevator Oil | Elevator Hydraulic Oil | BioBlend BioFlo EO","og_description":"Readily biodegradable, high lubricity elevator oil with proprietary non-toxic rust & anti-corrosion additives, and anti-foam agents for superior perfomance.","og_url":"https:\/\/www.bioblend.com\/fr\/produit\/bioflo-elevator-oil-32\/","og_site_name":"BioBlend Lubricants &amp; Industrial Products","article_modified_time":"2025-09-22T20:07:47+00:00","og_image":[{"width":800,"height":800,"url":"https:\/\/www.bioblend.com\/wp-content\/uploads\/BioFlo-EO-Product.jpg","type":"image\/jpeg"}],"twitter_card":"summary_large_image","twitter_misc":{"Estimation du temps de lecture":"1 minute"},"schema":{"@context":"https:\/\/schema.org","@graph":[{"@type":"WebPage","@id":"https:\/\/www.bioblend.com\/product\/bioflo-elevator-oil-32\/","url":"https:\/\/www.bioblend.com\/product\/bioflo-elevator-oil-32\/","name":"Elevator Oil | Elevator Hydraulic Oil | BioBlend BioFlo EO","isPartOf":{"@id":"https:\/\/www.bioblend.com\/#website"},"primaryImageOfPage":{"@id":"https:\/\/www.bioblend.com\/product\/bioflo-elevator-oil-32\/#primaryimage"},"image":{"@id":"https:\/\/www.bioblend.com\/product\/bioflo-elevator-oil-32\/#primaryimage"},"thumbnailUrl":"https:\/\/www.bioblend.com\/wp-content\/uploads\/BioFlo-EO-Product.jpg","datePublished":"2024-03-21T00:11:21+00:00","dateModified":"2025-09-22T20:07:47+00:00","description":"Readily biodegradable, high lubricity elevator oil with proprietary non-toxic rust & anti-corrosion additives, and anti-foam agents for superior perfomance.","breadcrumb":{"@id":"https:\/\/www.bioblend.com\/product\/bioflo-elevator-oil-32\/#breadcrumb"},"inLanguage":"fr-CA","potentialAction":[{"@type":"ReadAction","target":["https:\/\/www.bioblend.com\/product\/bioflo-elevator-oil-32\/"]}]},{"@type":"ImageObject","inLanguage":"fr-CA","@id":"https:\/\/www.bioblend.com\/product\/bioflo-elevator-oil-32\/#primaryimage","url":"https:\/\/www.bioblend.com\/wp-content\/uploads\/BioFlo-EO-Product.jpg","contentUrl":"https:\/\/www.bioblend.com\/wp-content\/uploads\/BioFlo-EO-Product.jpg","width":800,"height":800,"caption":"BioFlo EO"},{"@type":"BreadcrumbList","@id":"https:\/\/www.bioblend.com\/product\/bioflo-elevator-oil-32\/#breadcrumb","itemListElement":[{"@type":"ListItem","position":1,"name":"Home","item":"https:\/\/www.bioblend.com\/"},{"@type":"ListItem","position":2,"name":"Shop","item":"https:\/\/www.bioblend.com\/?page_id=8"},{"@type":"ListItem","position":3,"name":"BioFlo Elevator Oil 32"}]},{"@type":"WebSite","@id":"https:\/\/www.bioblend.com\/#website","url":"https:\/\/www.bioblend.com\/","name":"Lubrifiants et produits industriels BioBlend","description":"Lubrifiants biod\u00e9gradables et produits industriels pour une synergie environnementale","potentialAction":[{"@type":"SearchAction","target":{"@type":"EntryPoint","urlTemplate":"https:\/\/www.bioblend.com\/?s={search_term_string}"},"query-input":{"@type":"PropertyValueSpecification","valueRequired":true,"valueName":"search_term_string"}}],"inLanguage":"fr-CA"}]}},"_links":{"self":[{"href":"https:\/\/www.bioblend.com\/fr\/wp-json\/wp\/v2\/product\/4067","targetHints":{"allow":["GET"]}}],"collection":[{"href":"https:\/\/www.bioblend.com\/fr\/wp-json\/wp\/v2\/product"}],"about":[{"href":"https:\/\/www.bioblend.com\/fr\/wp-json\/wp\/v2\/types\/product"}],"replies":[{"embeddable":true,"href":"https:\/\/www.bioblend.com\/fr\/wp-json\/wp\/v2\/comments?post=4067"}],"wp:featuredmedia":[{"embeddable":true,"href":"https:\/\/www.bioblend.com\/fr\/wp-json\/wp\/v2\/media\/1946"}],"wp:attachment":[{"href":"https:\/\/www.bioblend.com\/fr\/wp-json\/wp\/v2\/media?parent=4067"}],"wp:term":[{"taxonomy":"product_brand","embeddable":true,"href":"https:\/\/www.bioblend.com\/fr\/wp-json\/wp\/v2\/product_brand?post=4067"},{"taxonomy":"product_cat","embeddable":true,"href":"https:\/\/www.bioblend.com\/fr\/wp-json\/wp\/v2\/product_cat?post=4067"},{"taxonomy":"product_tag","embeddable":true,"href":"https:\/\/www.bioblend.com\/fr\/wp-json\/wp\/v2\/product_tag?post=4067"}],"curies":[{"name":"wp","href":"https:\/\/api.w.org\/{rel}","templated":true}]}}