{"id":4072,"date":"2024-03-20T19:52:11","date_gmt":"2024-03-21T00:52:11","guid":{"rendered":"https:\/\/www.bioblend.com\/?post_type=product&#038;p=4072"},"modified":"2025-05-08T13:33:06","modified_gmt":"2025-05-08T18:33:06","slug":"bioblend-bar-and-chain-oil","status":"publish","type":"product","link":"https:\/\/www.bioblend.com\/fr\/produit\/bioblend-bar-and-chain-oil\/","title":{"rendered":"BioBlend Bar &#038; Chain Oil"},"content":{"rendered":"<h3>Scie \u00e0 cha\u00eene et guide-cha\u00eene et huile pour cha\u00eene<\/h3>\n<p>BioBlend Bar &amp; Chain Oil is a <a href=\"https:\/\/www.bioblend.com\/fr\/just-what-is-a-biodegradable-lubricant\/\">facilement biod\u00e9gradable<\/a> chain saw bar and chain lubricant designed for chain saws used in <a href=\"https:\/\/www.bioblend.com\/fr\/industries\/wood-products\/\">forestry<\/a>, <a href=\"https:\/\/www.bioblend.com\/fr\/industries\/agriculture\/\">landscaping<\/a> and similar applications. Its <a href=\"https:\/\/www.bioblend.com\/fr\/bioblend-lubricants-off-the-charts-lubricity\/\">excellent lubricity<\/a> and temperature stability provide smooth mechanical performance and superior anti-wear protection while it&#8217;s added tackiness minimizes sling loss. BioBlend Bar &amp; Chain oil&#8217;s readily biodegradable formula <a href=\"https:\/\/www.bioblend.com\/fr\/environmental-friendly-lubricants\/\">protects vegetation, wildlife and the environment<\/a>, and is suitable for the lubrication of chain saws and similar wood cutting equipment in all ecologically sensitive environments.<\/p>\n<p>BioBlend Bar &amp; Chain oil is available in ISO grades 46 (BioBlend Bar &amp; Chain Oil W) and 100. Grade 46 is preferred in colder conditions and grade 100 is preferred in <a href=\"https:\/\/www.bioblend.com\/fr\/how-to-select-the-best-high-temp-grease\/\">warmer conditions<\/a>.<\/p>\n<ul>\n<li>Programme USDA BioPreferred<\/li>\n<li>Class\u00e9 comme lubrifiants \u00e9cologiquement acceptables (EAL) conform\u00e9ment au permis g\u00e9n\u00e9ral de navire am\u00e9ricain (VGP) 2013 de l&#039;EPA<\/li>\n<li>Facilement biod\u00e9gradable \u2013 sans danger pour l&#039;environnement<\/li>\n<li>Temp\u00e9rature sup\u00e9rieure et stabilit\u00e9 \u00e0 l&#039;oxydation<\/li>\n<li>Adh\u00e9rence suppl\u00e9mentaire pour minimiser la perte de sangle<\/li>\n<li>Excellente protection contre l&#039;usure, la rouille et la corrosion - prolonge la dur\u00e9e de vie de l&#039;outil et minimise l&#039;entretien<\/li>\n<\/ul>","protected":false},"excerpt":{"rendered":"<p>BioBlend Bar &amp; Chain Oil is a readily biodegradable chain saw bar and chain lubricant designed for chain saws used in forestry, landscaping and similar applications.<\/p>\n<p><a id=\"S_HFDU_ISO46\" class=\"orange_button\" href=\"https:\/\/www.amazon.com\/DGP-Biodegradable-Bar-Chain-Gal\/dp\/B08C9XGL21\/ref=sr_1_1?dib=eyJ2IjoiMSJ9.4e1ysIm4tEUnYnQhlCJk6G53xPSLw2achqh8a7HShApsKkB6LPGcLMba6LdHykScUnXmAodvGCAwbTMSAaHbcJsgBIpgy4zciRvedRCXCNFiUSvWeXL5V7VBHFikUGwmKNVTk_-BtDIj58eFBPcguGLdAiMRU43qzoycQowuv9Z0f0kcQ7qhxkgnDs1-yDqaLRC_U5OypOT-3REfzLRg-QciublmikvERw0kv3VbviU.Z3t-IyPDyt-x9TBPkmmrnAD-y8_bwx_4fRmzw2qt5x0&amp;dib_tag=se&amp;m=A3O1ZQI0PNCY4L&amp;qid=1729257977&amp;s=merchant-items&amp;sr=1-1&amp;th=1\" target=\"_blank\" rel=\"noopener\">Buy BioBlend Bar &amp; Chain Oil on Amazon<\/a><br \/>\n<a id=\"S_HFDU_ISO46\" class=\"orange_button\" href=\"https:\/\/www.bioblend.com\/fr\/contact-us\/\" target=\"_blank\" rel=\"noopener\">Request a Commercial Quote<\/a><\/p>","protected":false},"featured_media":1943,"comment_status":"closed","ping_status":"closed","template":"","meta":{"_et_pb_use_builder":"","_et_pb_old_content":"","_et_gb_content_width":"","inline_featured_image":false},"product_brand":[],"product_cat":[28],"product_tag":[229],"class_list":{"0":"post-4072","1":"product","2":"type-product","3":"status-publish","4":"has-post-thumbnail","6":"product_cat-specialty-products","7":"product_tag-chain-saw-and-bar-chain-oil","8":"pa_packaging-drum-55-gal","9":"pa_packaging-jug-1-gal-3-pack","10":"pa_packaging-pail-5-gal","11":"pa_packaging-tote-275-gal","13":"first","14":"instock","15":"shipping-taxable","16":"product-type-simple"},"yoast_head":"<!-- This site is optimized with the Yoast SEO plugin v27.3 - https:\/\/yoast.com\/product\/yoast-seo-wordpress\/ -->\n<title>Bar and Chain Oil | Chain Oil For Chainsaw | Chainsaw Bar Oil<\/title>\n<meta name=\"description\" content=\"Bar and chain oil for chainsaws is used in forestry and landscaping applications. It has anti-wear protection and added tackiness to minimize sling loss.\" \/>\n<meta name=\"robots\" content=\"index, follow, max-snippet:-1, max-image-preview:large, max-video-preview:-1\" \/>\n<link rel=\"canonical\" href=\"https:\/\/www.bioblend.com\/fr\/produit\/bioblend-bar-and-chain-oil\/\" \/>\n<meta property=\"og:locale\" content=\"fr_CA\" \/>\n<meta property=\"og:type\" content=\"article\" \/>\n<meta property=\"og:title\" content=\"Bar and Chain Oil | Chain Oil For Chainsaw | Chainsaw Bar Oil\" \/>\n<meta property=\"og:description\" content=\"Bar and chain oil for chainsaws is used in forestry and landscaping applications. It has anti-wear protection and added tackiness to minimize sling loss.\" \/>\n<meta property=\"og:url\" content=\"https:\/\/www.bioblend.com\/fr\/produit\/bioblend-bar-and-chain-oil\/\" \/>\n<meta property=\"og:site_name\" content=\"BioBlend Lubricants &amp; Industrial Products\" \/>\n<meta property=\"article:modified_time\" content=\"2025-05-08T18:33:06+00:00\" \/>\n<meta property=\"og:image\" content=\"https:\/\/www.bioblend.com\/wp-content\/uploads\/BioLube-CBC-Product.jpg\" \/>\n\t<meta property=\"og:image:width\" content=\"800\" \/>\n\t<meta property=\"og:image:height\" content=\"800\" \/>\n\t<meta property=\"og:image:type\" content=\"image\/jpeg\" \/>\n<meta name=\"twitter:card\" content=\"summary_large_image\" \/>\n<meta name=\"twitter:label1\" content=\"Estimation du temps de lecture\" \/>\n\t<meta name=\"twitter:data1\" content=\"1 minute\" \/>\n<script type=\"application\/ld+json\" class=\"yoast-schema-graph\">{\"@context\":\"https:\\\/\\\/schema.org\",\"@graph\":[{\"@type\":\"WebPage\",\"@id\":\"https:\\\/\\\/www.bioblend.com\\\/product\\\/bioblend-bar-and-chain-oil\\\/\",\"url\":\"https:\\\/\\\/www.bioblend.com\\\/product\\\/bioblend-bar-and-chain-oil\\\/\",\"name\":\"Bar and Chain Oil | Chain Oil For Chainsaw | Chainsaw Bar Oil\",\"isPartOf\":{\"@id\":\"https:\\\/\\\/www.bioblend.com\\\/#website\"},\"primaryImageOfPage\":{\"@id\":\"https:\\\/\\\/www.bioblend.com\\\/product\\\/bioblend-bar-and-chain-oil\\\/#primaryimage\"},\"image\":{\"@id\":\"https:\\\/\\\/www.bioblend.com\\\/product\\\/bioblend-bar-and-chain-oil\\\/#primaryimage\"},\"thumbnailUrl\":\"https:\\\/\\\/www.bioblend.com\\\/wp-content\\\/uploads\\\/BioLube-CBC-Product.jpg\",\"datePublished\":\"2024-03-21T00:52:11+00:00\",\"dateModified\":\"2025-05-08T18:33:06+00:00\",\"description\":\"Bar and chain oil for chainsaws is used in forestry and landscaping applications. It has anti-wear protection and added tackiness to minimize sling loss.\",\"breadcrumb\":{\"@id\":\"https:\\\/\\\/www.bioblend.com\\\/product\\\/bioblend-bar-and-chain-oil\\\/#breadcrumb\"},\"inLanguage\":\"fr-CA\",\"potentialAction\":[{\"@type\":\"ReadAction\",\"target\":[\"https:\\\/\\\/www.bioblend.com\\\/product\\\/bioblend-bar-and-chain-oil\\\/\"]}]},{\"@type\":\"ImageObject\",\"inLanguage\":\"fr-CA\",\"@id\":\"https:\\\/\\\/www.bioblend.com\\\/product\\\/bioblend-bar-and-chain-oil\\\/#primaryimage\",\"url\":\"https:\\\/\\\/www.bioblend.com\\\/wp-content\\\/uploads\\\/BioLube-CBC-Product.jpg\",\"contentUrl\":\"https:\\\/\\\/www.bioblend.com\\\/wp-content\\\/uploads\\\/BioLube-CBC-Product.jpg\",\"width\":800,\"height\":800,\"caption\":\"BioLube CBC\"},{\"@type\":\"BreadcrumbList\",\"@id\":\"https:\\\/\\\/www.bioblend.com\\\/product\\\/bioblend-bar-and-chain-oil\\\/#breadcrumb\",\"itemListElement\":[{\"@type\":\"ListItem\",\"position\":1,\"name\":\"Home\",\"item\":\"https:\\\/\\\/www.bioblend.com\\\/\"},{\"@type\":\"ListItem\",\"position\":2,\"name\":\"Shop\",\"item\":\"https:\\\/\\\/www.bioblend.com\\\/?page_id=8\"},{\"@type\":\"ListItem\",\"position\":3,\"name\":\"BioBlend Bar &#038; Chain Oil\"}]},{\"@type\":\"WebSite\",\"@id\":\"https:\\\/\\\/www.bioblend.com\\\/#website\",\"url\":\"https:\\\/\\\/www.bioblend.com\\\/\",\"name\":\"BioBlend Lubricants &amp; Industrial Products\",\"description\":\"Biodegradable Lubricants and Industrial Products for Environmental Synergy\",\"potentialAction\":[{\"@type\":\"SearchAction\",\"target\":{\"@type\":\"EntryPoint\",\"urlTemplate\":\"https:\\\/\\\/www.bioblend.com\\\/?s={search_term_string}\"},\"query-input\":{\"@type\":\"PropertyValueSpecification\",\"valueRequired\":true,\"valueName\":\"search_term_string\"}}],\"inLanguage\":\"fr-CA\"}]}<\/script>\n<!-- \/ Yoast SEO plugin. -->","yoast_head_json":{"title":"Bar and Chain Oil | Chain Oil For Chainsaw | Chainsaw Bar Oil","description":"Bar and chain oil for chainsaws is used in forestry and landscaping applications. It has anti-wear protection and added tackiness to minimize sling loss.","robots":{"index":"index","follow":"follow","max-snippet":"max-snippet:-1","max-image-preview":"max-image-preview:large","max-video-preview":"max-video-preview:-1"},"canonical":"https:\/\/www.bioblend.com\/fr\/produit\/bioblend-bar-and-chain-oil\/","og_locale":"fr_CA","og_type":"article","og_title":"Bar and Chain Oil | Chain Oil For Chainsaw | Chainsaw Bar Oil","og_description":"Bar and chain oil for chainsaws is used in forestry and landscaping applications. It has anti-wear protection and added tackiness to minimize sling loss.","og_url":"https:\/\/www.bioblend.com\/fr\/produit\/bioblend-bar-and-chain-oil\/","og_site_name":"BioBlend Lubricants &amp; Industrial Products","article_modified_time":"2025-05-08T18:33:06+00:00","og_image":[{"width":800,"height":800,"url":"https:\/\/www.bioblend.com\/wp-content\/uploads\/BioLube-CBC-Product.jpg","type":"image\/jpeg"}],"twitter_card":"summary_large_image","twitter_misc":{"Estimation du temps de lecture":"1 minute"},"schema":{"@context":"https:\/\/schema.org","@graph":[{"@type":"WebPage","@id":"https:\/\/www.bioblend.com\/product\/bioblend-bar-and-chain-oil\/","url":"https:\/\/www.bioblend.com\/product\/bioblend-bar-and-chain-oil\/","name":"Bar and Chain Oil | Chain Oil For Chainsaw | Chainsaw Bar Oil","isPartOf":{"@id":"https:\/\/www.bioblend.com\/#website"},"primaryImageOfPage":{"@id":"https:\/\/www.bioblend.com\/product\/bioblend-bar-and-chain-oil\/#primaryimage"},"image":{"@id":"https:\/\/www.bioblend.com\/product\/bioblend-bar-and-chain-oil\/#primaryimage"},"thumbnailUrl":"https:\/\/www.bioblend.com\/wp-content\/uploads\/BioLube-CBC-Product.jpg","datePublished":"2024-03-21T00:52:11+00:00","dateModified":"2025-05-08T18:33:06+00:00","description":"Bar and chain oil for chainsaws is used in forestry and landscaping applications. It has anti-wear protection and added tackiness to minimize sling loss.","breadcrumb":{"@id":"https:\/\/www.bioblend.com\/product\/bioblend-bar-and-chain-oil\/#breadcrumb"},"inLanguage":"fr-CA","potentialAction":[{"@type":"ReadAction","target":["https:\/\/www.bioblend.com\/product\/bioblend-bar-and-chain-oil\/"]}]},{"@type":"ImageObject","inLanguage":"fr-CA","@id":"https:\/\/www.bioblend.com\/product\/bioblend-bar-and-chain-oil\/#primaryimage","url":"https:\/\/www.bioblend.com\/wp-content\/uploads\/BioLube-CBC-Product.jpg","contentUrl":"https:\/\/www.bioblend.com\/wp-content\/uploads\/BioLube-CBC-Product.jpg","width":800,"height":800,"caption":"BioLube CBC"},{"@type":"BreadcrumbList","@id":"https:\/\/www.bioblend.com\/product\/bioblend-bar-and-chain-oil\/#breadcrumb","itemListElement":[{"@type":"ListItem","position":1,"name":"Home","item":"https:\/\/www.bioblend.com\/"},{"@type":"ListItem","position":2,"name":"Shop","item":"https:\/\/www.bioblend.com\/?page_id=8"},{"@type":"ListItem","position":3,"name":"BioBlend Bar &#038; Chain Oil"}]},{"@type":"WebSite","@id":"https:\/\/www.bioblend.com\/#website","url":"https:\/\/www.bioblend.com\/","name":"Lubrifiants et produits industriels BioBlend","description":"Lubrifiants biod\u00e9gradables et produits industriels pour une synergie environnementale","potentialAction":[{"@type":"SearchAction","target":{"@type":"EntryPoint","urlTemplate":"https:\/\/www.bioblend.com\/?s={search_term_string}"},"query-input":{"@type":"PropertyValueSpecification","valueRequired":true,"valueName":"search_term_string"}}],"inLanguage":"fr-CA"}]}},"_links":{"self":[{"href":"https:\/\/www.bioblend.com\/fr\/wp-json\/wp\/v2\/product\/4072","targetHints":{"allow":["GET"]}}],"collection":[{"href":"https:\/\/www.bioblend.com\/fr\/wp-json\/wp\/v2\/product"}],"about":[{"href":"https:\/\/www.bioblend.com\/fr\/wp-json\/wp\/v2\/types\/product"}],"replies":[{"embeddable":true,"href":"https:\/\/www.bioblend.com\/fr\/wp-json\/wp\/v2\/comments?post=4072"}],"wp:featuredmedia":[{"embeddable":true,"href":"https:\/\/www.bioblend.com\/fr\/wp-json\/wp\/v2\/media\/1943"}],"wp:attachment":[{"href":"https:\/\/www.bioblend.com\/fr\/wp-json\/wp\/v2\/media?parent=4072"}],"wp:term":[{"taxonomy":"product_brand","embeddable":true,"href":"https:\/\/www.bioblend.com\/fr\/wp-json\/wp\/v2\/product_brand?post=4072"},{"taxonomy":"product_cat","embeddable":true,"href":"https:\/\/www.bioblend.com\/fr\/wp-json\/wp\/v2\/product_cat?post=4072"},{"taxonomy":"product_tag","embeddable":true,"href":"https:\/\/www.bioblend.com\/fr\/wp-json\/wp\/v2\/product_tag?post=4072"}],"curies":[{"name":"wp","href":"https:\/\/api.w.org\/{rel}","templated":true}]}}