{"id":4394,"date":"2025-04-11T07:28:23","date_gmt":"2025-04-11T12:28:23","guid":{"rendered":"https:\/\/www.bioblend.com\/?post_type=product&#038;p=4394"},"modified":"2025-09-22T15:21:49","modified_gmt":"2025-09-22T20:21:49","slug":"bioflo-sb-thf","status":"publish","type":"product","link":"https:\/\/www.bioblend.com\/fr\/produit\/bioflo-sb-thf\/","title":{"rendered":"BioFlo SB THF"},"content":{"rendered":"<h2>Synthetic Blend Biodegradable Tractor Hydraulic Fluid<\/h2>\n<p>BioFlo SB THF is tractor hydraulic fluid formulated from a blend of natural and synthetic esters. It is readily <a href=\"https:\/\/www.bioblend.com\/fr\/just-what-is-a-biodegradable-lubricant\/\">biodegradable<\/a>, with <a href=\"https:\/\/www.bioblend.com\/fr\/bioblend-lubricants-off-the-charts-lubricity\/\">high-lubricity<\/a> base oils and proprietary anti-wear and anti-corrosion additives. BioBlend&#8217;s tractor hydraulic fluid is a multifunctional oil for high-pressure tractor hydraulics, transmissions and final drives that share a common reservoir. BioFlo SB THF protects against varnish and sludge in harsh operating environments and is optimized for year round use, eliminating the need to change oils based on summer and winter conditions.<\/p>\n<p>Suitable for use in any industry (<a href=\"https:\/\/www.bioblend.com\/fr\/industries\/construction-equipment\/\">construction<\/a>, <a href=\"https:\/\/www.bioblend.com\/fr\/industries\/government\/\">refuse<\/a>, <a href=\"https:\/\/www.bioblend.com\/fr\/industries\/mining\/\">mining<\/a>, dredging, <a href=\"https:\/\/www.bioblend.com\/fr\/marine-lubrication\/\">Marin<\/a>, <a href=\"https:\/\/www.bioblend.com\/fr\/industries\/agriculture\/\">agriculture<\/a>, <a href=\"https:\/\/www.bioblend.com\/fr\/industries\/wood-products\/\">forestry<\/a>, etc.) utilizing mobile or stationary equipment where a UTTO is required, especially systems where a release into the environment is possible or where a leak or spill could reach a waste stream.<\/p>\n<ul>\n<li>Class\u00e9 comme <a href=\"https:\/\/www.bioblend.com\/fr\/beyond-environmentally-friendly-lubricants\/\">Lubrifiants \u00e9cologiquement acceptables<\/a> (EAL\u2019s) as per the EPA\u2019s guidance document that defines standards for Environmentally Acceptable Lubricants (EPA 800-R-11-002) and as required by EPA&#8217;s 2013 U.S. Vessel General Permit (VGP)\n<ul>\n<li>Meets Allison C3 &amp; C-4 specification<\/li>\n<li>Conforme \u00e0 la sp\u00e9cification Caterpillar TO-2<\/li>\n<\/ul>\n<\/li>\n<li><strong>Also Meets these Additional Specifications:<\/strong>\n<ul>\n<li><strong>John Deere<\/strong>: J20 (A,B, Hy-Gard), *J20C &amp; *J20D<\/li>\n<li>API\u00a0:\u00a0GL-4<\/li>\n<li>Case Corporation (Case JI\/Case IHC\u00a0:<\/li>\n<li>MS-1204, 1205, 1206 (Power\u00adgard PFT)<\/li>\n<li>MS-1207 (Hy-Tran Plus)<\/li>\n<li>MS-1209 (Hy-Tran Plus)<\/li>\n<li>MS-1210<\/li>\n<li>JIC-143, 144, 145 (fluide TCH)<\/li>\n<li>JIC-185 (fluide TFD)<\/li>\n<li>Denison\u00a0: (pompe uniquement)\u00a0: HF-0, HF-1 et HF-2<\/li>\n<li>Deutz-Allis : Fluide hydraulique trans<\/li>\n<li>Fiat-Hesston : AF-87<\/li>\n<li>H.C.: B-5 &amp; B-6 Hytran<\/li>\n<li>Oliver : Type 55, Type 5J &amp; Q1802<\/li>\n<li>Renk : Autobus Trans. Fluide<\/li>\n<li>Sauer Sunstrand\/Danfoss : Hydro Static Trans. Fluide<\/li>\n<li>Sperry Vickers\/Eaton :<\/li>\n<li>I-280-S<\/li>\n<li>M2950-S<\/li>\n<li>Steiger : Transmission hydraulique. Fluide<\/li>\n<li>Polyvalent : Gear &amp; Hydraulique Trans. Fluide<\/li>\n<li>Volvo\u00a0:<\/li>\n<li>Y compris WB-101<\/li>\n<li>White Farm<\/li>\n<li>Bo\u00eetes de vitesses ZF\u00a0: TML03 et TML06<\/li>\n<\/ul>\n<p><strong>\u00a0<\/strong>* Meets the requirements of J20C &amp; J20D with the exception of the low temperature Brookfield requirements. For these applications in temperatures less than -20F (-29C), use BioFlo FS THF.<\/li>\n<\/ul>","protected":false},"excerpt":{"rendered":"<p>Ce fluide hydraulique pour tracteur est formul\u00e9 \u00e0 partir d&#039;huiles de base synth\u00e9tiques facilement biod\u00e9gradables et hautement lubrifiantes et d&#039;additifs anti-usure et anti-corrosion exclusifs. Cr\u00e9ation d&#039;un fluide multifonctionnel pour l&#039;hydraulique haute pression des tracteurs, les transmissions et les transmissions finales qui partagent un r\u00e9servoir commun.<\/p>\n<p><a id=\"S_HFDU_ISO46\" class=\"orange_button\" href=\"https:\/\/www.bioblend.com\/fr\/contact-us\/\" target=\"_blank\" rel=\"noopener\">Request a Commercial Quote<\/a><\/p>","protected":false},"featured_media":1928,"comment_status":"open","ping_status":"closed","template":"","meta":{"_et_pb_use_builder":"","_et_pb_old_content":"","_et_gb_content_width":"","inline_featured_image":false},"product_brand":[],"product_cat":[26],"product_tag":[233],"class_list":{"0":"post-4394","1":"product","2":"type-product","3":"status-publish","4":"has-post-thumbnail","6":"product_cat-transmission-oil","7":"product_tag-tractor-hydraulic-fluid","8":"pa_packaging-drum-55-gal","9":"pa_packaging-pail-5-gal","10":"pa_packaging-tote-275-gal","12":"first","13":"instock","14":"shipping-taxable","15":"product-type-simple"},"yoast_head":"<!-- This site is optimized with the Yoast SEO plugin v27.3 - https:\/\/yoast.com\/product\/yoast-seo-wordpress\/ -->\n<title>Tractor Hydraulic Fluid | Synthetic Hydraulic Fluid for Tractors<\/title>\n<meta name=\"description\" content=\"Formulated tractor hydraulic fluid made from natural and synthetic biodegradable oils with anti-wear and anti-corrosion additives.\" \/>\n<meta name=\"robots\" content=\"index, follow, max-snippet:-1, max-image-preview:large, max-video-preview:-1\" \/>\n<link rel=\"canonical\" href=\"https:\/\/www.bioblend.com\/fr\/produit\/bioflo-sb-thf\/\" \/>\n<meta property=\"og:locale\" content=\"fr_CA\" \/>\n<meta property=\"og:type\" content=\"article\" \/>\n<meta property=\"og:title\" content=\"Tractor Hydraulic Fluid | Synthetic Hydraulic Fluid for Tractors\" \/>\n<meta property=\"og:description\" content=\"Formulated tractor hydraulic fluid made from natural and synthetic biodegradable oils with anti-wear and anti-corrosion additives.\" \/>\n<meta property=\"og:url\" content=\"https:\/\/www.bioblend.com\/fr\/produit\/bioflo-sb-thf\/\" \/>\n<meta property=\"og:site_name\" content=\"BioBlend Lubricants &amp; Industrial Products\" \/>\n<meta property=\"article:modified_time\" content=\"2025-09-22T20:21:49+00:00\" \/>\n<meta property=\"og:image\" content=\"https:\/\/www.bioblend.com\/wp-content\/uploads\/BioFlo-Synthetic-UTF-square.jpg\" \/>\n\t<meta property=\"og:image:width\" content=\"960\" \/>\n\t<meta property=\"og:image:height\" content=\"960\" \/>\n\t<meta property=\"og:image:type\" content=\"image\/jpeg\" \/>\n<meta name=\"twitter:card\" content=\"summary_large_image\" \/>\n<meta name=\"twitter:label1\" content=\"Estimation du temps de lecture\" \/>\n\t<meta name=\"twitter:data1\" content=\"2 minutes\" \/>\n<script type=\"application\/ld+json\" class=\"yoast-schema-graph\">{\"@context\":\"https:\\\/\\\/schema.org\",\"@graph\":[{\"@type\":\"WebPage\",\"@id\":\"https:\\\/\\\/www.bioblend.com\\\/product\\\/bioflo-sb-thf\\\/\",\"url\":\"https:\\\/\\\/www.bioblend.com\\\/product\\\/bioflo-sb-thf\\\/\",\"name\":\"Tractor Hydraulic Fluid | Synthetic Hydraulic Fluid for Tractors\",\"isPartOf\":{\"@id\":\"https:\\\/\\\/www.bioblend.com\\\/#website\"},\"primaryImageOfPage\":{\"@id\":\"https:\\\/\\\/www.bioblend.com\\\/product\\\/bioflo-sb-thf\\\/#primaryimage\"},\"image\":{\"@id\":\"https:\\\/\\\/www.bioblend.com\\\/product\\\/bioflo-sb-thf\\\/#primaryimage\"},\"thumbnailUrl\":\"https:\\\/\\\/www.bioblend.com\\\/wp-content\\\/uploads\\\/BioFlo-Synthetic-UTF-square.jpg\",\"datePublished\":\"2025-04-11T12:28:23+00:00\",\"dateModified\":\"2025-09-22T20:21:49+00:00\",\"description\":\"Formulated tractor hydraulic fluid made from natural and synthetic biodegradable oils with anti-wear and anti-corrosion additives.\",\"breadcrumb\":{\"@id\":\"https:\\\/\\\/www.bioblend.com\\\/product\\\/bioflo-sb-thf\\\/#breadcrumb\"},\"inLanguage\":\"fr-CA\",\"potentialAction\":[{\"@type\":\"ReadAction\",\"target\":[\"https:\\\/\\\/www.bioblend.com\\\/product\\\/bioflo-sb-thf\\\/\"]}]},{\"@type\":\"ImageObject\",\"inLanguage\":\"fr-CA\",\"@id\":\"https:\\\/\\\/www.bioblend.com\\\/product\\\/bioflo-sb-thf\\\/#primaryimage\",\"url\":\"https:\\\/\\\/www.bioblend.com\\\/wp-content\\\/uploads\\\/BioFlo-Synthetic-UTF-square.jpg\",\"contentUrl\":\"https:\\\/\\\/www.bioblend.com\\\/wp-content\\\/uploads\\\/BioFlo-Synthetic-UTF-square.jpg\",\"width\":960,\"height\":960,\"caption\":\"BioFlo Synthetic UTF square\"},{\"@type\":\"BreadcrumbList\",\"@id\":\"https:\\\/\\\/www.bioblend.com\\\/product\\\/bioflo-sb-thf\\\/#breadcrumb\",\"itemListElement\":[{\"@type\":\"ListItem\",\"position\":1,\"name\":\"Home\",\"item\":\"https:\\\/\\\/www.bioblend.com\\\/\"},{\"@type\":\"ListItem\",\"position\":2,\"name\":\"Shop\",\"item\":\"https:\\\/\\\/www.bioblend.com\\\/?page_id=8\"},{\"@type\":\"ListItem\",\"position\":3,\"name\":\"BioFlo SB THF\"}]},{\"@type\":\"WebSite\",\"@id\":\"https:\\\/\\\/www.bioblend.com\\\/#website\",\"url\":\"https:\\\/\\\/www.bioblend.com\\\/\",\"name\":\"BioBlend Lubricants &amp; Industrial Products\",\"description\":\"Biodegradable Lubricants and Industrial Products for Environmental Synergy\",\"potentialAction\":[{\"@type\":\"SearchAction\",\"target\":{\"@type\":\"EntryPoint\",\"urlTemplate\":\"https:\\\/\\\/www.bioblend.com\\\/?s={search_term_string}\"},\"query-input\":{\"@type\":\"PropertyValueSpecification\",\"valueRequired\":true,\"valueName\":\"search_term_string\"}}],\"inLanguage\":\"fr-CA\"}]}<\/script>\n<!-- \/ Yoast SEO plugin. -->","yoast_head_json":{"title":"Tractor Hydraulic Fluid | Synthetic Hydraulic Fluid for Tractors","description":"Formulated tractor hydraulic fluid made from natural and synthetic biodegradable oils with anti-wear and anti-corrosion additives.","robots":{"index":"index","follow":"follow","max-snippet":"max-snippet:-1","max-image-preview":"max-image-preview:large","max-video-preview":"max-video-preview:-1"},"canonical":"https:\/\/www.bioblend.com\/fr\/produit\/bioflo-sb-thf\/","og_locale":"fr_CA","og_type":"article","og_title":"Tractor Hydraulic Fluid | Synthetic Hydraulic Fluid for Tractors","og_description":"Formulated tractor hydraulic fluid made from natural and synthetic biodegradable oils with anti-wear and anti-corrosion additives.","og_url":"https:\/\/www.bioblend.com\/fr\/produit\/bioflo-sb-thf\/","og_site_name":"BioBlend Lubricants &amp; Industrial Products","article_modified_time":"2025-09-22T20:21:49+00:00","og_image":[{"width":960,"height":960,"url":"https:\/\/www.bioblend.com\/wp-content\/uploads\/BioFlo-Synthetic-UTF-square.jpg","type":"image\/jpeg"}],"twitter_card":"summary_large_image","twitter_misc":{"Estimation du temps de lecture":"2 minutes"},"schema":{"@context":"https:\/\/schema.org","@graph":[{"@type":"WebPage","@id":"https:\/\/www.bioblend.com\/product\/bioflo-sb-thf\/","url":"https:\/\/www.bioblend.com\/product\/bioflo-sb-thf\/","name":"Tractor Hydraulic Fluid | Synthetic Hydraulic Fluid for Tractors","isPartOf":{"@id":"https:\/\/www.bioblend.com\/#website"},"primaryImageOfPage":{"@id":"https:\/\/www.bioblend.com\/product\/bioflo-sb-thf\/#primaryimage"},"image":{"@id":"https:\/\/www.bioblend.com\/product\/bioflo-sb-thf\/#primaryimage"},"thumbnailUrl":"https:\/\/www.bioblend.com\/wp-content\/uploads\/BioFlo-Synthetic-UTF-square.jpg","datePublished":"2025-04-11T12:28:23+00:00","dateModified":"2025-09-22T20:21:49+00:00","description":"Formulated tractor hydraulic fluid made from natural and synthetic biodegradable oils with anti-wear and anti-corrosion additives.","breadcrumb":{"@id":"https:\/\/www.bioblend.com\/product\/bioflo-sb-thf\/#breadcrumb"},"inLanguage":"fr-CA","potentialAction":[{"@type":"ReadAction","target":["https:\/\/www.bioblend.com\/product\/bioflo-sb-thf\/"]}]},{"@type":"ImageObject","inLanguage":"fr-CA","@id":"https:\/\/www.bioblend.com\/product\/bioflo-sb-thf\/#primaryimage","url":"https:\/\/www.bioblend.com\/wp-content\/uploads\/BioFlo-Synthetic-UTF-square.jpg","contentUrl":"https:\/\/www.bioblend.com\/wp-content\/uploads\/BioFlo-Synthetic-UTF-square.jpg","width":960,"height":960,"caption":"BioFlo Synthetic UTF square"},{"@type":"BreadcrumbList","@id":"https:\/\/www.bioblend.com\/product\/bioflo-sb-thf\/#breadcrumb","itemListElement":[{"@type":"ListItem","position":1,"name":"Home","item":"https:\/\/www.bioblend.com\/"},{"@type":"ListItem","position":2,"name":"Shop","item":"https:\/\/www.bioblend.com\/?page_id=8"},{"@type":"ListItem","position":3,"name":"BioFlo SB THF"}]},{"@type":"WebSite","@id":"https:\/\/www.bioblend.com\/#website","url":"https:\/\/www.bioblend.com\/","name":"Lubrifiants et produits industriels BioBlend","description":"Lubrifiants biod\u00e9gradables et produits industriels pour une synergie environnementale","potentialAction":[{"@type":"SearchAction","target":{"@type":"EntryPoint","urlTemplate":"https:\/\/www.bioblend.com\/?s={search_term_string}"},"query-input":{"@type":"PropertyValueSpecification","valueRequired":true,"valueName":"search_term_string"}}],"inLanguage":"fr-CA"}]}},"_links":{"self":[{"href":"https:\/\/www.bioblend.com\/fr\/wp-json\/wp\/v2\/product\/4394","targetHints":{"allow":["GET"]}}],"collection":[{"href":"https:\/\/www.bioblend.com\/fr\/wp-json\/wp\/v2\/product"}],"about":[{"href":"https:\/\/www.bioblend.com\/fr\/wp-json\/wp\/v2\/types\/product"}],"replies":[{"embeddable":true,"href":"https:\/\/www.bioblend.com\/fr\/wp-json\/wp\/v2\/comments?post=4394"}],"wp:featuredmedia":[{"embeddable":true,"href":"https:\/\/www.bioblend.com\/fr\/wp-json\/wp\/v2\/media\/1928"}],"wp:attachment":[{"href":"https:\/\/www.bioblend.com\/fr\/wp-json\/wp\/v2\/media?parent=4394"}],"wp:term":[{"taxonomy":"product_brand","embeddable":true,"href":"https:\/\/www.bioblend.com\/fr\/wp-json\/wp\/v2\/product_brand?post=4394"},{"taxonomy":"product_cat","embeddable":true,"href":"https:\/\/www.bioblend.com\/fr\/wp-json\/wp\/v2\/product_cat?post=4394"},{"taxonomy":"product_tag","embeddable":true,"href":"https:\/\/www.bioblend.com\/fr\/wp-json\/wp\/v2\/product_tag?post=4394"}],"curies":[{"name":"wp","href":"https:\/\/api.w.org\/{rel}","templated":true}]}}